{"id":7334,"date":"2025-08-01T03:23:44","date_gmt":"2025-08-01T03:23:44","guid":{"rendered":"https:\/\/www.ceramicbasin.com\/?post_type=product&#038;p=7334"},"modified":"2025-08-01T03:23:46","modified_gmt":"2025-08-01T03:23:46","slug":"wholesale-wall-mounted-basin","status":"publish","type":"product","link":"https:\/\/www.ceramicbasin.com\/de\/produkt\/wholesale-wall-mounted-basin\/","title":{"rendered":"Gro\u00dfhandel wandmontierte Becken, Keramiksp\u00fclen im europ\u00e4ischen Stil"},"content":{"rendered":"<div class=\"wp-block-columns is-layout-flex wp-container-core-columns-is-layout-9d6595d7 wp-block-columns-is-layout-flex\">\n<div class=\"wp-block-column is-layout-flow wp-block-column-is-layout-flow\">\n<h2 class=\"wp-block-heading\">Premium-Gro\u00dfhandel Wand Waschbecken Merkmale:<\/h2>\n\n\n\n<ul class=\"wp-block-list\">\n<li><strong>Klassisches Design:\u00a0<\/strong>Unser wandmontiertes Waschbecken f\u00fcr den Gro\u00dfhandel zeichnet sich durch ein zeitloses, klassisches Design mit klaren, schlanken Linien aus, die perfekt zu jedem modernen oder traditionellen Badezimmerstil passen.<\/li>\n\n\n\n<li><strong>Hochwertige Handwerkskunst:<\/strong>\u00a0F\u00fcr dieses wandh\u00e4ngende Waschbecken aus Keramik werden ausgew\u00e4hlte Materialien und pr\u00e4zise Produktionsverfahren verwendet, um sicherzustellen, dass das Becken solide gebaut, glatt, leicht zu reinigen und langlebig ist.<\/li>\n\n\n\n<li><strong>Direkt aus der Fabrik:\u00a0<\/strong>HanYu's Gro\u00dfhandel f\u00fcr wandmontierte Waschbecken werden direkt von der Fabrik geliefert, wodurch der Zwischenhandel entf\u00e4llt und Sie hochwertige wandmontierte Waschbecken zum niedrigsten Preis erhalten.<\/li>\n\n\n\n<li><strong>Ausreichender Vorrat:\u00a0<\/strong>Unsere Fabrik liefert keramische wandh\u00e4ngende Waschbecken und verf\u00fcgt \u00fcber einen gro\u00dfen Bestand, um Ihre dringenden Bestellungen oder den Bedarf an gro\u00dfen Mengen zu erf\u00fcllen, die Wartezeit zu verk\u00fcrzen und schnell auf Ihre Projektanforderungen zu reagieren.<\/li>\n<\/ul>\n<\/div>\n\n\n\n<div class=\"wp-block-column is-layout-flow wp-block-column-is-layout-flow\">\n<figure class=\"wp-block-image size-full\"><img fetchpriority=\"high\" decoding=\"async\" width=\"866\" height=\"866\" src=\"https:\/\/www.ceramicbasin.com\/wp-content\/uploads\/2025\/07\/European-Style-Ceramic-Vanity-SinksWall-Mounted-Sink-Wholesale-5.webp\" alt=\"Gro\u00dfhandel Wand montierte Becken, europ\u00e4ischen Stil keramische Waschbecken-1\" class=\"wp-image-7339\" srcset=\"https:\/\/www.ceramicbasin.com\/wp-content\/uploads\/2025\/07\/European-Style-Ceramic-Vanity-SinksWall-Mounted-Sink-Wholesale-5.webp 866w, https:\/\/www.ceramicbasin.com\/wp-content\/uploads\/2025\/07\/European-Style-Ceramic-Vanity-SinksWall-Mounted-Sink-Wholesale-5-300x300.webp 300w, https:\/\/www.ceramicbasin.com\/wp-content\/uploads\/2025\/07\/European-Style-Ceramic-Vanity-SinksWall-Mounted-Sink-Wholesale-5-150x150.webp 150w, https:\/\/www.ceramicbasin.com\/wp-content\/uploads\/2025\/07\/European-Style-Ceramic-Vanity-SinksWall-Mounted-Sink-Wholesale-5-768x768.webp 768w, https:\/\/www.ceramicbasin.com\/wp-content\/uploads\/2025\/07\/European-Style-Ceramic-Vanity-SinksWall-Mounted-Sink-Wholesale-5-12x12.webp 12w, https:\/\/www.ceramicbasin.com\/wp-content\/uploads\/2025\/07\/European-Style-Ceramic-Vanity-SinksWall-Mounted-Sink-Wholesale-5-285x285.webp 285w, https:\/\/www.ceramicbasin.com\/wp-content\/uploads\/2025\/07\/European-Style-Ceramic-Vanity-SinksWall-Mounted-Sink-Wholesale-5-270x270.webp 270w, https:\/\/www.ceramicbasin.com\/wp-content\/uploads\/2025\/07\/European-Style-Ceramic-Vanity-SinksWall-Mounted-Sink-Wholesale-5-540x540.webp 540w, https:\/\/www.ceramicbasin.com\/wp-content\/uploads\/2025\/07\/European-Style-Ceramic-Vanity-SinksWall-Mounted-Sink-Wholesale-5-660x660.webp 660w\" sizes=\"(max-width: 866px) 100vw, 866px\" \/><\/figure>\n<\/div>\n<\/div>\n\n\n\n<p><\/p>","protected":false},"excerpt":{"rendered":"<p>Willkommen zum Kauf Gro\u00dfhandel Wand montiert Waschbecken. Unsere Fabrik liefern Keramik Wand h\u00e4ngenden Waschbecken verwenden hochwertige Materialien und exquisite Handwerkskunst, um die Haltbarkeit und Reinigungskomfort des Waschbeckens zu gew\u00e4hrleisten. Wir bieten ma\u00dfgeschneiderte Dienstleistungen, um Projektanforderungen zu erf\u00fcllen.<\/p>\n<table style=\"border-collapse: collapse; width: 358.52pt;\" border=\"0\" width=\"478\" cellspacing=\"0\" cellpadding=\"0\">\n<tbody>\n<tr style=\"height: 17.25pt;\">\n<td class=\"et3\" style=\"height: 17.25pt; width: 125.00pt;\" width=\"166\" height=\"23\">Hersteller<\/td>\n<td class=\"et3\" style=\"width: 234.15pt;\" width=\"312\">HanYu<\/td>\n<\/tr>\n<tr style=\"height: 17.25pt;\">\n<td class=\"et3\" style=\"height: 17.25pt;\" height=\"23\">Modell Nr.<\/td>\n<td class=\"et4\">HY-3058L_R<\/td>\n<\/tr>\n<tr style=\"height: 17.25pt;\">\n<td class=\"et3\" style=\"height: 17.25pt;\" height=\"23\">Typ<\/td>\n<td class=\"et5\" style=\"width: 234.15pt;\" width=\"312\">Wandh\u00e4ngende Waschbecken<\/td>\n<\/tr>\n<tr style=\"height: 18.00pt;\">\n<td class=\"et3\" style=\"height: 18.00pt;\" height=\"24\">Form<\/td>\n<td class=\"et3\">Quadratische Form<\/td>\n<\/tr>\n<tr style=\"height: 34.50pt;\">\n<td class=\"et4\" style=\"height: 34.50pt;\" height=\"46\">Farbe<\/td>\n<td class=\"et5\" style=\"width: 234.15pt;\" width=\"312\">schwarz\/wei\u00df\/blau\/grau\/rosa\/gr\u00fcn\/braun\/khaki<\/td>\n<\/tr>\n<tr style=\"height: 18.00pt;\">\n<td class=\"et3\" style=\"height: 18.00pt;\" height=\"24\">Dimension<\/td>\n<td class=\"et5\" style=\"width: 234.15pt;\" width=\"312\">50.5*27*21<\/td>\n<\/tr>\n<tr style=\"height: 17.25pt;\">\n<td class=\"et3\" style=\"height: 17.25pt;\" height=\"23\">N.W \/SET<\/td>\n<td class=\"et3\">10KGS\/PCS<\/td>\n<\/tr>\n<tr style=\"height: 17.25pt;\">\n<td class=\"et3\" style=\"height: 17.25pt;\" height=\"23\">MOQ<\/td>\n<td class=\"et3\">20St\u00fcck<\/td>\n<\/tr>\n<tr style=\"height: 17.25pt;\">\n<td class=\"et3\" style=\"height: 17.25pt;\" height=\"23\">Benutzerdefinierte Option<\/td>\n<td class=\"et3\">Farbe\/Muster\/Gr\u00f6\u00dfe\/Logo\/Verpackung<\/td>\n<\/tr>\n<\/tbody>\n<\/table>","protected":false},"featured_media":7336,"comment_status":"closed","ping_status":"closed","template":"","meta":{"_acf_changed":false},"product_brand":[],"product_cat":[57],"product_tag":[],"class_list":{"0":"post-7334","1":"product","2":"type-product","3":"status-publish","4":"has-post-thumbnail","6":"product_cat-wholesale-wall-mounted-sinks","8":"first","9":"instock","10":"shipping-taxable","11":"product-type-simple"},"acf":[],"_links":{"self":[{"href":"https:\/\/www.ceramicbasin.com\/de\/wp-json\/wp\/v2\/product\/7334","targetHints":{"allow":["GET"]}}],"collection":[{"href":"https:\/\/www.ceramicbasin.com\/de\/wp-json\/wp\/v2\/product"}],"about":[{"href":"https:\/\/www.ceramicbasin.com\/de\/wp-json\/wp\/v2\/types\/product"}],"replies":[{"embeddable":true,"href":"https:\/\/www.ceramicbasin.com\/de\/wp-json\/wp\/v2\/comments?post=7334"}],"wp:featuredmedia":[{"embeddable":true,"href":"https:\/\/www.ceramicbasin.com\/de\/wp-json\/wp\/v2\/media\/7336"}],"wp:attachment":[{"href":"https:\/\/www.ceramicbasin.com\/de\/wp-json\/wp\/v2\/media?parent=7334"}],"wp:term":[{"taxonomy":"product_brand","embeddable":true,"href":"https:\/\/www.ceramicbasin.com\/de\/wp-json\/wp\/v2\/product_brand?post=7334"},{"taxonomy":"product_cat","embeddable":true,"href":"https:\/\/www.ceramicbasin.com\/de\/wp-json\/wp\/v2\/product_cat?post=7334"},{"taxonomy":"product_tag","embeddable":true,"href":"https:\/\/www.ceramicbasin.com\/de\/wp-json\/wp\/v2\/product_tag?post=7334"}],"curies":[{"name":"wp","href":"https:\/\/api.w.org\/{rel}","templated":true}]}}