{"id":7373,"date":"2025-08-07T08:58:46","date_gmt":"2025-08-07T08:58:46","guid":{"rendered":"https:\/\/www.ceramicbasin.com\/?post_type=product&#038;p=7373"},"modified":"2025-11-05T03:11:39","modified_gmt":"2025-11-05T03:11:39","slug":"wholesale-modern-countertop-basin","status":"publish","type":"product","link":"https:\/\/www.ceramicbasin.com\/de\/produkt\/wholesale-modern-countertop-basin\/","title":{"rendered":"Gro\u00dfhandel Moderne Arbeitsplatte Becken, rechteckige Eitelkeit Waschbecken"},"content":{"rendered":"<div class=\"wp-block-columns is-layout-flex wp-container-core-columns-is-layout-9d6595d7 wp-block-columns-is-layout-flex\">\n<div class=\"wp-block-column is-layout-flow wp-block-column-is-layout-flow\">\n<h2 class=\"wp-block-heading\">Premium Gro\u00dfhandel Moderne Arbeitsplatte Becken Merkmale:<\/h2>\n\n\n\n<ul class=\"wp-block-list\">\n<li><strong>Klassisches rechteckiges Design: <\/strong>Dieses ma\u00dfgeschneiderte Waschbecken hat ein klassisches rechteckiges Design mit einfachen und eleganten Linien und einer klassischen, vielseitigen Form, die sich f\u00fcr verschiedene Badezimmerstile eignet und dem Badezimmer ein modernes und elegantes Temperament verleiht.<\/li>\n\n\n\n<li><strong>Hochwertiges Material: <\/strong>Hergestellt aus hochwertigen keramischen Materialien, Hochtemperatur gebrannt, um unsere Gro\u00dfhandel moderne Arbeitsplatte Waschbecken robust, widerstandsf\u00e4hig, schmutzabweisend und kratzfest zu machen. Die klare Oberfl\u00e4che ist nicht nur bequem zu reinigen, sondern wird auch langlebig und hell f\u00fcr eine sehr lange Zeit, so dass das Bad ein hochwertiges Temperament haben.<\/li>\n\n\n\n<li><strong>Modernes minimalistisches Design: <\/strong>Diese wundersch\u00f6nen, handgefertigten Keramikwaschbecken haben gerade, saubere, quadratische Kanten, die ein klares, scharfes visuelles Statement abgeben und zu modernen, nordischen, minimalistischen und anderen Badezimmerstilen passen. Die Glasur auf der Oberfl\u00e4che ist flach, gleichm\u00e4\u00dfig, kratzfest, schmutzabweisend, leicht zu reinigen und beh\u00e4lt auch nach langem Gebrauch ihre gl\u00e4nzende wei\u00dfe Oberfl\u00e4che.<\/li>\n\n\n\n<li><strong>Professionelle Anpassung:<\/strong> Hanyu bietet eine Vielzahl von Anpassungsm\u00f6glichkeiten f\u00fcr Gro\u00dfhandel moderne Arbeitsplatte Becken. Ob es Farbe, Form oder Textur ist, kann es Ihre Bed\u00fcrfnisse zu erf\u00fcllen und bieten Ihnen mehr wettbewerbsf\u00e4hige Gro\u00dfhandel Keramik-Becken Produkte.<\/li>\n<\/ul>\n<\/div>\n\n\n\n<div class=\"wp-block-column is-layout-flow wp-block-column-is-layout-flow\">\n<figure class=\"wp-block-image size-full\"><img fetchpriority=\"high\" decoding=\"async\" width=\"634\" height=\"855\" src=\"https:\/\/www.ceramicbasin.com\/wp-content\/uploads\/2025\/08\/Wholesales-Sanitary-Ware-Basin-5.webp\" alt=\"gro\u00dfhandel-moderne-arbeitsplatte-waschbecken-hotel-keramik-bad-waschbecken-individuell-5\" class=\"wp-image-7418\" srcset=\"https:\/\/www.ceramicbasin.com\/wp-content\/uploads\/2025\/08\/Wholesales-Sanitary-Ware-Basin-5.webp 634w, https:\/\/www.ceramicbasin.com\/wp-content\/uploads\/2025\/08\/Wholesales-Sanitary-Ware-Basin-5-222x300.webp 222w, https:\/\/www.ceramicbasin.com\/wp-content\/uploads\/2025\/08\/Wholesales-Sanitary-Ware-Basin-5-9x12.webp 9w, https:\/\/www.ceramicbasin.com\/wp-content\/uploads\/2025\/08\/Wholesales-Sanitary-Ware-Basin-5-285x384.webp 285w, https:\/\/www.ceramicbasin.com\/wp-content\/uploads\/2025\/08\/Wholesales-Sanitary-Ware-Basin-5-489x660.webp 489w, https:\/\/www.ceramicbasin.com\/wp-content\/uploads\/2025\/08\/Wholesales-Sanitary-Ware-Basin-5-111x150.webp 111w\" sizes=\"(max-width: 634px) 100vw, 634px\" \/><\/figure>\n<\/div>\n<\/div>","protected":false},"excerpt":{"rendered":"<div class=\"highlights-border-container\" data-v-944c06bb=\"\"><span class=\"highlights\" data-v-944c06bb=\"\">Willkommen im Gro\u00dfhandel HanYu's moderne Arbeitsplatte Waschbecken zu kaufen. Dieses quadratische wei\u00dfe Keramik-Waschbecken wird mit Hochtemperatur-Brenntechnik hergestellt, mit einer glatten und zarten Glasur Oberfl\u00e4che, die ausgezeichnete Flecken und Kratzer Widerstand bietet, so dass es leicht zu reinigen und halten es f\u00fcr eine lange Zeit neu aussehen. Wir bieten sehr wettbewerbsf\u00e4hige Preise, um Ihre Bed\u00fcrfnisse beim Kauf von Waschbecken zu erf\u00fcllen.<\/span><\/div>\n<div class=\"text-stats\" data-v-944c06bb=\"\">\n<div class=\"stats\" data-v-944c06bb=\"\"><span class=\"highlights-note\" data-v-944c06bb=\"\">\u00a0<\/span><\/div>\n<\/div>\n<table style=\"border-collapse: collapse; width: 311.02pt;\" border=\"0\" width=\"311\" cellspacing=\"0\" cellpadding=\"0\">\n<tbody>\n<tr style=\"height: 17.60pt;\">\n<td class=\"et3\" style=\"height: 17.60pt; width: 108.35pt;\" width=\"108\" height=\"17\">Hersteller<\/td>\n<td class=\"et3\" style=\"width: 202.95pt;\" width=\"202\">HanYu<\/td>\n<\/tr>\n<tr style=\"height: 17.60pt;\">\n<td class=\"et3\" style=\"height: 17.60pt;\" height=\"17\">Modell Nr.<\/td>\n<td class=\"et4\">HY-8064-45<\/td>\n<\/tr>\n<tr style=\"height: 17.60pt;\">\n<td class=\"et3\" style=\"height: 17.60pt;\" height=\"17\">Typ<\/td>\n<td class=\"et3\">CounterTop-Becken<\/td>\n<\/tr>\n<tr style=\"height: 17.60pt;\">\n<td class=\"et3\" style=\"height: 17.60pt;\" height=\"17\">Form<\/td>\n<td class=\"et3\">Rechteckige Form<\/td>\n<\/tr>\n<tr style=\"height: 17.60pt;\">\n<td class=\"et4\" style=\"height: 17.60pt;\" height=\"17\">Farbe<\/td>\n<td class=\"et3\">Wei\u00df<\/td>\n<\/tr>\n<tr style=\"height: 18.00pt;\">\n<td class=\"et3\" style=\"height: 18.00pt;\" height=\"18\">Dimension<\/td>\n<td class=\"et5\" style=\"width: 202.95pt;\" width=\"202\">45*38*11<\/td>\n<\/tr>\n<tr style=\"height: 17.60pt;\">\n<td class=\"et3\" style=\"height: 17.60pt;\" height=\"17\">N.W \/SET<\/td>\n<td class=\"et3\">8KGS\/PCS<\/td>\n<\/tr>\n<tr style=\"height: 17.60pt;\">\n<td class=\"et3\" style=\"height: 17.60pt;\" height=\"17\">MOQ<\/td>\n<td class=\"et3\">20St\u00fcck<\/td>\n<\/tr>\n<tr style=\"height: 17.60pt;\">\n<td class=\"et3\" style=\"height: 17.60pt;\" height=\"17\">Benutzerdefinierte Option<\/td>\n<td class=\"et3\">Farbe\/Muster\/Gr\u00f6\u00dfe\/Logo\/Verpackung<\/td>\n<\/tr>\n<\/tbody>\n<\/table>","protected":false},"featured_media":7419,"comment_status":"closed","ping_status":"closed","template":"","meta":{"_acf_changed":false},"product_brand":[],"product_cat":[50],"product_tag":[],"class_list":{"0":"post-7373","1":"product","2":"type-product","3":"status-publish","4":"has-post-thumbnail","6":"product_cat-wholesale-countertop-sinks","8":"first","9":"instock","10":"shipping-taxable","11":"product-type-simple"},"acf":[],"_links":{"self":[{"href":"https:\/\/www.ceramicbasin.com\/de\/wp-json\/wp\/v2\/product\/7373","targetHints":{"allow":["GET"]}}],"collection":[{"href":"https:\/\/www.ceramicbasin.com\/de\/wp-json\/wp\/v2\/product"}],"about":[{"href":"https:\/\/www.ceramicbasin.com\/de\/wp-json\/wp\/v2\/types\/product"}],"replies":[{"embeddable":true,"href":"https:\/\/www.ceramicbasin.com\/de\/wp-json\/wp\/v2\/comments?post=7373"}],"wp:featuredmedia":[{"embeddable":true,"href":"https:\/\/www.ceramicbasin.com\/de\/wp-json\/wp\/v2\/media\/7419"}],"wp:attachment":[{"href":"https:\/\/www.ceramicbasin.com\/de\/wp-json\/wp\/v2\/media?parent=7373"}],"wp:term":[{"taxonomy":"product_brand","embeddable":true,"href":"https:\/\/www.ceramicbasin.com\/de\/wp-json\/wp\/v2\/product_brand?post=7373"},{"taxonomy":"product_cat","embeddable":true,"href":"https:\/\/www.ceramicbasin.com\/de\/wp-json\/wp\/v2\/product_cat?post=7373"},{"taxonomy":"product_tag","embeddable":true,"href":"https:\/\/www.ceramicbasin.com\/de\/wp-json\/wp\/v2\/product_tag?post=7373"}],"curies":[{"name":"wp","href":"https:\/\/api.w.org\/{rel}","templated":true}]}}