{"id":7381,"date":"2025-08-07T09:21:35","date_gmt":"2025-08-07T09:21:35","guid":{"rendered":"https:\/\/www.ceramicbasin.com\/?post_type=product&#038;p=7381"},"modified":"2025-11-03T07:24:19","modified_gmt":"2025-11-03T07:24:19","slug":"custom-modern-countertop-basin","status":"publish","type":"product","link":"https:\/\/www.ceramicbasin.com\/de\/produkt\/custom-modern-countertop-basin\/","title":{"rendered":"Benutzerdefinierte moderne Arbeitsplatte Becken, Gro\u00dfhandel keramische Waschbecken"},"content":{"rendered":"<div class=\"wp-block-columns is-layout-flex wp-container-core-columns-is-layout-9d6595d7 wp-block-columns-is-layout-flex\">\n<div class=\"wp-block-column is-layout-flow wp-block-column-is-layout-flow\">\n<h2 class=\"wp-block-heading\">Premium Custom Modern Countertop Basin Merkmale:<\/h2>\n\n\n\n<ul class=\"wp-block-list\">\n<li><strong>Modernes rechteckiges Design:<\/strong> Dieses ma\u00dfgeschneiderte moderne Aufsatzbecken hat ein einfaches und stilvolles rechteckiges Design mit glatten Linien und modernem Stil. Es l\u00e4sst sich perfekt mit verschiedenen Badezimmerdekorationsstilen kombinieren und verleiht dem Badezimmer Eleganz und Modernit\u00e4t.<\/li>\n\n\n\n<li><strong>Gro\u00dfformatiges Design: <\/strong>Das gro\u00dfformatige Aufsatzwaschbecken erf\u00fcllt den Wunsch nach einem ger\u00e4umigen Waschbecken. Es ist nicht nur praktisch, sondern kann auch das Gesamtniveau und den Komfort des Badezimmers verbessern. Es ist f\u00fcr Wohnungen und Luxushotels geeignet.<\/li>\n\n\n\n<li><strong>Kundenspezifische Optionen: <\/strong>HanYu bietet einen ma\u00dfgeschneiderten Service f\u00fcr moderne Waschtische an, der eine Vielzahl von Gr\u00f6\u00dfen, Farben und Texturen je nach Kundenwunsch anbietet, verschiedene Badezimmerdesigns und pers\u00f6nliche Vorlieben ber\u00fccksichtigt und einen einzigartigen Badezimmerbereich f\u00fcr Sie schafft.<\/li>\n\n\n\n<li><strong>Gro\u00dfhandelspreis: <\/strong>Unsere benutzerdefinierte Gef\u00e4\u00df Waschbecken in loser Sch\u00fcttung ist zu einer Fabrik direkten Gro\u00dfhandelspreis verkauft, um mehr Gewinn Raum f\u00fcr Kunden zu gewinnen. Willkommen B2B K\u00e4ufer zum Gro\u00dfeinkauf.<\/li>\n<\/ul>\n<\/div>\n\n\n\n<div class=\"wp-block-column is-layout-flow wp-block-column-is-layout-flow\">\n<figure class=\"wp-block-image size-full\"><img fetchpriority=\"high\" decoding=\"async\" width=\"757\" height=\"857\" src=\"https:\/\/www.ceramicbasin.com\/wp-content\/uploads\/2025\/08\/Table-Top-Hand-Wash-Basin-5.webp\" alt=\"custom-modernes-aufsatzbecken-rechteckig-gro\u00dfhandel-keramiksp\u00fclen-zu-verkaufen-5\" class=\"wp-image-7412\" srcset=\"https:\/\/www.ceramicbasin.com\/wp-content\/uploads\/2025\/08\/Table-Top-Hand-Wash-Basin-5.webp 757w, https:\/\/www.ceramicbasin.com\/wp-content\/uploads\/2025\/08\/Table-Top-Hand-Wash-Basin-5-265x300.webp 265w, https:\/\/www.ceramicbasin.com\/wp-content\/uploads\/2025\/08\/Table-Top-Hand-Wash-Basin-5-11x12.webp 11w, https:\/\/www.ceramicbasin.com\/wp-content\/uploads\/2025\/08\/Table-Top-Hand-Wash-Basin-5-285x323.webp 285w, https:\/\/www.ceramicbasin.com\/wp-content\/uploads\/2025\/08\/Table-Top-Hand-Wash-Basin-5-583x660.webp 583w, https:\/\/www.ceramicbasin.com\/wp-content\/uploads\/2025\/08\/Table-Top-Hand-Wash-Basin-5-132x150.webp 132w\" sizes=\"(max-width: 757px) 100vw, 757px\" \/><\/figure>\n<\/div>\n<\/div>","protected":false},"excerpt":{"rendered":"<p>Willkommen zum Kauf dieser benutzerdefinierten modernen Arbeitsplatte Becken. Diese gro\u00dfe rechteckige benutzerdefinierte Gef\u00e4\u00df Waschbecken ist langlebig und sch\u00f6n, perfekt geeignet f\u00fcr verschiedene Badstile, und ist zu einem sehr g\u00fcnstigen Preis Gro\u00dfhandel. Es ist nicht nur praktisch, sondern kann auch das Gesamtniveau und den Komfort des Badezimmers verbessern. Es ist geeignet f\u00fcr Haus und High-End-Hotels.<\/p>\n<table style=\"border-collapse: collapse; width: 311.02pt;\" border=\"0\" width=\"311\" cellspacing=\"0\" cellpadding=\"0\">\n<tbody>\n<tr style=\"height: 17.60pt;\">\n<td class=\"et3\" style=\"height: 17.60pt; width: 108.35pt;\" width=\"108\" height=\"17\">Hersteller<\/td>\n<td class=\"et3\" style=\"width: 202.95pt;\" width=\"202\">HanYu<\/td>\n<\/tr>\n<tr style=\"height: 17.60pt;\">\n<td class=\"et3\" style=\"height: 17.60pt;\" height=\"17\">Modell Nr.<\/td>\n<td class=\"et4\">HY-8064-65<\/td>\n<\/tr>\n<tr style=\"height: 17.60pt;\">\n<td class=\"et3\" style=\"height: 17.60pt;\" height=\"17\">Typ<\/td>\n<td class=\"et3\">CounterTop-Becken<\/td>\n<\/tr>\n<tr style=\"height: 17.60pt;\">\n<td class=\"et3\" style=\"height: 17.60pt;\" height=\"17\">Form<\/td>\n<td class=\"et3\">Rechteckige Form<\/td>\n<\/tr>\n<tr style=\"height: 17.60pt;\">\n<td class=\"et4\" style=\"height: 17.60pt;\" height=\"17\">Farbe<\/td>\n<td class=\"et3\">Wei\u00df<\/td>\n<\/tr>\n<tr style=\"height: 18.00pt;\">\n<td class=\"et3\" style=\"height: 18.00pt;\" height=\"18\">Dimension<\/td>\n<td class=\"et5\" style=\"width: 202.95pt;\" width=\"202\">65*38*11<\/td>\n<\/tr>\n<tr style=\"height: 17.60pt;\">\n<td class=\"et3\" style=\"height: 17.60pt;\" height=\"17\">N.W \/SET<\/td>\n<td class=\"et3\">12KG\/PCS<\/td>\n<\/tr>\n<tr style=\"height: 17.60pt;\">\n<td class=\"et3\" style=\"height: 17.60pt;\" height=\"17\">MOQ<\/td>\n<td class=\"et3\">20St\u00fcck<\/td>\n<\/tr>\n<tr style=\"height: 17.60pt;\">\n<td class=\"et3\" style=\"height: 17.60pt;\" height=\"17\">Benutzerdefinierte Option<\/td>\n<td class=\"et3\">Farbe\/Muster\/Gr\u00f6\u00dfe\/Logo\/Verpackung<\/td>\n<\/tr>\n<\/tbody>\n<\/table>","protected":false},"featured_media":7413,"comment_status":"closed","ping_status":"closed","template":"","meta":{"_acf_changed":false},"product_brand":[],"product_cat":[50],"product_tag":[],"class_list":{"0":"post-7381","1":"product","2":"type-product","3":"status-publish","4":"has-post-thumbnail","6":"product_cat-wholesale-countertop-sinks","8":"first","9":"instock","10":"shipping-taxable","11":"product-type-simple"},"acf":[],"_links":{"self":[{"href":"https:\/\/www.ceramicbasin.com\/de\/wp-json\/wp\/v2\/product\/7381","targetHints":{"allow":["GET"]}}],"collection":[{"href":"https:\/\/www.ceramicbasin.com\/de\/wp-json\/wp\/v2\/product"}],"about":[{"href":"https:\/\/www.ceramicbasin.com\/de\/wp-json\/wp\/v2\/types\/product"}],"replies":[{"embeddable":true,"href":"https:\/\/www.ceramicbasin.com\/de\/wp-json\/wp\/v2\/comments?post=7381"}],"wp:featuredmedia":[{"embeddable":true,"href":"https:\/\/www.ceramicbasin.com\/de\/wp-json\/wp\/v2\/media\/7413"}],"wp:attachment":[{"href":"https:\/\/www.ceramicbasin.com\/de\/wp-json\/wp\/v2\/media?parent=7381"}],"wp:term":[{"taxonomy":"product_brand","embeddable":true,"href":"https:\/\/www.ceramicbasin.com\/de\/wp-json\/wp\/v2\/product_brand?post=7381"},{"taxonomy":"product_cat","embeddable":true,"href":"https:\/\/www.ceramicbasin.com\/de\/wp-json\/wp\/v2\/product_cat?post=7381"},{"taxonomy":"product_tag","embeddable":true,"href":"https:\/\/www.ceramicbasin.com\/de\/wp-json\/wp\/v2\/product_tag?post=7381"}],"curies":[{"name":"wp","href":"https:\/\/api.w.org\/{rel}","templated":true}]}}