{"id":7462,"date":"2025-08-21T10:01:16","date_gmt":"2025-08-21T10:01:16","guid":{"rendered":"https:\/\/www.ceramicbasin.com\/?post_type=product&#038;p=7462"},"modified":"2025-08-21T10:01:19","modified_gmt":"2025-08-21T10:01:19","slug":"wholesale-undermount-sink","status":"publish","type":"product","link":"https:\/\/www.ceramicbasin.com\/de\/produkt\/wholesale-undermount-sink\/","title":{"rendered":"Gro\u00dfhandel Unterbausp\u00fcle, runde Keramik-Becken benutzerdefinierte"},"content":{"rendered":"<div class=\"wp-block-columns is-layout-flex wp-container-core-columns-is-layout-9d6595d7 wp-block-columns-is-layout-flex\">\n<div class=\"wp-block-column is-layout-flow wp-block-column-is-layout-flow\">\n<h2 class=\"wp-block-heading\">Premium Gro\u00dfhandel Unterbausp\u00fcle Eigenschaften:<\/h2>\n\n\n\n<ul class=\"wp-block-list\">\n<li><strong>Hochwertige Keramik: <\/strong>Unser Gro\u00dfhandelssp\u00fclbecken wird aus hochwertigen keramischen Materialien hergestellt und bei hohen Temperaturen gebrannt; es ist langlebig und resistent gegen Risse f\u00fcr den langfristigen Gebrauch.<\/li>\n\n\n\n<li><strong>Klassisches Design:\u00a0<\/strong>Diese Waschbecken im Gro\u00dfhandel zeichnen sich durch ein modernes und schlichtes Design aus. Dies passt perfekt zu jedem Badezimmer Dekoration Stil.<\/li>\n\n\n\n<li><strong>B\u00fcndiger Einbau:<\/strong> Unser Gro\u00dfhandel Unterputzsp\u00fcle Betriebsmethode ist eingebettet Installation, so dass das Becken nahtlos an die Arbeitsplatte zu verbinden, wodurch die Sch\u00f6nheit des Ensembles.<\/li>\n\n\n\n<li><strong>Preisvorteil:\u00a0<\/strong>Als professioneller Hersteller von Waschbecken f\u00fcr Badezimmer bieten wir sehr wettbewerbsf\u00e4hige Preise f\u00fcr Gro\u00dfprojekte wie Hotels, Restaurants, B\u00fcrogeb\u00e4ude usw. und genie\u00dfen weitere Rabatte f\u00fcr Gro\u00dfauftr\u00e4ge.<\/li>\n<\/ul>\n<\/div>\n\n\n\n<div class=\"wp-block-column is-layout-flow wp-block-column-is-layout-flow\">\n<figure class=\"wp-block-image size-full is-resized\"><img fetchpriority=\"high\" decoding=\"async\" width=\"629\" height=\"819\" src=\"https:\/\/www.ceramicbasin.com\/wp-content\/uploads\/2025\/08\/Under-counter-ceramic-wash-basin-manufacturer-with-wholesale-price-1.webp\" alt=\"Gro\u00dfhandel-Unterbau-Sp\u00fcle-rundes-Keramik-Becken-benutzerdefiniert-1\" class=\"wp-image-7453\" style=\"width:340px;height:auto\" srcset=\"https:\/\/www.ceramicbasin.com\/wp-content\/uploads\/2025\/08\/Under-counter-ceramic-wash-basin-manufacturer-with-wholesale-price-1.webp 629w, https:\/\/www.ceramicbasin.com\/wp-content\/uploads\/2025\/08\/Under-counter-ceramic-wash-basin-manufacturer-with-wholesale-price-1-230x300.webp 230w, https:\/\/www.ceramicbasin.com\/wp-content\/uploads\/2025\/08\/Under-counter-ceramic-wash-basin-manufacturer-with-wholesale-price-1-9x12.webp 9w, https:\/\/www.ceramicbasin.com\/wp-content\/uploads\/2025\/08\/Under-counter-ceramic-wash-basin-manufacturer-with-wholesale-price-1-285x371.webp 285w, https:\/\/www.ceramicbasin.com\/wp-content\/uploads\/2025\/08\/Under-counter-ceramic-wash-basin-manufacturer-with-wholesale-price-1-507x660.webp 507w, https:\/\/www.ceramicbasin.com\/wp-content\/uploads\/2025\/08\/Under-counter-ceramic-wash-basin-manufacturer-with-wholesale-price-1-115x150.webp 115w\" sizes=\"(max-width: 629px) 100vw, 629px\" \/><\/figure>\n<\/div>\n<\/div>\n\n\n\n<p><\/p>","protected":false},"excerpt":{"rendered":"<p>Willkommen in unserem Gro\u00dfhandel Unterbau Waschbecken zu kaufen. Dieses Unterbaubecken aus Keramik ist eine Kombination aus Stil, Funktionalit\u00e4t und Haltbarkeit. Es ist f\u00fcr den perfekten Unterputzeinbau konzipiert und hat eine glasierte Oberfl\u00e4che, die schmutzabweisend und leicht zu reinigen ist. Es ist f\u00fcr Gro\u00dfbestellungen erh\u00e4ltlich und hat vielseitige Anpassungsm\u00f6glichkeiten an verschiedene Badezimmerstile.<\/p>\n<table style=\"border-collapse: collapse; width: 358.52pt;\" border=\"0\" width=\"478\" cellspacing=\"0\" cellpadding=\"0\">\n<tbody>\n<tr style=\"height: 17.25pt;\">\n<td class=\"et3\" style=\"height: 17.25pt; width: 125.00pt;\" width=\"166\" height=\"23\">Hersteller<\/td>\n<td class=\"et3\" style=\"width: 234.15pt;\" width=\"312\">HanYu<\/td>\n<\/tr>\n<tr style=\"height: 17.25pt;\">\n<td class=\"et3\" style=\"height: 17.25pt;\" height=\"23\">Modell Nr.<\/td>\n<td class=\"et4\">HY-1605<\/td>\n<\/tr>\n<tr style=\"height: 17.25pt;\">\n<td class=\"et3\" style=\"height: 17.25pt;\" height=\"23\">Typ<\/td>\n<td class=\"et5\" style=\"width: 234.15pt;\" width=\"312\">Unterbau-Sp\u00fclbecken<\/td>\n<\/tr>\n<tr style=\"height: 18.00pt;\">\n<td class=\"et3\" style=\"height: 18.00pt;\" height=\"24\">Form<\/td>\n<td class=\"et3\">Ovale Form<\/td>\n<\/tr>\n<tr style=\"height: 34.50pt;\">\n<td class=\"et4\" style=\"height: 34.50pt;\" height=\"46\">Farbe<\/td>\n<td class=\"et5\" style=\"width: 234.15pt;\" width=\"312\">schwarz\/wei\u00df\/blau\/grau\/rosa\/gr\u00fcn\/braun\/khaki<\/td>\n<\/tr>\n<tr style=\"height: 18.00pt;\">\n<td class=\"et3\" style=\"height: 18.00pt;\" height=\"24\">Dimension<\/td>\n<td class=\"et5\" style=\"width: 234.15pt;\" width=\"312\">40*34*19<\/td>\n<\/tr>\n<tr style=\"height: 17.25pt;\">\n<td class=\"et3\" style=\"height: 17.25pt;\" height=\"23\">N.W \/SET<\/td>\n<td class=\"et3\">4KGS\/PCS<\/td>\n<\/tr>\n<tr style=\"height: 17.25pt;\">\n<td class=\"et3\" style=\"height: 17.25pt;\" height=\"23\">MOQ<\/td>\n<td class=\"et3\">20St\u00fcck<\/td>\n<\/tr>\n<tr style=\"height: 17.25pt;\">\n<td class=\"et3\" style=\"height: 17.25pt;\" height=\"23\">Benutzerdefinierte Option<\/td>\n<td class=\"et3\">Farbe\/Muster\/Gr\u00f6\u00dfe\/Logo\/Verpackung<\/td>\n<\/tr>\n<\/tbody>\n<\/table>","protected":false},"featured_media":7455,"comment_status":"closed","ping_status":"closed","template":"","meta":{"_acf_changed":false},"product_brand":[],"product_cat":[59],"product_tag":[],"class_list":{"0":"post-7462","1":"product","2":"type-product","3":"status-publish","4":"has-post-thumbnail","6":"product_cat-wholesale-undermount-sinks","8":"first","9":"instock","10":"shipping-taxable","11":"product-type-simple"},"acf":[],"_links":{"self":[{"href":"https:\/\/www.ceramicbasin.com\/de\/wp-json\/wp\/v2\/product\/7462","targetHints":{"allow":["GET"]}}],"collection":[{"href":"https:\/\/www.ceramicbasin.com\/de\/wp-json\/wp\/v2\/product"}],"about":[{"href":"https:\/\/www.ceramicbasin.com\/de\/wp-json\/wp\/v2\/types\/product"}],"replies":[{"embeddable":true,"href":"https:\/\/www.ceramicbasin.com\/de\/wp-json\/wp\/v2\/comments?post=7462"}],"wp:featuredmedia":[{"embeddable":true,"href":"https:\/\/www.ceramicbasin.com\/de\/wp-json\/wp\/v2\/media\/7455"}],"wp:attachment":[{"href":"https:\/\/www.ceramicbasin.com\/de\/wp-json\/wp\/v2\/media?parent=7462"}],"wp:term":[{"taxonomy":"product_brand","embeddable":true,"href":"https:\/\/www.ceramicbasin.com\/de\/wp-json\/wp\/v2\/product_brand?post=7462"},{"taxonomy":"product_cat","embeddable":true,"href":"https:\/\/www.ceramicbasin.com\/de\/wp-json\/wp\/v2\/product_cat?post=7462"},{"taxonomy":"product_tag","embeddable":true,"href":"https:\/\/www.ceramicbasin.com\/de\/wp-json\/wp\/v2\/product_tag?post=7462"}],"curies":[{"name":"wp","href":"https:\/\/api.w.org\/{rel}","templated":true}]}}