{"id":7463,"date":"2025-08-21T10:27:22","date_gmt":"2025-08-21T10:27:22","guid":{"rendered":"https:\/\/www.ceramicbasin.com\/?post_type=product&#038;p=7463"},"modified":"2025-11-03T07:20:18","modified_gmt":"2025-11-03T07:20:18","slug":"custom-undermount-bathroom-sink","status":"publish","type":"product","link":"https:\/\/www.ceramicbasin.com\/de\/produkt\/custom-undermount-bathroom-sink\/","title":{"rendered":"Benutzerdefinierte Unterbau-Badezimmer Waschbecken, Bulk Gro\u00dfhandel Waschbecken"},"content":{"rendered":"<div class=\"wp-block-columns is-layout-flex wp-container-core-columns-is-layout-9d6595d7 wp-block-columns-is-layout-flex\">\n<div class=\"wp-block-column is-layout-flow wp-block-column-is-layout-flow\">\n<h2 class=\"wp-block-heading\">Premium Custom Unterbau-Badewanne Eigenschaften:<\/h2>\n\n\n\n<ul class=\"wp-block-list\">\n<li><strong>Langlebig:<\/strong>\u00a0Unsere ma\u00dfgefertigten Unterbaubecken f\u00fcr Badezimmer werden aus hochwertigen keramischen Rohstoffen hergestellt und bei hohen Temperaturen gebrannt, um sicherzustellen, dass die Produkte eine extrem hohe H\u00e4rte und Korrosionsbest\u00e4ndigkeit aufweisen, langlebig und leicht zu reinigen sind.<\/li>\n\n\n\n<li><strong>Einfach zu installieren und zu warten:\u00a0<\/strong>Da die exakten Abmessungen vorgegeben sind, ist der Einbau dieser ma\u00dfgefertigten Unterbauwaschbecken f\u00fcr das Badezimmer ziemlich schnell und einfach. Die Oberfl\u00e4che des Waschbeckens ist glatt, kratzfest und schmutzabweisend, so dass es jahrelang sch\u00f6n bleibt.<\/li>\n\n\n\n<li><strong>Schnelle Lieferung:<\/strong>\u00a0Wir k\u00f6nnen sicherstellen, dass Ihre gro\u00dfvolumigen Auftr\u00e4ge schnell produziert und ausgeliefert werden, um Ihren Projektfortschritt zu beschleunigen und dringenden Baubedarf zu decken.<\/li>\n\n\n\n<li><strong>Anpassungen:<\/strong> Wir k\u00f6nnen die Gr\u00f6\u00dfe, die Farbe, das Logo und die Verpackung individuell anpassen und bieten einen OEM\/ODM-Service f\u00fcr Gro\u00dfbestellungen an, der f\u00fcr Gro\u00dfkunden wie Hotels, Wohnungen, B\u00fcros usw. geeignet ist.<\/li>\n<\/ul>\n<\/div>\n\n\n\n<div class=\"wp-block-column is-layout-flow wp-block-column-is-layout-flow\">\n<figure class=\"wp-block-image size-full\"><img fetchpriority=\"high\" decoding=\"async\" width=\"612\" height=\"828\" src=\"https:\/\/www.ceramicbasin.com\/wp-content\/uploads\/2025\/08\/Bathroom-ceramic-under-counter-sink-bowl-supplier-1.webp\" alt=\"Unterbau-Badewaschbecken-Keramik-Unterbauwaschbecken-Gro\u00dfhandel-1\" class=\"wp-image-7446\" srcset=\"https:\/\/www.ceramicbasin.com\/wp-content\/uploads\/2025\/08\/Bathroom-ceramic-under-counter-sink-bowl-supplier-1.webp 612w, https:\/\/www.ceramicbasin.com\/wp-content\/uploads\/2025\/08\/Bathroom-ceramic-under-counter-sink-bowl-supplier-1-222x300.webp 222w, https:\/\/www.ceramicbasin.com\/wp-content\/uploads\/2025\/08\/Bathroom-ceramic-under-counter-sink-bowl-supplier-1-9x12.webp 9w, https:\/\/www.ceramicbasin.com\/wp-content\/uploads\/2025\/08\/Bathroom-ceramic-under-counter-sink-bowl-supplier-1-285x386.webp 285w, https:\/\/www.ceramicbasin.com\/wp-content\/uploads\/2025\/08\/Bathroom-ceramic-under-counter-sink-bowl-supplier-1-488x660.webp 488w, https:\/\/www.ceramicbasin.com\/wp-content\/uploads\/2025\/08\/Bathroom-ceramic-under-counter-sink-bowl-supplier-1-111x150.webp 111w\" sizes=\"(max-width: 612px) 100vw, 612px\" \/><\/figure>\n<\/div>\n<\/div>","protected":false},"excerpt":{"rendered":"<p>Willkommen zum Kauf unserer benutzerdefinierten Unterbaubecken Badezimmer Waschbecken. Diese Gro\u00dfhandel Unterbau Waschbecken sind aus hochwertigen keramischen Rohstoffen hergestellt und bei hohen Temperaturen gebrannt, um sicherzustellen, dass die Produkte extrem hohe H\u00e4rte und Korrosionsbest\u00e4ndigkeit haben, sind langlebig und leicht zu reinigen.<\/p>\n<table style=\"border-collapse: collapse; width: 358.52pt;\" border=\"0\" width=\"478\" cellspacing=\"0\" cellpadding=\"0\">\n<tbody>\n<tr style=\"height: 17.25pt;\">\n<td class=\"et3\" style=\"height: 17.25pt; width: 125.00pt;\" width=\"166\" height=\"23\">Hersteller<\/td>\n<td class=\"et3\" style=\"width: 234.15pt;\" width=\"312\">HanYu<\/td>\n<\/tr>\n<tr style=\"height: 17.25pt;\">\n<td class=\"et3\" style=\"height: 17.25pt;\" height=\"23\">Modell Nr.<\/td>\n<td class=\"et4\">HY-3024<\/td>\n<\/tr>\n<tr style=\"height: 17.25pt;\">\n<td class=\"et3\" style=\"height: 17.25pt;\" height=\"23\">Typ<\/td>\n<td class=\"et5\" style=\"width: 234.15pt;\" width=\"312\">Unterbau-Sp\u00fclbecken<\/td>\n<\/tr>\n<tr style=\"height: 18.00pt;\">\n<td class=\"et3\" style=\"height: 18.00pt;\" height=\"24\">Form<\/td>\n<td class=\"et3\">Ovale Form<\/td>\n<\/tr>\n<tr style=\"height: 34.50pt;\">\n<td class=\"et4\" style=\"height: 34.50pt;\" height=\"46\">Farbe<\/td>\n<td class=\"et5\" style=\"width: 234.15pt;\" width=\"312\">schwarz\/wei\u00df\/blau\/grau\/rosa\/gr\u00fcn\/braun\/khaki<\/td>\n<\/tr>\n<tr style=\"height: 18.00pt;\">\n<td class=\"et3\" style=\"height: 18.00pt;\" height=\"24\">Dimension<\/td>\n<td class=\"et5\" style=\"width: 234.15pt;\" width=\"312\">44*44*17<\/td>\n<\/tr>\n<tr style=\"height: 17.25pt;\">\n<td class=\"et3\" style=\"height: 17.25pt;\" height=\"23\">N.W \/SET<\/td>\n<td class=\"et3\">4.5KGS\/PCS<\/td>\n<\/tr>\n<tr style=\"height: 17.25pt;\">\n<td class=\"et3\" style=\"height: 17.25pt;\" height=\"23\">MOQ<\/td>\n<td class=\"et3\">20St\u00fcck<\/td>\n<\/tr>\n<tr style=\"height: 17.25pt;\">\n<td class=\"et3\" style=\"height: 17.25pt;\" height=\"23\">Benutzerdefinierte Option<\/td>\n<td class=\"et3\">Farbe\/Muster\/Gr\u00f6\u00dfe\/Logo\/Verpackung<\/td>\n<\/tr>\n<\/tbody>\n<\/table>","protected":false},"featured_media":7447,"comment_status":"closed","ping_status":"closed","template":"","meta":{"_acf_changed":false},"product_brand":[],"product_cat":[59],"product_tag":[],"class_list":{"0":"post-7463","1":"product","2":"type-product","3":"status-publish","4":"has-post-thumbnail","6":"product_cat-wholesale-undermount-sinks","8":"first","9":"instock","10":"shipping-taxable","11":"product-type-simple"},"acf":[],"_links":{"self":[{"href":"https:\/\/www.ceramicbasin.com\/de\/wp-json\/wp\/v2\/product\/7463","targetHints":{"allow":["GET"]}}],"collection":[{"href":"https:\/\/www.ceramicbasin.com\/de\/wp-json\/wp\/v2\/product"}],"about":[{"href":"https:\/\/www.ceramicbasin.com\/de\/wp-json\/wp\/v2\/types\/product"}],"replies":[{"embeddable":true,"href":"https:\/\/www.ceramicbasin.com\/de\/wp-json\/wp\/v2\/comments?post=7463"}],"wp:featuredmedia":[{"embeddable":true,"href":"https:\/\/www.ceramicbasin.com\/de\/wp-json\/wp\/v2\/media\/7447"}],"wp:attachment":[{"href":"https:\/\/www.ceramicbasin.com\/de\/wp-json\/wp\/v2\/media?parent=7463"}],"wp:term":[{"taxonomy":"product_brand","embeddable":true,"href":"https:\/\/www.ceramicbasin.com\/de\/wp-json\/wp\/v2\/product_brand?post=7463"},{"taxonomy":"product_cat","embeddable":true,"href":"https:\/\/www.ceramicbasin.com\/de\/wp-json\/wp\/v2\/product_cat?post=7463"},{"taxonomy":"product_tag","embeddable":true,"href":"https:\/\/www.ceramicbasin.com\/de\/wp-json\/wp\/v2\/product_tag?post=7463"}],"curies":[{"name":"wp","href":"https:\/\/api.w.org\/{rel}","templated":true}]}}