{"id":7465,"date":"2025-08-27T02:39:57","date_gmt":"2025-08-27T02:39:57","guid":{"rendered":"https:\/\/www.ceramicbasin.com\/?post_type=product&#038;p=7465"},"modified":"2025-08-27T02:39:59","modified_gmt":"2025-08-27T02:39:59","slug":"wholesale-undermount-bathroom-sinks","status":"publish","type":"product","link":"https:\/\/www.ceramicbasin.com\/de\/produkt\/wholesale-undermount-bathroom-sinks\/","title":{"rendered":"Gro\u00dfhandel Undermount Badezimmer Waschbecken, Top-Qualit\u00e4t Waschbecken"},"content":{"rendered":"<div class=\"wp-block-columns is-layout-flex wp-container-core-columns-is-layout-9d6595d7 wp-block-columns-is-layout-flex\">\n<div class=\"wp-block-column is-layout-flow wp-block-column-is-layout-flow\">\n<h2 class=\"wp-block-heading\">Premium Gro\u00dfhandel Undermount Badezimmer Waschbecken Eigenschaften:<\/h2>\n\n\n\n<ul class=\"wp-block-list\">\n<li><strong>Einfaches und schlankes Design:<\/strong> Diese Unterbauwaschbecken f\u00fcr den Gro\u00dfhandel zeichnen sich durch glatte, flie\u00dfende Linien aus, die ein starkes, integriertes Aussehen schaffen, das die Sauberkeit und Eleganz Ihres Badezimmers unterstreicht.<\/li>\n\n\n\n<li><strong>Hochwertige Keramik: <\/strong>Unsere Unterbauwaschbecken f\u00fcr den Gro\u00dfhandel werden aus hochwertiger Keramik hergestellt, die bei hohen Temperaturen gebrannt wird. Das Ergebnis ist eine glatte, raffinierte Oberfl\u00e4che, die eine hervorragende Verschlei\u00dffestigkeit, Fleckenbest\u00e4ndigkeit und einfache Reinigung bietet.<\/li>\n\n\n\n<li><strong>Schnelle Lieferung: <\/strong>HanYu Bathroom Sink Factory verf\u00fcgt \u00fcber ein umfassendes Produktionssystem und eine Bestandsunterst\u00fctzung, um eine effiziente Lieferung unserer Gro\u00dfhandelsunterbau-Badewannen zu gew\u00e4hrleisten und die Zeitpl\u00e4ne der Kundenprojekte einzuhalten.<\/li>\n\n\n\n<li><strong>Anpassungen: <\/strong>Unsere Unterbauwaschbecken f\u00fcr den Gro\u00dfhandel sind in einer Vielzahl von Farben erh\u00e4ltlich, die zu Ihrem spezifischen Badezimmer und Designstil passen.<\/li>\n<\/ul>\n<\/div>\n\n\n\n<div class=\"wp-block-column is-layout-flow wp-block-column-is-layout-flow\">\n<figure class=\"wp-block-image size-full\"><img fetchpriority=\"high\" decoding=\"async\" width=\"629\" height=\"861\" src=\"https:\/\/www.ceramicbasin.com\/wp-content\/uploads\/2025\/08\/High-quality-bathroom-under-mounted-hand-washbasin-bowl-custom-5.webp\" alt=\"Gro\u00dfhandel Undermount Badezimmer Waschbecken, Top-Qualit\u00e4t Wash Basins-1\" class=\"wp-image-7440\" srcset=\"https:\/\/www.ceramicbasin.com\/wp-content\/uploads\/2025\/08\/High-quality-bathroom-under-mounted-hand-washbasin-bowl-custom-5.webp 629w, https:\/\/www.ceramicbasin.com\/wp-content\/uploads\/2025\/08\/High-quality-bathroom-under-mounted-hand-washbasin-bowl-custom-5-219x300.webp 219w, https:\/\/www.ceramicbasin.com\/wp-content\/uploads\/2025\/08\/High-quality-bathroom-under-mounted-hand-washbasin-bowl-custom-5-9x12.webp 9w, https:\/\/www.ceramicbasin.com\/wp-content\/uploads\/2025\/08\/High-quality-bathroom-under-mounted-hand-washbasin-bowl-custom-5-285x390.webp 285w, https:\/\/www.ceramicbasin.com\/wp-content\/uploads\/2025\/08\/High-quality-bathroom-under-mounted-hand-washbasin-bowl-custom-5-482x660.webp 482w, https:\/\/www.ceramicbasin.com\/wp-content\/uploads\/2025\/08\/High-quality-bathroom-under-mounted-hand-washbasin-bowl-custom-5-110x150.webp 110w\" sizes=\"(max-width: 629px) 100vw, 629px\" \/><\/figure>\n<\/div>\n<\/div>\n\n\n\n<p><\/p>","protected":false},"excerpt":{"rendered":"<p>Willkommen zum Kauf Gro\u00dfhandel Unterbau Badezimmer Waschbecken. Dieses wei\u00dfe, glatte Keramik-Unterbauwaschbecken verf\u00fcgt \u00fcber ein schlankes Design, das einen einfachen und eleganten Look schafft, der sich nahtlos in jede Badezimmer-Arbeitsplatte einf\u00fcgt. Es sind anpassbare Farben erh\u00e4ltlich, perfekt f\u00fcr Projekte und Gro\u00dfeink\u00e4ufe.<\/p>\n<table style=\"border-collapse: collapse; width: 358.52pt;\" border=\"0\" width=\"478\" cellspacing=\"0\" cellpadding=\"0\">\n<tbody>\n<tr style=\"height: 17.25pt;\">\n<td class=\"et3\" style=\"height: 17.25pt; width: 125.00pt;\" width=\"166\" height=\"23\">Hersteller<\/td>\n<td class=\"et3\" style=\"width: 234.15pt;\" width=\"312\">HanYu<\/td>\n<\/tr>\n<tr style=\"height: 17.25pt;\">\n<td class=\"et3\" style=\"height: 17.25pt;\" height=\"23\">Modell Nr.<\/td>\n<td class=\"et4\">HY-3029<\/td>\n<\/tr>\n<tr style=\"height: 17.25pt;\">\n<td class=\"et3\" style=\"height: 17.25pt;\" height=\"23\">Typ<\/td>\n<td class=\"et5\" style=\"width: 234.15pt;\" width=\"312\">Unterbau-Sp\u00fclbecken<\/td>\n<\/tr>\n<tr style=\"height: 18.00pt;\">\n<td class=\"et3\" style=\"height: 18.00pt;\" height=\"24\">Form<\/td>\n<td class=\"et3\">Ovale Form<\/td>\n<\/tr>\n<tr style=\"height: 34.50pt;\">\n<td class=\"et4\" style=\"height: 34.50pt;\" height=\"46\">Farbe<\/td>\n<td class=\"et5\" style=\"width: 234.15pt;\" width=\"312\">schwarz\/wei\u00df\/blau\/grau\/rosa\/gr\u00fcn\/braun\/khaki<\/td>\n<\/tr>\n<tr style=\"height: 18.00pt;\">\n<td class=\"et3\" style=\"height: 18.00pt;\" height=\"24\">Dimension<\/td>\n<td class=\"et5\" style=\"width: 234.15pt;\" width=\"312\">33*28*16.5<\/td>\n<\/tr>\n<tr style=\"height: 17.25pt;\">\n<td class=\"et3\" style=\"height: 17.25pt;\" height=\"23\">N.W \/SET<\/td>\n<td class=\"et3\">4KGS\/PCS<\/td>\n<\/tr>\n<tr style=\"height: 17.25pt;\">\n<td class=\"et3\" style=\"height: 17.25pt;\" height=\"23\">MOQ<\/td>\n<td class=\"et3\">20St\u00fcck<\/td>\n<\/tr>\n<tr style=\"height: 17.25pt;\">\n<td class=\"et3\" style=\"height: 17.25pt;\" height=\"23\">Benutzerdefinierte Option<\/td>\n<td class=\"et3\">Farbe\/Muster\/Gr\u00f6\u00dfe\/Logo\/Verpackung<\/td>\n<\/tr>\n<\/tbody>\n<\/table>","protected":false},"featured_media":7436,"comment_status":"closed","ping_status":"closed","template":"","meta":{"_acf_changed":false},"product_brand":[],"product_cat":[59],"product_tag":[],"class_list":{"0":"post-7465","1":"product","2":"type-product","3":"status-publish","4":"has-post-thumbnail","6":"product_cat-wholesale-undermount-sinks","8":"first","9":"instock","10":"shipping-taxable","11":"product-type-simple"},"acf":[],"_links":{"self":[{"href":"https:\/\/www.ceramicbasin.com\/de\/wp-json\/wp\/v2\/product\/7465","targetHints":{"allow":["GET"]}}],"collection":[{"href":"https:\/\/www.ceramicbasin.com\/de\/wp-json\/wp\/v2\/product"}],"about":[{"href":"https:\/\/www.ceramicbasin.com\/de\/wp-json\/wp\/v2\/types\/product"}],"replies":[{"embeddable":true,"href":"https:\/\/www.ceramicbasin.com\/de\/wp-json\/wp\/v2\/comments?post=7465"}],"wp:featuredmedia":[{"embeddable":true,"href":"https:\/\/www.ceramicbasin.com\/de\/wp-json\/wp\/v2\/media\/7436"}],"wp:attachment":[{"href":"https:\/\/www.ceramicbasin.com\/de\/wp-json\/wp\/v2\/media?parent=7465"}],"wp:term":[{"taxonomy":"product_brand","embeddable":true,"href":"https:\/\/www.ceramicbasin.com\/de\/wp-json\/wp\/v2\/product_brand?post=7465"},{"taxonomy":"product_cat","embeddable":true,"href":"https:\/\/www.ceramicbasin.com\/de\/wp-json\/wp\/v2\/product_cat?post=7465"},{"taxonomy":"product_tag","embeddable":true,"href":"https:\/\/www.ceramicbasin.com\/de\/wp-json\/wp\/v2\/product_tag?post=7465"}],"curies":[{"name":"wp","href":"https:\/\/api.w.org\/{rel}","templated":true}]}}