{"id":7467,"date":"2025-08-18T07:12:29","date_gmt":"2025-08-18T07:12:29","guid":{"rendered":"https:\/\/www.ceramicbasin.com\/?post_type=product&#038;p=7467"},"modified":"2025-08-27T02:32:01","modified_gmt":"2025-08-27T02:32:01","slug":"wholesale-countertop-vessel-sinks","status":"publish","type":"product","link":"https:\/\/www.ceramicbasin.com\/de\/produkt\/wholesale-countertop-vessel-sinks\/","title":{"rendered":"Gro\u00dfhandel Arbeitsplatte Gef\u00e4\u00df Waschbecken, d\u00fcnne Eitelkeit Waschbecken"},"content":{"rendered":"<div class=\"wp-block-columns is-layout-flex wp-container-core-columns-is-layout-9d6595d7 wp-block-columns-is-layout-flex\">\n<div class=\"wp-block-column is-layout-flow wp-block-column-is-layout-flow\">\n<h2 class=\"wp-block-heading\">Premium-Gro\u00dfhandel Countertop Vessel Sinks Eigenschaften:<\/h2>\n\n\n\n<ul class=\"wp-block-list\">\n<li><strong>Einfaches und hochwertiges Design: <\/strong>Diese schlanken Gro\u00dfhandelssp\u00fclbecken mit wei\u00dfem Marmoreffekt verleihen jedem Raum ein klares, modernes und luxuri\u00f6ses Aussehen und werten ihn auf.<\/li>\n\n\n\n<li><strong>Exquisiter Wassertransferdruck: <\/strong>Diese Gro\u00dfhandelskeramikwaschbecken weisen eine realistische Marmorstruktur auf, die zart, nat\u00fcrlich und lichtbest\u00e4ndig ist und jedem Becken eine einzigartige dekorative \u00c4sthetik verleiht.<\/li>\n\n\n\n<li><strong>Hochwertige Keramik: <\/strong>Unsere Gef\u00e4\u00dfsp\u00fclen f\u00fcr den Gro\u00dfhandel werden bei hohen Temperaturen gebrannt, um eine haltbare, glatte und leicht zu reinigende Oberfl\u00e4che zu erhalten, die auch nach t\u00e4glichem Gebrauch makellos bleibt.<\/li>\n\n\n\n<li><strong>Vielseitige Anwendungen:<\/strong> Das schlichte und vielseitige Design dieser Keramikwaschbecken aus dem Gro\u00dfhandel eignet sich sowohl f\u00fcr Wohnb\u00e4der als auch f\u00fcr Hotels, Clubs und gewerbliche R\u00e4ume und erf\u00fcllt die unterschiedlichsten Kaufbed\u00fcrfnisse.<\/li>\n<\/ul>\n<\/div>\n\n\n\n<div class=\"wp-block-column is-layout-flow wp-block-column-is-layout-flow\">\n<figure class=\"wp-block-image size-full\"><img fetchpriority=\"high\" decoding=\"async\" width=\"800\" height=\"800\" src=\"https:\/\/www.ceramicbasin.com\/wp-content\/uploads\/2025\/08\/bathroom-sink\uff0ccountertop-sinks\uff0cmarble-vessel-sinks5.webp\" alt=\"Gro\u00dfhandel Arbeitsplatte Gef\u00e4\u00df Waschbecken, Thin Vanity Wash Basins-1\" class=\"wp-image-7473\" srcset=\"https:\/\/www.ceramicbasin.com\/wp-content\/uploads\/2025\/08\/bathroom-sink\uff0ccountertop-sinks\uff0cmarble-vessel-sinks5.webp 800w, https:\/\/www.ceramicbasin.com\/wp-content\/uploads\/2025\/08\/bathroom-sink\uff0ccountertop-sinks\uff0cmarble-vessel-sinks5-300x300.webp 300w, https:\/\/www.ceramicbasin.com\/wp-content\/uploads\/2025\/08\/bathroom-sink\uff0ccountertop-sinks\uff0cmarble-vessel-sinks5-150x150.webp 150w, https:\/\/www.ceramicbasin.com\/wp-content\/uploads\/2025\/08\/bathroom-sink\uff0ccountertop-sinks\uff0cmarble-vessel-sinks5-768x768.webp 768w, https:\/\/www.ceramicbasin.com\/wp-content\/uploads\/2025\/08\/bathroom-sink\uff0ccountertop-sinks\uff0cmarble-vessel-sinks5-12x12.webp 12w, https:\/\/www.ceramicbasin.com\/wp-content\/uploads\/2025\/08\/bathroom-sink\uff0ccountertop-sinks\uff0cmarble-vessel-sinks5-285x285.webp 285w, https:\/\/www.ceramicbasin.com\/wp-content\/uploads\/2025\/08\/bathroom-sink\uff0ccountertop-sinks\uff0cmarble-vessel-sinks5-270x270.webp 270w, https:\/\/www.ceramicbasin.com\/wp-content\/uploads\/2025\/08\/bathroom-sink\uff0ccountertop-sinks\uff0cmarble-vessel-sinks5-540x540.webp 540w, https:\/\/www.ceramicbasin.com\/wp-content\/uploads\/2025\/08\/bathroom-sink\uff0ccountertop-sinks\uff0cmarble-vessel-sinks5-660x660.webp 660w\" sizes=\"(max-width: 800px) 100vw, 800px\" \/><\/figure>\n<\/div>\n<\/div>\n\n\n\n<p><\/p>","protected":false},"excerpt":{"rendered":"<p>Kaufen Sie im Gro\u00dfhandel Aufsatzwaschbecken f\u00fcr Ihr Projekt. Diese wei\u00dfen Keramikwaschbecken mit Marmoreffekt erhalten durch ein ausgekl\u00fcgeltes Wassertransferdruckverfahren eine nat\u00fcrliche, zarte Textur und pr\u00e4sentieren eine minimalistische, aber dennoch anspruchsvolle Design\u00e4sthetik.<\/p>\n<table style=\"border-collapse: collapse; width: 358.52pt;\" border=\"0\" width=\"478\" cellspacing=\"0\" cellpadding=\"0\">\n<tbody>\n<tr style=\"height: 17.25pt;\">\n<td class=\"et3\" style=\"height: 17.25pt; width: 125.00pt;\" width=\"166\" height=\"23\">Hersteller<\/td>\n<td class=\"et3\" style=\"width: 234.15pt;\" width=\"312\">HanYu<\/td>\n<\/tr>\n<tr style=\"height: 17.25pt;\">\n<td class=\"et3\" style=\"height: 17.25pt;\" height=\"23\">Modell Nr.<\/td>\n<td class=\"et4\">HY-401D3<\/td>\n<\/tr>\n<tr style=\"height: 17.25pt;\">\n<td class=\"et3\" style=\"height: 17.25pt;\" height=\"23\">Typ<\/td>\n<td class=\"et5\" style=\"width: 234.15pt;\" width=\"312\">Marmorsp\u00fclen<\/td>\n<\/tr>\n<tr style=\"height: 18.00pt;\">\n<td class=\"et3\" style=\"height: 18.00pt;\" height=\"24\">Form<\/td>\n<td class=\"et3\">Rectanglue Form<\/td>\n<\/tr>\n<tr style=\"height: 34.50pt;\">\n<td class=\"et4\" style=\"height: 34.50pt;\" height=\"46\">Farbe<\/td>\n<td class=\"et5\" style=\"width: 234.15pt;\" width=\"312\">schwarz\/wei\u00df\/blau\/grau\/rosa\/gr\u00fcn\/braun\/khaki<\/td>\n<\/tr>\n<tr style=\"height: 18.00pt;\">\n<td class=\"et3\" style=\"height: 18.00pt;\" height=\"24\">Dimension<\/td>\n<td class=\"et5\" style=\"width: 234.15pt;\" width=\"312\">47.5*37.5*13<\/td>\n<\/tr>\n<tr style=\"height: 17.25pt;\">\n<td class=\"et3\" style=\"height: 17.25pt;\" height=\"23\">N.W \/SET<\/td>\n<td class=\"et3\">16KGS\/PCS<\/td>\n<\/tr>\n<tr style=\"height: 17.25pt;\">\n<td class=\"et3\" style=\"height: 17.25pt;\" height=\"23\">MOQ<\/td>\n<td class=\"et3\">20St\u00fcck<\/td>\n<\/tr>\n<tr style=\"height: 17.25pt;\">\n<td class=\"et3\" style=\"height: 17.25pt;\" height=\"23\">Benutzerdefinierte Option<\/td>\n<td class=\"et3\">Farbe\/Muster\/Gr\u00f6\u00dfe\/Logo\/Verpackung<\/td>\n<\/tr>\n<\/tbody>\n<\/table>","protected":false},"featured_media":7469,"comment_status":"closed","ping_status":"closed","template":"","meta":{"_acf_changed":false},"product_brand":[],"product_cat":[50,54],"product_tag":[],"class_list":{"0":"post-7467","1":"product","2":"type-product","3":"status-publish","4":"has-post-thumbnail","6":"product_cat-wholesale-countertop-sinks","7":"product_cat-wholesale-marble-sinks","9":"first","10":"instock","11":"shipping-taxable","12":"product-type-simple"},"acf":[],"_links":{"self":[{"href":"https:\/\/www.ceramicbasin.com\/de\/wp-json\/wp\/v2\/product\/7467","targetHints":{"allow":["GET"]}}],"collection":[{"href":"https:\/\/www.ceramicbasin.com\/de\/wp-json\/wp\/v2\/product"}],"about":[{"href":"https:\/\/www.ceramicbasin.com\/de\/wp-json\/wp\/v2\/types\/product"}],"replies":[{"embeddable":true,"href":"https:\/\/www.ceramicbasin.com\/de\/wp-json\/wp\/v2\/comments?post=7467"}],"wp:featuredmedia":[{"embeddable":true,"href":"https:\/\/www.ceramicbasin.com\/de\/wp-json\/wp\/v2\/media\/7469"}],"wp:attachment":[{"href":"https:\/\/www.ceramicbasin.com\/de\/wp-json\/wp\/v2\/media?parent=7467"}],"wp:term":[{"taxonomy":"product_brand","embeddable":true,"href":"https:\/\/www.ceramicbasin.com\/de\/wp-json\/wp\/v2\/product_brand?post=7467"},{"taxonomy":"product_cat","embeddable":true,"href":"https:\/\/www.ceramicbasin.com\/de\/wp-json\/wp\/v2\/product_cat?post=7467"},{"taxonomy":"product_tag","embeddable":true,"href":"https:\/\/www.ceramicbasin.com\/de\/wp-json\/wp\/v2\/product_tag?post=7467"}],"curies":[{"name":"wp","href":"https:\/\/api.w.org\/{rel}","templated":true}]}}