{"id":7474,"date":"2025-08-18T07:21:32","date_gmt":"2025-08-18T07:21:32","guid":{"rendered":"https:\/\/www.ceramicbasin.com\/?post_type=product&#038;p=7474"},"modified":"2025-08-27T02:25:26","modified_gmt":"2025-08-27T02:25:26","slug":"wholesale-bathroom-vessel-sink","status":"publish","type":"product","link":"https:\/\/www.ceramicbasin.com\/de\/produkt\/wholesale-bathroom-vessel-sink\/","title":{"rendered":"Gro\u00dfhandel Bad Gef\u00e4\u00df Waschbecken, Marmor-Effekt Keramik-Becken"},"content":{"rendered":"<div class=\"wp-block-columns is-layout-flex wp-container-core-columns-is-layout-9d6595d7 wp-block-columns-is-layout-flex\">\n<div class=\"wp-block-column is-layout-flow wp-block-column-is-layout-flow\">\n<h2 class=\"wp-block-heading\">Premium Gro\u00dfhandel Badezimmer Gef\u00e4\u00df Waschbecken Eigenschaften:<\/h2>\n\n\n\n<ul class=\"wp-block-list\">\n<li><strong>Realistischer Marmor-Effekt: <\/strong>Diese blassgelben Gro\u00dfhandels-Badgef\u00e4\u00dfwaschbecken weisen eine nat\u00fcrliche, glatte und realistische Marmorstruktur auf, die ein warmes und gehobenes visuelles Erlebnis schafft und jedem Badezimmer einen Hauch von Stil verleiht.<\/li>\n\n\n\n<li><strong>Hochwertiges keramisches Material: <\/strong>Unsere Keramikbecken f\u00fcr den Gro\u00dfhandel werden aus hochwertiger Keramik hergestellt, die bei hohen Temperaturen gebrannt wird. Die Becken sind langlebig, mit einer glatten, feinen Oberfl\u00e4che, die Flecken und Kratzer widersteht, so dass sie jahrelang wie neu aussehen.<\/li>\n\n\n\n<li><strong>Direkte Preisgestaltung ab Werk: <\/strong>Unsere Gro\u00dfhandels-Badgef\u00e4\u00dfwaschbecken werden direkt von der Fabrik bezogen, wodurch Zwischenh\u00e4ndler \u00fcberfl\u00fcssig werden und wir qualitativ hochwertige Produkte zu wettbewerbsf\u00e4higen Preisen anbieten k\u00f6nnen, was Gro\u00dfh\u00e4ndlern und Bauprojekten hilft, Kosten zu senken.<\/li>\n\n\n\n<li><strong>Vielseitig: <\/strong>Ob f\u00fcr gehobene Wohnh\u00e4user, Sterne-Hotels oder gewerbliche Projekte, unsere Gro\u00dfhandels-Keramikbecken f\u00fcgen sich problemlos in jeden Raum ein und bieten sowohl praktische als auch dekorative Vorteile.<\/li>\n<\/ul>\n<\/div>\n\n\n\n<div class=\"wp-block-column is-layout-flow wp-block-column-is-layout-flow\">\n<figure class=\"wp-block-image size-full\"><img fetchpriority=\"high\" decoding=\"async\" width=\"800\" height=\"800\" src=\"https:\/\/www.ceramicbasin.com\/wp-content\/uploads\/2025\/08\/marble-vanity-sinks\uff0ccustom-marble-sink\uff0cvessel-sink-countertop5.webp\" alt=\"Gro\u00dfhandel Badezimmer Gef\u00e4\u00df Waschbecken, Marmor-Effekt keramische Basins-1\" class=\"wp-image-7479\" srcset=\"https:\/\/www.ceramicbasin.com\/wp-content\/uploads\/2025\/08\/marble-vanity-sinks\uff0ccustom-marble-sink\uff0cvessel-sink-countertop5.webp 800w, https:\/\/www.ceramicbasin.com\/wp-content\/uploads\/2025\/08\/marble-vanity-sinks\uff0ccustom-marble-sink\uff0cvessel-sink-countertop5-300x300.webp 300w, https:\/\/www.ceramicbasin.com\/wp-content\/uploads\/2025\/08\/marble-vanity-sinks\uff0ccustom-marble-sink\uff0cvessel-sink-countertop5-150x150.webp 150w, https:\/\/www.ceramicbasin.com\/wp-content\/uploads\/2025\/08\/marble-vanity-sinks\uff0ccustom-marble-sink\uff0cvessel-sink-countertop5-768x768.webp 768w, https:\/\/www.ceramicbasin.com\/wp-content\/uploads\/2025\/08\/marble-vanity-sinks\uff0ccustom-marble-sink\uff0cvessel-sink-countertop5-12x12.webp 12w, https:\/\/www.ceramicbasin.com\/wp-content\/uploads\/2025\/08\/marble-vanity-sinks\uff0ccustom-marble-sink\uff0cvessel-sink-countertop5-285x285.webp 285w, https:\/\/www.ceramicbasin.com\/wp-content\/uploads\/2025\/08\/marble-vanity-sinks\uff0ccustom-marble-sink\uff0cvessel-sink-countertop5-270x270.webp 270w, https:\/\/www.ceramicbasin.com\/wp-content\/uploads\/2025\/08\/marble-vanity-sinks\uff0ccustom-marble-sink\uff0cvessel-sink-countertop5-540x540.webp 540w, https:\/\/www.ceramicbasin.com\/wp-content\/uploads\/2025\/08\/marble-vanity-sinks\uff0ccustom-marble-sink\uff0cvessel-sink-countertop5-660x660.webp 660w\" sizes=\"(max-width: 800px) 100vw, 800px\" \/><\/figure>\n<\/div>\n<\/div>\n\n\n\n<p><\/p>","protected":false},"excerpt":{"rendered":"<p>Kaufen Sie im Gro\u00dfhandel Badgef\u00e4\u00dfwaschbecken f\u00fcr Ihr Projekt. Diese blassgelben Keramikbecken mit Marmoreffekt schaffen mit ihrer realistischen, zarten nat\u00fcrlichen Textur und ihrem eleganten Farbton eine warme und elegante Atmosph\u00e4re. Die Direktpreise ab Werk bieten den Kunden eine wettbewerbsf\u00e4higere Auswahl.<\/p>\n<table style=\"border-collapse: collapse; width: 311.02pt;\" border=\"0\" width=\"311\" cellspacing=\"0\" cellpadding=\"0\">\n<tbody>\n<tr style=\"height: 17.60pt;\">\n<td class=\"et3\" style=\"height: 17.60pt; width: 108.35pt;\" width=\"108\" height=\"17\">Hersteller<\/td>\n<td class=\"et3\" style=\"width: 202.95pt;\" width=\"202\">HanYu<\/td>\n<\/tr>\n<tr style=\"height: 17.60pt;\">\n<td class=\"et3\" style=\"height: 17.60pt;\" height=\"17\">Modell Nr.<\/td>\n<td class=\"et4\">HY-8004D1<\/td>\n<\/tr>\n<tr style=\"height: 36.00pt;\">\n<td class=\"et3\" style=\"height: 36.00pt;\" height=\"36\">Typ<\/td>\n<td class=\"et5\" style=\"width: 202.95pt;\" width=\"202\">Becken in Marmorfarbe, Aufsatzbecken<\/td>\n<\/tr>\n<tr style=\"height: 17.60pt;\">\n<td class=\"et3\" style=\"height: 17.60pt;\" height=\"17\">Form<\/td>\n<td class=\"et3\">Runde Form<\/td>\n<\/tr>\n<tr style=\"height: 18.00pt;\">\n<td class=\"et4\" style=\"height: 18.00pt;\" height=\"18\">Farbe<\/td>\n<td class=\"et5\" style=\"width: 202.95pt;\" width=\"202\">Marmor<\/td>\n<\/tr>\n<tr style=\"height: 18.00pt;\">\n<td class=\"et3\" style=\"height: 18.00pt;\" height=\"18\">Dimension<\/td>\n<td class=\"et5\" style=\"width: 202.95pt;\" width=\"202\">44.5*44.5*15.5<\/td>\n<\/tr>\n<tr style=\"height: 17.60pt;\">\n<td class=\"et3\" style=\"height: 17.60pt;\" height=\"17\">N.W \/SET<\/td>\n<td class=\"et3\">15 KGS\/PCS<\/td>\n<\/tr>\n<tr style=\"height: 17.60pt;\">\n<td class=\"et3\" style=\"height: 17.60pt;\" height=\"17\">MOQ<\/td>\n<td class=\"et3\">20St\u00fcck<\/td>\n<\/tr>\n<tr style=\"height: 17.60pt;\">\n<td class=\"et3\" style=\"height: 17.60pt;\" height=\"17\">Benutzerdefinierte Option<\/td>\n<td class=\"et3\">Farbe\/Muster\/Gr\u00f6\u00dfe\/Logo\/Verpackung<\/td>\n<\/tr>\n<\/tbody>\n<\/table>","protected":false},"featured_media":7478,"comment_status":"closed","ping_status":"closed","template":"","meta":{"_acf_changed":false},"product_brand":[],"product_cat":[54,50],"product_tag":[],"class_list":{"0":"post-7474","1":"product","2":"type-product","3":"status-publish","4":"has-post-thumbnail","6":"product_cat-wholesale-marble-sinks","7":"product_cat-wholesale-countertop-sinks","9":"first","10":"instock","11":"shipping-taxable","12":"product-type-simple"},"acf":[],"_links":{"self":[{"href":"https:\/\/www.ceramicbasin.com\/de\/wp-json\/wp\/v2\/product\/7474","targetHints":{"allow":["GET"]}}],"collection":[{"href":"https:\/\/www.ceramicbasin.com\/de\/wp-json\/wp\/v2\/product"}],"about":[{"href":"https:\/\/www.ceramicbasin.com\/de\/wp-json\/wp\/v2\/types\/product"}],"replies":[{"embeddable":true,"href":"https:\/\/www.ceramicbasin.com\/de\/wp-json\/wp\/v2\/comments?post=7474"}],"wp:featuredmedia":[{"embeddable":true,"href":"https:\/\/www.ceramicbasin.com\/de\/wp-json\/wp\/v2\/media\/7478"}],"wp:attachment":[{"href":"https:\/\/www.ceramicbasin.com\/de\/wp-json\/wp\/v2\/media?parent=7474"}],"wp:term":[{"taxonomy":"product_brand","embeddable":true,"href":"https:\/\/www.ceramicbasin.com\/de\/wp-json\/wp\/v2\/product_brand?post=7474"},{"taxonomy":"product_cat","embeddable":true,"href":"https:\/\/www.ceramicbasin.com\/de\/wp-json\/wp\/v2\/product_cat?post=7474"},{"taxonomy":"product_tag","embeddable":true,"href":"https:\/\/www.ceramicbasin.com\/de\/wp-json\/wp\/v2\/product_tag?post=7474"}],"curies":[{"name":"wp","href":"https:\/\/api.w.org\/{rel}","templated":true}]}}