{"id":7481,"date":"2025-08-18T08:11:49","date_gmt":"2025-08-18T08:11:49","guid":{"rendered":"https:\/\/www.ceramicbasin.com\/?post_type=product&#038;p=7481"},"modified":"2025-08-27T02:17:10","modified_gmt":"2025-08-27T02:17:10","slug":"wholesale-washroom-sink","status":"publish","type":"product","link":"https:\/\/www.ceramicbasin.com\/de\/produkt\/wholesale-washroom-sink\/","title":{"rendered":"Gro\u00dfhandel Waschraum Waschbecken, Luxus Marmor-Look Badezimmer Waschbecken"},"content":{"rendered":"<div class=\"wp-block-columns is-layout-flex wp-container-core-columns-is-layout-9d6595d7 wp-block-columns-is-layout-flex\">\n<div class=\"wp-block-column is-layout-flow wp-block-column-is-layout-flow\">\n<h2 class=\"wp-block-heading\">Premium Gro\u00dfhandel Waschraum Waschbecken Merkmale:<\/h2>\n\n\n\n<ul class=\"wp-block-list\">\n<li><strong>Luxuri\u00f6se Marmorstruktur: <\/strong>Unsere Waschbecken f\u00fcr den Gro\u00dfhandel zeichnen sich durch ein braunes Marmor-Design mit einer realistischen und zarten Textur aus, das dem Badezimmer ein elegantes und luxuri\u00f6ses Ambiente verleiht und sich ideal f\u00fcr gehobene Wohn- und Gesch\u00e4ftsr\u00e4ume eignet.<\/li>\n\n\n\n<li><strong>Fortgeschrittener Wassertransferdruck:<\/strong> Diese Gro\u00dfhandelswaschbecken nutzen eine spezielle Wassertransferdrucktechnologie, um eine nat\u00fcrliche, vor\u00fcbergehende Textur zu erzielen, die sicherstellt, dass jedes Becken einzigartig k\u00fcnstlerisch und au\u00dfergew\u00f6hnlich verschlei\u00df- und verblassungsfest ist.<\/li>\n\n\n\n<li><strong>Hochtemperatur-Keramik-Brennen: <\/strong>Unsere Waschbecken f\u00fcr den Gro\u00dfhandel werden aus hochwertigen keramischen Rohstoffen hergestellt und bei hohen Temperaturen gebrannt, um eine glatte, empfindliche Oberfl\u00e4che zu schaffen, die Flecken widersteht und die t\u00e4gliche Reinigung erleichtert.<\/li>\n\n\n\n<li><strong>Effiziente Versorgung und schnelle Lieferung: <\/strong>Unsere Waschtische f\u00fcr den Gro\u00dfhandel sind schnell lieferbar, k\u00f6nnen flexibel auf Gro\u00dfauftr\u00e4ge reagieren und unterst\u00fctzen den Projektfortschritt und den Marktabsatz unserer Kunden.<\/li>\n<\/ul>\n<\/div>\n\n\n\n<div class=\"wp-block-column is-layout-flow wp-block-column-is-layout-flow\">\n<figure class=\"wp-block-image size-full\"><img fetchpriority=\"high\" decoding=\"async\" width=\"800\" height=\"800\" src=\"https:\/\/www.ceramicbasin.com\/wp-content\/uploads\/2025\/08\/sink-counter-tops\uff0csink-above-counter\uff0cmarble-stone-wash-basins5.webp\" alt=\"Gro\u00dfhandel Waschraum Waschbecken, Luxus Marmor-Look Bad Waschbecken-1\" class=\"wp-image-7486\" srcset=\"https:\/\/www.ceramicbasin.com\/wp-content\/uploads\/2025\/08\/sink-counter-tops\uff0csink-above-counter\uff0cmarble-stone-wash-basins5.webp 800w, https:\/\/www.ceramicbasin.com\/wp-content\/uploads\/2025\/08\/sink-counter-tops\uff0csink-above-counter\uff0cmarble-stone-wash-basins5-300x300.webp 300w, https:\/\/www.ceramicbasin.com\/wp-content\/uploads\/2025\/08\/sink-counter-tops\uff0csink-above-counter\uff0cmarble-stone-wash-basins5-150x150.webp 150w, https:\/\/www.ceramicbasin.com\/wp-content\/uploads\/2025\/08\/sink-counter-tops\uff0csink-above-counter\uff0cmarble-stone-wash-basins5-768x768.webp 768w, https:\/\/www.ceramicbasin.com\/wp-content\/uploads\/2025\/08\/sink-counter-tops\uff0csink-above-counter\uff0cmarble-stone-wash-basins5-12x12.webp 12w, https:\/\/www.ceramicbasin.com\/wp-content\/uploads\/2025\/08\/sink-counter-tops\uff0csink-above-counter\uff0cmarble-stone-wash-basins5-285x285.webp 285w, https:\/\/www.ceramicbasin.com\/wp-content\/uploads\/2025\/08\/sink-counter-tops\uff0csink-above-counter\uff0cmarble-stone-wash-basins5-270x270.webp 270w, https:\/\/www.ceramicbasin.com\/wp-content\/uploads\/2025\/08\/sink-counter-tops\uff0csink-above-counter\uff0cmarble-stone-wash-basins5-540x540.webp 540w, https:\/\/www.ceramicbasin.com\/wp-content\/uploads\/2025\/08\/sink-counter-tops\uff0csink-above-counter\uff0cmarble-stone-wash-basins5-660x660.webp 660w\" sizes=\"(max-width: 800px) 100vw, 800px\" \/><\/figure>\n<\/div>\n<\/div>\n\n\n\n<p><\/p>","protected":false},"excerpt":{"rendered":"<p>Willkommen zum Kauf Gro\u00dfhandel Waschraum Waschbecken. Dieses braune Waschbecken mit Marmoreffekt wird in einem fortschrittlichen Wassertransferdruckverfahren hergestellt, was zu einer nat\u00fcrlichen und zarten Textur f\u00fchrt, die an hochwertigen Marmor erinnert. Es ist weithin geeignet f\u00fcr High-End-Residenzen, Sterne-Hotels und kommerzielle Projekte.<\/p>\n<table style=\"border-collapse: collapse; width: 311.02pt;\" border=\"0\" width=\"311\" cellspacing=\"0\" cellpadding=\"0\">\n<tbody>\n<tr style=\"height: 17.60pt;\">\n<td class=\"et3\" style=\"height: 17.60pt; width: 108.35pt;\" width=\"108\" height=\"17\">Hersteller<\/td>\n<td class=\"et3\" style=\"width: 202.95pt;\" width=\"202\">HanYu<\/td>\n<\/tr>\n<tr style=\"height: 17.60pt;\">\n<td class=\"et3\" style=\"height: 17.60pt;\" height=\"17\">Modell Nr.<\/td>\n<td class=\"et4\">HY-8011D2<\/td>\n<\/tr>\n<tr style=\"height: 36.00pt;\">\n<td class=\"et3\" style=\"height: 36.00pt;\" height=\"36\">Typ<\/td>\n<td class=\"et5\" style=\"width: 202.95pt;\" width=\"202\">Becken in Marmorfarbe, Aufsatzbecken<\/td>\n<\/tr>\n<tr style=\"height: 17.60pt;\">\n<td class=\"et3\" style=\"height: 17.60pt;\" height=\"17\">Form<\/td>\n<td class=\"et3\">Runde Form<\/td>\n<\/tr>\n<tr style=\"height: 18.00pt;\">\n<td class=\"et4\" style=\"height: 18.00pt;\" height=\"18\">Farbe<\/td>\n<td class=\"et5\" style=\"width: 202.95pt;\" width=\"202\">Marmor<\/td>\n<\/tr>\n<tr style=\"height: 18.00pt;\">\n<td class=\"et3\" style=\"height: 18.00pt;\" height=\"18\">Dimension<\/td>\n<td class=\"et5\" style=\"width: 202.95pt;\" width=\"202\">44.5*44.5*15.5<\/td>\n<\/tr>\n<tr style=\"height: 17.60pt;\">\n<td class=\"et3\" style=\"height: 17.60pt;\" height=\"17\">N.W \/SET<\/td>\n<td class=\"et3\">15 KGS\/PCS<\/td>\n<\/tr>\n<tr style=\"height: 17.60pt;\">\n<td class=\"et3\" style=\"height: 17.60pt;\" height=\"17\">MOQ<\/td>\n<td class=\"et3\">20St\u00fcck<\/td>\n<\/tr>\n<tr style=\"height: 17.60pt;\">\n<td class=\"et3\" style=\"height: 17.60pt;\" height=\"17\">Benutzerdefinierte Option<\/td>\n<td class=\"et3\">Farbe\/Muster\/Gr\u00f6\u00dfe\/Logo\/Verpackung<\/td>\n<\/tr>\n<\/tbody>\n<\/table>","protected":false},"featured_media":7482,"comment_status":"closed","ping_status":"closed","template":"","meta":{"_acf_changed":false},"product_brand":[],"product_cat":[54,50],"product_tag":[],"class_list":{"0":"post-7481","1":"product","2":"type-product","3":"status-publish","4":"has-post-thumbnail","6":"product_cat-wholesale-marble-sinks","7":"product_cat-wholesale-countertop-sinks","9":"first","10":"instock","11":"shipping-taxable","12":"product-type-simple"},"acf":[],"_links":{"self":[{"href":"https:\/\/www.ceramicbasin.com\/de\/wp-json\/wp\/v2\/product\/7481","targetHints":{"allow":["GET"]}}],"collection":[{"href":"https:\/\/www.ceramicbasin.com\/de\/wp-json\/wp\/v2\/product"}],"about":[{"href":"https:\/\/www.ceramicbasin.com\/de\/wp-json\/wp\/v2\/types\/product"}],"replies":[{"embeddable":true,"href":"https:\/\/www.ceramicbasin.com\/de\/wp-json\/wp\/v2\/comments?post=7481"}],"wp:featuredmedia":[{"embeddable":true,"href":"https:\/\/www.ceramicbasin.com\/de\/wp-json\/wp\/v2\/media\/7482"}],"wp:attachment":[{"href":"https:\/\/www.ceramicbasin.com\/de\/wp-json\/wp\/v2\/media?parent=7481"}],"wp:term":[{"taxonomy":"product_brand","embeddable":true,"href":"https:\/\/www.ceramicbasin.com\/de\/wp-json\/wp\/v2\/product_brand?post=7481"},{"taxonomy":"product_cat","embeddable":true,"href":"https:\/\/www.ceramicbasin.com\/de\/wp-json\/wp\/v2\/product_cat?post=7481"},{"taxonomy":"product_tag","embeddable":true,"href":"https:\/\/www.ceramicbasin.com\/de\/wp-json\/wp\/v2\/product_tag?post=7481"}],"curies":[{"name":"wp","href":"https:\/\/api.w.org\/{rel}","templated":true}]}}