{"id":7489,"date":"2025-08-18T08:39:28","date_gmt":"2025-08-18T08:39:28","guid":{"rendered":"https:\/\/www.ceramicbasin.com\/?post_type=product&#038;p=7489"},"modified":"2025-08-27T02:05:52","modified_gmt":"2025-08-27T02:05:52","slug":"wholesale-countertop-basins-2","status":"publish","type":"product","link":"https:\/\/www.ceramicbasin.com\/de\/produkt\/wholesale-countertop-basins-2\/","title":{"rendered":"Gro\u00dfhandel Arbeitsplatte Becken mit Schwarz + Wei\u00df Crackle-Muster"},"content":{"rendered":"<div class=\"wp-block-columns is-layout-flex wp-container-core-columns-is-layout-9d6595d7 wp-block-columns-is-layout-flex\">\n<div class=\"wp-block-column is-layout-flow wp-block-column-is-layout-flow\">\n<h2 class=\"wp-block-heading\">Premium-Gro\u00dfhandel Countertop Basins Merkmale:<\/h2>\n\n\n\n<ul class=\"wp-block-list\">\n<li><strong>Einzigartige, rissige Textur:<\/strong> Das schwarz-wei\u00dfe Craquel\u00e9-Design dieser Gro\u00dfhandelsbecken in kontrastierenden Farben ist ein Zeichen von Raffinesse und Einzigartigkeit und tr\u00e4gt zur allgemeinen Sch\u00f6nheit des Badezimmers bei.<\/li>\n\n\n\n<li><strong>Klein und praktisch: <\/strong>Unsere Waschbecken f\u00fcr den Gro\u00dfhandel, die direkt von der Fabrik geliefert werden, sind klein und platzsparend, perfekt f\u00fcr kompakte Badezimmer, Hotels oder kommerzielle Projekte.<\/li>\n\n\n\n<li><strong>Hochtemperatur-Keramik: <\/strong>Unsere Gro\u00dfhandelsbecken sind langlebig, haben eine feine, glatte Oberfl\u00e4che, die kratz- und schmutzabweisend ist, und sind leicht zu reinigen und zu pflegen.<\/li>\n\n\n\n<li><strong>Vielseitig:<\/strong> Das klassische schwarz-wei\u00dfe Farbschema dieser Gro\u00dfhandelswaschbecken f\u00fcgt sich problemlos in eine Vielzahl von Dekoren ein und eignet sich daher f\u00fcr den Einsatz in einer Vielzahl von Umgebungen.<\/li>\n<\/ul>\n<\/div>\n\n\n\n<div class=\"wp-block-column is-layout-flow wp-block-column-is-layout-flow\">\n<figure class=\"wp-block-image size-full\"><img fetchpriority=\"high\" decoding=\"async\" width=\"800\" height=\"800\" src=\"https:\/\/www.ceramicbasin.com\/wp-content\/uploads\/2025\/08\/custom-marble-sink\uff0cmarble-sink-countertop\uff0crectangular-above-counter-basin1.webp\" alt=\"Gro\u00dfhandel Arbeitsplatte Becken mit Black+White Crackle Pattern-1\" class=\"wp-image-7490\" srcset=\"https:\/\/www.ceramicbasin.com\/wp-content\/uploads\/2025\/08\/custom-marble-sink\uff0cmarble-sink-countertop\uff0crectangular-above-counter-basin1.webp 800w, https:\/\/www.ceramicbasin.com\/wp-content\/uploads\/2025\/08\/custom-marble-sink\uff0cmarble-sink-countertop\uff0crectangular-above-counter-basin1-300x300.webp 300w, https:\/\/www.ceramicbasin.com\/wp-content\/uploads\/2025\/08\/custom-marble-sink\uff0cmarble-sink-countertop\uff0crectangular-above-counter-basin1-150x150.webp 150w, https:\/\/www.ceramicbasin.com\/wp-content\/uploads\/2025\/08\/custom-marble-sink\uff0cmarble-sink-countertop\uff0crectangular-above-counter-basin1-768x768.webp 768w, https:\/\/www.ceramicbasin.com\/wp-content\/uploads\/2025\/08\/custom-marble-sink\uff0cmarble-sink-countertop\uff0crectangular-above-counter-basin1-12x12.webp 12w, https:\/\/www.ceramicbasin.com\/wp-content\/uploads\/2025\/08\/custom-marble-sink\uff0cmarble-sink-countertop\uff0crectangular-above-counter-basin1-285x285.webp 285w, https:\/\/www.ceramicbasin.com\/wp-content\/uploads\/2025\/08\/custom-marble-sink\uff0cmarble-sink-countertop\uff0crectangular-above-counter-basin1-270x270.webp 270w, https:\/\/www.ceramicbasin.com\/wp-content\/uploads\/2025\/08\/custom-marble-sink\uff0cmarble-sink-countertop\uff0crectangular-above-counter-basin1-540x540.webp 540w, https:\/\/www.ceramicbasin.com\/wp-content\/uploads\/2025\/08\/custom-marble-sink\uff0cmarble-sink-countertop\uff0crectangular-above-counter-basin1-660x660.webp 660w\" sizes=\"(max-width: 800px) 100vw, 800px\" \/><\/figure>\n<\/div>\n<\/div>","protected":false},"excerpt":{"rendered":"<p>Willkommen zum Kauf Gro\u00dfhandel Arbeitsplatte Waschbecken. HanYu Fabrik-direkt schwarz-wei\u00df Craquel\u00e9 gemusterte Waschbecken haben ein minimalistisches modernes Aussehen, geeignet f\u00fcr moderne Wohnungen und Gewerbefl\u00e4chen, die \u00c4sthetik und Funktionalit\u00e4t kombinieren.<\/p>\n<table style=\"border-collapse: collapse; width: 358.52pt;\" border=\"0\" width=\"478\" cellspacing=\"0\" cellpadding=\"0\">\n<tbody>\n<tr style=\"height: 17.25pt;\">\n<td class=\"et3\" style=\"height: 17.25pt; width: 125.00pt;\" width=\"166\" height=\"23\">Hersteller<\/td>\n<td class=\"et3\" style=\"width: 234.15pt;\" width=\"312\">HanYu<\/td>\n<\/tr>\n<tr style=\"height: 17.25pt;\">\n<td class=\"et3\" style=\"height: 17.25pt;\" height=\"23\">Modell Nr.<\/td>\n<td class=\"et4\">HY-8064-55C4<\/td>\n<\/tr>\n<tr style=\"height: 17.25pt;\">\n<td class=\"et3\" style=\"height: 17.25pt;\" height=\"23\">Typ<\/td>\n<td class=\"et5\" style=\"width: 234.15pt;\" width=\"312\">Marmorsp\u00fclen<\/td>\n<\/tr>\n<tr style=\"height: 18.00pt;\">\n<td class=\"et3\" style=\"height: 18.00pt;\" height=\"24\">Form<\/td>\n<td class=\"et3\">Rectanglue Form<\/td>\n<\/tr>\n<tr style=\"height: 34.50pt;\">\n<td class=\"et4\" style=\"height: 34.50pt;\" height=\"46\">Farbe<\/td>\n<td class=\"et5\" style=\"width: 234.15pt;\" width=\"312\">schwarz\/wei\u00df\/blau\/grau\/rosa\/gr\u00fcn\/braun\/khaki<\/td>\n<\/tr>\n<tr style=\"height: 18.00pt;\">\n<td class=\"et3\" style=\"height: 18.00pt;\" height=\"24\">Dimension<\/td>\n<td class=\"et5\" style=\"width: 234.15pt;\" width=\"312\">55*38*11<\/td>\n<\/tr>\n<tr style=\"height: 17.25pt;\">\n<td class=\"et3\" style=\"height: 17.25pt;\" height=\"23\">N.W \/SET<\/td>\n<td class=\"et3\">18KGS\/PCS<\/td>\n<\/tr>\n<tr style=\"height: 17.25pt;\">\n<td class=\"et3\" style=\"height: 17.25pt;\" height=\"23\">MOQ<\/td>\n<td class=\"et3\">20St\u00fcck<\/td>\n<\/tr>\n<tr style=\"height: 17.25pt;\">\n<td class=\"et3\" style=\"height: 17.25pt;\" height=\"23\">Benutzerdefinierte Option<\/td>\n<td class=\"et3\">Farbe\/Muster\/Gr\u00f6\u00dfe\/Logo\/Verpackung<\/td>\n<\/tr>\n<\/tbody>\n<\/table>","protected":false},"featured_media":7493,"comment_status":"closed","ping_status":"closed","template":"","meta":{"_acf_changed":false},"product_brand":[],"product_cat":[50,54],"product_tag":[],"class_list":{"0":"post-7489","1":"product","2":"type-product","3":"status-publish","4":"has-post-thumbnail","6":"product_cat-wholesale-countertop-sinks","7":"product_cat-wholesale-marble-sinks","9":"first","10":"instock","11":"shipping-taxable","12":"product-type-simple"},"acf":[],"_links":{"self":[{"href":"https:\/\/www.ceramicbasin.com\/de\/wp-json\/wp\/v2\/product\/7489","targetHints":{"allow":["GET"]}}],"collection":[{"href":"https:\/\/www.ceramicbasin.com\/de\/wp-json\/wp\/v2\/product"}],"about":[{"href":"https:\/\/www.ceramicbasin.com\/de\/wp-json\/wp\/v2\/types\/product"}],"replies":[{"embeddable":true,"href":"https:\/\/www.ceramicbasin.com\/de\/wp-json\/wp\/v2\/comments?post=7489"}],"wp:featuredmedia":[{"embeddable":true,"href":"https:\/\/www.ceramicbasin.com\/de\/wp-json\/wp\/v2\/media\/7493"}],"wp:attachment":[{"href":"https:\/\/www.ceramicbasin.com\/de\/wp-json\/wp\/v2\/media?parent=7489"}],"wp:term":[{"taxonomy":"product_brand","embeddable":true,"href":"https:\/\/www.ceramicbasin.com\/de\/wp-json\/wp\/v2\/product_brand?post=7489"},{"taxonomy":"product_cat","embeddable":true,"href":"https:\/\/www.ceramicbasin.com\/de\/wp-json\/wp\/v2\/product_cat?post=7489"},{"taxonomy":"product_tag","embeddable":true,"href":"https:\/\/www.ceramicbasin.com\/de\/wp-json\/wp\/v2\/product_tag?post=7489"}],"curies":[{"name":"wp","href":"https:\/\/api.w.org\/{rel}","templated":true}]}}