{"id":7675,"date":"2025-08-29T07:10:33","date_gmt":"2025-08-29T07:10:33","guid":{"rendered":"https:\/\/www.ceramicbasin.com\/?post_type=product&#038;p=7675"},"modified":"2025-08-29T07:10:36","modified_gmt":"2025-08-29T07:10:36","slug":"wholesale-wash-basin-sink","status":"publish","type":"product","link":"https:\/\/www.ceramicbasin.com\/de\/produkt\/wholesale-wash-basin-sink\/","title":{"rendered":"Matt Braun Gro\u00dfhandel Waschbecken Waschbecken, erschwinglich Vessel Waschbecken"},"content":{"rendered":"<div class=\"wp-block-columns is-layout-flex wp-container-core-columns-is-layout-9d6595d7 wp-block-columns-is-layout-flex\">\n<div class=\"wp-block-column is-layout-flow wp-block-column-is-layout-flow\">\n<h2 class=\"wp-block-heading\">Premium Gro\u00dfhandel Waschbecken Waschbecken Merkmale:<\/h2>\n\n\n\n<ul class=\"wp-block-list\">\n<li><strong>Matte Oberfl\u00e4chenbehandlung:\u00a0<\/strong>Die einzigartige matte Oberfl\u00e4chenbehandlung dieses Gro\u00dfhandelswaschbeckens bringt einen weichen Touch und Luxus in den Badezimmer-Waschtisch.<\/li>\n\n\n\n<li><strong>Hochwertige Keramiken:<\/strong> Ausgew\u00e4hlte hochwertige keramische Rohstoffe, die bei hoher Temperatur gesintert werden, sorgen daf\u00fcr, dass unser Gro\u00dfhandelssp\u00fclbecken eine solide Struktur, eine zarte und glatte Oberfl\u00e4che hat, leicht zu reinigen ist und wie neu h\u00e4lt.<\/li>\n\n\n\n<li><strong>Installation oben:<\/strong> Diese Gro\u00dfhandel Waschbecken Waschbecken nimmt eine Top-Installation Methode, die einfach zu installieren, stabil und zuverl\u00e4ssig ist, nicht nur platzsparend, sondern auch bequem f\u00fcr die t\u00e4gliche Wartung und Reinigung, und die Verbesserung der Benutzererfahrung.<\/li>\n\n\n\n<li><strong>G\u00fcnstiger Preis: <\/strong>Als Gro\u00dfhandelsprodukt bietet HanYu einen sehr wettbewerbsf\u00e4higen Preis f\u00fcr Gef\u00e4\u00dfsp\u00fclen an, der sicherstellt, dass Sie in den Genuss hochwertiger Keramikbecken kommen und gleichzeitig die Kosten kontrollieren k\u00f6nnen.<\/li>\n<\/ul>\n<\/div>\n\n\n\n<div class=\"wp-block-column is-layout-flow wp-block-column-is-layout-flow\">\n<figure class=\"wp-block-image size-full\"><img fetchpriority=\"high\" decoding=\"async\" width=\"1024\" height=\"1024\" src=\"https:\/\/www.ceramicbasin.com\/wp-content\/uploads\/2025\/08\/Bathroom-Mount-Hotel-Color-Table-Top-Wash-Basins-Ceramic-Sale-Brown-Matt-Art-Basin-Single-Round-Sink-5.webp\" alt=\"Matt Brown Gro\u00dfhandel Waschbecken Waschbecken, erschwinglich Vessel Sink-1\" class=\"wp-image-7680\" srcset=\"https:\/\/www.ceramicbasin.com\/wp-content\/uploads\/2025\/08\/Bathroom-Mount-Hotel-Color-Table-Top-Wash-Basins-Ceramic-Sale-Brown-Matt-Art-Basin-Single-Round-Sink-5.webp 1024w, https:\/\/www.ceramicbasin.com\/wp-content\/uploads\/2025\/08\/Bathroom-Mount-Hotel-Color-Table-Top-Wash-Basins-Ceramic-Sale-Brown-Matt-Art-Basin-Single-Round-Sink-5-300x300.webp 300w, https:\/\/www.ceramicbasin.com\/wp-content\/uploads\/2025\/08\/Bathroom-Mount-Hotel-Color-Table-Top-Wash-Basins-Ceramic-Sale-Brown-Matt-Art-Basin-Single-Round-Sink-5-150x150.webp 150w, https:\/\/www.ceramicbasin.com\/wp-content\/uploads\/2025\/08\/Bathroom-Mount-Hotel-Color-Table-Top-Wash-Basins-Ceramic-Sale-Brown-Matt-Art-Basin-Single-Round-Sink-5-768x768.webp 768w, https:\/\/www.ceramicbasin.com\/wp-content\/uploads\/2025\/08\/Bathroom-Mount-Hotel-Color-Table-Top-Wash-Basins-Ceramic-Sale-Brown-Matt-Art-Basin-Single-Round-Sink-5-12x12.webp 12w, https:\/\/www.ceramicbasin.com\/wp-content\/uploads\/2025\/08\/Bathroom-Mount-Hotel-Color-Table-Top-Wash-Basins-Ceramic-Sale-Brown-Matt-Art-Basin-Single-Round-Sink-5-285x285.webp 285w, https:\/\/www.ceramicbasin.com\/wp-content\/uploads\/2025\/08\/Bathroom-Mount-Hotel-Color-Table-Top-Wash-Basins-Ceramic-Sale-Brown-Matt-Art-Basin-Single-Round-Sink-5-270x270.webp 270w, https:\/\/www.ceramicbasin.com\/wp-content\/uploads\/2025\/08\/Bathroom-Mount-Hotel-Color-Table-Top-Wash-Basins-Ceramic-Sale-Brown-Matt-Art-Basin-Single-Round-Sink-5-540x540.webp 540w, https:\/\/www.ceramicbasin.com\/wp-content\/uploads\/2025\/08\/Bathroom-Mount-Hotel-Color-Table-Top-Wash-Basins-Ceramic-Sale-Brown-Matt-Art-Basin-Single-Round-Sink-5-660x660.webp 660w\" sizes=\"(max-width: 1024px) 100vw, 1024px\" \/><\/figure>\n<\/div>\n<\/div>\n\n\n\n<p><\/p>","protected":false},"excerpt":{"rendered":"<div class=\"highlights-border-container\" data-v-df95d256=\"\">Kaufen Sie Gro\u00dfhandel Waschbecken Waschbecken direkt von HanYu Fabrik. Unsere Gro\u00dfhandel Keramik Waschbecken sind aus hochwertiger Keramik gefertigt und bei hohen Temperaturen gebrannt. Wir bieten Gro\u00dfhandelsrabatte auf dieses beliebte Design, um die Bed\u00fcrfnisse von kommerziellen Projekten oder gro\u00dfen Wohn-Renovierungen zu erf\u00fcllen.<\/div>\n<table style=\"border-collapse: collapse; width: 311.02pt;\" border=\"0\" width=\"311\" cellspacing=\"0\" cellpadding=\"0\">\n<tbody>\n<tr style=\"height: 17.60pt;\">\n<td class=\"et3\" style=\"height: 17.60pt; width: 108.35pt;\" width=\"108\" height=\"17\">Hersteller<\/td>\n<td class=\"et3\" style=\"width: 202.95pt;\" width=\"202\">HanYu<\/td>\n<\/tr>\n<tr style=\"height: 17.60pt;\">\n<td class=\"et3\" style=\"height: 17.60pt;\" height=\"17\">Modell Nr.<\/td>\n<td class=\"et4\">HY-8002MC<\/td>\n<\/tr>\n<tr style=\"height: 18.00pt;\">\n<td class=\"et3\" style=\"height: 18.00pt;\" height=\"18\">Typ<\/td>\n<td class=\"et5\" style=\"width: 202.95pt;\" width=\"202\">Mattes Waschbecken, Aufsatzbecken<\/td>\n<\/tr>\n<tr style=\"height: 17.60pt;\">\n<td class=\"et3\" style=\"height: 17.60pt;\" height=\"17\">Form<\/td>\n<td class=\"et3\">Runde Form<\/td>\n<\/tr>\n<tr style=\"height: 36.00pt;\">\n<td class=\"et4\" style=\"height: 36.00pt;\" height=\"36\">Farbe<\/td>\n<td class=\"et5\" style=\"width: 202.95pt;\" width=\"202\">Schwarz\/Wei\u00df\/Blau\/Grau\/Rosa\/Gr\u00fcn\/Braun\/Khaki......<\/td>\n<\/tr>\n<tr style=\"height: 18.00pt;\">\n<td class=\"et3\" style=\"height: 18.00pt;\" height=\"18\">Dimension<\/td>\n<td class=\"et5\" style=\"width: 202.95pt;\" width=\"202\">40*40*13<\/td>\n<\/tr>\n<tr style=\"height: 17.60pt;\">\n<td class=\"et3\" style=\"height: 17.60pt;\" height=\"17\">N.W \/SET<\/td>\n<td class=\"et3\">6KGS\/PCS<\/td>\n<\/tr>\n<tr style=\"height: 17.60pt;\">\n<td class=\"et3\" style=\"height: 17.60pt;\" height=\"17\">MOQ<\/td>\n<td class=\"et3\">20St\u00fcck<\/td>\n<\/tr>\n<tr style=\"height: 17.60pt;\">\n<td class=\"et3\" style=\"height: 17.60pt;\" height=\"17\">Benutzerdefinierte Option<\/td>\n<td class=\"et3\">Farbe\/Muster\/Gr\u00f6\u00dfe\/Logo\/Verpackung<\/td>\n<\/tr>\n<\/tbody>\n<\/table>","protected":false},"featured_media":7679,"comment_status":"closed","ping_status":"closed","template":"","meta":{"_acf_changed":false},"product_brand":[],"product_cat":[50,55],"product_tag":[],"class_list":{"0":"post-7675","1":"product","2":"type-product","3":"status-publish","4":"has-post-thumbnail","6":"product_cat-wholesale-countertop-sinks","7":"product_cat-wholesale-matte-sinks","9":"first","10":"instock","11":"shipping-taxable","12":"product-type-simple"},"acf":[],"_links":{"self":[{"href":"https:\/\/www.ceramicbasin.com\/de\/wp-json\/wp\/v2\/product\/7675","targetHints":{"allow":["GET"]}}],"collection":[{"href":"https:\/\/www.ceramicbasin.com\/de\/wp-json\/wp\/v2\/product"}],"about":[{"href":"https:\/\/www.ceramicbasin.com\/de\/wp-json\/wp\/v2\/types\/product"}],"replies":[{"embeddable":true,"href":"https:\/\/www.ceramicbasin.com\/de\/wp-json\/wp\/v2\/comments?post=7675"}],"wp:featuredmedia":[{"embeddable":true,"href":"https:\/\/www.ceramicbasin.com\/de\/wp-json\/wp\/v2\/media\/7679"}],"wp:attachment":[{"href":"https:\/\/www.ceramicbasin.com\/de\/wp-json\/wp\/v2\/media?parent=7675"}],"wp:term":[{"taxonomy":"product_brand","embeddable":true,"href":"https:\/\/www.ceramicbasin.com\/de\/wp-json\/wp\/v2\/product_brand?post=7675"},{"taxonomy":"product_cat","embeddable":true,"href":"https:\/\/www.ceramicbasin.com\/de\/wp-json\/wp\/v2\/product_cat?post=7675"},{"taxonomy":"product_tag","embeddable":true,"href":"https:\/\/www.ceramicbasin.com\/de\/wp-json\/wp\/v2\/product_tag?post=7675"}],"curies":[{"name":"wp","href":"https:\/\/api.w.org\/{rel}","templated":true}]}}