{"id":7722,"date":"2025-09-03T08:38:15","date_gmt":"2025-09-03T08:38:15","guid":{"rendered":"https:\/\/www.ceramicbasin.com\/?post_type=product&#038;p=7722"},"modified":"2025-09-04T09:32:29","modified_gmt":"2025-09-04T09:32:29","slug":"wholesale-countertop-hand-basin","status":"publish","type":"product","link":"https:\/\/www.ceramicbasin.com\/de\/produkt\/wholesale-countertop-hand-basin\/","title":{"rendered":"Gro\u00dfhandel Countertop Hand Becken, hei\u00dfer Verkauf Badezimmer Waschbecken"},"content":{"rendered":"<div class=\"wp-block-columns is-layout-flex wp-container-core-columns-is-layout-9d6595d7 wp-block-columns-is-layout-flex\">\n<div class=\"wp-block-column is-layout-flow wp-block-column-is-layout-flow\">\n<h2 class=\"wp-block-heading\">Premium Gro\u00dfhandel Countertop Hand Becken Features:<\/h2>\n\n\n\n<ul class=\"wp-block-list\">\n<li><strong>Modernes Design:<\/strong> Unser Handwaschbecken im Gro\u00dfhandel mit traditionellem, rundem Design f\u00fcgt sich durch seine Schlichtheit und Anmut in jedes Badezimmerdekor ein.<\/li>\n\n\n\n<li><strong>Hochwertige Materialien:<\/strong> W\u00e4hlen Sie hochwertige keramische Materialien, bei hoher Temperatur gebrannt, so dass unsere Gro\u00dfhandel Arbeitsplatte Hand Becken ist langlebig, schmutzabweisend und kratzfest. Die glatte Oberfl\u00e4che ist leicht zu reinigen und kann nach langem Gebrauch sch\u00f6n und hell bleiben.<\/li>\n\n\n\n<li><strong>Vielf\u00e4ltig anpassbar:<\/strong> Verschiedene Gr\u00f6\u00dfen und Farben sind f\u00fcr ma\u00dfgeschneiderte Gef\u00e4\u00df Waschbecken in loser Sch\u00fcttung zur Verf\u00fcgung, die auf die Bed\u00fcrfnisse der Badezimmer Dekoration in verschiedenen Stilen anpassen k\u00f6nnen. Ob es sich um ein modernes, minimalistisches oder ein k\u00fcnstlerisch gestaltetes Bad handelt, dieses Waschbecken l\u00e4sst sich perfekt integrieren.<\/li>\n\n\n\n<li><strong>Gro\u00dfhandelspreis: <\/strong>Die Hanyu-Fabrik bietet eine Vielzahl von Badezimmerwaschbecken f\u00fcr den Gro\u00dfhandel an und gew\u00e4hrleistet qualitativ hochwertige Produkte zu wettbewerbsf\u00e4higen Preisen, die Gro\u00dfh\u00e4ndlern, Einzelh\u00e4ndlern und Bauprojekten helfen, Kosten zu sparen und die Gewinnspanne zu erh\u00f6hen.<\/li>\n<\/ul>\n<\/div>\n\n\n\n<div class=\"wp-block-column is-layout-flow wp-block-column-is-layout-flow\">\n<figure class=\"wp-block-image size-full\"><img fetchpriority=\"high\" decoding=\"async\" width=\"655\" height=\"819\" src=\"https:\/\/www.ceramicbasin.com\/wp-content\/uploads\/2025\/09\/hot-sale-wholesale-countertop-hand-basin-white-round-wholesale-bathroom-sink-7.webp\" alt=\"hot-sale-gro\u00dfhandel-ablage-handwaschbecken-wei\u00df-rund-gro\u00dfhandel-bad-waschbecken-7\" class=\"wp-image-7780\" srcset=\"https:\/\/www.ceramicbasin.com\/wp-content\/uploads\/2025\/09\/hot-sale-wholesale-countertop-hand-basin-white-round-wholesale-bathroom-sink-7.webp 655w, https:\/\/www.ceramicbasin.com\/wp-content\/uploads\/2025\/09\/hot-sale-wholesale-countertop-hand-basin-white-round-wholesale-bathroom-sink-7-240x300.webp 240w, https:\/\/www.ceramicbasin.com\/wp-content\/uploads\/2025\/09\/hot-sale-wholesale-countertop-hand-basin-white-round-wholesale-bathroom-sink-7-10x12.webp 10w, https:\/\/www.ceramicbasin.com\/wp-content\/uploads\/2025\/09\/hot-sale-wholesale-countertop-hand-basin-white-round-wholesale-bathroom-sink-7-285x356.webp 285w, https:\/\/www.ceramicbasin.com\/wp-content\/uploads\/2025\/09\/hot-sale-wholesale-countertop-hand-basin-white-round-wholesale-bathroom-sink-7-528x660.webp 528w, https:\/\/www.ceramicbasin.com\/wp-content\/uploads\/2025\/09\/hot-sale-wholesale-countertop-hand-basin-white-round-wholesale-bathroom-sink-7-120x150.webp 120w\" sizes=\"(max-width: 655px) 100vw, 655px\" \/><\/figure>\n<\/div>\n<\/div>","protected":false},"excerpt":{"rendered":"<p>Willkommen in unserem hei\u00dfen Verkauf Gro\u00dfhandel Arbeitsplatte Handbecken zu kaufen. Dieser Gro\u00dfhandel runde Arbeitsplatte Waschbecken mit einer glatten Oberfl\u00e4che. Modernes und platzsparendes Handwaschbecken Design, einfach zu installieren, und perfekt f\u00fcr Haus, Hotel und kommerziellen Einsatz. Unterst\u00fctzung Gro\u00dfauftr\u00e4ge und Anpassung.<\/p>\n<table style=\"border-collapse: collapse; width: 311.02pt;\" border=\"0\" width=\"311\" cellspacing=\"0\" cellpadding=\"0\">\n<tbody>\n<tr style=\"height: 17.60pt;\">\n<td class=\"et3\" style=\"height: 17.60pt; width: 108.35pt;\" width=\"108\" height=\"17\">Hersteller<\/td>\n<td class=\"et3\" style=\"width: 202.95pt;\" width=\"202\">HanYu<\/td>\n<\/tr>\n<tr style=\"height: 17.60pt;\">\n<td class=\"et3\" style=\"height: 17.60pt;\" height=\"17\">Modell Nr.<\/td>\n<td class=\"et4\">HY-3003<\/td>\n<\/tr>\n<tr style=\"height: 17.60pt;\">\n<td class=\"et3\" style=\"height: 17.60pt;\" height=\"17\">Typ<\/td>\n<td class=\"et3\">CounterTop-Becken<\/td>\n<\/tr>\n<tr style=\"height: 17.60pt;\">\n<td class=\"et3\" style=\"height: 17.60pt;\" height=\"17\">Form<\/td>\n<td class=\"et3\">Runde Form<\/td>\n<\/tr>\n<tr style=\"height: 17.60pt;\">\n<td class=\"et4\" style=\"height: 17.60pt;\" height=\"17\">Farbe<\/td>\n<td class=\"et3\">Wei\u00df<\/td>\n<\/tr>\n<tr style=\"height: 18.00pt;\">\n<td class=\"et3\" style=\"height: 18.00pt;\" height=\"18\">Dimension<\/td>\n<td class=\"et5\" style=\"width: 202.95pt;\" width=\"202\">41*41*17<\/td>\n<\/tr>\n<tr style=\"height: 17.60pt;\">\n<td class=\"et3\" style=\"height: 17.60pt;\" height=\"17\">N.W \/SET<\/td>\n<td class=\"et3\">6KG\/PCS<\/td>\n<\/tr>\n<tr style=\"height: 17.60pt;\">\n<td class=\"et3\" style=\"height: 17.60pt;\" height=\"17\">MOQ<\/td>\n<td class=\"et3\">20St\u00fcck<\/td>\n<\/tr>\n<tr style=\"height: 17.60pt;\">\n<td class=\"et3\" style=\"height: 17.60pt;\" height=\"17\">Benutzerdefinierte Option<\/td>\n<td class=\"et3\">Farbe\/Muster\/Gr\u00f6\u00dfe\/Logo\/Verpackung<\/td>\n<\/tr>\n<\/tbody>\n<\/table>\n<p>&nbsp;<\/p>","protected":false},"featured_media":7776,"comment_status":"closed","ping_status":"closed","template":"","meta":{"_acf_changed":false},"product_brand":[],"product_cat":[50],"product_tag":[],"class_list":{"0":"post-7722","1":"product","2":"type-product","3":"status-publish","4":"has-post-thumbnail","6":"product_cat-wholesale-countertop-sinks","8":"first","9":"instock","10":"shipping-taxable","11":"product-type-simple"},"acf":[],"_links":{"self":[{"href":"https:\/\/www.ceramicbasin.com\/de\/wp-json\/wp\/v2\/product\/7722","targetHints":{"allow":["GET"]}}],"collection":[{"href":"https:\/\/www.ceramicbasin.com\/de\/wp-json\/wp\/v2\/product"}],"about":[{"href":"https:\/\/www.ceramicbasin.com\/de\/wp-json\/wp\/v2\/types\/product"}],"replies":[{"embeddable":true,"href":"https:\/\/www.ceramicbasin.com\/de\/wp-json\/wp\/v2\/comments?post=7722"}],"wp:featuredmedia":[{"embeddable":true,"href":"https:\/\/www.ceramicbasin.com\/de\/wp-json\/wp\/v2\/media\/7776"}],"wp:attachment":[{"href":"https:\/\/www.ceramicbasin.com\/de\/wp-json\/wp\/v2\/media?parent=7722"}],"wp:term":[{"taxonomy":"product_brand","embeddable":true,"href":"https:\/\/www.ceramicbasin.com\/de\/wp-json\/wp\/v2\/product_brand?post=7722"},{"taxonomy":"product_cat","embeddable":true,"href":"https:\/\/www.ceramicbasin.com\/de\/wp-json\/wp\/v2\/product_cat?post=7722"},{"taxonomy":"product_tag","embeddable":true,"href":"https:\/\/www.ceramicbasin.com\/de\/wp-json\/wp\/v2\/product_tag?post=7722"}],"curies":[{"name":"wp","href":"https:\/\/api.w.org\/{rel}","templated":true}]}}