{"id":7730,"date":"2025-09-03T09:25:02","date_gmt":"2025-09-03T09:25:02","guid":{"rendered":"https:\/\/www.ceramicbasin.com\/?post_type=product&#038;p=7730"},"modified":"2025-09-04T09:28:07","modified_gmt":"2025-09-04T09:28:07","slug":"wholesale-bathroom-countertop-basin","status":"publish","type":"product","link":"https:\/\/www.ceramicbasin.com\/de\/produkt\/wholesale-bathroom-countertop-basin\/","title":{"rendered":"Gro\u00dfhandel Badezimmer Arbeitsplatte Becken, runde keramische Waschbecken"},"content":{"rendered":"<div class=\"wp-block-columns is-layout-flex wp-container-core-columns-is-layout-9d6595d7 wp-block-columns-is-layout-flex\">\n<div class=\"wp-block-column is-layout-flow wp-block-column-is-layout-flow\">\n<h2 class=\"wp-block-heading\">Premium Gro\u00dfhandel Badezimmer Arbeitsplatte Becken Eigenschaften:<\/h2>\n\n\n\n<ul class=\"wp-block-list\">\n<li><strong>Modernes Design:<\/strong> Dieses Gro\u00dfhandels-Badewasserbecken zeichnet sich durch ein einfaches, modernes Design aus. Das glatte, runde Design kann gut mit verschiedenen Stilen in Badezimmern kombiniert werden und verleiht dem Badezimmer einen modernen Faktor und Hochwertigkeit.<\/li>\n\n\n\n<li><strong>Hochwertige Materialien:<\/strong> Ausgew\u00e4hlte hochwertige Keramik wird unter hohen Temperaturen gebrannt, um die Haltbarkeit des Produkts zu gew\u00e4hrleisten. Au\u00dferdem ist die glatte Oberfl\u00e4che unseres Gro\u00dfhandels-Waschbeckens resistent gegen Schmutz und Kratzer, ist leicht zu reinigen und bleibt lange sch\u00f6n und hell.<\/li>\n\n\n\n<li><strong>Vorgebohrte Wasserhahnl\u00f6cher:<\/strong> Unser Gro\u00dfhandel Badezimmer Arbeitsplatte Waschbecken kommt mit vorgebohrten Wasserhahn L\u00f6cher f\u00fcr eine schnelle und einfache Installation, die die meisten Standard-Wasserh\u00e4hne passen kann. Das einfache Design ist sehr funktional, sch\u00f6n aussehende zur gleichen Zeit, und sichert den Komfort f\u00fcr den Benutzer.<\/li>\n\n\n\n<li><strong>Design des Arbeitsplattenbeckens:<\/strong> Unsere ma\u00dfgefertigten Waschbecken werden direkt ab Werk geliefert, der einfache Einbau erg\u00e4nzt verschiedene Badarbeitsplatten und erh\u00f6ht die r\u00e4umliche Raffinesse.<\/li>\n<\/ul>\n<\/div>\n\n\n\n<div class=\"wp-block-column is-layout-flow wp-block-column-is-layout-flow\">\n<figure class=\"wp-block-image size-full\"><img fetchpriority=\"high\" decoding=\"async\" width=\"655\" height=\"819\" src=\"https:\/\/www.ceramicbasin.com\/wp-content\/uploads\/2025\/09\/modern-wholesale-bathroom-countertop-basin-with-faucet-hole-custom-ceramic-sinks-6.webp\" alt=\"modernes-gro\u00dfhandel-badezimmer-unterbecken-mit-armatur-loch-keramik-waschbecken-6\" class=\"wp-image-7766\" srcset=\"https:\/\/www.ceramicbasin.com\/wp-content\/uploads\/2025\/09\/modern-wholesale-bathroom-countertop-basin-with-faucet-hole-custom-ceramic-sinks-6.webp 655w, https:\/\/www.ceramicbasin.com\/wp-content\/uploads\/2025\/09\/modern-wholesale-bathroom-countertop-basin-with-faucet-hole-custom-ceramic-sinks-6-240x300.webp 240w, https:\/\/www.ceramicbasin.com\/wp-content\/uploads\/2025\/09\/modern-wholesale-bathroom-countertop-basin-with-faucet-hole-custom-ceramic-sinks-6-10x12.webp 10w, https:\/\/www.ceramicbasin.com\/wp-content\/uploads\/2025\/09\/modern-wholesale-bathroom-countertop-basin-with-faucet-hole-custom-ceramic-sinks-6-285x356.webp 285w, https:\/\/www.ceramicbasin.com\/wp-content\/uploads\/2025\/09\/modern-wholesale-bathroom-countertop-basin-with-faucet-hole-custom-ceramic-sinks-6-528x660.webp 528w, https:\/\/www.ceramicbasin.com\/wp-content\/uploads\/2025\/09\/modern-wholesale-bathroom-countertop-basin-with-faucet-hole-custom-ceramic-sinks-6-120x150.webp 120w\" sizes=\"(max-width: 655px) 100vw, 655px\" \/><\/figure>\n<\/div>\n<\/div>","protected":false},"excerpt":{"rendered":"<p>Willkommen im Gro\u00dfhandel Bad Arbeitsplatte Waschbecken zu kaufen. Hanyus Arbeitsplatte Bad Waschbecken Gro\u00dfhandel mit vorgebohrten Wasserhahn L\u00f6cher, so dass es viel einfacher zu installieren und weitgehend kompatibel mit verwandten Armaturen. Durch die Art und Weise der Fabrik direkt Gro\u00dfhandel, ist es langlebig und leicht zu reinigen.<\/p>\n<table style=\"border-collapse: collapse; width: 311.02pt;\" border=\"0\" width=\"311\" cellspacing=\"0\" cellpadding=\"0\">\n<tbody>\n<tr style=\"height: 17.60pt;\">\n<td class=\"et3\" style=\"height: 17.60pt; width: 108.35pt;\" width=\"108\" height=\"17\">Hersteller<\/td>\n<td class=\"et3\" style=\"width: 202.95pt;\" width=\"202\">HanYu<\/td>\n<\/tr>\n<tr style=\"height: 17.60pt;\">\n<td class=\"et3\" style=\"height: 17.60pt;\" height=\"17\">Modell Nr.<\/td>\n<td class=\"et4\">HY-8127<\/td>\n<\/tr>\n<tr style=\"height: 17.60pt;\">\n<td class=\"et3\" style=\"height: 17.60pt;\" height=\"17\">Typ<\/td>\n<td class=\"et3\">CounterTop-Becken<\/td>\n<\/tr>\n<tr style=\"height: 17.60pt;\">\n<td class=\"et3\" style=\"height: 17.60pt;\" height=\"17\">Form<\/td>\n<td class=\"et3\">Rund<\/td>\n<\/tr>\n<tr style=\"height: 17.60pt;\">\n<td class=\"et4\" style=\"height: 17.60pt;\" height=\"17\">Farbe<\/td>\n<td class=\"et3\">Wei\u00df<\/td>\n<\/tr>\n<tr style=\"height: 18.00pt;\">\n<td class=\"et3\" style=\"height: 18.00pt;\" height=\"18\">Dimension<\/td>\n<td class=\"et5\" style=\"width: 202.95pt;\" width=\"202\">40.5*40.5*13<\/td>\n<\/tr>\n<tr style=\"height: 17.60pt;\">\n<td class=\"et3\" style=\"height: 17.60pt;\" height=\"17\">N.W \/SET<\/td>\n<td class=\"et3\">8KG\/PCS<\/td>\n<\/tr>\n<tr style=\"height: 17.60pt;\">\n<td class=\"et3\" style=\"height: 17.60pt;\" height=\"17\">MOQ<\/td>\n<td class=\"et3\">20St\u00fcck<\/td>\n<\/tr>\n<tr style=\"height: 17.60pt;\">\n<td class=\"et3\" style=\"height: 17.60pt;\" height=\"17\">Benutzerdefinierte Option<\/td>\n<td class=\"et3\">Farbe\/Muster\/Gr\u00f6\u00dfe\/Logo\/Verpackung<\/td>\n<\/tr>\n<\/tbody>\n<\/table>\n<p>&nbsp;<\/p>","protected":false},"featured_media":7761,"comment_status":"closed","ping_status":"closed","template":"","meta":{"_acf_changed":false},"product_brand":[],"product_cat":[50],"product_tag":[],"class_list":{"0":"post-7730","1":"product","2":"type-product","3":"status-publish","4":"has-post-thumbnail","6":"product_cat-wholesale-countertop-sinks","8":"first","9":"instock","10":"shipping-taxable","11":"product-type-simple"},"acf":[],"_links":{"self":[{"href":"https:\/\/www.ceramicbasin.com\/de\/wp-json\/wp\/v2\/product\/7730","targetHints":{"allow":["GET"]}}],"collection":[{"href":"https:\/\/www.ceramicbasin.com\/de\/wp-json\/wp\/v2\/product"}],"about":[{"href":"https:\/\/www.ceramicbasin.com\/de\/wp-json\/wp\/v2\/types\/product"}],"replies":[{"embeddable":true,"href":"https:\/\/www.ceramicbasin.com\/de\/wp-json\/wp\/v2\/comments?post=7730"}],"wp:featuredmedia":[{"embeddable":true,"href":"https:\/\/www.ceramicbasin.com\/de\/wp-json\/wp\/v2\/media\/7761"}],"wp:attachment":[{"href":"https:\/\/www.ceramicbasin.com\/de\/wp-json\/wp\/v2\/media?parent=7730"}],"wp:term":[{"taxonomy":"product_brand","embeddable":true,"href":"https:\/\/www.ceramicbasin.com\/de\/wp-json\/wp\/v2\/product_brand?post=7730"},{"taxonomy":"product_cat","embeddable":true,"href":"https:\/\/www.ceramicbasin.com\/de\/wp-json\/wp\/v2\/product_cat?post=7730"},{"taxonomy":"product_tag","embeddable":true,"href":"https:\/\/www.ceramicbasin.com\/de\/wp-json\/wp\/v2\/product_tag?post=7730"}],"curies":[{"name":"wp","href":"https:\/\/api.w.org\/{rel}","templated":true}]}}