{"id":7740,"date":"2025-09-03T09:44:09","date_gmt":"2025-09-03T09:44:09","guid":{"rendered":"https:\/\/www.ceramicbasin.com\/?post_type=product&#038;p=7740"},"modified":"2025-09-04T07:44:01","modified_gmt":"2025-09-04T07:44:01","slug":"wholesale-round-lavatory-sinks","status":"publish","type":"product","link":"https:\/\/www.ceramicbasin.com\/de\/produkt\/wholesale-round-lavatory-sinks\/","title":{"rendered":"Gro\u00dfhandel Runde Waschbecken, benutzerdefinierte Keramik-Arbeitsplatte Waschbecken"},"content":{"rendered":"<div class=\"wp-block-columns is-layout-flex wp-container-core-columns-is-layout-9d6595d7 wp-block-columns-is-layout-flex\">\n<div class=\"wp-block-column is-layout-flow wp-block-column-is-layout-flow\">\n<h2 class=\"wp-block-heading\">Premium-Gro\u00dfhandel Runde Lavatory Sinks Merkmale:<\/h2>\n\n\n\n<ul class=\"wp-block-list\">\n<li><strong>Einfaches und elegantes Design: <\/strong>Unsere ma\u00dfgefertigten Keramikwaschbecken haben einfache Linien und elegante Formen. Exquisit im Aussehen, k\u00f6nnte es sicherlich in den minimalistischen Design-Stil eines modernen Bades Raum passen. In der Zwischenzeit zeigen sie Ihren hohen Geschmack und k\u00f6nnen dem ganzen Raum Raffinesse verleihen.<\/li>\n\n\n\n<li><strong>Ausf\u00fchrung der Wasserhahn\u00f6ffnung: <\/strong>Alle runden Waschbecken im Gro\u00dfhandel haben Wasserhahnl\u00f6cher. Unter dieser vern\u00fcnftigen Design, zum Zeitpunkt der Installation, Wasserh\u00e4hne k\u00f6nnen direkt von den Nutzern ohne zus\u00e4tzliche Bohrungen angepasst werden, die die Bequemlichkeit und Effizienz der Installation zu erh\u00f6hen und die Anforderungen der verschiedenen Bad-Arbeitsplatten erf\u00fcllen w\u00fcrde.<\/li>\n\n\n\n<li><strong>Hochwertiges keramisches Material: <\/strong>Unsere ma\u00dfgefertigten keramischen Waschbecken werden aus hochwertigen keramischen Materialien hergestellt, die eine glatte und empfindliche Oberfl\u00e4che haben und sehr verschlei\u00df- und schmutzresistent sind. Auch nach sehr langer Nutzung bleiben sie unversehrt und sind im Alltag sehr leicht sauber zu halten.<\/li>\n\n\n\n<li><strong>Verschiedene Gr\u00f6\u00dfen, Farben und Stile:<\/strong> Diese runden Waschbecken aus dem Gro\u00dfhandel k\u00f6nnen in einer anpassbaren Form angeboten werden, die den Anforderungen verschiedener Projekte entspricht. Ob es sich um Wohndekoration oder kommerzielle Projekte handelt, sie k\u00f6nnen sich leicht an verschiedene Badezimmerstile anpassen.<\/li>\n<\/ul>\n<\/div>\n\n\n\n<div class=\"wp-block-column is-layout-flow wp-block-column-is-layout-flow\">\n<figure class=\"wp-block-image size-full\"><img fetchpriority=\"high\" decoding=\"async\" width=\"683\" height=\"889\" src=\"https:\/\/www.ceramicbasin.com\/wp-content\/uploads\/2025\/09\/wholesale-round-lavatory-sinks-custom-ceramic-countertop-basin-6.webp\" alt=\"gro\u00dfhandel-runde-waschbecken-kunden-keramik-aufsatzbecken-6\" class=\"wp-image-7774\" srcset=\"https:\/\/www.ceramicbasin.com\/wp-content\/uploads\/2025\/09\/wholesale-round-lavatory-sinks-custom-ceramic-countertop-basin-6.webp 683w, https:\/\/www.ceramicbasin.com\/wp-content\/uploads\/2025\/09\/wholesale-round-lavatory-sinks-custom-ceramic-countertop-basin-6-230x300.webp 230w, https:\/\/www.ceramicbasin.com\/wp-content\/uploads\/2025\/09\/wholesale-round-lavatory-sinks-custom-ceramic-countertop-basin-6-9x12.webp 9w, https:\/\/www.ceramicbasin.com\/wp-content\/uploads\/2025\/09\/wholesale-round-lavatory-sinks-custom-ceramic-countertop-basin-6-285x371.webp 285w, https:\/\/www.ceramicbasin.com\/wp-content\/uploads\/2025\/09\/wholesale-round-lavatory-sinks-custom-ceramic-countertop-basin-6-507x660.webp 507w, https:\/\/www.ceramicbasin.com\/wp-content\/uploads\/2025\/09\/wholesale-round-lavatory-sinks-custom-ceramic-countertop-basin-6-115x150.webp 115w\" sizes=\"(max-width: 683px) 100vw, 683px\" \/><\/figure>\n<\/div>\n<\/div>","protected":false},"excerpt":{"rendered":"<p>Willkommen zu erkundigen \u00fcber Hanyu Gro\u00dfhandel runde Waschbecken. Unsere benutzerdefinierten Keramik-Arbeitsplatte Waschbecken mit einem Wasserhahn Loch, einfache und elegante Design, passen eine Vielzahl von modernen Bad Dekoration Stile, und sind glatt ausgekleidet. Die hochwertigen keramischen Materialien in diesem Produkt verwendet haben gro\u00dfe Haltbarkeit und sind leicht zu reinigen.<\/p>\n<table style=\"border-collapse: collapse; width: 358.52pt;\" border=\"0\" width=\"478\" cellspacing=\"0\" cellpadding=\"0\">\n<tbody>\n<tr style=\"height: 17.25pt;\">\n<td class=\"et3\" style=\"height: 17.25pt; width: 125.00pt;\" width=\"166\" height=\"23\">Hersteller<\/td>\n<td class=\"et3\" style=\"width: 234.15pt;\" width=\"312\">HanYu<\/td>\n<\/tr>\n<tr style=\"height: 17.25pt;\">\n<td class=\"et3\" style=\"height: 17.25pt;\" height=\"23\">Modell Nr.<\/td>\n<td class=\"et4\">HY-8004<\/td>\n<\/tr>\n<tr style=\"height: 17.25pt;\">\n<td class=\"et3\" style=\"height: 17.25pt;\" height=\"23\">Typ<\/td>\n<td class=\"et5\" style=\"width: 234.15pt;\" width=\"312\">Aufsatzwaschbecken<\/td>\n<\/tr>\n<tr style=\"height: 18.00pt;\">\n<td class=\"et3\" style=\"height: 18.00pt;\" height=\"24\">Form<\/td>\n<td class=\"et3\">Runde Form<\/td>\n<\/tr>\n<tr style=\"height: 34.50pt;\">\n<td class=\"et4\" style=\"height: 34.50pt;\" height=\"46\">Farbe<\/td>\n<td class=\"et5\" style=\"width: 234.15pt;\" width=\"312\">schwarz\/wei\u00df\/blau\/grau\/rosa\/gr\u00fcn\/braun\/khaki<\/td>\n<\/tr>\n<tr style=\"height: 18.00pt;\">\n<td class=\"et3\" style=\"height: 18.00pt;\" height=\"24\">Dimension<\/td>\n<td class=\"et5\" style=\"width: 234.15pt;\" width=\"312\">44*44*12<\/td>\n<\/tr>\n<tr style=\"height: 17.25pt;\">\n<td class=\"et3\" style=\"height: 17.25pt;\" height=\"23\">N.W \/SET<\/td>\n<td class=\"et3\">10KGS\/PCS<\/td>\n<\/tr>\n<tr style=\"height: 17.25pt;\">\n<td class=\"et3\" style=\"height: 17.25pt;\" height=\"23\">MOQ<\/td>\n<td class=\"et3\">20St\u00fcck<\/td>\n<\/tr>\n<tr style=\"height: 17.25pt;\">\n<td class=\"et3\" style=\"height: 17.25pt;\" height=\"23\">Benutzerdefinierte Option<\/td>\n<td class=\"et3\">Farbe\/Muster\/Gr\u00f6\u00dfe\/Logo\/Verpackung<\/td>\n<\/tr>\n<\/tbody>\n<\/table>","protected":false},"featured_media":7769,"comment_status":"closed","ping_status":"closed","template":"","meta":{"_acf_changed":false},"product_brand":[],"product_cat":[50],"product_tag":[],"class_list":{"0":"post-7740","1":"product","2":"type-product","3":"status-publish","4":"has-post-thumbnail","6":"product_cat-wholesale-countertop-sinks","8":"first","9":"instock","10":"shipping-taxable","11":"product-type-simple"},"acf":[],"_links":{"self":[{"href":"https:\/\/www.ceramicbasin.com\/de\/wp-json\/wp\/v2\/product\/7740","targetHints":{"allow":["GET"]}}],"collection":[{"href":"https:\/\/www.ceramicbasin.com\/de\/wp-json\/wp\/v2\/product"}],"about":[{"href":"https:\/\/www.ceramicbasin.com\/de\/wp-json\/wp\/v2\/types\/product"}],"replies":[{"embeddable":true,"href":"https:\/\/www.ceramicbasin.com\/de\/wp-json\/wp\/v2\/comments?post=7740"}],"wp:featuredmedia":[{"embeddable":true,"href":"https:\/\/www.ceramicbasin.com\/de\/wp-json\/wp\/v2\/media\/7769"}],"wp:attachment":[{"href":"https:\/\/www.ceramicbasin.com\/de\/wp-json\/wp\/v2\/media?parent=7740"}],"wp:term":[{"taxonomy":"product_brand","embeddable":true,"href":"https:\/\/www.ceramicbasin.com\/de\/wp-json\/wp\/v2\/product_brand?post=7740"},{"taxonomy":"product_cat","embeddable":true,"href":"https:\/\/www.ceramicbasin.com\/de\/wp-json\/wp\/v2\/product_cat?post=7740"},{"taxonomy":"product_tag","embeddable":true,"href":"https:\/\/www.ceramicbasin.com\/de\/wp-json\/wp\/v2\/product_tag?post=7740"}],"curies":[{"name":"wp","href":"https:\/\/api.w.org\/{rel}","templated":true}]}}