{"id":7749,"date":"2025-09-03T09:49:25","date_gmt":"2025-09-03T09:49:25","guid":{"rendered":"https:\/\/www.ceramicbasin.com\/?post_type=product&#038;p=7749"},"modified":"2025-09-04T09:19:00","modified_gmt":"2025-09-04T09:19:00","slug":"custom-countertop-hand-basin","status":"publish","type":"product","link":"https:\/\/www.ceramicbasin.com\/de\/produkt\/custom-countertop-hand-basin\/","title":{"rendered":"Hot-Selling Custom Countertop Hand Becken Bulk Gro\u00dfhandel"},"content":{"rendered":"<div class=\"wp-block-columns is-layout-flex wp-container-core-columns-is-layout-9d6595d7 wp-block-columns-is-layout-flex\">\n<div class=\"wp-block-column is-layout-flow wp-block-column-is-layout-flow\">\n<h2 class=\"wp-block-heading\">Premium Custom Countertop Handwaschbecken Merkmale:<\/h2>\n\n\n\n<ul class=\"wp-block-list\">\n<li><strong>Meistverkaufter Stil:<\/strong> Das benutzerdefinierte Handwaschbecken in Vintage-Schalenform mit einer markanten Silhouette, die jedem Badezimmer k\u00fcnstlerisches Flair und Pers\u00f6nlichkeit verleiht.<\/li>\n\n\n\n<li><strong>Premium-Keramik: <\/strong>Das ma\u00dfgefertigte Handwaschbecken ist aus hochwertiger Keramik mit einer glatten, dichten Oberfl\u00e4che gefertigt, die kratz- und verschlei\u00dffest ist und sich m\u00fchelos reinigen l\u00e4sst.<\/li>\n\n\n\n<li><strong>Anpassungsdienste: <\/strong>Diese Keramiksp\u00fclen f\u00fcr den Gro\u00dfhandel passen sich in ihren Abmessungen, Farben, Glasuren und Mustern an verschiedene r\u00e4umliche \u00c4sthetiken und funktionale Bed\u00fcrfnisse an und lassen sich leicht in verschiedene Dekorationsentw\u00fcrfe integrieren.<\/li>\n\n\n\n<li><strong>Einfache Installation:<\/strong> Diese Gro\u00dfhandels-Keramiksp\u00fclen sind f\u00fcr die Montage \u00fcber der Theke konzipiert; unsere Porzellan-Gro\u00dfhandels-Arbeitsplattenbecken erm\u00f6glichen eine problemlose Installation, sei es bei einem Neubau oder einer Badrenovierung.<\/li>\n<\/ul>\n<\/div>\n\n\n\n<div class=\"wp-block-column is-layout-flow wp-block-column-is-layout-flow\">\n<figure class=\"wp-block-image size-full\"><img fetchpriority=\"high\" decoding=\"async\" width=\"591\" height=\"765\" src=\"https:\/\/www.ceramicbasin.com\/wp-content\/uploads\/2025\/09\/Counter-Top-Wholesale-sink-6.webp\" alt=\"hot-selling-abgehobenes-handwaschbecken-antik-schalenform-design-keramiksp\u00fcle-gro\u00dfhandel-6\" class=\"wp-image-7750\" srcset=\"https:\/\/www.ceramicbasin.com\/wp-content\/uploads\/2025\/09\/Counter-Top-Wholesale-sink-6.webp 591w, https:\/\/www.ceramicbasin.com\/wp-content\/uploads\/2025\/09\/Counter-Top-Wholesale-sink-6-232x300.webp 232w, https:\/\/www.ceramicbasin.com\/wp-content\/uploads\/2025\/09\/Counter-Top-Wholesale-sink-6-9x12.webp 9w, https:\/\/www.ceramicbasin.com\/wp-content\/uploads\/2025\/09\/Counter-Top-Wholesale-sink-6-285x369.webp 285w, https:\/\/www.ceramicbasin.com\/wp-content\/uploads\/2025\/09\/Counter-Top-Wholesale-sink-6-510x660.webp 510w, https:\/\/www.ceramicbasin.com\/wp-content\/uploads\/2025\/09\/Counter-Top-Wholesale-sink-6-116x150.webp 116w\" sizes=\"(max-width: 591px) 100vw, 591px\" \/><\/figure>\n<\/div>\n<\/div>","protected":false},"excerpt":{"rendered":"<p>Willkommen zum Kauf der benutzerdefinierten Aufsatz Handbecken. Unsere Gro\u00dfhandel Aufsatzwaschbecken sind Fabrik-direkt verkauft, Umgehung Zwischenh\u00e4ndler f\u00fcr die meisten \u00fcberlegenen Waschbecken zu den niedrigsten Kosten. Unsere vielf\u00e4ltige Auswahl umfasst eine Vielzahl von Stilen, Gr\u00f6\u00dfen und Farben, die zu jedem Design im Badezimmer passen werden. Wirklich einfach auf der Theke zu installieren, aus hochwertigem Keramik langlebig, glatte Oberfl\u00e4che, resistent gegen Flecken und Kratzer gemacht.<\/p>\n<table style=\"border-collapse: collapse; width: 358.52pt;\" border=\"0\" width=\"478\" cellspacing=\"0\" cellpadding=\"0\">\n<tbody>\n<tr style=\"height: 17.25pt;\">\n<td class=\"et3\" style=\"height: 17.25pt; width: 125.00pt;\" width=\"166\" height=\"23\">Hersteller<\/td>\n<td class=\"et3\" style=\"width: 234.15pt;\" width=\"312\">HanYu<\/td>\n<\/tr>\n<tr style=\"height: 17.25pt;\">\n<td class=\"et3\" style=\"height: 17.25pt;\" height=\"23\">Modell Nr.\u00a0<\/td>\n<td class=\"et4\">HY-8008<\/td>\n<\/tr>\n<tr style=\"height: 17.25pt;\">\n<td class=\"et3\" style=\"height: 17.25pt;\" height=\"23\">Typ<\/td>\n<td class=\"et5\" style=\"width: 234.15pt;\" width=\"312\">Aufsatzwaschbecken<\/td>\n<\/tr>\n<tr style=\"height: 18.00pt;\">\n<td class=\"et3\" style=\"height: 18.00pt;\" height=\"24\">Form<\/td>\n<td class=\"et3\">Runde Form<\/td>\n<\/tr>\n<tr style=\"height: 34.50pt;\">\n<td class=\"et4\" style=\"height: 34.50pt;\" height=\"46\">Farbe<\/td>\n<td class=\"et5\" style=\"width: 234.15pt;\" width=\"312\">schwarz\/wei\u00df\/blau\/grau\/rosa\/gr\u00fcn\/braun\/khaki<\/td>\n<\/tr>\n<tr style=\"height: 18.00pt;\">\n<td class=\"et3\" style=\"height: 18.00pt;\" height=\"24\">Dimension<\/td>\n<td class=\"et5\" style=\"width: 234.15pt;\" width=\"312\">38.5*38.5*10.5<\/td>\n<\/tr>\n<tr style=\"height: 17.25pt;\">\n<td class=\"et3\" style=\"height: 17.25pt;\" height=\"23\">N.W \/SET<\/td>\n<td class=\"et3\">12KGS\/PCS<\/td>\n<\/tr>\n<tr style=\"height: 17.25pt;\">\n<td class=\"et3\" style=\"height: 17.25pt;\" height=\"23\">MOQ<\/td>\n<td class=\"et3\">20St\u00fcck<\/td>\n<\/tr>\n<tr style=\"height: 17.25pt;\">\n<td class=\"et3\" style=\"height: 17.25pt;\" height=\"23\">Benutzerdefinierte Option<\/td>\n<td class=\"et3\">Farbe\/Muster\/Gr\u00f6\u00dfe\/Logo\/Verpackung<\/td>\n<\/tr>\n<\/tbody>\n<\/table>","protected":false},"featured_media":7751,"comment_status":"closed","ping_status":"closed","template":"","meta":{"_acf_changed":false},"product_brand":[],"product_cat":[50],"product_tag":[],"class_list":{"0":"post-7749","1":"product","2":"type-product","3":"status-publish","4":"has-post-thumbnail","6":"product_cat-wholesale-countertop-sinks","8":"first","9":"instock","10":"shipping-taxable","11":"product-type-simple"},"acf":[],"_links":{"self":[{"href":"https:\/\/www.ceramicbasin.com\/de\/wp-json\/wp\/v2\/product\/7749","targetHints":{"allow":["GET"]}}],"collection":[{"href":"https:\/\/www.ceramicbasin.com\/de\/wp-json\/wp\/v2\/product"}],"about":[{"href":"https:\/\/www.ceramicbasin.com\/de\/wp-json\/wp\/v2\/types\/product"}],"replies":[{"embeddable":true,"href":"https:\/\/www.ceramicbasin.com\/de\/wp-json\/wp\/v2\/comments?post=7749"}],"wp:featuredmedia":[{"embeddable":true,"href":"https:\/\/www.ceramicbasin.com\/de\/wp-json\/wp\/v2\/media\/7751"}],"wp:attachment":[{"href":"https:\/\/www.ceramicbasin.com\/de\/wp-json\/wp\/v2\/media?parent=7749"}],"wp:term":[{"taxonomy":"product_brand","embeddable":true,"href":"https:\/\/www.ceramicbasin.com\/de\/wp-json\/wp\/v2\/product_brand?post=7749"},{"taxonomy":"product_cat","embeddable":true,"href":"https:\/\/www.ceramicbasin.com\/de\/wp-json\/wp\/v2\/product_cat?post=7749"},{"taxonomy":"product_tag","embeddable":true,"href":"https:\/\/www.ceramicbasin.com\/de\/wp-json\/wp\/v2\/product_tag?post=7749"}],"curies":[{"name":"wp","href":"https:\/\/api.w.org\/{rel}","templated":true}]}}