{"id":7782,"date":"2025-09-09T06:45:47","date_gmt":"2025-09-09T06:45:47","guid":{"rendered":"https:\/\/www.ceramicbasin.com\/?post_type=product&#038;p=7782"},"modified":"2025-09-26T06:25:44","modified_gmt":"2025-09-26T06:25:44","slug":"wholesale-basins","status":"publish","type":"product","link":"https:\/\/www.ceramicbasin.com\/de\/produkt\/wholesale-basins\/","title":{"rendered":"Fabrik Gro\u00dfhandel Waschbecken, gr\u00fcn matt glasiert Badezimmer Waschbecken"},"content":{"rendered":"<div class=\"wp-block-columns is-layout-flex wp-container-core-columns-is-layout-9d6595d7 wp-block-columns-is-layout-flex\">\n<div class=\"wp-block-column is-layout-flow wp-block-column-is-layout-flow\">\n<h2 class=\"wp-block-heading\">Premium Gro\u00dfhandel Becken Merkmale:<\/h2>\n\n\n\n<ul class=\"wp-block-list\">\n<li><strong>Dunkelgr\u00fcne, matte Glasur:<\/strong> Diese Gro\u00dfhandelswaschbecken zeichnen sich durch eine unverwechselbare dunkelgr\u00fcne Glasur aus, die ein nat\u00fcrliches, beruhigendes Ambiente schafft und sich ideal f\u00fcr fast alle modernen, minimalistischen und nat\u00fcrlichen B\u00e4der eignet.<\/li>\n\n\n\n<li><strong>Langlebig und wartungsarm:<\/strong> Unsere matten Gro\u00dfhandels-Badewannen sind kratzfest und pflegeleicht, verbergen Fingerabdr\u00fccke und Wasserflecken und sorgen f\u00fcr ein urspr\u00fcngliches Aussehen der Oberfl\u00e4che.<\/li>\n\n\n\n<li><strong>Klassische runde Form:<\/strong> Diese schlichten, sauberen, runden Gro\u00dfhandelsbecken haben sanft abgerundete Linien und bereichern jeden Badezimmerbereich mit einem einzigartigen k\u00fcnstlerischen Element.<\/li>\n\n\n\n<li><strong>Schnelle Lieferung und erschwingliche Preise:<\/strong> Wir bieten eine schnelle Lieferung f\u00fcr unsere Badezimmerwaschbecken im Gro\u00dfhandel und erschwingliche Preise, die unseren Kunden helfen, die Beschaffungskosten zu senken und gesch\u00e4ftliche Effizienz zu erreichen.<\/li>\n<\/ul>\n<\/div>\n\n\n\n<div class=\"wp-block-column is-layout-flow wp-block-column-is-layout-flow\">\n<figure class=\"wp-block-image size-full\"><img fetchpriority=\"high\" decoding=\"async\" width=\"800\" height=\"800\" src=\"https:\/\/www.ceramicbasin.com\/wp-content\/uploads\/2025\/09\/round-counter-top-basin\uff0cmatt-green-basin\uff0ccountertop-sinks6.webp\" alt=\"\" class=\"wp-image-7788\" srcset=\"https:\/\/www.ceramicbasin.com\/wp-content\/uploads\/2025\/09\/round-counter-top-basin\uff0cmatt-green-basin\uff0ccountertop-sinks6.webp 800w, https:\/\/www.ceramicbasin.com\/wp-content\/uploads\/2025\/09\/round-counter-top-basin\uff0cmatt-green-basin\uff0ccountertop-sinks6-300x300.webp 300w, https:\/\/www.ceramicbasin.com\/wp-content\/uploads\/2025\/09\/round-counter-top-basin\uff0cmatt-green-basin\uff0ccountertop-sinks6-150x150.webp 150w, https:\/\/www.ceramicbasin.com\/wp-content\/uploads\/2025\/09\/round-counter-top-basin\uff0cmatt-green-basin\uff0ccountertop-sinks6-768x768.webp 768w, https:\/\/www.ceramicbasin.com\/wp-content\/uploads\/2025\/09\/round-counter-top-basin\uff0cmatt-green-basin\uff0ccountertop-sinks6-12x12.webp 12w, https:\/\/www.ceramicbasin.com\/wp-content\/uploads\/2025\/09\/round-counter-top-basin\uff0cmatt-green-basin\uff0ccountertop-sinks6-285x285.webp 285w, https:\/\/www.ceramicbasin.com\/wp-content\/uploads\/2025\/09\/round-counter-top-basin\uff0cmatt-green-basin\uff0ccountertop-sinks6-270x270.webp 270w, https:\/\/www.ceramicbasin.com\/wp-content\/uploads\/2025\/09\/round-counter-top-basin\uff0cmatt-green-basin\uff0ccountertop-sinks6-540x540.webp 540w, https:\/\/www.ceramicbasin.com\/wp-content\/uploads\/2025\/09\/round-counter-top-basin\uff0cmatt-green-basin\uff0ccountertop-sinks6-660x660.webp 660w\" sizes=\"(max-width: 800px) 100vw, 800px\" \/><\/figure>\n<\/div>\n<\/div>","protected":false},"excerpt":{"rendered":"<p>Willkommen in der Fabrik Gro\u00dfhandel Waschbecken zu kaufen. Dieses dunkelgr\u00fcne, matt glasierte Waschbecken hat ein klassisches rundes Design. Die matte Oberfl\u00e4che und die dunkelgr\u00fcne Glasur machen es sowohl zu einem dekorativen als auch zu einem funktionalen Design, perfekt f\u00fcr jedes moderne Badezimmer.<\/p>\n<table style=\"border-collapse: collapse; width: 311.02pt;\" border=\"0\" width=\"311\" cellspacing=\"0\" cellpadding=\"0\">\n<tbody>\n<tr style=\"height: 17.60pt;\">\n<td class=\"et3\" style=\"height: 17.60pt; width: 108.35pt;\" width=\"108\" height=\"17\">Hersteller<\/td>\n<td class=\"et3\" style=\"width: 202.95pt;\" width=\"202\">HanYu<\/td>\n<\/tr>\n<tr style=\"height: 17.60pt;\">\n<td class=\"et3\" style=\"height: 17.60pt;\" height=\"17\">Modell Nr.<\/td>\n<td class=\"et4\">HY-8070AYL3<\/td>\n<\/tr>\n<tr style=\"height: 17.60pt;\">\n<td class=\"et3\" style=\"height: 17.60pt;\" height=\"17\">Typ<\/td>\n<td class=\"et3\">CounterTop-Becken<\/td>\n<\/tr>\n<tr style=\"height: 17.60pt;\">\n<td class=\"et3\" style=\"height: 17.60pt;\" height=\"17\">Form<\/td>\n<td class=\"et3\">Runde Form<\/td>\n<\/tr>\n<tr style=\"height: 17.60pt;\">\n<td class=\"et4\" style=\"height: 17.60pt;\" height=\"17\">Farbe<\/td>\n<td class=\"et3\">Blau<\/td>\n<\/tr>\n<tr style=\"height: 18.00pt;\">\n<td class=\"et3\" style=\"height: 18.00pt;\" height=\"18\">Dimension\u00a0<\/td>\n<td class=\"et5\" style=\"width: 202.95pt;\" width=\"202\">40*40*13<\/td>\n<\/tr>\n<tr style=\"height: 17.60pt;\">\n<td class=\"et3\" style=\"height: 17.60pt;\" height=\"17\">N.W \/SET<\/td>\n<td class=\"et3\">10KGS\/PCS<\/td>\n<\/tr>\n<tr style=\"height: 17.60pt;\">\n<td class=\"et3\" style=\"height: 17.60pt;\" height=\"17\">MOQ<\/td>\n<td class=\"et3\">20St\u00fcck<\/td>\n<\/tr>\n<tr style=\"height: 17.60pt;\">\n<td class=\"et3\" style=\"height: 17.60pt;\" height=\"17\">Benutzerdefinierte Option<\/td>\n<td class=\"et3\">Farbe\/Muster\/Gr\u00f6\u00dfe\/Logo\/Verpackung-<\/td>\n<\/tr>\n<\/tbody>\n<\/table>","protected":false},"featured_media":7783,"comment_status":"closed","ping_status":"closed","template":"","meta":{"_acf_changed":false},"product_brand":[],"product_cat":[50,55],"product_tag":[],"class_list":{"0":"post-7782","1":"product","2":"type-product","3":"status-publish","4":"has-post-thumbnail","6":"product_cat-wholesale-countertop-sinks","7":"product_cat-wholesale-matte-sinks","9":"first","10":"instock","11":"shipping-taxable","12":"product-type-simple"},"acf":[],"_links":{"self":[{"href":"https:\/\/www.ceramicbasin.com\/de\/wp-json\/wp\/v2\/product\/7782","targetHints":{"allow":["GET"]}}],"collection":[{"href":"https:\/\/www.ceramicbasin.com\/de\/wp-json\/wp\/v2\/product"}],"about":[{"href":"https:\/\/www.ceramicbasin.com\/de\/wp-json\/wp\/v2\/types\/product"}],"replies":[{"embeddable":true,"href":"https:\/\/www.ceramicbasin.com\/de\/wp-json\/wp\/v2\/comments?post=7782"}],"wp:featuredmedia":[{"embeddable":true,"href":"https:\/\/www.ceramicbasin.com\/de\/wp-json\/wp\/v2\/media\/7783"}],"wp:attachment":[{"href":"https:\/\/www.ceramicbasin.com\/de\/wp-json\/wp\/v2\/media?parent=7782"}],"wp:term":[{"taxonomy":"product_brand","embeddable":true,"href":"https:\/\/www.ceramicbasin.com\/de\/wp-json\/wp\/v2\/product_brand?post=7782"},{"taxonomy":"product_cat","embeddable":true,"href":"https:\/\/www.ceramicbasin.com\/de\/wp-json\/wp\/v2\/product_cat?post=7782"},{"taxonomy":"product_tag","embeddable":true,"href":"https:\/\/www.ceramicbasin.com\/de\/wp-json\/wp\/v2\/product_tag?post=7782"}],"curies":[{"name":"wp","href":"https:\/\/api.w.org\/{rel}","templated":true}]}}