{"id":7852,"date":"2025-09-18T09:32:31","date_gmt":"2025-09-18T09:32:31","guid":{"rendered":"https:\/\/www.ceramicbasin.com\/?post_type=product&#038;p=7852"},"modified":"2025-09-18T09:35:16","modified_gmt":"2025-09-18T09:35:16","slug":"wholesale-unique-bathroom-sinks","status":"publish","type":"product","link":"https:\/\/www.ceramicbasin.com\/de\/produkt\/wholesale-unique-bathroom-sinks\/","title":{"rendered":"Gro\u00dfhandel Einzigartige Badezimmer Waschbecken, benutzerdefinierte Marmor Kunst Waschbecken"},"content":{"rendered":"<div class=\"wp-block-columns is-layout-flex wp-container-core-columns-is-layout-9d6595d7 wp-block-columns-is-layout-flex\">\n<div class=\"wp-block-column is-layout-flow wp-block-column-is-layout-flow\">\n<h2 class=\"wp-block-heading\">Premium-Gro\u00dfhandel Einzigartige Badezimmer Waschbecken Eigenschaften:<\/h2>\n\n\n\n<ul class=\"wp-block-list\">\n<li><strong>Einzigartige Marmortextur: <\/strong>Diese einzigartigen Waschbecken f\u00fcr den Gro\u00dfhandel nutzen die Wassertransfertechnologie, um ein klares, kompliziertes schwarzes Marmormuster zu erzeugen, das Ihrem Badezimmer einen luxuri\u00f6sen Touch verleiht.<\/li>\n\n\n\n<li><strong>Anpassungen: <\/strong>Unsere Gro\u00dfhandels-Kunstbecken k\u00f6nnen in Gr\u00f6\u00dfe und Farbe angepasst werden, um Ihr Badezimmerdesign perfekt zu erg\u00e4nzen.<\/li>\n\n\n\n<li><strong>Hochwertige Keramik: <\/strong>Unsere einzigartigen Badezimmerwaschbecken f\u00fcr den Gro\u00dfhandel sind aus hochwertiger Keramik gefertigt, die langlebig und leicht zu reinigen ist und garantiert ihre Verf\u00e4rbung im Laufe der Zeit beibeh\u00e4lt.<\/li>\n\n\n\n<li><strong>Schnelle Lieferung: <\/strong>Wir gew\u00e4hrleisten eine schnelle Auftragsbearbeitung und einen schnellen Versand f\u00fcr Kunstbecken in gro\u00dfen Mengen, um Ihre Projektfristen einzuhalten.<\/li>\n<\/ul>\n<\/div>\n\n\n\n<div class=\"wp-block-column is-layout-flow wp-block-column-is-layout-flow\">\n<div class=\"wp-block-columns is-layout-flex wp-container-core-columns-is-layout-9d6595d7 wp-block-columns-is-layout-flex\">\n<div class=\"wp-block-column is-layout-flow wp-block-column-is-layout-flow\"><\/div>\n\n\n\n<div class=\"wp-block-column is-layout-flow wp-block-column-is-layout-flow\"><\/div>\n<\/div>\n\n\n\n<figure class=\"wp-block-image size-full\"><img fetchpriority=\"high\" decoding=\"async\" width=\"1024\" height=\"1024\" src=\"https:\/\/www.ceramicbasin.com\/wp-content\/uploads\/2025\/09\/Custom-Marble-Pattern-Solid-Surface-Counter-Top-Sink-Factory-Wholesale-Basins-5.webp\" alt=\"Benutzerdefinierte Marmor-Muster feste Oberfl\u00e4che Z\u00e4hler oben Waschbecken, Fabrik Gro\u00dfhandel Waschbecken\" class=\"wp-image-7857\" srcset=\"https:\/\/www.ceramicbasin.com\/wp-content\/uploads\/2025\/09\/Custom-Marble-Pattern-Solid-Surface-Counter-Top-Sink-Factory-Wholesale-Basins-5.webp 1024w, https:\/\/www.ceramicbasin.com\/wp-content\/uploads\/2025\/09\/Custom-Marble-Pattern-Solid-Surface-Counter-Top-Sink-Factory-Wholesale-Basins-5-300x300.webp 300w, https:\/\/www.ceramicbasin.com\/wp-content\/uploads\/2025\/09\/Custom-Marble-Pattern-Solid-Surface-Counter-Top-Sink-Factory-Wholesale-Basins-5-150x150.webp 150w, https:\/\/www.ceramicbasin.com\/wp-content\/uploads\/2025\/09\/Custom-Marble-Pattern-Solid-Surface-Counter-Top-Sink-Factory-Wholesale-Basins-5-768x768.webp 768w, https:\/\/www.ceramicbasin.com\/wp-content\/uploads\/2025\/09\/Custom-Marble-Pattern-Solid-Surface-Counter-Top-Sink-Factory-Wholesale-Basins-5-12x12.webp 12w, https:\/\/www.ceramicbasin.com\/wp-content\/uploads\/2025\/09\/Custom-Marble-Pattern-Solid-Surface-Counter-Top-Sink-Factory-Wholesale-Basins-5-285x285.webp 285w, https:\/\/www.ceramicbasin.com\/wp-content\/uploads\/2025\/09\/Custom-Marble-Pattern-Solid-Surface-Counter-Top-Sink-Factory-Wholesale-Basins-5-270x270.webp 270w, https:\/\/www.ceramicbasin.com\/wp-content\/uploads\/2025\/09\/Custom-Marble-Pattern-Solid-Surface-Counter-Top-Sink-Factory-Wholesale-Basins-5-540x540.webp 540w, https:\/\/www.ceramicbasin.com\/wp-content\/uploads\/2025\/09\/Custom-Marble-Pattern-Solid-Surface-Counter-Top-Sink-Factory-Wholesale-Basins-5-660x660.webp 660w\" sizes=\"(max-width: 1024px) 100vw, 1024px\" \/><\/figure>\n<\/div>\n<\/div>","protected":false},"excerpt":{"rendered":"<p>Willkommen bei der Gro\u00dfbestellung von Kunstwaschbecken. Diese Gro\u00dfhandel einzigartige Bad Waschbecken verf\u00fcgen \u00fcber ein Wasser-Transfer-gedruckt schwarzem Marmor-Muster, die Schaffung eines einzigartigen und eleganten Design. Wir bieten ma\u00dfgeschneiderte Dienstleistungen, um individuelle Kundenbed\u00fcrfnisse zu erf\u00fcllen und eine schnelle Lieferung zu gew\u00e4hrleisten.<\/p>\n<table style=\"border-collapse: collapse; width: 358.52pt;\" border=\"0\" width=\"478\" cellspacing=\"0\" cellpadding=\"0\">\n<tbody>\n<tr style=\"height: 17.25pt;\">\n<td class=\"et3\" style=\"height: 17.25pt; width: 125.00pt;\" width=\"166\" height=\"23\">Hersteller<\/td>\n<td class=\"et3\" style=\"width: 234.15pt;\" width=\"312\">HanYu<\/td>\n<\/tr>\n<tr style=\"height: 17.25pt;\">\n<td class=\"et3\" style=\"height: 17.25pt;\" height=\"23\">Modell Nr.<\/td>\n<td class=\"et4\">HY-5105D5<\/td>\n<\/tr>\n<tr style=\"height: 17.25pt;\">\n<td class=\"et3\" style=\"height: 17.25pt;\" height=\"23\">Typ<\/td>\n<td class=\"et5\" style=\"width: 234.15pt;\" width=\"312\">Marmorsp\u00fclen<\/td>\n<\/tr>\n<tr style=\"height: 18.00pt;\">\n<td class=\"et3\" style=\"height: 18.00pt;\" height=\"24\">Form<\/td>\n<td class=\"et3\">Rechteckige Form<\/td>\n<\/tr>\n<tr style=\"height: 34.50pt;\">\n<td class=\"et4\" style=\"height: 34.50pt;\" height=\"46\">Farbe<\/td>\n<td class=\"et5\" style=\"width: 234.15pt;\" width=\"312\">schwarz\/wei\u00df\/blau\/grau\/rosa\/gr\u00fcn\/braun\/khaki<\/td>\n<\/tr>\n<tr style=\"height: 18.00pt;\">\n<td class=\"et3\" style=\"height: 18.00pt;\" height=\"24\">Dimension<\/td>\n<td class=\"et5\" style=\"width: 234.15pt;\" width=\"312\">56*42*14<\/td>\n<\/tr>\n<tr style=\"height: 17.25pt;\">\n<td class=\"et3\" style=\"height: 17.25pt;\" height=\"23\">N.W \/SET<\/td>\n<td class=\"et3\">12KGS\/PCS<\/td>\n<\/tr>\n<tr style=\"height: 17.25pt;\">\n<td class=\"et3\" style=\"height: 17.25pt;\" height=\"23\">MOQ<\/td>\n<td class=\"et3\">20St\u00fcck<\/td>\n<\/tr>\n<tr style=\"height: 17.25pt;\">\n<td class=\"et3\" style=\"height: 17.25pt;\" height=\"23\">Benutzerdefinierte Option<\/td>\n<td class=\"et3\">Farbe\/Muster\/Gr\u00f6\u00dfe\/Logo\/Verpackung<\/td>\n<\/tr>\n<\/tbody>\n<\/table>","protected":false},"featured_media":7856,"comment_status":"closed","ping_status":"closed","template":"","meta":{"_acf_changed":false},"product_brand":[],"product_cat":[50,54],"product_tag":[],"class_list":{"0":"post-7852","1":"product","2":"type-product","3":"status-publish","4":"has-post-thumbnail","6":"product_cat-wholesale-countertop-sinks","7":"product_cat-wholesale-marble-sinks","9":"first","10":"instock","11":"shipping-taxable","12":"product-type-simple"},"acf":[],"_links":{"self":[{"href":"https:\/\/www.ceramicbasin.com\/de\/wp-json\/wp\/v2\/product\/7852","targetHints":{"allow":["GET"]}}],"collection":[{"href":"https:\/\/www.ceramicbasin.com\/de\/wp-json\/wp\/v2\/product"}],"about":[{"href":"https:\/\/www.ceramicbasin.com\/de\/wp-json\/wp\/v2\/types\/product"}],"replies":[{"embeddable":true,"href":"https:\/\/www.ceramicbasin.com\/de\/wp-json\/wp\/v2\/comments?post=7852"}],"wp:featuredmedia":[{"embeddable":true,"href":"https:\/\/www.ceramicbasin.com\/de\/wp-json\/wp\/v2\/media\/7856"}],"wp:attachment":[{"href":"https:\/\/www.ceramicbasin.com\/de\/wp-json\/wp\/v2\/media?parent=7852"}],"wp:term":[{"taxonomy":"product_brand","embeddable":true,"href":"https:\/\/www.ceramicbasin.com\/de\/wp-json\/wp\/v2\/product_brand?post=7852"},{"taxonomy":"product_cat","embeddable":true,"href":"https:\/\/www.ceramicbasin.com\/de\/wp-json\/wp\/v2\/product_cat?post=7852"},{"taxonomy":"product_tag","embeddable":true,"href":"https:\/\/www.ceramicbasin.com\/de\/wp-json\/wp\/v2\/product_tag?post=7852"}],"curies":[{"name":"wp","href":"https:\/\/api.w.org\/{rel}","templated":true}]}}