{"id":7858,"date":"2025-09-18T09:24:50","date_gmt":"2025-09-18T09:24:50","guid":{"rendered":"https:\/\/www.ceramicbasin.com\/?post_type=product&#038;p=7858"},"modified":"2025-09-18T09:24:53","modified_gmt":"2025-09-18T09:24:53","slug":"wholesale-basin","status":"publish","type":"product","link":"https:\/\/www.ceramicbasin.com\/de\/produkt\/wholesale-basin\/","title":{"rendered":"Fabrik Gro\u00dfhandel Waschbecken, Marmor Kunst Badezimmer Gef\u00e4\u00df Waschbecken"},"content":{"rendered":"<div class=\"wp-block-columns is-layout-flex wp-container-core-columns-is-layout-9d6595d7 wp-block-columns-is-layout-flex\">\n<div class=\"wp-block-column is-layout-flow wp-block-column-is-layout-flow\">\n<h2 class=\"wp-block-heading\">Premium-Gro\u00dfhandel-Becken Merkmale:<\/h2>\n\n\n\n<ul class=\"wp-block-list\">\n<li><strong>Modedesign:<\/strong> Unser Gro\u00dfhandel Badezimmer Waschbecken haben ein modernes und modisches Design mit glatten Linien, sind geeignet f\u00fcr verschiedene Badezimmer Layouts, und verbessern die allgemeine Sch\u00f6nheit und Grad des Raumes.<\/li>\n\n\n\n<li><strong>Hochwertiges keramisches Material:\u00a0<\/strong>Diese Gro\u00dfhandelsbecken sind aus hochwertigem Glas mit hoher Transparenz und feiner Textur hergestellt, das eine hervorragende optische Wirkung und einen modernen Sinn hat und die Haltbarkeit und Sch\u00f6nheit des Produkts gew\u00e4hrleistet.<\/li>\n\n\n\n<li><strong>Farbenfroh: <\/strong>Marmor Farbe dieser Gro\u00dfhandel Waschbecken ist durch Wasser-Transferdruck grundlegend auf normale Keramik-Becken gemacht. Gut aussehend und elegant. Wir haben mehr als 100 Farbauswahlen. Es k\u00f6nnte auf alle Modelle, die wir haben.<\/li>\n\n\n\n<li><strong>Einfache Installation:\u00a0<\/strong>Diese f\u00fcr die Montage \u00fcber der Theke konzipierten Gro\u00dfhandels-Badewannen sind einfach zu installieren und bieten eine problemlose L\u00f6sung sowohl f\u00fcr Neubauten als auch f\u00fcr Badrenovierungen.<\/li>\n<\/ul>\n<\/div>\n\n\n\n<div class=\"wp-block-column is-layout-flow wp-block-column-is-layout-flow\">\n<figure class=\"wp-block-image size-full\"><img fetchpriority=\"high\" decoding=\"async\" width=\"1024\" height=\"1024\" src=\"https:\/\/www.ceramicbasin.com\/wp-content\/uploads\/2025\/09\/Sanitary-Ware-Square-Vessel-Sink-Bathroom-Ceramic-Marble-Art-Wash-Basin-5.webp\" alt=\"Fabrik Gro\u00dfhandel Waschbecken, Marmor Kunst Badezimmer Gef\u00e4\u00df Waschbecken\" class=\"wp-image-7863\" srcset=\"https:\/\/www.ceramicbasin.com\/wp-content\/uploads\/2025\/09\/Sanitary-Ware-Square-Vessel-Sink-Bathroom-Ceramic-Marble-Art-Wash-Basin-5.webp 1024w, https:\/\/www.ceramicbasin.com\/wp-content\/uploads\/2025\/09\/Sanitary-Ware-Square-Vessel-Sink-Bathroom-Ceramic-Marble-Art-Wash-Basin-5-300x300.webp 300w, https:\/\/www.ceramicbasin.com\/wp-content\/uploads\/2025\/09\/Sanitary-Ware-Square-Vessel-Sink-Bathroom-Ceramic-Marble-Art-Wash-Basin-5-150x150.webp 150w, https:\/\/www.ceramicbasin.com\/wp-content\/uploads\/2025\/09\/Sanitary-Ware-Square-Vessel-Sink-Bathroom-Ceramic-Marble-Art-Wash-Basin-5-768x768.webp 768w, https:\/\/www.ceramicbasin.com\/wp-content\/uploads\/2025\/09\/Sanitary-Ware-Square-Vessel-Sink-Bathroom-Ceramic-Marble-Art-Wash-Basin-5-12x12.webp 12w, https:\/\/www.ceramicbasin.com\/wp-content\/uploads\/2025\/09\/Sanitary-Ware-Square-Vessel-Sink-Bathroom-Ceramic-Marble-Art-Wash-Basin-5-285x285.webp 285w, https:\/\/www.ceramicbasin.com\/wp-content\/uploads\/2025\/09\/Sanitary-Ware-Square-Vessel-Sink-Bathroom-Ceramic-Marble-Art-Wash-Basin-5-270x270.webp 270w, https:\/\/www.ceramicbasin.com\/wp-content\/uploads\/2025\/09\/Sanitary-Ware-Square-Vessel-Sink-Bathroom-Ceramic-Marble-Art-Wash-Basin-5-540x540.webp 540w, https:\/\/www.ceramicbasin.com\/wp-content\/uploads\/2025\/09\/Sanitary-Ware-Square-Vessel-Sink-Bathroom-Ceramic-Marble-Art-Wash-Basin-5-660x660.webp 660w\" sizes=\"(max-width: 1024px) 100vw, 1024px\" \/><\/figure>\n<\/div>\n<\/div>\n\n\n\n<p><\/p>","protected":false},"excerpt":{"rendered":"<p>Willkommen im Gro\u00dfhandel Waschbecken zu kaufen. Unsere Marmor Farbe Gro\u00dfhandel Bad Gef\u00e4\u00df Waschbecken sind durch ein Wasser-Transfer-Prozess auf der Grundlage einer normalen wei\u00dfen Keramik-Becken gemacht. Einfache Installation auf \u00fcber-Z\u00e4hler-Montage.<\/p>\n<table style=\"border-collapse: collapse; width: 358.52pt;\" border=\"0\" width=\"478\" cellspacing=\"0\" cellpadding=\"0\">\n<tbody>\n<tr style=\"height: 17.25pt;\">\n<td class=\"et3\" style=\"height: 17.25pt; width: 125.00pt;\" width=\"166\" height=\"23\">Hersteller<\/td>\n<td class=\"et3\" style=\"width: 234.15pt;\" width=\"312\">HanYu<\/td>\n<\/tr>\n<tr style=\"height: 17.25pt;\">\n<td class=\"et3\" style=\"height: 17.25pt;\" height=\"23\">Modell Nr.<\/td>\n<td class=\"et4\">HY-8005D1<\/td>\n<\/tr>\n<tr style=\"height: 17.25pt;\">\n<td class=\"et3\" style=\"height: 17.25pt;\" height=\"23\">Typ<\/td>\n<td class=\"et5\" style=\"width: 234.15pt;\" width=\"312\">Marmorsp\u00fclen<\/td>\n<\/tr>\n<tr style=\"height: 18.00pt;\">\n<td class=\"et3\" style=\"height: 18.00pt;\" height=\"24\">Form<\/td>\n<td class=\"et3\">Quadratische Form<\/td>\n<\/tr>\n<tr style=\"height: 34.50pt;\">\n<td class=\"et4\" style=\"height: 34.50pt;\" height=\"46\">Farbe<\/td>\n<td class=\"et5\" style=\"width: 234.15pt;\" width=\"312\">schwarz\/wei\u00df\/blau\/grau\/rosa\/gr\u00fcn\/braun\/khaki<\/td>\n<\/tr>\n<tr style=\"height: 18.00pt;\">\n<td class=\"et3\" style=\"height: 18.00pt;\" height=\"24\">Dimension<\/td>\n<td class=\"et5\" style=\"width: 234.15pt;\" width=\"312\">47.5*47.5*12<\/td>\n<\/tr>\n<tr style=\"height: 17.25pt;\">\n<td class=\"et3\" style=\"height: 17.25pt;\" height=\"23\">N.W \/SET<\/td>\n<td class=\"et3\">9KGS\/PCS<\/td>\n<\/tr>\n<tr style=\"height: 17.25pt;\">\n<td class=\"et3\" style=\"height: 17.25pt;\" height=\"23\">MOQ<\/td>\n<td class=\"et3\">20St\u00fcck<\/td>\n<\/tr>\n<tr style=\"height: 17.25pt;\">\n<td class=\"et3\" style=\"height: 17.25pt;\" height=\"23\">Benutzerdefinierte Option<\/td>\n<td class=\"et3\">Farbe\/Muster\/Gr\u00f6\u00dfe\/Logo\/Verpackung<\/td>\n<\/tr>\n<\/tbody>\n<\/table>","protected":false},"featured_media":7862,"comment_status":"closed","ping_status":"closed","template":"","meta":{"_acf_changed":false},"product_brand":[],"product_cat":[50,54],"product_tag":[],"class_list":{"0":"post-7858","1":"product","2":"type-product","3":"status-publish","4":"has-post-thumbnail","6":"product_cat-wholesale-countertop-sinks","7":"product_cat-wholesale-marble-sinks","9":"first","10":"instock","11":"shipping-taxable","12":"product-type-simple"},"acf":[],"_links":{"self":[{"href":"https:\/\/www.ceramicbasin.com\/de\/wp-json\/wp\/v2\/product\/7858","targetHints":{"allow":["GET"]}}],"collection":[{"href":"https:\/\/www.ceramicbasin.com\/de\/wp-json\/wp\/v2\/product"}],"about":[{"href":"https:\/\/www.ceramicbasin.com\/de\/wp-json\/wp\/v2\/types\/product"}],"replies":[{"embeddable":true,"href":"https:\/\/www.ceramicbasin.com\/de\/wp-json\/wp\/v2\/comments?post=7858"}],"wp:featuredmedia":[{"embeddable":true,"href":"https:\/\/www.ceramicbasin.com\/de\/wp-json\/wp\/v2\/media\/7862"}],"wp:attachment":[{"href":"https:\/\/www.ceramicbasin.com\/de\/wp-json\/wp\/v2\/media?parent=7858"}],"wp:term":[{"taxonomy":"product_brand","embeddable":true,"href":"https:\/\/www.ceramicbasin.com\/de\/wp-json\/wp\/v2\/product_brand?post=7858"},{"taxonomy":"product_cat","embeddable":true,"href":"https:\/\/www.ceramicbasin.com\/de\/wp-json\/wp\/v2\/product_cat?post=7858"},{"taxonomy":"product_tag","embeddable":true,"href":"https:\/\/www.ceramicbasin.com\/de\/wp-json\/wp\/v2\/product_tag?post=7858"}],"curies":[{"name":"wp","href":"https:\/\/api.w.org\/{rel}","templated":true}]}}