{"id":7875,"date":"2025-09-24T06:22:00","date_gmt":"2025-09-24T06:22:00","guid":{"rendered":"https:\/\/www.ceramicbasin.com\/?post_type=product&#038;p=7875"},"modified":"2025-09-26T06:09:44","modified_gmt":"2025-09-26T06:09:44","slug":"wholesale-bathroom-sink-basin-bowl","status":"publish","type":"product","link":"https:\/\/www.ceramicbasin.com\/de\/produkt\/wholesale-bathroom-sink-basin-bowl\/","title":{"rendered":"Gro\u00dfhandel Badezimmer Waschbecken Becken Sch\u00fcssel, einzigartiges Design Waschbecken Bulk"},"content":{"rendered":"<div class=\"wp-block-columns is-layout-flex wp-container-core-columns-is-layout-9d6595d7 wp-block-columns-is-layout-flex\">\n<div class=\"wp-block-column is-layout-flow wp-block-column-is-layout-flow\">\n<h2 class=\"wp-block-heading\">Premium Gro\u00dfhandel Badezimmer Waschbecken Becken Sch\u00fcssel Merkmale:<\/h2>\n\n\n\n<ul class=\"wp-block-list\">\n<li><strong>Innovatives Design:<\/strong> Dieses Keramik-Waschbecken im Gro\u00dfhandel mit glattem Rand vereint moderne Kunst und Funktionalit\u00e4t in einem und bringt einen unvergleichlichen visuellen Effekt in den Badezimmerbereich.<\/li>\n\n\n\n<li><strong>Langlebigkeit mit St\u00e4rke:<\/strong>Unser Gro\u00dfhandel Badezimmer Waschbecken Becken Sch\u00fcssel ist aus hochwertigem keramischen Material und gebrannt bei hohen Temperaturen, so dass das Produkt stark, langlebig, resistent gegen Flecken und resistent gegen Kratzer. Die glatte Oberfl\u00e4che ist nicht nur leicht zu reinigen, sondern auch sch\u00f6n und hell f\u00fcr eine lange Zeit zu halten.<\/li>\n\n\n\n<li><strong>Einfache Installation:<\/strong> Dieser Gro\u00dfhandel Badezimmer Waschbecken Becken Sch\u00fcssel ist aus keramischem Material hergestellt, auf der Arbeitsplatte platziert. Installation selbst ist ziemlich einfach und bequem ohne komplizierte Installation. Es passt in die meisten Standard-Badeschr\u00e4nke. Dieses Becken ist platzsparend, die Hierarchie und Mode zu Ihrem Badezimmer hinzuf\u00fcgt.<\/li>\n\n\n\n<li><strong>Konkurrenzf\u00e4higer Preis: <\/strong>Als f\u00fchrender Hersteller von Waschbecken bietet Ihnen Hanyu qualitativ hochwertige Gro\u00dfhandelsprodukte f\u00fcr Waschbecken zu den wettbewerbsf\u00e4higsten Preisen, um Ihre Gewinnspanne zu erh\u00f6hen.<\/li>\n<\/ul>\n<\/div>\n\n\n\n<div class=\"wp-block-column is-layout-flow wp-block-column-is-layout-flow\">\n<figure class=\"wp-block-image size-full\"><img fetchpriority=\"high\" decoding=\"async\" width=\"693\" height=\"887\" src=\"https:\/\/www.ceramicbasin.com\/wp-content\/uploads\/2025\/09\/wholesale-bathroom-sink-basin-bowl-unique-design-sink-bulk-6.webp\" alt=\"Gro\u00dfhandel-Bad-Sp\u00fclbecken-Becken-Schale-einzigartiges-Design-Sp\u00fclbecken-Sch\u00fcttgut-6\" class=\"wp-image-7942\" srcset=\"https:\/\/www.ceramicbasin.com\/wp-content\/uploads\/2025\/09\/wholesale-bathroom-sink-basin-bowl-unique-design-sink-bulk-6.webp 693w, https:\/\/www.ceramicbasin.com\/wp-content\/uploads\/2025\/09\/wholesale-bathroom-sink-basin-bowl-unique-design-sink-bulk-6-234x300.webp 234w, https:\/\/www.ceramicbasin.com\/wp-content\/uploads\/2025\/09\/wholesale-bathroom-sink-basin-bowl-unique-design-sink-bulk-6-9x12.webp 9w, https:\/\/www.ceramicbasin.com\/wp-content\/uploads\/2025\/09\/wholesale-bathroom-sink-basin-bowl-unique-design-sink-bulk-6-285x365.webp 285w, https:\/\/www.ceramicbasin.com\/wp-content\/uploads\/2025\/09\/wholesale-bathroom-sink-basin-bowl-unique-design-sink-bulk-6-516x660.webp 516w, https:\/\/www.ceramicbasin.com\/wp-content\/uploads\/2025\/09\/wholesale-bathroom-sink-basin-bowl-unique-design-sink-bulk-6-117x150.webp 117w\" sizes=\"(max-width: 693px) 100vw, 693px\" \/><\/figure>\n<\/div>\n<\/div>\n\n\n\n<p><\/p>","protected":false},"excerpt":{"rendered":"<p>Willkommen in unserem Gro\u00dfhandel Bad Waschbecken Becken Sch\u00fcssel kaufen. Hanyu bietet neues Design Keramik Gef\u00e4\u00df Waschbecken Gro\u00dfhandel mit wettbewerbsf\u00e4higen Preisen. Dieser Gro\u00dfhandel Keramik Gef\u00e4\u00df Waschbecken ist aus hochwertiger Keramik gefertigt und ist sowohl langlebig und sch\u00f6n f\u00fcr alle Arten von B\u00e4dern. Es kann eine Ebene der Modernit\u00e4t und Funktionalit\u00e4t, um das Bad hinzuzuf\u00fcgen.<\/p>\n<table style=\"border-collapse: collapse; width: 311.02pt;\" border=\"0\" width=\"311\" cellspacing=\"0\" cellpadding=\"0\">\n<tbody>\n<tr style=\"height: 17.60pt;\">\n<td class=\"et3\" style=\"height: 17.60pt; width: 108.35pt;\" width=\"108\" height=\"17\">Hersteller<\/td>\n<td class=\"et3\" style=\"width: 202.95pt;\" width=\"202\">HanYu<\/td>\n<\/tr>\n<tr style=\"height: 17.60pt;\">\n<td class=\"et3\" style=\"height: 17.60pt;\" height=\"17\">Modell Nr.<\/td>\n<td class=\"et4\">HY-435<\/td>\n<\/tr>\n<tr style=\"height: 17.60pt;\">\n<td class=\"et3\" style=\"height: 17.60pt;\" height=\"17\">Typ<\/td>\n<td class=\"et3\">CounterTop-Becken<\/td>\n<\/tr>\n<tr style=\"height: 17.60pt;\">\n<td class=\"et3\" style=\"height: 17.60pt;\" height=\"17\">Form<\/td>\n<td class=\"et3\">Rechteckige Form<\/td>\n<\/tr>\n<tr style=\"height: 17.60pt;\">\n<td class=\"et4\" style=\"height: 17.60pt;\" height=\"17\">Farbe<\/td>\n<td class=\"et3\">Wei\u00df<\/td>\n<\/tr>\n<tr style=\"height: 18.00pt;\">\n<td class=\"et3\" style=\"height: 18.00pt;\" height=\"18\">Dimension<\/td>\n<td class=\"et5\" style=\"width: 202.95pt;\" width=\"202\">40*40*12<\/td>\n<\/tr>\n<tr style=\"height: 17.60pt;\">\n<td class=\"et3\" style=\"height: 17.60pt;\" height=\"17\">N.W \/SET<\/td>\n<td class=\"et3\">8 KGS\/PCS<\/td>\n<\/tr>\n<tr style=\"height: 17.60pt;\">\n<td class=\"et3\" style=\"height: 17.60pt;\" height=\"17\">MOQ<\/td>\n<td class=\"et3\">20St\u00fcck<\/td>\n<\/tr>\n<tr style=\"height: 17.60pt;\">\n<td class=\"et3\" style=\"height: 17.60pt;\" height=\"17\">Benutzerdefinierte Option<\/td>\n<td class=\"et3\">Farbe\/Muster\/Gr\u00f6\u00dfe\/Logo\/Verpackung-<\/td>\n<\/tr>\n<\/tbody>\n<\/table>","protected":false},"featured_media":7938,"comment_status":"closed","ping_status":"closed","template":"","meta":{"_acf_changed":false},"product_brand":[],"product_cat":[50],"product_tag":[],"class_list":{"0":"post-7875","1":"product","2":"type-product","3":"status-publish","4":"has-post-thumbnail","6":"product_cat-wholesale-countertop-sinks","8":"first","9":"instock","10":"shipping-taxable","11":"product-type-simple"},"acf":[],"_links":{"self":[{"href":"https:\/\/www.ceramicbasin.com\/de\/wp-json\/wp\/v2\/product\/7875","targetHints":{"allow":["GET"]}}],"collection":[{"href":"https:\/\/www.ceramicbasin.com\/de\/wp-json\/wp\/v2\/product"}],"about":[{"href":"https:\/\/www.ceramicbasin.com\/de\/wp-json\/wp\/v2\/types\/product"}],"replies":[{"embeddable":true,"href":"https:\/\/www.ceramicbasin.com\/de\/wp-json\/wp\/v2\/comments?post=7875"}],"wp:featuredmedia":[{"embeddable":true,"href":"https:\/\/www.ceramicbasin.com\/de\/wp-json\/wp\/v2\/media\/7938"}],"wp:attachment":[{"href":"https:\/\/www.ceramicbasin.com\/de\/wp-json\/wp\/v2\/media?parent=7875"}],"wp:term":[{"taxonomy":"product_brand","embeddable":true,"href":"https:\/\/www.ceramicbasin.com\/de\/wp-json\/wp\/v2\/product_brand?post=7875"},{"taxonomy":"product_cat","embeddable":true,"href":"https:\/\/www.ceramicbasin.com\/de\/wp-json\/wp\/v2\/product_cat?post=7875"},{"taxonomy":"product_tag","embeddable":true,"href":"https:\/\/www.ceramicbasin.com\/de\/wp-json\/wp\/v2\/product_tag?post=7875"}],"curies":[{"name":"wp","href":"https:\/\/api.w.org\/{rel}","templated":true}]}}