{"id":7900,"date":"2025-09-24T07:14:17","date_gmt":"2025-09-24T07:14:17","guid":{"rendered":"https:\/\/www.ceramicbasin.com\/?post_type=product&#038;p=7900"},"modified":"2025-09-26T03:35:43","modified_gmt":"2025-09-26T03:35:43","slug":"wholesale-white-bathroom-vanity-sink","status":"publish","type":"product","link":"https:\/\/www.ceramicbasin.com\/de\/produkt\/wholesale-white-bathroom-vanity-sink\/","title":{"rendered":"Auf Lager Keramik Gro\u00dfhandel Wei\u00df Badezimmer Waschbecken"},"content":{"rendered":"<div class=\"wp-block-columns is-layout-flex wp-container-core-columns-is-layout-9d6595d7 wp-block-columns-is-layout-flex\">\n<div class=\"wp-block-column is-layout-flow wp-block-column-is-layout-flow\">\n<h2 class=\"wp-block-heading\">Premium Gro\u00dfhandel wei\u00df Badezimmer Eitelkeit Waschbecken Eigenschaften:<\/h2>\n\n\n\n<ul class=\"wp-block-list\">\n<li><strong>Hochwertige Keramik: <\/strong>Diese Gro\u00dfhandel wei\u00dfen Bad Eitelkeit Waschbecken sind hoch gebrannt durch eine Hochtemperatur-Prozess f\u00fcr eine viel glattere, dichtere Oberfl\u00e4che, die Kratzfestigkeit, Flecken Widerstand, und die einfache Reinigung hat.<\/li>\n\n\n\n<li><strong>Geradliniges, rechteckiges Design:<\/strong> Diese ma\u00dfgefertigten Waschbecken f\u00fcr Badezimmer sind stilvolle, wei\u00dfe, rechteckige Waschbecken, die f\u00fcr moderne Haushalte und gewerbliche Zwecke vielseitig einsetzbar sind.<\/li>\n\n\n\n<li><strong>Gro\u00dfer Bestand:<\/strong> Diese wei\u00dfen Badezimmerwaschbecken f\u00fcr den Gro\u00dfhandel unterst\u00fctzen sowohl den Gro\u00dfhandel als auch die Projektbeschaffung und erf\u00fcllen die schnellen Lieferanforderungen von Einzelh\u00e4ndlern, Distributoren und Projektkunden.<\/li>\n\n\n\n<li><strong>Vielseitig: <\/strong>Diese ma\u00dfgefertigten Waschbecken eignen sich f\u00fcr Badezimmer-Eitelkeiten, Hotels, gewerbliche B\u00e4der und Wohnungsrenovierungen und bieten sowohl \u00c4sthetik als auch Zweckm\u00e4\u00dfigkeit.<\/li>\n<\/ul>\n<\/div>\n\n\n\n<div class=\"wp-block-column is-layout-flow wp-block-column-is-layout-flow\">\n<figure class=\"wp-block-image size-full\"><img fetchpriority=\"high\" decoding=\"async\" width=\"673\" height=\"871\" src=\"https:\/\/www.ceramicbasin.com\/wp-content\/uploads\/2025\/09\/in-stock-ceramic-wholesale-white-bathroom-vanity-sink\u200b-bulk-6.webp\" alt=\"vorr\u00e4tig-keramische-gro\u00dfhandel-wei\u00df-bad-waschbecken-6\" class=\"wp-image-7935\" srcset=\"https:\/\/www.ceramicbasin.com\/wp-content\/uploads\/2025\/09\/in-stock-ceramic-wholesale-white-bathroom-vanity-sink\u200b-bulk-6.webp 673w, https:\/\/www.ceramicbasin.com\/wp-content\/uploads\/2025\/09\/in-stock-ceramic-wholesale-white-bathroom-vanity-sink\u200b-bulk-6-232x300.webp 232w, https:\/\/www.ceramicbasin.com\/wp-content\/uploads\/2025\/09\/in-stock-ceramic-wholesale-white-bathroom-vanity-sink\u200b-bulk-6-9x12.webp 9w, https:\/\/www.ceramicbasin.com\/wp-content\/uploads\/2025\/09\/in-stock-ceramic-wholesale-white-bathroom-vanity-sink\u200b-bulk-6-285x369.webp 285w, https:\/\/www.ceramicbasin.com\/wp-content\/uploads\/2025\/09\/in-stock-ceramic-wholesale-white-bathroom-vanity-sink\u200b-bulk-6-510x660.webp 510w, https:\/\/www.ceramicbasin.com\/wp-content\/uploads\/2025\/09\/in-stock-ceramic-wholesale-white-bathroom-vanity-sink\u200b-bulk-6-116x150.webp 116w\" sizes=\"(max-width: 673px) 100vw, 673px\" \/><\/figure>\n<\/div>\n<\/div>\n\n\n\n<p><\/p>","protected":false},"excerpt":{"rendered":"<p>Willkommen zum Kauf unserer auf Lager Gro\u00dfhandel wei\u00dfen Bad Eitelkeit Waschbecken, ideal f\u00fcr Sanit\u00e4rkeramik Projekte. Unsere Arbeitsplatte Waschbecken in loser Sch\u00fcttung sind aus hochwertiger Keramik, die Kombination traditioneller Handwerkskunst mit modernem Design, und sind leicht zu reinigen. Wir bieten g\u00fcnstige Preise und schnelle Lieferung, um sicherzustellen, erf\u00fcllen die Aktualit\u00e4t Bed\u00fcrfnisse der kommerziellen Projekten oder Wohn-Renovierungen.<\/p>\n<table style=\"border-collapse: collapse; width: 311.02pt;\" border=\"0\" width=\"311\" cellspacing=\"0\" cellpadding=\"0\">\n<tbody>\n<tr style=\"height: 17.60pt;\">\n<td class=\"et3\" style=\"height: 17.60pt; width: 108.35pt;\" width=\"108\" height=\"17\">Hersteller<\/td>\n<td class=\"et3\" style=\"width: 202.95pt;\" width=\"202\">HanYu<\/td>\n<\/tr>\n<tr style=\"height: 17.60pt;\">\n<td class=\"et3\" style=\"height: 17.60pt;\" height=\"17\">Modell Nr.<\/td>\n<td class=\"et4\">HY-424<\/td>\n<\/tr>\n<tr style=\"height: 17.60pt;\">\n<td class=\"et3\" style=\"height: 17.60pt;\" height=\"17\">Typ<\/td>\n<td class=\"et3\">CounterTop-Becken<\/td>\n<\/tr>\n<tr style=\"height: 17.60pt;\">\n<td class=\"et3\" style=\"height: 17.60pt;\" height=\"17\">Form<\/td>\n<td class=\"et3\">Rechteckige Form<\/td>\n<\/tr>\n<tr style=\"height: 17.60pt;\">\n<td class=\"et4\" style=\"height: 17.60pt;\" height=\"17\">Farbe<\/td>\n<td class=\"et3\">Wei\u00df<\/td>\n<\/tr>\n<tr style=\"height: 18.00pt;\">\n<td class=\"et3\" style=\"height: 18.00pt;\" height=\"18\">Dimension<\/td>\n<td class=\"et5\" style=\"width: 202.95pt;\" width=\"202\">58.5*37*13<\/td>\n<\/tr>\n<tr style=\"height: 17.60pt;\">\n<td class=\"et3\" style=\"height: 17.60pt;\" height=\"17\">N.W \/SET<\/td>\n<td class=\"et3\">11 KGS\/PCS<\/td>\n<\/tr>\n<tr style=\"height: 17.60pt;\">\n<td class=\"et3\" style=\"height: 17.60pt;\" height=\"17\">MOQ<\/td>\n<td class=\"et3\">20St\u00fcck<\/td>\n<\/tr>\n<tr style=\"height: 17.60pt;\">\n<td class=\"et3\" style=\"height: 17.60pt;\" height=\"17\">Benutzerdefinierte Option<\/td>\n<td class=\"et3\">Farbe\/Muster\/Gr\u00f6\u00dfe\/Logo\/Verpackung<\/td>\n<\/tr>\n<\/tbody>\n<\/table>","protected":false},"featured_media":7931,"comment_status":"closed","ping_status":"closed","template":"","meta":{"_acf_changed":false},"product_brand":[],"product_cat":[50],"product_tag":[],"class_list":{"0":"post-7900","1":"product","2":"type-product","3":"status-publish","4":"has-post-thumbnail","6":"product_cat-wholesale-countertop-sinks","8":"first","9":"instock","10":"shipping-taxable","11":"product-type-simple"},"acf":[],"_links":{"self":[{"href":"https:\/\/www.ceramicbasin.com\/de\/wp-json\/wp\/v2\/product\/7900","targetHints":{"allow":["GET"]}}],"collection":[{"href":"https:\/\/www.ceramicbasin.com\/de\/wp-json\/wp\/v2\/product"}],"about":[{"href":"https:\/\/www.ceramicbasin.com\/de\/wp-json\/wp\/v2\/types\/product"}],"replies":[{"embeddable":true,"href":"https:\/\/www.ceramicbasin.com\/de\/wp-json\/wp\/v2\/comments?post=7900"}],"wp:featuredmedia":[{"embeddable":true,"href":"https:\/\/www.ceramicbasin.com\/de\/wp-json\/wp\/v2\/media\/7931"}],"wp:attachment":[{"href":"https:\/\/www.ceramicbasin.com\/de\/wp-json\/wp\/v2\/media?parent=7900"}],"wp:term":[{"taxonomy":"product_brand","embeddable":true,"href":"https:\/\/www.ceramicbasin.com\/de\/wp-json\/wp\/v2\/product_brand?post=7900"},{"taxonomy":"product_cat","embeddable":true,"href":"https:\/\/www.ceramicbasin.com\/de\/wp-json\/wp\/v2\/product_cat?post=7900"},{"taxonomy":"product_tag","embeddable":true,"href":"https:\/\/www.ceramicbasin.com\/de\/wp-json\/wp\/v2\/product_tag?post=7900"}],"curies":[{"name":"wp","href":"https:\/\/api.w.org\/{rel}","templated":true}]}}