{"id":7902,"date":"2025-09-24T07:47:19","date_gmt":"2025-09-24T07:47:19","guid":{"rendered":"https:\/\/www.ceramicbasin.com\/?post_type=product&#038;p=7902"},"modified":"2025-09-26T02:48:49","modified_gmt":"2025-09-26T02:48:49","slug":"wholesale-unique-bathroom-sink-bowls","status":"publish","type":"product","link":"https:\/\/www.ceramicbasin.com\/de\/produkt\/wholesale-unique-bathroom-sink-bowls\/","title":{"rendered":"Gro\u00dfhandel Einzigartige Badezimmer Waschbecken Schalen, Arbeitsplatte Waschbecken Bulk"},"content":{"rendered":"<div class=\"wp-block-columns is-layout-flex wp-container-core-columns-is-layout-9d6595d7 wp-block-columns-is-layout-flex\">\n<div class=\"wp-block-column is-layout-flow wp-block-column-is-layout-flow\">\n<h2 class=\"wp-block-heading\">Premium Gro\u00dfhandel Einzigartige Badezimmer Waschbecken Schalen Eigenschaften:<\/h2>\n\n\n\n<ul class=\"wp-block-list\">\n<li><strong>Zeitgem\u00e4\u00dfes rechteckiges Design:<\/strong> Das Waschbecken mit Keramikplatte hat ein einfaches und elegantes rechteckiges Design, glatte Linien und einen modernen Stil. Es f\u00fcgt sich in jeden Einrichtungsstil ein und bringt Eleganz und Modernit\u00e4t in den Badbereich.<\/li>\n\n\n\n<li><strong>Gro\u00dfz\u00fcgiges Design: <\/strong>Die im Gro\u00dfhandel erh\u00e4ltlichen einzigartigen Waschbecken f\u00fcr Badezimmer mit einem gro\u00dfz\u00fcgigen Gef\u00e4\u00dfwaschbecken sind eine Antwort auf den Platzbedarf in einem Waschbecken. Es ist nicht nur praktisch, sondern kann auch das Gesamtniveau und den Komfort des Badezimmers verbessern. Es ist geeignet f\u00fcr Wohnungen und Luxushotels.<\/li>\n\n\n\n<li><strong>Kundenspezifische Optionen:<\/strong> HanYu bietet ma\u00dfgeschneiderte Dienstleistungen f\u00fcr Keramikbecken an, die eine Vielzahl von Gr\u00f6\u00dfen, Farben und Texturen entsprechend den Kundenbed\u00fcrfnissen bieten, verschiedene Badezimmerdesigns und pers\u00f6nliche Vorlieben erf\u00fcllen und einen einzigartigen Badezimmerbereich f\u00fcr Sie schaffen.<\/li>\n\n\n\n<li><strong>Gro\u00dfhandelspreis: <\/strong>Unsere Gro\u00dfhandel einzigartige Bad Waschbecken Schalen sind an der Fabrik direkten Gro\u00dfhandelspreis verkauft, um mehr Gewinn Raum f\u00fcr Kunden zu gewinnen. Willkommen B2B K\u00e4ufer zu Gro\u00dfeinkauf.<\/li>\n<\/ul>\n<\/div>\n\n\n\n<div class=\"wp-block-column is-layout-flow wp-block-column-is-layout-flow\">\n<figure class=\"wp-block-image size-full\"><img fetchpriority=\"high\" decoding=\"async\" width=\"683\" height=\"879\" src=\"https:\/\/www.ceramicbasin.com\/wp-content\/uploads\/2025\/09\/wholesale-unique-bathroom-sink-bowls-countertop-sinks-bulk-6.webp\" alt=\"gro\u00dfhandel-einzigartige-badezimmer-waschbecken-auf-den-boden-sinkende-waschbecken-im-gro\u00dfhandel-6\" class=\"wp-image-7928\" srcset=\"https:\/\/www.ceramicbasin.com\/wp-content\/uploads\/2025\/09\/wholesale-unique-bathroom-sink-bowls-countertop-sinks-bulk-6.webp 683w, https:\/\/www.ceramicbasin.com\/wp-content\/uploads\/2025\/09\/wholesale-unique-bathroom-sink-bowls-countertop-sinks-bulk-6-233x300.webp 233w, https:\/\/www.ceramicbasin.com\/wp-content\/uploads\/2025\/09\/wholesale-unique-bathroom-sink-bowls-countertop-sinks-bulk-6-9x12.webp 9w, https:\/\/www.ceramicbasin.com\/wp-content\/uploads\/2025\/09\/wholesale-unique-bathroom-sink-bowls-countertop-sinks-bulk-6-285x367.webp 285w, https:\/\/www.ceramicbasin.com\/wp-content\/uploads\/2025\/09\/wholesale-unique-bathroom-sink-bowls-countertop-sinks-bulk-6-513x660.webp 513w, https:\/\/www.ceramicbasin.com\/wp-content\/uploads\/2025\/09\/wholesale-unique-bathroom-sink-bowls-countertop-sinks-bulk-6-117x150.webp 117w\" sizes=\"(max-width: 683px) 100vw, 683px\" \/><\/figure>\n<\/div>\n<\/div>","protected":false},"excerpt":{"rendered":"<p>Willkommen in unserem Gro\u00dfhandel einzigartige Bad Waschbecken Schalen f\u00fcr Haus und High-End-Hotels zu kaufen. Diese gro\u00dfe rechteckige benutzerdefinierte Keramik-Arbeitsplatte Becken ist langlebig und sch\u00f6n, perfekt geeignet f\u00fcr verschiedene Badstile, und ist zu einem sehr g\u00fcnstigen Preis Gro\u00dfhandel. Es ist nicht nur praktisch, sondern kann auch die Gesamtnote und den Komfort des Badezimmers verbessern.<\/p>\n<table style=\"border-collapse: collapse; width: 311.02pt;\" border=\"0\" width=\"311\" cellspacing=\"0\" cellpadding=\"0\">\n<tbody>\n<tr style=\"height: 17.60pt;\">\n<td class=\"et3\" style=\"height: 17.60pt; width: 108.35pt;\" width=\"108\" height=\"17\">Hersteller<\/td>\n<td class=\"et3\" style=\"width: 202.95pt;\" width=\"202\">HanYu<\/td>\n<\/tr>\n<tr style=\"height: 17.60pt;\">\n<td class=\"et3\" style=\"height: 17.60pt;\" height=\"17\">Modell Nr.<\/td>\n<td class=\"et4\">HY-5005<\/td>\n<\/tr>\n<tr style=\"height: 17.60pt;\">\n<td class=\"et3\" style=\"height: 17.60pt;\" height=\"17\">Typ<\/td>\n<td class=\"et3\">CounterTop-Becken<\/td>\n<\/tr>\n<tr style=\"height: 17.60pt;\">\n<td class=\"et3\" style=\"height: 17.60pt;\" height=\"17\">Form<\/td>\n<td class=\"et3\">Rechteckige Form<\/td>\n<\/tr>\n<tr style=\"height: 17.60pt;\">\n<td class=\"et4\" style=\"height: 17.60pt;\" height=\"17\">Farbe<\/td>\n<td class=\"et3\">Wei\u00df<\/td>\n<\/tr>\n<tr style=\"height: 18.00pt;\">\n<td class=\"et3\" style=\"height: 18.00pt;\" height=\"18\">Dimension<\/td>\n<td class=\"et5\" style=\"width: 202.95pt;\" width=\"202\">59*39*16<\/td>\n<\/tr>\n<tr style=\"height: 17.60pt;\">\n<td class=\"et3\" style=\"height: 17.60pt;\" height=\"17\">N.W \/SET<\/td>\n<td class=\"et3\">14 KG\/PCS<\/td>\n<\/tr>\n<tr style=\"height: 17.60pt;\">\n<td class=\"et3\" style=\"height: 17.60pt;\" height=\"17\">MOQ<\/td>\n<td class=\"et3\">20St\u00fcck<\/td>\n<\/tr>\n<tr style=\"height: 17.60pt;\">\n<td class=\"et3\" style=\"height: 17.60pt;\" height=\"17\">Benutzerdefinierte Option<\/td>\n<td class=\"et3\">Farbe\/Muster\/Gr\u00f6\u00dfe\/Logo\/Verpackung<\/td>\n<\/tr>\n<\/tbody>\n<\/table>","protected":false},"featured_media":7924,"comment_status":"closed","ping_status":"closed","template":"","meta":{"_acf_changed":false},"product_brand":[],"product_cat":[50],"product_tag":[],"class_list":{"0":"post-7902","1":"product","2":"type-product","3":"status-publish","4":"has-post-thumbnail","6":"product_cat-wholesale-countertop-sinks","8":"first","9":"instock","10":"shipping-taxable","11":"product-type-simple"},"acf":[],"_links":{"self":[{"href":"https:\/\/www.ceramicbasin.com\/de\/wp-json\/wp\/v2\/product\/7902","targetHints":{"allow":["GET"]}}],"collection":[{"href":"https:\/\/www.ceramicbasin.com\/de\/wp-json\/wp\/v2\/product"}],"about":[{"href":"https:\/\/www.ceramicbasin.com\/de\/wp-json\/wp\/v2\/types\/product"}],"replies":[{"embeddable":true,"href":"https:\/\/www.ceramicbasin.com\/de\/wp-json\/wp\/v2\/comments?post=7902"}],"wp:featuredmedia":[{"embeddable":true,"href":"https:\/\/www.ceramicbasin.com\/de\/wp-json\/wp\/v2\/media\/7924"}],"wp:attachment":[{"href":"https:\/\/www.ceramicbasin.com\/de\/wp-json\/wp\/v2\/media?parent=7902"}],"wp:term":[{"taxonomy":"product_brand","embeddable":true,"href":"https:\/\/www.ceramicbasin.com\/de\/wp-json\/wp\/v2\/product_brand?post=7902"},{"taxonomy":"product_cat","embeddable":true,"href":"https:\/\/www.ceramicbasin.com\/de\/wp-json\/wp\/v2\/product_cat?post=7902"},{"taxonomy":"product_tag","embeddable":true,"href":"https:\/\/www.ceramicbasin.com\/de\/wp-json\/wp\/v2\/product_tag?post=7902"}],"curies":[{"name":"wp","href":"https:\/\/api.w.org\/{rel}","templated":true}]}}