{"id":7905,"date":"2025-09-24T07:51:09","date_gmt":"2025-09-24T07:51:09","guid":{"rendered":"https:\/\/www.ceramicbasin.com\/?post_type=product&#038;p=7905"},"modified":"2025-09-26T02:21:51","modified_gmt":"2025-09-26T02:21:51","slug":"wholesale-table-top-bathroom-sinks","status":"publish","type":"product","link":"https:\/\/www.ceramicbasin.com\/de\/produkt\/wholesale-table-top-bathroom-sinks\/","title":{"rendered":"Gro\u00dfhandel Tischplatte Badezimmer Waschbecken, benutzerdefinierte keramische Waschbecken"},"content":{"rendered":"<div class=\"wp-block-columns is-layout-flex wp-container-core-columns-is-layout-9d6595d7 wp-block-columns-is-layout-flex\">\n<div class=\"wp-block-column is-layout-flow wp-block-column-is-layout-flow\">\n<h2 class=\"wp-block-heading\">Premium Modern Gro\u00dfhandel Tabelle oben Badezimmer Waschbecken Eigenschaften:<\/h2>\n\n\n\n<ul class=\"wp-block-list\">\n<li><strong>Zeitgen\u00f6ssischer Stil: <\/strong>Das schlichte, quadratische Becken dieser Tischwaschbecken aus dem Gro\u00dfhandel ist ideal f\u00fcr moderne Badezimmer, Hotels und Luxuswohnungen. Es vermittelt einen subtilen Glanz und Textur, die ein Gef\u00fchl von Adel und Eleganz im Badezimmer schaffen.<\/li>\n\n\n\n<li><strong>Langlebige Keramik:<\/strong> Diese Gro\u00dfhandel Tischplatte Bad Waschbecken sind aus langlebiger Keramik, die bei hohen Temperaturen gebrannt wird, so dass diese Qualit\u00e4t Keramik mit einer glatten und dichteren schmutzabweisende Oberfl\u00e4che, die leicht zu reinigen und kratzfest ist.<\/li>\n\n\n\n<li><strong>Kundenspezifische Gr\u00f6\u00dfen:<\/strong> Unsere quadratischen Keramiksp\u00fclen k\u00f6nnen auf Bestellung in verschiedenen Gr\u00f6\u00dfen, Farben und Logos hergestellt werden, um den Anforderungen verschiedener Marken und M\u00e4rkte gerecht zu werden.<\/li>\n\n\n\n<li><strong>Zuverl\u00e4ssige Produktion:<\/strong> Als professioneller chinesischer Hersteller von Waschbecken verf\u00fcgt Hanyu \u00fcber gro\u00dfe Lieferkapazit\u00e4ten und unterst\u00fctzt OEM\/ODM-Partnerschaften. Bei Gro\u00dfeink\u00e4ufen k\u00f6nnen Sie von besonders g\u00fcnstigen Preisnachl\u00e4ssen profitieren und so sicherstellen, dass Sie in den Genuss hochwertiger Produkte kommen und gleichzeitig Ihr Budget nicht \u00fcberziehen.<\/li>\n<\/ul>\n<\/div>\n\n\n\n<div class=\"wp-block-column is-layout-flow wp-block-column-is-layout-flow\">\n<figure class=\"wp-block-image size-full\"><img fetchpriority=\"high\" decoding=\"async\" width=\"469\" height=\"624\" src=\"https:\/\/www.ceramicbasin.com\/wp-content\/uploads\/2025\/09\/wholesale-table-top-bathroom-sinks-custom-ceramic-sinks\u200b-6.webp\" alt=\"Gro\u00dfhandel-Tischplatten-Badewaschbecken-Keramik-Waschbecken-6\" class=\"wp-image-7917\" srcset=\"https:\/\/www.ceramicbasin.com\/wp-content\/uploads\/2025\/09\/wholesale-table-top-bathroom-sinks-custom-ceramic-sinks\u200b-6.webp 469w, https:\/\/www.ceramicbasin.com\/wp-content\/uploads\/2025\/09\/wholesale-table-top-bathroom-sinks-custom-ceramic-sinks\u200b-6-225x300.webp 225w, https:\/\/www.ceramicbasin.com\/wp-content\/uploads\/2025\/09\/wholesale-table-top-bathroom-sinks-custom-ceramic-sinks\u200b-6-9x12.webp 9w, https:\/\/www.ceramicbasin.com\/wp-content\/uploads\/2025\/09\/wholesale-table-top-bathroom-sinks-custom-ceramic-sinks\u200b-6-285x379.webp 285w, https:\/\/www.ceramicbasin.com\/wp-content\/uploads\/2025\/09\/wholesale-table-top-bathroom-sinks-custom-ceramic-sinks\u200b-6-113x150.webp 113w\" sizes=\"(max-width: 469px) 100vw, 469px\" \/><\/figure>\n<\/div>\n<\/div>\n\n\n\n<p><\/p>","protected":false},"excerpt":{"rendered":"<p>Willkommen zum Kauf unserer modernen Gro\u00dfhandel Tischplatte Badezimmer Waschbecken in quadratischen Keramik-Design, mit dauerhaften Material und eine leicht zu reinigende Oberfl\u00e4che gefertigt. Als ein f\u00fchrender chinesischer Hersteller von Sanit\u00e4rkeramik bieten wir flexible Anpassung und zuverl\u00e4ssige Massenlieferung und schnelle Lieferdienste, um globale H\u00e4ndler und Projekte zu erf\u00fcllen.<\/p>\n<table style=\"border-collapse: collapse; width: 311.02pt;\" border=\"0\" width=\"311\" cellspacing=\"0\" cellpadding=\"0\">\n<tbody>\n<tr style=\"height: 17.60pt;\">\n<td class=\"et3\" style=\"height: 17.60pt; width: 108.35pt;\" width=\"108\" height=\"17\">Hersteller<\/td>\n<td class=\"et3\" style=\"width: 202.95pt;\" width=\"202\">HanYu<\/td>\n<\/tr>\n<tr style=\"height: 17.60pt;\">\n<td class=\"et3\" style=\"height: 17.60pt;\" height=\"17\">Modell Nr.<\/td>\n<td class=\"et4\">HY-8022<\/td>\n<\/tr>\n<tr style=\"height: 17.60pt;\">\n<td class=\"et3\" style=\"height: 17.60pt;\" height=\"17\">Typ<\/td>\n<td class=\"et3\">CounterTop-Becken<\/td>\n<\/tr>\n<tr style=\"height: 17.60pt;\">\n<td class=\"et3\" style=\"height: 17.60pt;\" height=\"17\">Form<\/td>\n<td class=\"et3\">Rechteckige Form<\/td>\n<\/tr>\n<tr style=\"height: 17.60pt;\">\n<td class=\"et4\" style=\"height: 17.60pt;\" height=\"17\">Farbe<\/td>\n<td class=\"et3\">Wei\u00df<\/td>\n<\/tr>\n<tr style=\"height: 18.00pt;\">\n<td class=\"et3\" style=\"height: 18.00pt;\" height=\"18\">Dimension<\/td>\n<td class=\"et5\" style=\"width: 202.95pt;\" width=\"202\">41*41*13.5<\/td>\n<\/tr>\n<tr style=\"height: 17.60pt;\">\n<td class=\"et3\" style=\"height: 17.60pt;\" height=\"17\">N.W \/SET<\/td>\n<td class=\"et3\">9 KGS\/PCS<\/td>\n<\/tr>\n<tr style=\"height: 17.60pt;\">\n<td class=\"et3\" style=\"height: 17.60pt;\" height=\"17\">MOQ<\/td>\n<td class=\"et3\">20St\u00fcck<\/td>\n<\/tr>\n<tr style=\"height: 17.60pt;\">\n<td class=\"et3\" style=\"height: 17.60pt;\" height=\"17\">Benutzerdefinierte Option<\/td>\n<td class=\"et3\">Farbe\/Muster\/Gr\u00f6\u00dfe\/Logo\/Verpackung<\/td>\n<\/tr>\n<\/tbody>\n<\/table>","protected":false},"featured_media":7913,"comment_status":"closed","ping_status":"closed","template":"","meta":{"_acf_changed":false},"product_brand":[],"product_cat":[50],"product_tag":[],"class_list":{"0":"post-7905","1":"product","2":"type-product","3":"status-publish","4":"has-post-thumbnail","6":"product_cat-wholesale-countertop-sinks","8":"first","9":"instock","10":"shipping-taxable","11":"product-type-simple"},"acf":[],"_links":{"self":[{"href":"https:\/\/www.ceramicbasin.com\/de\/wp-json\/wp\/v2\/product\/7905","targetHints":{"allow":["GET"]}}],"collection":[{"href":"https:\/\/www.ceramicbasin.com\/de\/wp-json\/wp\/v2\/product"}],"about":[{"href":"https:\/\/www.ceramicbasin.com\/de\/wp-json\/wp\/v2\/types\/product"}],"replies":[{"embeddable":true,"href":"https:\/\/www.ceramicbasin.com\/de\/wp-json\/wp\/v2\/comments?post=7905"}],"wp:featuredmedia":[{"embeddable":true,"href":"https:\/\/www.ceramicbasin.com\/de\/wp-json\/wp\/v2\/media\/7913"}],"wp:attachment":[{"href":"https:\/\/www.ceramicbasin.com\/de\/wp-json\/wp\/v2\/media?parent=7905"}],"wp:term":[{"taxonomy":"product_brand","embeddable":true,"href":"https:\/\/www.ceramicbasin.com\/de\/wp-json\/wp\/v2\/product_brand?post=7905"},{"taxonomy":"product_cat","embeddable":true,"href":"https:\/\/www.ceramicbasin.com\/de\/wp-json\/wp\/v2\/product_cat?post=7905"},{"taxonomy":"product_tag","embeddable":true,"href":"https:\/\/www.ceramicbasin.com\/de\/wp-json\/wp\/v2\/product_tag?post=7905"}],"curies":[{"name":"wp","href":"https:\/\/api.w.org\/{rel}","templated":true}]}}