{"id":7963,"date":"2025-10-03T06:57:44","date_gmt":"2025-10-03T06:57:44","guid":{"rendered":"https:\/\/www.ceramicbasin.com\/?post_type=product&#038;p=7963"},"modified":"2025-10-09T08:05:25","modified_gmt":"2025-10-09T08:05:25","slug":"modern-vanity-sinks-wholesale","status":"publish","type":"product","link":"https:\/\/www.ceramicbasin.com\/de\/produkt\/modern-vanity-sinks-wholesale\/","title":{"rendered":"Moderne Eitelkeit Waschbecken Gro\u00dfhandel, ovale Form Marmor Look Basin"},"content":{"rendered":"<div class=\"wp-block-columns is-layout-flex wp-container-core-columns-is-layout-9d6595d7 wp-block-columns-is-layout-flex\">\n<div class=\"wp-block-column is-layout-flow wp-block-column-is-layout-flow\">\n<h2 class=\"wp-block-heading\">Premium Modern Vanity Sinks Gro\u00dfhandel Features:<\/h2>\n\n\n\n<ul class=\"wp-block-list\">\n<li><strong>Einzigartiges blattf\u00f6rmiges Design:<\/strong> Das einzigartige Design in Form eines Blattes verleiht diesen modernen Waschbecken im Gro\u00dfhandel eine kreativere Form und verbindet Kunst mit Funktion f\u00fcr einen atemberaubenden visuellen Effekt und eine Besonderheit in einem Badezimmer.<\/li>\n\n\n\n<li><strong>Elegantes Design: <\/strong>Unsere Aufsatzwaschbecken aus dem Gro\u00dfhandel verleihen jedem Badezimmer einen Hauch von Eleganz und Modernit\u00e4t und machen sie zu einem stilvollen Blickpunkt.<\/li>\n\n\n\n<li><strong>Zolldienst: <\/strong>Wir bieten einen umfassenden Service f\u00fcr die Anpassung auf moderne Eitelkeit Waschbecken Gro\u00dfhandel, Gr\u00f6\u00dfen, Farben und Texturen sind anpassbar auf der Grundlage der Kundenw\u00fcnsche, um perfekt mit anderen Raum Stile zusammenfallen.<\/li>\n\n\n\n<li><strong>Oben montierte Ausf\u00fchrung: <\/strong>Diese Gro\u00dfhandel Badezimmer Waschbecken Schalen ist stabil und zuverl\u00e4ssig, die nicht nur Platz spart, sondern f\u00fcgt auch ein modernes Gef\u00fchl, um das Bad und passt sich an verschiedene Dekorationsstile.<\/li>\n<\/ul>\n<\/div>\n\n\n\n<div class=\"wp-block-column is-layout-flow wp-block-column-is-layout-flow\">\n<figure class=\"wp-block-image size-full\"><img fetchpriority=\"high\" decoding=\"async\" width=\"800\" height=\"800\" src=\"https:\/\/www.ceramicbasin.com\/wp-content\/uploads\/2025\/10\/marble-stone-wash-basinsvessel-ceramic-sinksinks-for-bathroom.webp\" alt=\"\" class=\"wp-image-7964\" srcset=\"https:\/\/www.ceramicbasin.com\/wp-content\/uploads\/2025\/10\/marble-stone-wash-basinsvessel-ceramic-sinksinks-for-bathroom.webp 800w, https:\/\/www.ceramicbasin.com\/wp-content\/uploads\/2025\/10\/marble-stone-wash-basinsvessel-ceramic-sinksinks-for-bathroom-300x300.webp 300w, https:\/\/www.ceramicbasin.com\/wp-content\/uploads\/2025\/10\/marble-stone-wash-basinsvessel-ceramic-sinksinks-for-bathroom-150x150.webp 150w, https:\/\/www.ceramicbasin.com\/wp-content\/uploads\/2025\/10\/marble-stone-wash-basinsvessel-ceramic-sinksinks-for-bathroom-768x768.webp 768w, https:\/\/www.ceramicbasin.com\/wp-content\/uploads\/2025\/10\/marble-stone-wash-basinsvessel-ceramic-sinksinks-for-bathroom-12x12.webp 12w, https:\/\/www.ceramicbasin.com\/wp-content\/uploads\/2025\/10\/marble-stone-wash-basinsvessel-ceramic-sinksinks-for-bathroom-285x285.webp 285w, https:\/\/www.ceramicbasin.com\/wp-content\/uploads\/2025\/10\/marble-stone-wash-basinsvessel-ceramic-sinksinks-for-bathroom-270x270.webp 270w, https:\/\/www.ceramicbasin.com\/wp-content\/uploads\/2025\/10\/marble-stone-wash-basinsvessel-ceramic-sinksinks-for-bathroom-540x540.webp 540w, https:\/\/www.ceramicbasin.com\/wp-content\/uploads\/2025\/10\/marble-stone-wash-basinsvessel-ceramic-sinksinks-for-bathroom-660x660.webp 660w\" sizes=\"(max-width: 800px) 100vw, 800px\" \/><figcaption class=\"wp-element-caption\">Luxus Gro\u00dfhandel Badezimmer Gef\u00e4\u00df Waschbecken, Keramik Waschbecken<\/figcaption><\/figure>\n<\/div>\n<\/div>\n\n\n\n<p><\/p>","protected":false},"excerpt":{"rendered":"<p>Willkommen zum Kauf moderner Waschbecken im Gro\u00dfhandel. Wir bieten eine vollst\u00e4ndige Palette von Anpassungsm\u00f6glichkeiten f\u00fcr benutzerdefinierte Waschbecken, deren Gr\u00f6\u00dfe, Farbe und Textur sind nach Kundenwunsch angepasst und kann perfekt mit verschiedenen Raum Stile.<\/p>\n<table width=\"311\">\n<tbody>\n<tr>\n<td width=\"108\">Hersteller<\/td>\n<td width=\"202\">HanYu<\/td>\n<\/tr>\n<tr>\n<td>Modell Nr.<\/td>\n<td>HY-5102D12<\/td>\n<\/tr>\n<tr>\n<td>Typ<\/td>\n<td width=\"202\">Becken in Marmorfarbe, Aufsatzbecken<\/td>\n<\/tr>\n<tr>\n<td>Form<\/td>\n<td>Ovale Form<\/td>\n<\/tr>\n<tr>\n<td>Farbe<\/td>\n<td width=\"202\">Wei\u00df<\/td>\n<\/tr>\n<tr>\n<td>Dimension<\/td>\n<td width=\"202\">73*37*13<\/td>\n<\/tr>\n<tr>\n<td>N.W \/SET<\/td>\n<td>12KGS\/PCS<\/td>\n<\/tr>\n<tr>\n<td>MOQ<\/td>\n<td>20St\u00fcck<\/td>\n<\/tr>\n<tr>\n<td>Benutzerdefinierte Option<\/td>\n<td>Farbe\/Muster\/Gr\u00f6\u00dfe\/Logo\/Verpackung<\/td>\n<\/tr>\n<\/tbody>\n<\/table>","protected":false},"featured_media":7968,"comment_status":"closed","ping_status":"closed","template":"","meta":{"_acf_changed":false},"product_brand":[],"product_cat":[54,50],"product_tag":[],"class_list":{"0":"post-7963","1":"product","2":"type-product","3":"status-publish","4":"has-post-thumbnail","6":"product_cat-wholesale-marble-sinks","7":"product_cat-wholesale-countertop-sinks","9":"first","10":"instock","11":"shipping-taxable","12":"product-type-simple"},"acf":[],"_links":{"self":[{"href":"https:\/\/www.ceramicbasin.com\/de\/wp-json\/wp\/v2\/product\/7963","targetHints":{"allow":["GET"]}}],"collection":[{"href":"https:\/\/www.ceramicbasin.com\/de\/wp-json\/wp\/v2\/product"}],"about":[{"href":"https:\/\/www.ceramicbasin.com\/de\/wp-json\/wp\/v2\/types\/product"}],"replies":[{"embeddable":true,"href":"https:\/\/www.ceramicbasin.com\/de\/wp-json\/wp\/v2\/comments?post=7963"}],"wp:featuredmedia":[{"embeddable":true,"href":"https:\/\/www.ceramicbasin.com\/de\/wp-json\/wp\/v2\/media\/7968"}],"wp:attachment":[{"href":"https:\/\/www.ceramicbasin.com\/de\/wp-json\/wp\/v2\/media?parent=7963"}],"wp:term":[{"taxonomy":"product_brand","embeddable":true,"href":"https:\/\/www.ceramicbasin.com\/de\/wp-json\/wp\/v2\/product_brand?post=7963"},{"taxonomy":"product_cat","embeddable":true,"href":"https:\/\/www.ceramicbasin.com\/de\/wp-json\/wp\/v2\/product_cat?post=7963"},{"taxonomy":"product_tag","embeddable":true,"href":"https:\/\/www.ceramicbasin.com\/de\/wp-json\/wp\/v2\/product_tag?post=7963"}],"curies":[{"name":"wp","href":"https:\/\/api.w.org\/{rel}","templated":true}]}}