{"id":7970,"date":"2025-10-03T07:29:45","date_gmt":"2025-10-03T07:29:45","guid":{"rendered":"https:\/\/www.ceramicbasin.com\/?post_type=product&#038;p=7970"},"modified":"2025-10-09T08:13:07","modified_gmt":"2025-10-09T08:13:07","slug":"wholesale-bathroom-wash-basin","status":"publish","type":"product","link":"https:\/\/www.ceramicbasin.com\/de\/produkt\/wholesale-bathroom-wash-basin\/","title":{"rendered":"Modernes Gro\u00dfhandels-Badezimmer Waschbecken Arbeitsplatte Eitelkeit Waschbecken"},"content":{"rendered":"<div class=\"wp-block-columns is-layout-flex wp-container-core-columns-is-layout-9d6595d7 wp-block-columns-is-layout-flex\">\n<div class=\"wp-block-column is-layout-flow wp-block-column-is-layout-flow\">\n<h2 class=\"wp-block-heading\">Premium Gro\u00dfhandel Badezimmer Waschbecken Eigenschaften:<\/h2>\n\n\n\n<ul class=\"wp-block-list\">\n<li><strong>Preisvorteil: <\/strong>Wir bieten Gro\u00dfbestellungen an, die nicht nur erschwinglich sind, sondern auch schnell geliefert werden. Unsere Gro\u00dfhandel Badezimmer Waschbecken sind geeignet f\u00fcr kommerzielle Projekte und gro\u00df angelegte Wohn Dekoration, die Erf\u00fcllung der Bed\u00fcrfnisse der hohen Effizienz und niedrigen Kosten.<\/li>\n\n\n\n<li><strong>Elegantes Design: <\/strong>Unsere Aufsatzwaschbecken f\u00fcr den Gro\u00dfhandel verleihen jedem Badezimmer einen Hauch von Eleganz und Modernit\u00e4t und machen sie zu einem stilvollen Blickfang.<\/li>\n\n\n\n<li><strong>Wassertransferdruckverfahren: <\/strong>Diese Gro\u00dfhandel Badezimmer Waschbecken nehmen fortschrittliche Wasser-Transfer-Druck-Technologie, um sicherzustellen, dass die Oberfl\u00e4che Muster jedes Waschbecken ist fein und einheitlich, zeigt eine zarte Textur-Effekt, das Hinzuf\u00fcgen einer modernen k\u00fcnstlerischen Sinn f\u00fcr das Bad.<\/li>\n\n\n\n<li><strong>Oben montierte Ausf\u00fchrung: <\/strong>Die einzigartigen Aufsatzwaschbecken sind stabil und zuverl\u00e4ssig, was nicht nur Platz spart, sondern dem Bad auch ein modernes Flair verleiht und sich an verschiedene Einrichtungsstile anpasst.<\/li>\n<\/ul>\n<\/div>\n\n\n\n<div class=\"wp-block-column is-layout-flow wp-block-column-is-layout-flow\">\n<figure class=\"wp-block-image size-full\"><img fetchpriority=\"high\" decoding=\"async\" width=\"800\" height=\"800\" src=\"https:\/\/www.ceramicbasin.com\/wp-content\/uploads\/2025\/10\/vessel-sinks-bathroomporcelain-lavatory-sinkswall-mounted-marble-sink5.webp\" alt=\"\" class=\"wp-image-7976\" srcset=\"https:\/\/www.ceramicbasin.com\/wp-content\/uploads\/2025\/10\/vessel-sinks-bathroomporcelain-lavatory-sinkswall-mounted-marble-sink5.webp 800w, https:\/\/www.ceramicbasin.com\/wp-content\/uploads\/2025\/10\/vessel-sinks-bathroomporcelain-lavatory-sinkswall-mounted-marble-sink5-300x300.webp 300w, https:\/\/www.ceramicbasin.com\/wp-content\/uploads\/2025\/10\/vessel-sinks-bathroomporcelain-lavatory-sinkswall-mounted-marble-sink5-150x150.webp 150w, https:\/\/www.ceramicbasin.com\/wp-content\/uploads\/2025\/10\/vessel-sinks-bathroomporcelain-lavatory-sinkswall-mounted-marble-sink5-768x768.webp 768w, https:\/\/www.ceramicbasin.com\/wp-content\/uploads\/2025\/10\/vessel-sinks-bathroomporcelain-lavatory-sinkswall-mounted-marble-sink5-12x12.webp 12w, https:\/\/www.ceramicbasin.com\/wp-content\/uploads\/2025\/10\/vessel-sinks-bathroomporcelain-lavatory-sinkswall-mounted-marble-sink5-285x285.webp 285w, https:\/\/www.ceramicbasin.com\/wp-content\/uploads\/2025\/10\/vessel-sinks-bathroomporcelain-lavatory-sinkswall-mounted-marble-sink5-270x270.webp 270w, https:\/\/www.ceramicbasin.com\/wp-content\/uploads\/2025\/10\/vessel-sinks-bathroomporcelain-lavatory-sinkswall-mounted-marble-sink5-540x540.webp 540w, https:\/\/www.ceramicbasin.com\/wp-content\/uploads\/2025\/10\/vessel-sinks-bathroomporcelain-lavatory-sinkswall-mounted-marble-sink5-660x660.webp 660w\" sizes=\"(max-width: 800px) 100vw, 800px\" \/><\/figure>\n<\/div>\n<\/div>\n\n\n\n<p><\/p>","protected":false},"excerpt":{"rendered":"<p>Willkommen im Gro\u00dfhandel Badezimmer Waschbecken zu kaufen. Die einzigartigen Aufsatzwaschbecken in schwarzer Marmoroptik verleihen dem Badezimmer ein modernes Flair und passen sich an verschiedene Einrichtungsstile an.<\/p>\n<table width=\"311\">\n<tbody>\n<tr>\n<td width=\"108\">Hersteller<\/td>\n<td width=\"202\">HanYu<\/td>\n<\/tr>\n<tr>\n<td>Modell Nr.<\/td>\n<td>HY-5102D30<\/td>\n<\/tr>\n<tr>\n<td>Typ<\/td>\n<td width=\"202\">Becken in Marmorfarbe, Aufsatzbecken<\/td>\n<\/tr>\n<tr>\n<td>Form<\/td>\n<td>Ovale Form<\/td>\n<\/tr>\n<tr>\n<td>Farbe<\/td>\n<td width=\"202\">Wei\u00df<\/td>\n<\/tr>\n<tr>\n<td>Dimension<\/td>\n<td width=\"202\">73*37*13<\/td>\n<\/tr>\n<tr>\n<td>N.W \/SET<\/td>\n<td>12KGS\/PCS<\/td>\n<\/tr>\n<tr>\n<td>MOQ<\/td>\n<td>20St\u00fcck<\/td>\n<\/tr>\n<tr>\n<td>Benutzerdefinierte Option<\/td>\n<td>Farbe\/Muster\/Gr\u00f6\u00dfe\/Logo\/Verpackung<\/td>\n<\/tr>\n<\/tbody>\n<\/table>","protected":false},"featured_media":7974,"comment_status":"closed","ping_status":"closed","template":"","meta":{"_acf_changed":false},"product_brand":[],"product_cat":[54,50],"product_tag":[],"class_list":{"0":"post-7970","1":"product","2":"type-product","3":"status-publish","4":"has-post-thumbnail","6":"product_cat-wholesale-marble-sinks","7":"product_cat-wholesale-countertop-sinks","9":"first","10":"instock","11":"shipping-taxable","12":"product-type-simple"},"acf":[],"_links":{"self":[{"href":"https:\/\/www.ceramicbasin.com\/de\/wp-json\/wp\/v2\/product\/7970","targetHints":{"allow":["GET"]}}],"collection":[{"href":"https:\/\/www.ceramicbasin.com\/de\/wp-json\/wp\/v2\/product"}],"about":[{"href":"https:\/\/www.ceramicbasin.com\/de\/wp-json\/wp\/v2\/types\/product"}],"replies":[{"embeddable":true,"href":"https:\/\/www.ceramicbasin.com\/de\/wp-json\/wp\/v2\/comments?post=7970"}],"wp:featuredmedia":[{"embeddable":true,"href":"https:\/\/www.ceramicbasin.com\/de\/wp-json\/wp\/v2\/media\/7974"}],"wp:attachment":[{"href":"https:\/\/www.ceramicbasin.com\/de\/wp-json\/wp\/v2\/media?parent=7970"}],"wp:term":[{"taxonomy":"product_brand","embeddable":true,"href":"https:\/\/www.ceramicbasin.com\/de\/wp-json\/wp\/v2\/product_brand?post=7970"},{"taxonomy":"product_cat","embeddable":true,"href":"https:\/\/www.ceramicbasin.com\/de\/wp-json\/wp\/v2\/product_cat?post=7970"},{"taxonomy":"product_tag","embeddable":true,"href":"https:\/\/www.ceramicbasin.com\/de\/wp-json\/wp\/v2\/product_tag?post=7970"}],"curies":[{"name":"wp","href":"https:\/\/api.w.org\/{rel}","templated":true}]}}