{"id":7985,"date":"2025-10-17T10:24:22","date_gmt":"2025-10-17T10:24:22","guid":{"rendered":"https:\/\/www.ceramicbasin.com\/?post_type=product&#038;p=7985"},"modified":"2025-10-17T10:24:25","modified_gmt":"2025-10-17T10:24:25","slug":"custom-small-bathroom-sinks","status":"publish","type":"product","link":"https:\/\/www.ceramicbasin.com\/de\/produkt\/custom-small-bathroom-sinks\/","title":{"rendered":"Benutzerdefinierte kleine Badezimmer Waschbecken, quadratische keramische Waschbecken Gro\u00dfhandel"},"content":{"rendered":"<div class=\"wp-block-columns is-layout-flex wp-container-core-columns-is-layout-9d6595d7 wp-block-columns-is-layout-flex\">\n<div class=\"wp-block-column is-layout-flow wp-block-column-is-layout-flow\">\n<h2 class=\"wp-block-heading\">Premium Custom Small Bathroom Sinks Eigenschaften:<\/h2>\n\n\n\n<ul class=\"wp-block-list\">\n<li><strong>Vielseitiges Design: <\/strong>Dieses quadratische Keramikwaschbecken aus dem Gro\u00dfhandel eignet sich nicht nur f\u00fcr das Badezimmer im Haushalt, sondern auch als Waschbecken f\u00fcr die W\u00e4scherei oder eine gewerbliche Waschk\u00fcche, da es sowohl funktionell als auch optisch ansprechend ist.<\/li>\n\n\n\n<li><strong>Kompakte Gr\u00f6\u00dfe: <\/strong>Diese ma\u00dfgefertigten kleinen Waschbecken sind f\u00fcr den Einsatz in kompakten Badezimmern konzipiert, sparen Platz und eignen sich perfekt f\u00fcr eine Vielzahl von R\u00e4umen, darunter Wohnungen, Hotels, gewerbliche Toiletten und Waschr\u00e4ume.<\/li>\n\n\n\n<li><strong>Direktverkauf ab Werk:<\/strong>\u00a0HanYu's kundenspezifische kleine Waschbecken werden direkt von der Fabrik verkauft, wodurch der Preisunterschied von Zwischenh\u00e4ndlern entf\u00e4llt, und der Gro\u00dfeinkauf von Waschbecken stellt sicher, dass Sie qualitativ hochwertige Waschbecken in gro\u00dfen Mengen zu den niedrigsten Kosten kaufen.<\/li>\n\n\n\n<li><strong>Hochwertiges keramisches Material:\u00a0<\/strong>HanYus Keramiksp\u00fclen f\u00fcr den Gro\u00dfhandel werden aus hochwertigen keramischen Rohstoffen hergestellt, die bei hohen Temperaturen gebrannt werden. Sie haben eine feste Struktur und eine glatte Oberfl\u00e4che, die das Anhaften von Schmutz wirksam verhindert.<\/li>\n\n\n\n<li><strong>Rabatt bei Gro\u00dfeinkauf:\u00a0<\/strong>Wir bieten Gro\u00dfhandelsrabatte f\u00fcr ma\u00dfgeschneiderte kleine Waschbecken, die den Bed\u00fcrfnissen kommerzieller Projekte oder gro\u00df angelegter Wohndekorationen entsprechen.<\/li>\n<\/ul>\n<\/div>\n\n\n\n<div class=\"wp-block-column is-layout-flow wp-block-column-is-layout-flow\">\n<figure class=\"wp-block-image size-full\"><img fetchpriority=\"high\" decoding=\"async\" width=\"1000\" height=\"1000\" src=\"https:\/\/www.ceramicbasin.com\/wp-content\/uploads\/2025\/10\/custom-small-bathroom-sinks-square-ceramic-wash-basin-bulk-8.webp\" alt=\"custom-small-bathroom-sinks-square-ceramic-wash-basin-bulk-8\" class=\"wp-image-8134\" srcset=\"https:\/\/www.ceramicbasin.com\/wp-content\/uploads\/2025\/10\/custom-small-bathroom-sinks-square-ceramic-wash-basin-bulk-8.webp 1000w, https:\/\/www.ceramicbasin.com\/wp-content\/uploads\/2025\/10\/custom-small-bathroom-sinks-square-ceramic-wash-basin-bulk-8-300x300.webp 300w, https:\/\/www.ceramicbasin.com\/wp-content\/uploads\/2025\/10\/custom-small-bathroom-sinks-square-ceramic-wash-basin-bulk-8-150x150.webp 150w, https:\/\/www.ceramicbasin.com\/wp-content\/uploads\/2025\/10\/custom-small-bathroom-sinks-square-ceramic-wash-basin-bulk-8-768x768.webp 768w, https:\/\/www.ceramicbasin.com\/wp-content\/uploads\/2025\/10\/custom-small-bathroom-sinks-square-ceramic-wash-basin-bulk-8-12x12.webp 12w, https:\/\/www.ceramicbasin.com\/wp-content\/uploads\/2025\/10\/custom-small-bathroom-sinks-square-ceramic-wash-basin-bulk-8-285x285.webp 285w, https:\/\/www.ceramicbasin.com\/wp-content\/uploads\/2025\/10\/custom-small-bathroom-sinks-square-ceramic-wash-basin-bulk-8-270x270.webp 270w, https:\/\/www.ceramicbasin.com\/wp-content\/uploads\/2025\/10\/custom-small-bathroom-sinks-square-ceramic-wash-basin-bulk-8-540x540.webp 540w, https:\/\/www.ceramicbasin.com\/wp-content\/uploads\/2025\/10\/custom-small-bathroom-sinks-square-ceramic-wash-basin-bulk-8-660x660.webp 660w\" sizes=\"(max-width: 1000px) 100vw, 1000px\" \/><\/figure>\n<\/div>\n<\/div>","protected":false},"excerpt":{"rendered":"<p>Willkommen zum Kauf unserer modernen, ma\u00dfgeschneiderten kleinen Waschbecken im quadratischen Keramikdesign, hergestellt aus langlebigem Material und einer leicht zu reinigenden Oberfl\u00e4che f\u00fcr den Gebrauch im Bad oder in der Waschk\u00fcche. Als f\u00fchrender chinesischer Hersteller von Sanit\u00e4rkeramik bieten wir flexible Anpassungen und zuverl\u00e4ssige Gro\u00dflieferungen sowie einen schnellen Lieferservice, um globalen H\u00e4ndlern und Projekten gerecht zu werden.<\/p>\n<table style=\"border-collapse: collapse; width: 311.02pt;\" border=\"0\" width=\"311\" cellspacing=\"0\" cellpadding=\"0\">\n<tbody>\n<tr style=\"height: 17.60pt;\">\n<td class=\"et3\" style=\"height: 17.60pt; width: 108.35pt;\" width=\"108\" height=\"17\">Hersteller<\/td>\n<td class=\"et3\" style=\"width: 202.95pt;\" width=\"202\">HanYu<\/td>\n<\/tr>\n<tr style=\"height: 17.60pt;\">\n<td class=\"et3\" style=\"height: 17.60pt;\" height=\"17\">Modell Nr.<\/td>\n<td class=\"et4\">HY-401D<\/td>\n<\/tr>\n<tr style=\"height: 17.60pt;\">\n<td class=\"et3\" style=\"height: 17.60pt;\" height=\"17\">Typ<\/td>\n<td class=\"et3\">CounterTop-Becken<\/td>\n<\/tr>\n<tr style=\"height: 17.60pt;\">\n<td class=\"et3\" style=\"height: 17.60pt;\" height=\"17\">Form<\/td>\n<td class=\"et3\">Rechteckige Form<\/td>\n<\/tr>\n<tr style=\"height: 17.60pt;\">\n<td class=\"et4\" style=\"height: 17.60pt;\" height=\"17\">Farbe<\/td>\n<td class=\"et3\">Wei\u00df<\/td>\n<\/tr>\n<tr style=\"height: 18.00pt;\">\n<td class=\"et3\" style=\"height: 18.00pt;\" height=\"18\">Dimension<\/td>\n<td class=\"et5\" style=\"width: 202.95pt;\" width=\"202\">40*30*13<\/td>\n<\/tr>\n<tr style=\"height: 17.60pt;\">\n<td class=\"et3\" style=\"height: 17.60pt;\" height=\"17\">N.W \/SET<\/td>\n<td class=\"et3\">10 KGS\/PCS<\/td>\n<\/tr>\n<tr style=\"height: 17.60pt;\">\n<td class=\"et3\" style=\"height: 17.60pt;\" height=\"17\">MOQ<\/td>\n<td class=\"et3\">20St\u00fcck<\/td>\n<\/tr>\n<tr style=\"height: 17.60pt;\">\n<td class=\"et3\" style=\"height: 17.60pt;\" height=\"17\">Benutzerdefinierte Option<\/td>\n<td class=\"et3\">Farbe\/Muster\/Gr\u00f6\u00dfe\/Logo\/Verpackung<\/td>\n<\/tr>\n<\/tbody>\n<\/table>","protected":false},"featured_media":8130,"comment_status":"closed","ping_status":"closed","template":"","meta":{"_acf_changed":false},"product_brand":[],"product_cat":[50,56],"product_tag":[],"class_list":{"0":"post-7985","1":"product","2":"type-product","3":"status-publish","4":"has-post-thumbnail","6":"product_cat-wholesale-countertop-sinks","7":"product_cat-wholesale-small-bathroom-sinks","9":"first","10":"instock","11":"shipping-taxable","12":"product-type-simple"},"acf":[],"_links":{"self":[{"href":"https:\/\/www.ceramicbasin.com\/de\/wp-json\/wp\/v2\/product\/7985","targetHints":{"allow":["GET"]}}],"collection":[{"href":"https:\/\/www.ceramicbasin.com\/de\/wp-json\/wp\/v2\/product"}],"about":[{"href":"https:\/\/www.ceramicbasin.com\/de\/wp-json\/wp\/v2\/types\/product"}],"replies":[{"embeddable":true,"href":"https:\/\/www.ceramicbasin.com\/de\/wp-json\/wp\/v2\/comments?post=7985"}],"wp:featuredmedia":[{"embeddable":true,"href":"https:\/\/www.ceramicbasin.com\/de\/wp-json\/wp\/v2\/media\/8130"}],"wp:attachment":[{"href":"https:\/\/www.ceramicbasin.com\/de\/wp-json\/wp\/v2\/media?parent=7985"}],"wp:term":[{"taxonomy":"product_brand","embeddable":true,"href":"https:\/\/www.ceramicbasin.com\/de\/wp-json\/wp\/v2\/product_brand?post=7985"},{"taxonomy":"product_cat","embeddable":true,"href":"https:\/\/www.ceramicbasin.com\/de\/wp-json\/wp\/v2\/product_cat?post=7985"},{"taxonomy":"product_tag","embeddable":true,"href":"https:\/\/www.ceramicbasin.com\/de\/wp-json\/wp\/v2\/product_tag?post=7985"}],"curies":[{"name":"wp","href":"https:\/\/api.w.org\/{rel}","templated":true}]}}