{"id":7994,"date":"2025-10-17T10:04:14","date_gmt":"2025-10-17T10:04:14","guid":{"rendered":"https:\/\/www.ceramicbasin.com\/?post_type=product&#038;p=7994"},"modified":"2025-10-17T10:04:51","modified_gmt":"2025-10-17T10:04:51","slug":"wholesale-deep-bathroom-sink-bowls","status":"publish","type":"product","link":"https:\/\/www.ceramicbasin.com\/de\/produkt\/wholesale-deep-bathroom-sink-bowls\/","title":{"rendered":"Gro\u00dfhandel tief Bad Waschbecken Schalen, Kunst Italienisch Keramikbecken Bulk"},"content":{"rendered":"<div class=\"wp-block-columns is-layout-flex wp-container-core-columns-is-layout-9d6595d7 wp-block-columns-is-layout-flex\">\n<div class=\"wp-block-column is-layout-flow wp-block-column-is-layout-flow\">\n<h2 class=\"wp-block-heading\">Premium Gro\u00dfhandel tief Bad Waschbecken Schalen Merkmale:<\/h2>\n\n\n\n<ul class=\"wp-block-list\">\n<li><strong>Moderner Stil:<\/strong> Das schlichte, rechteckige Becken dieser tiefen Waschbecken aus dem Gro\u00dfhandel ist ideal f\u00fcr moderne Badezimmer, Hotels und luxuri\u00f6se H\u00e4user. Es hat einen sanften Glanz und eine Textur, die dem Badezimmer Noblesse und Eleganz verleiht.<\/li>\n\n\n\n<li><strong>Langlebige Keramik:<\/strong> Die Qualit\u00e4tskeramik ist aus best\u00e4ndiger Keramik gefertigt, die hochgebrannt werden kann. Dadurch erh\u00e4lt sie eine dichte und glatte, schmutzabweisende Oberfl\u00e4che, die nicht zu Kratzern neigt und m\u00fchelos zu reinigen ist.<\/li>\n\n\n\n<li><strong>Tiefe Schale Design:<\/strong> Das tiefe Keramikbecken im Gro\u00dfhandel bietet eine gr\u00f6\u00dfere Waschbeckenfl\u00e4che, ohne dass es zu Spritzern kommt, und ist damit ideal f\u00fcr Hotel-, Gewerbe- und hochwertige Wohnb\u00e4der.<\/li>\n\n\n\n<li><strong>Kunst im italienischen Stil:<\/strong> Die tiefen Waschbecken f\u00fcr den Gro\u00dfhandel zeichnen sich durch italienische Linien und handglasierte Oberfl\u00e4chen aus, die sie zu einem sch\u00f6nen Design machen, das zur Gesamtdekoration eines jeden Badezimmers beitr\u00e4gt.<\/li>\n\n\n\n<li><strong>Stabile Produktion:<\/strong> Als professioneller chinesischer Lieferant von Waschbecken verf\u00fcgt Hanyu \u00fcber eine starke Unterst\u00fctzung f\u00fcr Gro\u00dfabnehmer und OEM\/ODM-Partnerschaften. Bei Gro\u00dfeink\u00e4ufen k\u00f6nnen Sie von besonders g\u00fcnstigen Preisnachl\u00e4ssen profitieren, um sicherzustellen, dass Sie Produkte von h\u00f6chster Qualit\u00e4t genie\u00dfen k\u00f6nnen, ohne Ihr Budget zu sprengen.<\/li>\n<\/ul>\n<\/div>\n\n\n\n<div class=\"wp-block-column is-layout-flow wp-block-column-is-layout-flow\">\n<figure class=\"wp-block-image size-full\"><img fetchpriority=\"high\" decoding=\"async\" width=\"1000\" height=\"1000\" src=\"https:\/\/www.ceramicbasin.com\/wp-content\/uploads\/2025\/10\/wholesale-deep-bathroom-sink-bowls-art-italian-ceramic-basin-bulk-2.webp\" alt=\"gro\u00dfhandel-tiefe-badezimmer-waschbecken-art-italienisches-keramik-waschtisch-bulk-2\" class=\"wp-image-8119\" srcset=\"https:\/\/www.ceramicbasin.com\/wp-content\/uploads\/2025\/10\/wholesale-deep-bathroom-sink-bowls-art-italian-ceramic-basin-bulk-2.webp 1000w, https:\/\/www.ceramicbasin.com\/wp-content\/uploads\/2025\/10\/wholesale-deep-bathroom-sink-bowls-art-italian-ceramic-basin-bulk-2-300x300.webp 300w, https:\/\/www.ceramicbasin.com\/wp-content\/uploads\/2025\/10\/wholesale-deep-bathroom-sink-bowls-art-italian-ceramic-basin-bulk-2-150x150.webp 150w, https:\/\/www.ceramicbasin.com\/wp-content\/uploads\/2025\/10\/wholesale-deep-bathroom-sink-bowls-art-italian-ceramic-basin-bulk-2-768x768.webp 768w, https:\/\/www.ceramicbasin.com\/wp-content\/uploads\/2025\/10\/wholesale-deep-bathroom-sink-bowls-art-italian-ceramic-basin-bulk-2-12x12.webp 12w, https:\/\/www.ceramicbasin.com\/wp-content\/uploads\/2025\/10\/wholesale-deep-bathroom-sink-bowls-art-italian-ceramic-basin-bulk-2-285x285.webp 285w, https:\/\/www.ceramicbasin.com\/wp-content\/uploads\/2025\/10\/wholesale-deep-bathroom-sink-bowls-art-italian-ceramic-basin-bulk-2-270x270.webp 270w, https:\/\/www.ceramicbasin.com\/wp-content\/uploads\/2025\/10\/wholesale-deep-bathroom-sink-bowls-art-italian-ceramic-basin-bulk-2-540x540.webp 540w, https:\/\/www.ceramicbasin.com\/wp-content\/uploads\/2025\/10\/wholesale-deep-bathroom-sink-bowls-art-italian-ceramic-basin-bulk-2-660x660.webp 660w\" sizes=\"(max-width: 1000px) 100vw, 1000px\" \/><\/figure>\n<\/div>\n<\/div>\n\n\n\n<p><\/p>","protected":false},"excerpt":{"rendered":"<p>Willkommen zum Kauf unserer Gro\u00dfhandel tiefe Bad Waschbecken Schalen in italienischer Kunst Design, aus hochgebrannten Keramik mit einem tiefen Becken und gl\u00e4nzende Oberfl\u00e4che gefertigt. Perfekt f\u00fcr Hotel- und Villenprojekte, unterst\u00fctzt OEM \/ ODM bulk customization.as ein f\u00fchrender chinesischer Hersteller von Sanit\u00e4rkeramik, bieten wir flexible Anpassung und zuverl\u00e4ssige Bulk-Lieferungen und schnelle Lieferung Dienstleistungen f\u00fcr globale H\u00e4ndler und Projekte zu erf\u00fcllen.<\/p>\n<table style=\"border-collapse: collapse; width: 311.02pt;\" border=\"0\" width=\"311\" cellspacing=\"0\" cellpadding=\"0\">\n<tbody>\n<tr style=\"height: 17.60pt;\">\n<td class=\"et3\" style=\"height: 17.60pt; width: 108.35pt;\" width=\"108\" height=\"17\">Hersteller<\/td>\n<td class=\"et3\" style=\"width: 202.95pt;\" width=\"202\">HanYu<\/td>\n<\/tr>\n<tr style=\"height: 17.60pt;\">\n<td class=\"et3\" style=\"height: 17.60pt;\" height=\"17\">Modell Nr.<\/td>\n<td class=\"et4\">HY-401E<\/td>\n<\/tr>\n<tr style=\"height: 17.60pt;\">\n<td class=\"et3\" style=\"height: 17.60pt;\" height=\"17\">Typ<\/td>\n<td class=\"et3\">CounterTop-Becken<\/td>\n<\/tr>\n<tr style=\"height: 17.60pt;\">\n<td class=\"et3\" style=\"height: 17.60pt;\" height=\"17\">Form<\/td>\n<td class=\"et3\">Rechteckige Form<\/td>\n<\/tr>\n<tr style=\"height: 17.60pt;\">\n<td class=\"et4\" style=\"height: 17.60pt;\" height=\"17\">Farbe<\/td>\n<td class=\"et3\">Wei\u00df<\/td>\n<\/tr>\n<tr style=\"height: 18.00pt;\">\n<td class=\"et3\" style=\"height: 18.00pt;\" height=\"18\">Dimension<\/td>\n<td class=\"et5\" style=\"width: 202.95pt;\" width=\"202\">40*30*13<\/td>\n<\/tr>\n<tr style=\"height: 17.60pt;\">\n<td class=\"et3\" style=\"height: 17.60pt;\" height=\"17\">N.W \/SET<\/td>\n<td class=\"et3\">7 KGS\/PCS<\/td>\n<\/tr>\n<tr style=\"height: 17.60pt;\">\n<td class=\"et3\" style=\"height: 17.60pt;\" height=\"17\">MOQ<\/td>\n<td class=\"et3\">20St\u00fcck<\/td>\n<\/tr>\n<tr style=\"height: 17.60pt;\">\n<td class=\"et3\" style=\"height: 17.60pt;\" height=\"17\">Benutzerdefinierte Option<\/td>\n<td class=\"et3\">Farbe\/Muster\/Gr\u00f6\u00dfe\/Logo\/Verpackung<\/td>\n<\/tr>\n<\/tbody>\n<\/table>","protected":false},"featured_media":8124,"comment_status":"closed","ping_status":"closed","template":"","meta":{"_acf_changed":false},"product_brand":[],"product_cat":[50],"product_tag":[],"class_list":{"0":"post-7994","1":"product","2":"type-product","3":"status-publish","4":"has-post-thumbnail","6":"product_cat-wholesale-countertop-sinks","8":"first","9":"instock","10":"shipping-taxable","11":"product-type-simple"},"acf":[],"_links":{"self":[{"href":"https:\/\/www.ceramicbasin.com\/de\/wp-json\/wp\/v2\/product\/7994","targetHints":{"allow":["GET"]}}],"collection":[{"href":"https:\/\/www.ceramicbasin.com\/de\/wp-json\/wp\/v2\/product"}],"about":[{"href":"https:\/\/www.ceramicbasin.com\/de\/wp-json\/wp\/v2\/types\/product"}],"replies":[{"embeddable":true,"href":"https:\/\/www.ceramicbasin.com\/de\/wp-json\/wp\/v2\/comments?post=7994"}],"wp:featuredmedia":[{"embeddable":true,"href":"https:\/\/www.ceramicbasin.com\/de\/wp-json\/wp\/v2\/media\/8124"}],"wp:attachment":[{"href":"https:\/\/www.ceramicbasin.com\/de\/wp-json\/wp\/v2\/media?parent=7994"}],"wp:term":[{"taxonomy":"product_brand","embeddable":true,"href":"https:\/\/www.ceramicbasin.com\/de\/wp-json\/wp\/v2\/product_brand?post=7994"},{"taxonomy":"product_cat","embeddable":true,"href":"https:\/\/www.ceramicbasin.com\/de\/wp-json\/wp\/v2\/product_cat?post=7994"},{"taxonomy":"product_tag","embeddable":true,"href":"https:\/\/www.ceramicbasin.com\/de\/wp-json\/wp\/v2\/product_tag?post=7994"}],"curies":[{"name":"wp","href":"https:\/\/api.w.org\/{rel}","templated":true}]}}