{"id":8002,"date":"2025-10-17T09:21:37","date_gmt":"2025-10-17T09:21:37","guid":{"rendered":"https:\/\/www.ceramicbasin.com\/?post_type=product&#038;p=8002"},"modified":"2025-11-13T07:35:42","modified_gmt":"2025-11-13T07:35:42","slug":"custom-ceramic-basins","status":"publish","type":"product","link":"https:\/\/www.ceramicbasin.com\/de\/produkt\/custom-ceramic-basins\/","title":{"rendered":"Beliebte benutzerdefinierte Keramik-Becken, Quadratische Arbeitsplatte Waschbecken Bulk"},"content":{"rendered":"<div class=\"wp-block-columns is-layout-flex wp-container-core-columns-is-layout-9d6595d7 wp-block-columns-is-layout-flex\">\n<div class=\"wp-block-column is-layout-flow wp-block-column-is-layout-flow\">\n<h2 class=\"wp-block-heading\">Premium Popular Custom Ceramic Basins Merkmale:<\/h2>\n\n\n\n<ul class=\"wp-block-list\">\n<li><strong>Modernes quadratisches Design:<\/strong> Diese ma\u00dfgefertigten Keramikwaschbecken haben ein schlichtes, quadratisches Design mit minimalen Linien, das sich m\u00fchelos in moderne Badezimmer einf\u00fcgt und einen einheitlichen Stil erzeugt.<\/li>\n\n\n\n<li><strong>Bei hoher Temperatur gebrannte Keramik:<\/strong> Diese ma\u00dfgefertigten Keramikbecken werden aus hochwertiger Keramik hergestellt, die bei hohen Temperaturen gebrannt wird. Dadurch entsteht eine solide, seidige Haptik, die kratzfest, wasserfest und lichtecht ist und eine dauerhafte, hygienische Oberfl\u00e4che bildet.<\/li>\n\n\n\n<li><strong>Einbau der Arbeitsplatte:<\/strong> Unsere Waschbecken f\u00fcr den Gro\u00dfhandel sind f\u00fcr den Einbau in die Arbeitsplatte konzipiert, so dass sie einfach installiert und repariert werden k\u00f6nnen, ohne dass ihr Design und ihre Schichtung beeintr\u00e4chtigt werden. Sie eignen sich daher optimal f\u00fcr luxuri\u00f6se Badezimmer und den gewerblichen Einsatz.<\/li>\n\n\n\n<li><strong>Anpassbare Optionen:<\/strong> Unsere Gro\u00dfhandel Keramik Arbeitsplatte Waschbecken k\u00f6nnen mit Gr\u00f6\u00dfe, Farbe, Logo, Glasur und Verpackung als pro OEM \/ ODM-Projekt Spezifikationen angepasst werden.<\/li>\n\n\n\n<li><strong>Gro\u00dfe Produktionskapazit\u00e4t:<\/strong> Unser gro\u00dfes Lager enth\u00e4lt verschiedene Arten von Porzellan Bad Arbeitsplatte Waschbecken. W\u00e4hlen Sie die Artikel, die in der Produktion sind, haben wir genug wei\u00dfe Becken, um Marmor Farbe Becken zu machen, so dass die Versandzeit w\u00e4re k\u00fcrzer eine Menge.<\/li>\n<\/ul>\n<\/div>\n\n\n\n<div class=\"wp-block-column is-layout-flow wp-block-column-is-layout-flow\">\n<figure class=\"wp-block-image size-full\"><img fetchpriority=\"high\" decoding=\"async\" width=\"1000\" height=\"1000\" src=\"https:\/\/www.ceramicbasin.com\/wp-content\/uploads\/2025\/10\/popular-custom-ceramic-basins-square-countertop-sink-bulk-5.webp\" alt=\"beliebtes-keramisches-becken-quadratische-aufsatzsp\u00fcle-sch\u00fcttung-5\" class=\"wp-image-8116\" srcset=\"https:\/\/www.ceramicbasin.com\/wp-content\/uploads\/2025\/10\/popular-custom-ceramic-basins-square-countertop-sink-bulk-5.webp 1000w, https:\/\/www.ceramicbasin.com\/wp-content\/uploads\/2025\/10\/popular-custom-ceramic-basins-square-countertop-sink-bulk-5-300x300.webp 300w, https:\/\/www.ceramicbasin.com\/wp-content\/uploads\/2025\/10\/popular-custom-ceramic-basins-square-countertop-sink-bulk-5-150x150.webp 150w, https:\/\/www.ceramicbasin.com\/wp-content\/uploads\/2025\/10\/popular-custom-ceramic-basins-square-countertop-sink-bulk-5-768x768.webp 768w, https:\/\/www.ceramicbasin.com\/wp-content\/uploads\/2025\/10\/popular-custom-ceramic-basins-square-countertop-sink-bulk-5-12x12.webp 12w, https:\/\/www.ceramicbasin.com\/wp-content\/uploads\/2025\/10\/popular-custom-ceramic-basins-square-countertop-sink-bulk-5-285x285.webp 285w, https:\/\/www.ceramicbasin.com\/wp-content\/uploads\/2025\/10\/popular-custom-ceramic-basins-square-countertop-sink-bulk-5-270x270.webp 270w, https:\/\/www.ceramicbasin.com\/wp-content\/uploads\/2025\/10\/popular-custom-ceramic-basins-square-countertop-sink-bulk-5-540x540.webp 540w, https:\/\/www.ceramicbasin.com\/wp-content\/uploads\/2025\/10\/popular-custom-ceramic-basins-square-countertop-sink-bulk-5-660x660.webp 660w\" sizes=\"(max-width: 1000px) 100vw, 1000px\" \/><\/figure>\n<\/div>\n<\/div>","protected":false},"excerpt":{"rendered":"<p>Willkommen zum Kauf unserer ma\u00dfgeschneiderten Keramikbecken in gro\u00dfen Mengen, die sich durch ihr exquisites Design und ihre hochwertigen Keramikmaterialien auszeichnen und eine ideale Wahl f\u00fcr die Badezimmerdekoration darstellen. Das stromlinienf\u00f6rmige Aussehen, das Design und die abgerundete Kantenbehandlung zeigen au\u00dfergew\u00f6hnliche k\u00fcnstlerische Sch\u00f6nheit. Gro\u00dfeink\u00e4ufe bieten ein besseres Preis-Leistungs-Verh\u00e4ltnis. Perfekt f\u00fcr Hotels, Projekte und Gro\u00dfh\u00e4ndler.<\/p>\n<table style=\"border-collapse: collapse; width: 311.02pt;\" border=\"0\" width=\"311\" cellspacing=\"0\" cellpadding=\"0\">\n<tbody>\n<tr style=\"height: 17.60pt;\">\n<td class=\"et3\" style=\"height: 17.60pt; width: 108.35pt;\" width=\"108\" height=\"17\">Hersteller<\/td>\n<td class=\"et3\" style=\"width: 202.95pt;\" width=\"202\">HanYu<\/td>\n<\/tr>\n<tr style=\"height: 17.60pt;\">\n<td class=\"et3\" style=\"height: 17.60pt;\" height=\"17\">Modell Nr.<\/td>\n<td class=\"et4\">HY-425<\/td>\n<\/tr>\n<tr style=\"height: 17.60pt;\">\n<td class=\"et3\" style=\"height: 17.60pt;\" height=\"17\">Typ<\/td>\n<td class=\"et3\">CounterTop-Becken<\/td>\n<\/tr>\n<tr style=\"height: 17.60pt;\">\n<td class=\"et3\" style=\"height: 17.60pt;\" height=\"17\">Form<\/td>\n<td class=\"et3\">Rechteckige Form<\/td>\n<\/tr>\n<tr style=\"height: 17.60pt;\">\n<td class=\"et4\" style=\"height: 17.60pt;\" height=\"17\">Farbe<\/td>\n<td class=\"et3\">Wei\u00df<\/td>\n<\/tr>\n<tr style=\"height: 18.00pt;\">\n<td class=\"et3\" style=\"height: 18.00pt;\" height=\"18\">Dimension<\/td>\n<td class=\"et5\" style=\"width: 202.95pt;\" width=\"202\">45*30.5*10.5<\/td>\n<\/tr>\n<tr style=\"height: 17.60pt;\">\n<td class=\"et3\" style=\"height: 17.60pt;\" height=\"17\">N.W \/SET<\/td>\n<td class=\"et3\">7,5 KGS\/PCS<\/td>\n<\/tr>\n<tr style=\"height: 17.60pt;\">\n<td class=\"et3\" style=\"height: 17.60pt;\" height=\"17\">MOQ<\/td>\n<td class=\"et3\">20St\u00fcck<\/td>\n<\/tr>\n<tr style=\"height: 17.60pt;\">\n<td class=\"et3\" style=\"height: 17.60pt;\" height=\"17\">Benutzerdefinierte Option<\/td>\n<td class=\"et3\">Farbe\/Muster\/Gr\u00f6\u00dfe\/Logo\/Verpackung<\/td>\n<\/tr>\n<\/tbody>\n<\/table>","protected":false},"featured_media":8112,"comment_status":"closed","ping_status":"closed","template":"","meta":{"_acf_changed":false},"product_brand":[],"product_cat":[50],"product_tag":[],"class_list":{"0":"post-8002","1":"product","2":"type-product","3":"status-publish","4":"has-post-thumbnail","6":"product_cat-wholesale-countertop-sinks","8":"first","9":"instock","10":"shipping-taxable","11":"product-type-simple"},"acf":[],"_links":{"self":[{"href":"https:\/\/www.ceramicbasin.com\/de\/wp-json\/wp\/v2\/product\/8002","targetHints":{"allow":["GET"]}}],"collection":[{"href":"https:\/\/www.ceramicbasin.com\/de\/wp-json\/wp\/v2\/product"}],"about":[{"href":"https:\/\/www.ceramicbasin.com\/de\/wp-json\/wp\/v2\/types\/product"}],"replies":[{"embeddable":true,"href":"https:\/\/www.ceramicbasin.com\/de\/wp-json\/wp\/v2\/comments?post=8002"}],"wp:featuredmedia":[{"embeddable":true,"href":"https:\/\/www.ceramicbasin.com\/de\/wp-json\/wp\/v2\/media\/8112"}],"wp:attachment":[{"href":"https:\/\/www.ceramicbasin.com\/de\/wp-json\/wp\/v2\/media?parent=8002"}],"wp:term":[{"taxonomy":"product_brand","embeddable":true,"href":"https:\/\/www.ceramicbasin.com\/de\/wp-json\/wp\/v2\/product_brand?post=8002"},{"taxonomy":"product_cat","embeddable":true,"href":"https:\/\/www.ceramicbasin.com\/de\/wp-json\/wp\/v2\/product_cat?post=8002"},{"taxonomy":"product_tag","embeddable":true,"href":"https:\/\/www.ceramicbasin.com\/de\/wp-json\/wp\/v2\/product_tag?post=8002"}],"curies":[{"name":"wp","href":"https:\/\/api.w.org\/{rel}","templated":true}]}}