{"id":8043,"date":"2025-10-16T01:58:56","date_gmt":"2025-10-16T01:58:56","guid":{"rendered":"https:\/\/www.ceramicbasin.com\/?post_type=product&#038;p=8043"},"modified":"2025-10-17T08:24:20","modified_gmt":"2025-10-17T08:24:20","slug":"ceramic-countertop-basin-wholesale","status":"publish","type":"product","link":"https:\/\/www.ceramicbasin.com\/de\/produkt\/ceramic-countertop-basin-wholesale\/","title":{"rendered":"Keramische Arbeitsplatte Becken Gro\u00dfhandel, kein Loch Wasserhahn Mount Bad Waschbecken"},"content":{"rendered":"<div class=\"wp-block-columns is-layout-flex wp-container-core-columns-is-layout-9d6595d7 wp-block-columns-is-layout-flex\">\n<div class=\"wp-block-column is-layout-flow wp-block-column-is-layout-flow\">\n<h2 class=\"wp-block-heading\">Premium-Keramik-Arbeitsplatte Becken Gro\u00dfhandel Merkmale:<\/h2>\n\n\n\n<ul class=\"wp-block-list\">\n<li><strong>Auff\u00e4lliges Design: <\/strong>Unser Gro\u00dfhandel f\u00fcr keramische Waschbecken zeichnet sich durch ein auffallend modernes Design in jedem Produkt aus, ein Inbegriff der Sch\u00f6nheit, mit dem Ziel, dem Badezimmer Klasse und Raffinesse zu verleihen.<\/li>\n\n\n\n<li><strong>Hochwertiges keramisches Material:<\/strong> Dieses Keramikgef\u00e4\u00df f\u00fcr den Gro\u00dfhandel besteht aus hochwertiger Keramik, die unter hoher Hitze gebrannt wird und eine dichte, glatte Oberfl\u00e4che bildet, die kratzfest, verschlei\u00dffest und vergilbungsfrei ist, so dass es sein makelloses Aussehen \u00fcber Jahre hinweg beibeh\u00e4lt.<\/li>\n\n\n\n<li><strong>Lochfreie Armaturenmontage: <\/strong>Dieses Keramik-Waschtischbecken im Gro\u00dfhandel bietet ein klares, modernes Aussehen, perfekt f\u00fcr Wand- oder Aufsatzarmaturen, mit der M\u00f6glichkeit mehrerer Installationsoptionen f\u00fcr Hotels oder kommerzielle Projekte.<\/li>\n\n\n\n<li><strong>Rechteckig Solide Ausf\u00fchrung:<\/strong> Diese Gro\u00dfhandelskeramik-Waschbecken sind solide im Design und haben klare Linien, die ein modernes, minimalistisches Design betonen, perfekt f\u00fcr High-End-Hotels und kommerzielle Nutzung.<\/li>\n\n\n\n<li><strong>Unbegrenzte Anpassungsm\u00f6glichkeiten:<\/strong> Als professioneller Hersteller von Gef\u00e4\u00dfwaschbecken bietet HanYu eine komplette Palette an kundenspezifischen Badezimmerwaschbecken in Bezug auf Form, Gr\u00f6\u00dfe, Farbe und vieles mehr f\u00fcr kommerzielle Zwecke.<\/li>\n<\/ul>\n<\/div>\n\n\n\n<div class=\"wp-block-column is-layout-flow wp-block-column-is-layout-flow\">\n<figure class=\"wp-block-image size-full\"><img fetchpriority=\"high\" decoding=\"async\" width=\"602\" height=\"820\" src=\"https:\/\/www.ceramicbasin.com\/wp-content\/uploads\/2025\/10\/ceramic-countertop-basin-wholesale-no-hole-bathroom-sinks-6.webp\" alt=\"keramik-arbeitsplatte-waschbecken-gro\u00dfhandel-ohne-loch-badezimmer-waschbecken-6\" class=\"wp-image-8110\" srcset=\"https:\/\/www.ceramicbasin.com\/wp-content\/uploads\/2025\/10\/ceramic-countertop-basin-wholesale-no-hole-bathroom-sinks-6.webp 602w, https:\/\/www.ceramicbasin.com\/wp-content\/uploads\/2025\/10\/ceramic-countertop-basin-wholesale-no-hole-bathroom-sinks-6-220x300.webp 220w, https:\/\/www.ceramicbasin.com\/wp-content\/uploads\/2025\/10\/ceramic-countertop-basin-wholesale-no-hole-bathroom-sinks-6-9x12.webp 9w, https:\/\/www.ceramicbasin.com\/wp-content\/uploads\/2025\/10\/ceramic-countertop-basin-wholesale-no-hole-bathroom-sinks-6-285x388.webp 285w, https:\/\/www.ceramicbasin.com\/wp-content\/uploads\/2025\/10\/ceramic-countertop-basin-wholesale-no-hole-bathroom-sinks-6-485x660.webp 485w, https:\/\/www.ceramicbasin.com\/wp-content\/uploads\/2025\/10\/ceramic-countertop-basin-wholesale-no-hole-bathroom-sinks-6-110x150.webp 110w\" sizes=\"(max-width: 602px) 100vw, 602px\" \/><\/figure>\n<\/div>\n<\/div>","protected":false},"excerpt":{"rendered":"<p>Willkommen in unserer Keramik-Arbeitsplatte Becken Gro\u00dfhandel zu kaufen. Als professionelle benutzerdefinierte Gef\u00e4\u00df Waschbecken Hersteller, bietet HanYu Keramik Waschbecken Gro\u00dfhandel mit einem No-Loch Wasserhahn montieren und rechteckige solide Design, ideal f\u00fcr Hotel und kommerzielle Bad Projekte. Langlebig, leicht zu reinigen, und unterst\u00fctzt OEM \/ ODM Anpassung f\u00fcr Gro\u00dfauftr\u00e4ge.<\/p>\n<table style=\"border-collapse: collapse; width: 311.02pt;\" border=\"0\" width=\"311\" cellspacing=\"0\" cellpadding=\"0\">\n<tbody>\n<tr style=\"height: 17.60pt;\">\n<td class=\"et3\" style=\"height: 17.60pt; width: 108.35pt;\" width=\"108\" height=\"17\">Hersteller<\/td>\n<td class=\"et3\" style=\"width: 202.95pt;\" width=\"202\">HanYu<\/td>\n<\/tr>\n<tr style=\"height: 17.60pt;\">\n<td class=\"et3\" style=\"height: 17.60pt;\" height=\"17\">Modell Nr.<\/td>\n<td class=\"et4\">HY-8092<\/td>\n<\/tr>\n<tr style=\"height: 17.60pt;\">\n<td class=\"et3\" style=\"height: 17.60pt;\" height=\"17\">Typ<\/td>\n<td class=\"et3\">CounterTop-Becken<\/td>\n<\/tr>\n<tr style=\"height: 17.60pt;\">\n<td class=\"et3\" style=\"height: 17.60pt;\" height=\"17\">Form<\/td>\n<td class=\"et3\">Rechteckige Form<\/td>\n<\/tr>\n<tr style=\"height: 17.60pt;\">\n<td class=\"et4\" style=\"height: 17.60pt;\" height=\"17\">Farbe<\/td>\n<td class=\"et3\">Wei\u00df<\/td>\n<\/tr>\n<tr style=\"height: 18.00pt;\">\n<td class=\"et3\" style=\"height: 18.00pt;\" height=\"18\">Dimension<\/td>\n<td class=\"et5\" style=\"width: 202.95pt;\" width=\"202\">50.2*36*11<\/td>\n<\/tr>\n<tr style=\"height: 17.60pt;\">\n<td class=\"et3\" style=\"height: 17.60pt;\" height=\"17\">N.W \/SET<\/td>\n<td class=\"et3\">11KGS\/PCS<\/td>\n<\/tr>\n<tr style=\"height: 17.60pt;\">\n<td class=\"et3\" style=\"height: 17.60pt;\" height=\"17\">MOQ<\/td>\n<td class=\"et3\">20St\u00fcck<\/td>\n<\/tr>\n<tr style=\"height: 17.60pt;\">\n<td class=\"et3\" style=\"height: 17.60pt;\" height=\"17\">Benutzerdefinierte Option<\/td>\n<td class=\"et3\">Farbe\/Muster\/Gr\u00f6\u00dfe\/Logo\/Verpackung<\/td>\n<\/tr>\n<\/tbody>\n<\/table>","protected":false},"featured_media":8105,"comment_status":"closed","ping_status":"closed","template":"","meta":{"_acf_changed":false},"product_brand":[],"product_cat":[50],"product_tag":[],"class_list":{"0":"post-8043","1":"product","2":"type-product","3":"status-publish","4":"has-post-thumbnail","6":"product_cat-wholesale-countertop-sinks","8":"first","9":"instock","10":"shipping-taxable","11":"product-type-simple"},"acf":[],"_links":{"self":[{"href":"https:\/\/www.ceramicbasin.com\/de\/wp-json\/wp\/v2\/product\/8043","targetHints":{"allow":["GET"]}}],"collection":[{"href":"https:\/\/www.ceramicbasin.com\/de\/wp-json\/wp\/v2\/product"}],"about":[{"href":"https:\/\/www.ceramicbasin.com\/de\/wp-json\/wp\/v2\/types\/product"}],"replies":[{"embeddable":true,"href":"https:\/\/www.ceramicbasin.com\/de\/wp-json\/wp\/v2\/comments?post=8043"}],"wp:featuredmedia":[{"embeddable":true,"href":"https:\/\/www.ceramicbasin.com\/de\/wp-json\/wp\/v2\/media\/8105"}],"wp:attachment":[{"href":"https:\/\/www.ceramicbasin.com\/de\/wp-json\/wp\/v2\/media?parent=8043"}],"wp:term":[{"taxonomy":"product_brand","embeddable":true,"href":"https:\/\/www.ceramicbasin.com\/de\/wp-json\/wp\/v2\/product_brand?post=8043"},{"taxonomy":"product_cat","embeddable":true,"href":"https:\/\/www.ceramicbasin.com\/de\/wp-json\/wp\/v2\/product_cat?post=8043"},{"taxonomy":"product_tag","embeddable":true,"href":"https:\/\/www.ceramicbasin.com\/de\/wp-json\/wp\/v2\/product_tag?post=8043"}],"curies":[{"name":"wp","href":"https:\/\/api.w.org\/{rel}","templated":true}]}}