{"id":8051,"date":"2025-10-16T05:45:05","date_gmt":"2025-10-16T05:45:05","guid":{"rendered":"https:\/\/www.ceramicbasin.com\/?post_type=product&#038;p=8051"},"modified":"2025-10-17T07:38:09","modified_gmt":"2025-10-17T07:38:09","slug":"wholesale-deep-bowl-bathroom-sink","status":"publish","type":"product","link":"https:\/\/www.ceramicbasin.com\/de\/produkt\/wholesale-deep-bowl-bathroom-sink\/","title":{"rendered":"Luxus Wei\u00df Gro\u00dfhandel Tiefe Sch\u00fcssel Badezimmer Waschbecken f\u00fcr Heimgebrauch"},"content":{"rendered":"<div class=\"wp-block-columns is-layout-flex wp-container-core-columns-is-layout-9d6595d7 wp-block-columns-is-layout-flex\">\n<div class=\"wp-block-column is-layout-flow wp-block-column-is-layout-flow\">\n<h2 class=\"wp-block-heading\">Premium Gro\u00dfhandel Deep Bowl Badezimmer Waschbecken Features:<\/h2>\n\n\n\n<ul class=\"wp-block-list\">\n<li><strong>Hochwertige Verarbeitung und Design: <\/strong>Dieses tiefe Keramikwaschbecken f\u00fcr den Gro\u00dfhandel ist aus hochwertiger Keramik gefertigt, die bei hoher Temperatur gebrannt wurde, und bietet eine glatte, edle Oberfl\u00e4che und ein anspruchsvolles, luxuri\u00f6ses, minimalistisches Design.<\/li>\n\n\n\n<li><strong>Tiefe Sch\u00fcsselkonstruktion:<\/strong> Die tiefe Beckenstruktur dieses Gro\u00dfhandels-Keramiksp\u00fclbeckens minimiert Spritzer bemerkenswert gut und f\u00f6rdert den Benutzerkomfort, ideal f\u00fcr stark frequentierte Wohnungen oder gewerbliche R\u00e4ume.<\/li>\n\n\n\n<li><strong>Flecken-, kratz- und rissbest\u00e4ndige Glasur:<\/strong> Dieses tiefe Waschbecken f\u00fcr den Gro\u00dfhandel ist mit einer kratz-, schmutz- und rissfesten Hochglanzglasur ausgestattet, die in einer dauerhaften, wei\u00dfen und gl\u00e4nzenden Oberfl\u00e4che geliefert wird, die auch leicht zu reinigen und zu pflegen ist.<\/li>\n\n\n\n<li><strong>Quadratisches Design mit gro\u00dfem Fassungsverm\u00f6gen: <\/strong>Das wei\u00dfe, quadratische Becken dieses Badezimmer-Waschbeckens aus dem Gro\u00dfhandel zeichnet sich durch ein minimalistisches und elegantes Aussehen, eine effektive Raumnutzung und eine ausgewogene \u00c4sthetik und Funktionalit\u00e4t aus.<\/li>\n\n\n\n<li><strong>Universelle Anwendung: <\/strong>Dieses Gro\u00dfhandels-Keramikwaschbecken kann an vielen Orten eingesetzt werden, darunter in privaten Badezimmern, Hotelb\u00e4dern, kommerziellen Clubs und Musterh\u00e4usern. Gro\u00dfhandel oder benutzerdefinierte Arbeit kann untergebracht werden.<\/li>\n\n\n\n<li><strong>Gro\u00dfhandelsservice und Kostenvorteil:<\/strong> Unser Gro\u00dfhandelsservice f\u00fcr keramische Waschbecken konzentriert sich auf den Gro\u00dfhandelskanal und bietet flexible Bestellmengenoptionen sowie effiziente Produktions- und Lieferm\u00f6glichkeiten, die sich besonders f\u00fcr gro\u00dfe Bauprojekte, Hoteldekorationsprojekte und Markenh\u00e4ndler eignen.<\/li>\n<\/ul>\n<\/div>\n\n\n\n<div class=\"wp-block-column is-layout-flow wp-block-column-is-layout-flow\">\n<figure class=\"wp-block-image size-full\"><img fetchpriority=\"high\" decoding=\"async\" width=\"609\" height=\"777\" src=\"https:\/\/www.ceramicbasin.com\/wp-content\/uploads\/2025\/10\/luxury-white-wholesale-deep-bowl-bathroom-sink-for-home-use-6.webp\" alt=\"luxus-weiss-grosshandel-tiefes-badezimmer-waschbecken-f\u00fcr-den-gebrauch-6\" class=\"wp-image-8103\" srcset=\"https:\/\/www.ceramicbasin.com\/wp-content\/uploads\/2025\/10\/luxury-white-wholesale-deep-bowl-bathroom-sink-for-home-use-6.webp 609w, https:\/\/www.ceramicbasin.com\/wp-content\/uploads\/2025\/10\/luxury-white-wholesale-deep-bowl-bathroom-sink-for-home-use-6-235x300.webp 235w, https:\/\/www.ceramicbasin.com\/wp-content\/uploads\/2025\/10\/luxury-white-wholesale-deep-bowl-bathroom-sink-for-home-use-6-9x12.webp 9w, https:\/\/www.ceramicbasin.com\/wp-content\/uploads\/2025\/10\/luxury-white-wholesale-deep-bowl-bathroom-sink-for-home-use-6-285x364.webp 285w, https:\/\/www.ceramicbasin.com\/wp-content\/uploads\/2025\/10\/luxury-white-wholesale-deep-bowl-bathroom-sink-for-home-use-6-517x660.webp 517w, https:\/\/www.ceramicbasin.com\/wp-content\/uploads\/2025\/10\/luxury-white-wholesale-deep-bowl-bathroom-sink-for-home-use-6-118x150.webp 118w\" sizes=\"(max-width: 609px) 100vw, 609px\" \/><\/figure>\n<\/div>\n<\/div>\n\n\n\n<p><\/p>","protected":false},"excerpt":{"rendered":"<p>Willkommen in diesem Luxus Gro\u00dfhandel tiefe Sch\u00fcssel Waschbecken mit eleganten wei\u00dfen quadratischen Keramik-Design, ideal f\u00fcr Haus oder Hotel B\u00e4der zu kaufen. Langlebig, leicht zu reinigen und verf\u00fcgbar f\u00fcr Gro\u00dfauftr\u00e4ge und unterst\u00fctzt eine Vielzahl von Anpassungsoptionen, um die pers\u00f6nlichen Bed\u00fcrfnisse von Marken und Projekten zu erf\u00fcllen. Perfekt f\u00fcr B2B-K\u00e4ufer, die hochwertige Keramikwaschbecken suchen.<\/p>\n<table style=\"border-collapse: collapse; width: 311.02pt;\" border=\"0\" width=\"311\" cellspacing=\"0\" cellpadding=\"0\">\n<tbody>\n<tr style=\"height: 17.60pt;\">\n<td class=\"et3\" style=\"height: 17.60pt; width: 108.35pt;\" width=\"108\" height=\"17\">Hersteller<\/td>\n<td class=\"et3\" style=\"width: 202.95pt;\" width=\"202\">HanYu<\/td>\n<\/tr>\n<tr style=\"height: 17.60pt;\">\n<td class=\"et3\" style=\"height: 17.60pt;\" height=\"17\">Modell Nr.<\/td>\n<td class=\"et4\">HY-8096<\/td>\n<\/tr>\n<tr style=\"height: 17.60pt;\">\n<td class=\"et3\" style=\"height: 17.60pt;\" height=\"17\">Typ<\/td>\n<td class=\"et3\">CounterTop-Becken<\/td>\n<\/tr>\n<tr style=\"height: 17.60pt;\">\n<td class=\"et3\" style=\"height: 17.60pt;\" height=\"17\">Form<\/td>\n<td class=\"et3\">Rechteckige Form<\/td>\n<\/tr>\n<tr style=\"height: 17.60pt;\">\n<td class=\"et4\" style=\"height: 17.60pt;\" height=\"17\">Farbe<\/td>\n<td class=\"et3\">Wei\u00df<\/td>\n<\/tr>\n<tr style=\"height: 18.00pt;\">\n<td class=\"et3\" style=\"height: 18.00pt;\" height=\"18\">Dimension<\/td>\n<td class=\"et5\" style=\"width: 202.95pt;\" width=\"202\">50*38*16<\/td>\n<\/tr>\n<tr style=\"height: 17.60pt;\">\n<td class=\"et3\" style=\"height: 17.60pt;\" height=\"17\">N.W \/SET<\/td>\n<td class=\"et3\">11KGS\/PCS<\/td>\n<\/tr>\n<tr style=\"height: 17.60pt;\">\n<td class=\"et3\" style=\"height: 17.60pt;\" height=\"17\">MOQ<\/td>\n<td class=\"et3\">20St\u00fcck<\/td>\n<\/tr>\n<tr style=\"height: 17.60pt;\">\n<td class=\"et3\" style=\"height: 17.60pt;\" height=\"17\">Benutzerdefinierte Option<\/td>\n<td class=\"et3\">Farbe\/Muster\/Gr\u00f6\u00dfe\/Logo\/Verpackung<\/td>\n<\/tr>\n<\/tbody>\n<\/table>","protected":false},"featured_media":8098,"comment_status":"closed","ping_status":"closed","template":"","meta":{"_acf_changed":false},"product_brand":[],"product_cat":[50],"product_tag":[],"class_list":{"0":"post-8051","1":"product","2":"type-product","3":"status-publish","4":"has-post-thumbnail","6":"product_cat-wholesale-countertop-sinks","8":"first","9":"instock","10":"shipping-taxable","11":"product-type-simple"},"acf":[],"_links":{"self":[{"href":"https:\/\/www.ceramicbasin.com\/de\/wp-json\/wp\/v2\/product\/8051","targetHints":{"allow":["GET"]}}],"collection":[{"href":"https:\/\/www.ceramicbasin.com\/de\/wp-json\/wp\/v2\/product"}],"about":[{"href":"https:\/\/www.ceramicbasin.com\/de\/wp-json\/wp\/v2\/types\/product"}],"replies":[{"embeddable":true,"href":"https:\/\/www.ceramicbasin.com\/de\/wp-json\/wp\/v2\/comments?post=8051"}],"wp:featuredmedia":[{"embeddable":true,"href":"https:\/\/www.ceramicbasin.com\/de\/wp-json\/wp\/v2\/media\/8098"}],"wp:attachment":[{"href":"https:\/\/www.ceramicbasin.com\/de\/wp-json\/wp\/v2\/media?parent=8051"}],"wp:term":[{"taxonomy":"product_brand","embeddable":true,"href":"https:\/\/www.ceramicbasin.com\/de\/wp-json\/wp\/v2\/product_brand?post=8051"},{"taxonomy":"product_cat","embeddable":true,"href":"https:\/\/www.ceramicbasin.com\/de\/wp-json\/wp\/v2\/product_cat?post=8051"},{"taxonomy":"product_tag","embeddable":true,"href":"https:\/\/www.ceramicbasin.com\/de\/wp-json\/wp\/v2\/product_tag?post=8051"}],"curies":[{"name":"wp","href":"https:\/\/api.w.org\/{rel}","templated":true}]}}