{"id":8069,"date":"2025-10-16T06:36:21","date_gmt":"2025-10-16T06:36:21","guid":{"rendered":"https:\/\/www.ceramicbasin.com\/?post_type=product&#038;p=8069"},"modified":"2025-10-17T06:42:50","modified_gmt":"2025-10-17T06:42:50","slug":"wholesale-above-counter-lavatory","status":"publish","type":"product","link":"https:\/\/www.ceramicbasin.com\/de\/produkt\/wholesale-above-counter-lavatory\/","title":{"rendered":"Moderne Gro\u00dfhandel \u00fcber Z\u00e4hler Lavatory, quadratische keramische Waschbecken Bulk"},"content":{"rendered":"<div class=\"wp-block-columns is-layout-flex wp-container-core-columns-is-layout-9d6595d7 wp-block-columns-is-layout-flex\">\n<div class=\"wp-block-column is-layout-flow wp-block-column-is-layout-flow\">\n<h2 class=\"wp-block-heading\">Premium Gro\u00dfhandel \u00fcber Z\u00e4hler Lavatory Features:<\/h2>\n\n\n\n<ul class=\"wp-block-list\">\n<li><strong>Hochwertiges Material:<\/strong> Hergestellt aus hochwertigen keramischen Materialien, bei hoher Temperatur gebrannt, um unsere moderne Gro\u00dfhandel Arbeitsplatte Becken robust, widerstandsf\u00e4hig, schmutzabweisend und kratzfest zu machen. Die klare Oberfl\u00e4che ist nicht nur bequem zu reinigen, sondern wird auch langlebig und hell f\u00fcr eine sehr lange Zeit, so dass das Bad ein hochwertiges Temperament haben.<\/li>\n\n\n\n<li><strong>Modernes minimalistisches Design: <\/strong>Dieser wundersch\u00f6ne Gro\u00dfhandel-Waschtisch hat gerade, saubere, quadratische Kanten, die ein klares, scharfes visuelles Statement schaffen, das sich f\u00fcr moderne, nordische, minimalistische und andere Badezimmerstile eignet.<\/li>\n\n\n\n<li><strong>Einfache Reinigung und Pflege:<\/strong> Die Glasur ist fleckenbest\u00e4ndiger, schmutzabweisend und klebend, leicht und schnell zu reinigen und daher perfekt f\u00fcr stark beanspruchte Anwendungen. Die einfach zu installierende Aufputzeinheit passt gut zu verschiedenen Arbeitsplattenmaterialien und Baddesigns, und Austausch und Wartung sind einfach.<\/li>\n\n\n\n<li><strong>Geeignet f\u00fcr eine Vielzahl von Szenarien:<\/strong> Die Gro\u00dfhandelstoilette \u00fcber der Theke wird h\u00e4ufig in Toiletten in Hotels, kommerziellen Wohnungen, B\u00fcros und hochwertigen Wohngeb\u00e4uden verwendet; sie erf\u00fcllt sowohl den Gro\u00dfeinkauf als auch den Projektbedarf.<\/li>\n\n\n\n<li><strong>Professionelle Anpassung: <\/strong>Hanyu bietet eine Vielzahl von Anpassungsm\u00f6glichkeiten f\u00fcr Gro\u00dfhandel Arbeitsplatte Waschbecken. Ob es Farbe, Form oder Textur ist, kann es Ihre Bed\u00fcrfnisse zu erf\u00fcllen und bieten Ihnen mehr wettbewerbsf\u00e4hige Gro\u00dfhandel Keramik-Becken Produkte.<\/li>\n<\/ul>\n<\/div>\n\n\n\n<div class=\"wp-block-column is-layout-flow wp-block-column-is-layout-flow\">\n<figure class=\"wp-block-image size-full\"><img fetchpriority=\"high\" decoding=\"async\" width=\"636\" height=\"832\" src=\"https:\/\/www.ceramicbasin.com\/wp-content\/uploads\/2025\/10\/modern-wholesale-above-counter-lavatory-ceramic-sins-bulk-6.webp\" alt=\"moderne-gro\u00dfhandel-\u00fcber-den-tisch-waschbecken-keramische-abwaschbecken-schachtel-6\" class=\"wp-image-8095\" srcset=\"https:\/\/www.ceramicbasin.com\/wp-content\/uploads\/2025\/10\/modern-wholesale-above-counter-lavatory-ceramic-sins-bulk-6.webp 636w, https:\/\/www.ceramicbasin.com\/wp-content\/uploads\/2025\/10\/modern-wholesale-above-counter-lavatory-ceramic-sins-bulk-6-229x300.webp 229w, https:\/\/www.ceramicbasin.com\/wp-content\/uploads\/2025\/10\/modern-wholesale-above-counter-lavatory-ceramic-sins-bulk-6-9x12.webp 9w, https:\/\/www.ceramicbasin.com\/wp-content\/uploads\/2025\/10\/modern-wholesale-above-counter-lavatory-ceramic-sins-bulk-6-285x373.webp 285w, https:\/\/www.ceramicbasin.com\/wp-content\/uploads\/2025\/10\/modern-wholesale-above-counter-lavatory-ceramic-sins-bulk-6-505x660.webp 505w, https:\/\/www.ceramicbasin.com\/wp-content\/uploads\/2025\/10\/modern-wholesale-above-counter-lavatory-ceramic-sins-bulk-6-115x150.webp 115w\" sizes=\"(max-width: 636px) 100vw, 636px\" \/><\/figure>\n<\/div>\n<\/div>","protected":false},"excerpt":{"rendered":"<div class=\"highlights-border-container\" data-v-944c06bb=\"\">Willkommen bei HanYu's Gro\u00dfhandel \u00fcber Z\u00e4hler Waschbecken zu kaufen. Diese quadratische wei\u00dfe Keramik Waschbecken ist mit Hochtemperatur-Brennen Technologie, mit einer glatten und zarten Glasur Oberfl\u00e4che, die ausgezeichnete Flecken und Kratzer Widerstand bietet, so dass es leicht zu reinigen und halten es f\u00fcr eine lange Zeit neu aussehen gemacht. Wir bieten sehr wettbewerbsf\u00e4hige Preise, um Ihre Bed\u00fcrfnisse beim Kauf von Waschbecken zu erf\u00fcllen.<\/div>\n<div class=\"text-stats\" data-v-944c06bb=\"\">\n<div class=\"stats\" data-v-944c06bb=\"\"><span class=\"highlights-note\" data-v-944c06bb=\"\">\u00a0<\/span><\/div>\n<\/div>\n<table style=\"border-collapse: collapse; width: 311.02pt;\" border=\"0\" width=\"311\" cellspacing=\"0\" cellpadding=\"0\">\n<tbody>\n<tr style=\"height: 17.60pt;\">\n<td class=\"et3\" style=\"height: 17.60pt; width: 108.35pt;\" width=\"108\" height=\"17\">Hersteller<\/td>\n<td class=\"et3\" style=\"width: 202.95pt;\" width=\"202\">HanYu<\/td>\n<\/tr>\n<tr style=\"height: 17.60pt;\">\n<td class=\"et3\" style=\"height: 17.60pt;\" height=\"17\">Modell Nr.<\/td>\n<td class=\"et4\">HY-8024A<\/td>\n<\/tr>\n<tr style=\"height: 17.60pt;\">\n<td class=\"et3\" style=\"height: 17.60pt;\" height=\"17\">Typ<\/td>\n<td class=\"et3\">CounterTop-Becken<\/td>\n<\/tr>\n<tr style=\"height: 17.60pt;\">\n<td class=\"et3\" style=\"height: 17.60pt;\" height=\"17\">Form<\/td>\n<td class=\"et3\">Rechteckige Form<\/td>\n<\/tr>\n<tr style=\"height: 17.60pt;\">\n<td class=\"et4\" style=\"height: 17.60pt;\" height=\"17\">Farbe<\/td>\n<td class=\"et3\">Wei\u00df<\/td>\n<\/tr>\n<tr style=\"height: 18.00pt;\">\n<td class=\"et3\" style=\"height: 18.00pt;\" height=\"18\">Dimension<\/td>\n<td class=\"et5\" style=\"width: 202.95pt;\" width=\"202\">60.5*42*14<\/td>\n<\/tr>\n<tr style=\"height: 17.60pt;\">\n<td class=\"et3\" style=\"height: 17.60pt;\" height=\"17\">N.W \/SET<\/td>\n<td class=\"et3\">13KGS\/PCS<\/td>\n<\/tr>\n<tr style=\"height: 17.60pt;\">\n<td class=\"et3\" style=\"height: 17.60pt;\" height=\"17\">MOQ<\/td>\n<td class=\"et3\">20St\u00fcck<\/td>\n<\/tr>\n<tr style=\"height: 17.60pt;\">\n<td class=\"et3\" style=\"height: 17.60pt;\" height=\"17\">Benutzerdefinierte Option<\/td>\n<td class=\"et3\">Farbe\/Muster\/Gr\u00f6\u00dfe\/Logo\/Verpackung<\/td>\n<\/tr>\n<\/tbody>\n<\/table>","protected":false},"featured_media":8090,"comment_status":"closed","ping_status":"closed","template":"","meta":{"_acf_changed":false},"product_brand":[],"product_cat":[50],"product_tag":[],"class_list":{"0":"post-8069","1":"product","2":"type-product","3":"status-publish","4":"has-post-thumbnail","6":"product_cat-wholesale-countertop-sinks","8":"first","9":"instock","10":"shipping-taxable","11":"product-type-simple"},"acf":[],"_links":{"self":[{"href":"https:\/\/www.ceramicbasin.com\/de\/wp-json\/wp\/v2\/product\/8069","targetHints":{"allow":["GET"]}}],"collection":[{"href":"https:\/\/www.ceramicbasin.com\/de\/wp-json\/wp\/v2\/product"}],"about":[{"href":"https:\/\/www.ceramicbasin.com\/de\/wp-json\/wp\/v2\/types\/product"}],"replies":[{"embeddable":true,"href":"https:\/\/www.ceramicbasin.com\/de\/wp-json\/wp\/v2\/comments?post=8069"}],"wp:featuredmedia":[{"embeddable":true,"href":"https:\/\/www.ceramicbasin.com\/de\/wp-json\/wp\/v2\/media\/8090"}],"wp:attachment":[{"href":"https:\/\/www.ceramicbasin.com\/de\/wp-json\/wp\/v2\/media?parent=8069"}],"wp:term":[{"taxonomy":"product_brand","embeddable":true,"href":"https:\/\/www.ceramicbasin.com\/de\/wp-json\/wp\/v2\/product_brand?post=8069"},{"taxonomy":"product_cat","embeddable":true,"href":"https:\/\/www.ceramicbasin.com\/de\/wp-json\/wp\/v2\/product_cat?post=8069"},{"taxonomy":"product_tag","embeddable":true,"href":"https:\/\/www.ceramicbasin.com\/de\/wp-json\/wp\/v2\/product_tag?post=8069"}],"curies":[{"name":"wp","href":"https:\/\/api.w.org\/{rel}","templated":true}]}}