{"id":8156,"date":"2025-10-24T08:18:12","date_gmt":"2025-10-24T08:18:12","guid":{"rendered":"https:\/\/www.ceramicbasin.com\/?post_type=product&#038;p=8156"},"modified":"2025-11-07T03:14:27","modified_gmt":"2025-11-07T03:14:27","slug":"wholesale-drop-in-lavatory-sink","status":"publish","type":"product","link":"https:\/\/www.ceramicbasin.com\/de\/produkt\/wholesale-drop-in-lavatory-sink\/","title":{"rendered":"Neue Gro\u00dfhandel Drop In Waschbecken, Oval Keramik Waschbecken"},"content":{"rendered":"<div class=\"wp-block-columns is-layout-flex wp-container-core-columns-is-layout-9d6595d7 wp-block-columns-is-layout-flex\">\n<div class=\"wp-block-column is-layout-flow wp-block-column-is-layout-flow\">\n<h2 class=\"wp-block-heading\">Premium-Gro\u00dfhandel Drop In Waschbecken Merkmale<\/h2>\n\n\n\n<ul class=\"wp-block-list\">\n<li><strong>Vielf\u00e4ltig anpassbar:&nbsp;<\/strong>Der Gro\u00dfhandel Drop in Waschbecken ist in verschiedenen Farben und Gr\u00f6\u00dfen erh\u00e4ltlich und kann je nach den Anforderungen an die Baddekoration von verschiedenen Arten ge\u00e4ndert werden. Von einer modernen minimalistischen Art zu einer k\u00fcnstlerischen Art von Bad, kann dieses Waschbecken leicht aufgenommen werden.<\/li>\n\n\n\n<li><strong>Trendige ovale Form:<\/strong> Der Gro\u00dfhandel Drop in Waschbecken Funktion eine markante ovale Form, die zeitgen\u00f6ssische und stilvolle als Teil Ihres Badezimmers Dekor ist.<\/li>\n\n\n\n<li><strong>Wasser- und schmutzabweisend:<\/strong> Das ovale Gro\u00dfhandels-Keramikbecken hat eine geschichtete Oberfl\u00e4che, die Flecken verhindert und hartn\u00e4ckige Wasserflecken blockiert.<\/li>\n\n\n\n<li><strong>Einfach zu installieren: <\/strong>Das ovale Gro\u00dfhandels-Keramikbecken kann entweder als Drop-in eingesetzt oder auf eine Arbeitsplatte montiert werden, wobei verschiedene Konfigurationen m\u00f6glich sind.<\/li>\n\n\n\n<li><strong>Erschwinglicher Preis: <\/strong>HanYu hat einen sehr wettbewerbsf\u00e4higen Gro\u00dfeinkaufspreis, was bedeutet, dass Sie ein hochwertiges Keramikbecken zu einem erschwinglichen Preis erwerben k\u00f6nnen.<\/li>\n<\/ul>\n<\/div>\n\n\n\n<div class=\"wp-block-column is-layout-flow wp-block-column-is-layout-flow\">\n<figure class=\"wp-block-image size-full\"><img fetchpriority=\"high\" decoding=\"async\" width=\"800\" height=\"800\" src=\"https:\/\/www.ceramicbasin.com\/wp-content\/uploads\/2025\/10\/new-wholesale-drop-in-lavatory-sink-oval-ceramic-washbasin-1.webp\" alt=\"new-wholesale-einfallendes-klosettbecken-oval-keramik-waschtisch-1\" class=\"wp-image-8455\" srcset=\"https:\/\/www.ceramicbasin.com\/wp-content\/uploads\/2025\/10\/new-wholesale-drop-in-lavatory-sink-oval-ceramic-washbasin-1.webp 800w, https:\/\/www.ceramicbasin.com\/wp-content\/uploads\/2025\/10\/new-wholesale-drop-in-lavatory-sink-oval-ceramic-washbasin-1-300x300.webp 300w, https:\/\/www.ceramicbasin.com\/wp-content\/uploads\/2025\/10\/new-wholesale-drop-in-lavatory-sink-oval-ceramic-washbasin-1-150x150.webp 150w, https:\/\/www.ceramicbasin.com\/wp-content\/uploads\/2025\/10\/new-wholesale-drop-in-lavatory-sink-oval-ceramic-washbasin-1-768x768.webp 768w, https:\/\/www.ceramicbasin.com\/wp-content\/uploads\/2025\/10\/new-wholesale-drop-in-lavatory-sink-oval-ceramic-washbasin-1-12x12.webp 12w, https:\/\/www.ceramicbasin.com\/wp-content\/uploads\/2025\/10\/new-wholesale-drop-in-lavatory-sink-oval-ceramic-washbasin-1-285x285.webp 285w, https:\/\/www.ceramicbasin.com\/wp-content\/uploads\/2025\/10\/new-wholesale-drop-in-lavatory-sink-oval-ceramic-washbasin-1-270x270.webp 270w, https:\/\/www.ceramicbasin.com\/wp-content\/uploads\/2025\/10\/new-wholesale-drop-in-lavatory-sink-oval-ceramic-washbasin-1-540x540.webp 540w, https:\/\/www.ceramicbasin.com\/wp-content\/uploads\/2025\/10\/new-wholesale-drop-in-lavatory-sink-oval-ceramic-washbasin-1-660x660.webp 660w\" sizes=\"(max-width: 800px) 100vw, 800px\" \/><\/figure>\n<\/div>\n<\/div>","protected":false},"excerpt":{"rendered":"<p>Willkommen zum Kauf dieser neu gestalteten Gro\u00dfhandel Drop in Waschbecken ist aus hochwertigem keramischen Material mit einer glatten, schmutzabweisend und auslaufsicher Oberfl\u00e4che, die leicht zu reinigen und zu pflegen ist gemacht. Sein minimalistisches ovales Design unterstreicht nicht nur das moderne Gef\u00fchl des Badezimmers, sondern bietet auch einen ger\u00e4umigen Waschbereich. Es passt sich leicht an verschiedene Arbeitsplatten im Bad an und verbindet perfekt Funktionalit\u00e4t und \u00c4sthetik.<\/p>\n<table style=\"border-collapse: collapse; width: 358.52pt;\" border=\"0\" width=\"478\" cellspacing=\"0\" cellpadding=\"0\">\n<tbody>\n<tr style=\"height: 17.25pt;\">\n<td class=\"et3\" style=\"height: 17.25pt; width: 125.00pt;\" width=\"166\" height=\"23\">Hersteller<\/td>\n<td class=\"et3\" style=\"width: 234.15pt;\" width=\"312\">HanYu<\/td>\n<\/tr>\n<tr style=\"height: 17.25pt;\">\n<td class=\"et3\" style=\"height: 17.25pt;\" height=\"23\">Modell Nr.<\/td>\n<td class=\"et4\">HY-5064<\/td>\n<\/tr>\n<tr style=\"height: 17.25pt;\">\n<td class=\"et3\" style=\"height: 17.25pt;\" height=\"23\">Typ<\/td>\n<td class=\"et5\" style=\"width: 234.15pt;\" width=\"312\">Einfallende Waschbecken<\/td>\n<\/tr>\n<tr style=\"height: 18.00pt;\">\n<td class=\"et3\" style=\"height: 18.00pt;\" height=\"24\">Form<\/td>\n<td class=\"et3\">Ovale Form<\/td>\n<\/tr>\n<tr style=\"height: 34.50pt;\">\n<td class=\"et4\" style=\"height: 34.50pt;\" height=\"46\">Farbe<\/td>\n<td class=\"et5\" style=\"width: 234.15pt;\" width=\"312\">schwarz\/wei\u00df\/blau\/grau\/rosa\/gr\u00fcn\/braun\/khaki<\/td>\n<\/tr>\n<tr style=\"height: 18.00pt;\">\n<td class=\"et3\" style=\"height: 18.00pt;\" height=\"24\">Dimension<\/td>\n<td class=\"et5\" style=\"width: 234.15pt;\" width=\"312\">60*46*20<\/td>\n<\/tr>\n<tr style=\"height: 17.25pt;\">\n<td class=\"et3\" style=\"height: 17.25pt;\" height=\"23\">N.W \/SET<\/td>\n<td class=\"et3\">16KGS\/PCS<\/td>\n<\/tr>\n<tr style=\"height: 17.25pt;\">\n<td class=\"et3\" style=\"height: 17.25pt;\" height=\"23\">MOQ<\/td>\n<td class=\"et3\">20St\u00fcck<\/td>\n<\/tr>\n<tr style=\"height: 17.25pt;\">\n<td class=\"et3\" style=\"height: 17.25pt;\" height=\"23\">Benutzerdefinierte Option<\/td>\n<td class=\"et3\">Farbe\/Muster\/Gr\u00f6\u00dfe\/Logo\/Verpackung<\/td>\n<\/tr>\n<\/tbody>\n<\/table>","protected":false},"featured_media":8456,"comment_status":"closed","ping_status":"closed","template":"","meta":{"_acf_changed":false},"product_brand":[],"product_cat":[51],"product_tag":[],"class_list":{"0":"post-8156","1":"product","2":"type-product","3":"status-publish","4":"has-post-thumbnail","6":"product_cat-wholesale-drop-in-sinks","8":"first","9":"instock","10":"shipping-taxable","11":"product-type-simple"},"acf":[],"_links":{"self":[{"href":"https:\/\/www.ceramicbasin.com\/de\/wp-json\/wp\/v2\/product\/8156","targetHints":{"allow":["GET"]}}],"collection":[{"href":"https:\/\/www.ceramicbasin.com\/de\/wp-json\/wp\/v2\/product"}],"about":[{"href":"https:\/\/www.ceramicbasin.com\/de\/wp-json\/wp\/v2\/types\/product"}],"replies":[{"embeddable":true,"href":"https:\/\/www.ceramicbasin.com\/de\/wp-json\/wp\/v2\/comments?post=8156"}],"wp:featuredmedia":[{"embeddable":true,"href":"https:\/\/www.ceramicbasin.com\/de\/wp-json\/wp\/v2\/media\/8456"}],"wp:attachment":[{"href":"https:\/\/www.ceramicbasin.com\/de\/wp-json\/wp\/v2\/media?parent=8156"}],"wp:term":[{"taxonomy":"product_brand","embeddable":true,"href":"https:\/\/www.ceramicbasin.com\/de\/wp-json\/wp\/v2\/product_brand?post=8156"},{"taxonomy":"product_cat","embeddable":true,"href":"https:\/\/www.ceramicbasin.com\/de\/wp-json\/wp\/v2\/product_cat?post=8156"},{"taxonomy":"product_tag","embeddable":true,"href":"https:\/\/www.ceramicbasin.com\/de\/wp-json\/wp\/v2\/product_tag?post=8156"}],"curies":[{"name":"wp","href":"https:\/\/api.w.org\/{rel}","templated":true}]}}