{"id":8163,"date":"2025-10-24T08:28:16","date_gmt":"2025-10-24T08:28:16","guid":{"rendered":"https:\/\/www.ceramicbasin.com\/?post_type=product&#038;p=8163"},"modified":"2025-11-07T03:09:44","modified_gmt":"2025-11-07T03:09:44","slug":"drop-in-bathroom-sink-wholesale","status":"publish","type":"product","link":"https:\/\/www.ceramicbasin.com\/de\/produkt\/drop-in-bathroom-sink-wholesale\/","title":{"rendered":"Drop In Badezimmer Waschbecken Gro\u00dfhandel, Europa Stil keramische Waschbecken"},"content":{"rendered":"<div class=\"wp-block-columns is-layout-flex wp-container-core-columns-is-layout-9d6595d7 wp-block-columns-is-layout-flex\">\n<div class=\"wp-block-column is-layout-flow wp-block-column-is-layout-flow\">\n<h2 class=\"wp-block-heading\">Premium Art Drop In Badezimmer Waschbecken Gro\u00dfhandel Merkmale<\/h2>\n\n\n\n<ul class=\"wp-block-list\">\n<li><strong>Hochwertiges keramisches Material:<\/strong>&nbsp;HanYu's Art Drop in Bad Waschbecken Gro\u00dfhandel sind aus hochwertigen keramischen Rohstoffen, die bei hohen Temperaturen gebrannt werden, mit einer soliden Textur und glatte Oberfl\u00e4che, effektiv zu verhindern, dass Schmutz anhaftet.<\/li>\n\n\n\n<li><strong>Hei\u00dfer Verkauf:<\/strong> Diese Kunst Drop in Bad Waschbecken Gro\u00dfhandel ist gut durch den Markt wegen seiner Haltbarkeit, einheitliche Farbe, einfache Reinigung und Wartung, und hohe Kosten Leistung aufgenommen.<\/li>\n\n\n\n<li><strong>Benutzerdefinierte Optionen:<\/strong> Erh\u00e4ltlich in einer Vielzahl von Farben, Oberfl\u00e4chenveredelungen und kundenspezifischen Verpackungsoptionen, k\u00f6nnen Sie die Bestellung auf Ihre Eigenmarke und Ihren spezifischen Markt abstimmen.<\/li>\n\n\n\n<li><strong>Gro\u00dfes Waschbecken: <\/strong>Die Keramiksp\u00fcle nach Ma\u00df ist au\u00dfergew\u00f6hnlich gut gestaltet und bietet viel Platz f\u00fcr die t\u00e4gliche W\u00e4sche. Die Oberfl\u00e4che wurde speziell behandelt, um sie sehr widerstandsf\u00e4hig gegen Flecken zu machen, so dass Wasserflecken kaum haften bleiben.<\/li>\n<\/ul>\n<\/div>\n\n\n\n<div class=\"wp-block-column is-layout-flow wp-block-column-is-layout-flow\">\n<figure class=\"wp-block-image size-full\"><img fetchpriority=\"high\" decoding=\"async\" width=\"800\" height=\"800\" src=\"https:\/\/www.ceramicbasin.com\/wp-content\/uploads\/2025\/10\/drop-in-bathroom-sink-wholesale-ceramic-basins-custom-2.webp\" alt=\"Einbaubecken-Badewannen-Gro\u00dfhandel-Keramik-Waschbecken-Custom-2\" class=\"wp-image-8463\" srcset=\"https:\/\/www.ceramicbasin.com\/wp-content\/uploads\/2025\/10\/drop-in-bathroom-sink-wholesale-ceramic-basins-custom-2.webp 800w, https:\/\/www.ceramicbasin.com\/wp-content\/uploads\/2025\/10\/drop-in-bathroom-sink-wholesale-ceramic-basins-custom-2-300x300.webp 300w, https:\/\/www.ceramicbasin.com\/wp-content\/uploads\/2025\/10\/drop-in-bathroom-sink-wholesale-ceramic-basins-custom-2-150x150.webp 150w, https:\/\/www.ceramicbasin.com\/wp-content\/uploads\/2025\/10\/drop-in-bathroom-sink-wholesale-ceramic-basins-custom-2-768x768.webp 768w, https:\/\/www.ceramicbasin.com\/wp-content\/uploads\/2025\/10\/drop-in-bathroom-sink-wholesale-ceramic-basins-custom-2-12x12.webp 12w, https:\/\/www.ceramicbasin.com\/wp-content\/uploads\/2025\/10\/drop-in-bathroom-sink-wholesale-ceramic-basins-custom-2-285x285.webp 285w, https:\/\/www.ceramicbasin.com\/wp-content\/uploads\/2025\/10\/drop-in-bathroom-sink-wholesale-ceramic-basins-custom-2-270x270.webp 270w, https:\/\/www.ceramicbasin.com\/wp-content\/uploads\/2025\/10\/drop-in-bathroom-sink-wholesale-ceramic-basins-custom-2-540x540.webp 540w, https:\/\/www.ceramicbasin.com\/wp-content\/uploads\/2025\/10\/drop-in-bathroom-sink-wholesale-ceramic-basins-custom-2-660x660.webp 660w\" sizes=\"(max-width: 800px) 100vw, 800px\" \/><\/figure>\n<\/div>\n<\/div>","protected":false},"excerpt":{"rendered":"<p>Willkommen zum Kauf dieses Keramik-Waschbecken im europ\u00e4ischen Stil zeigt High-End-Geschmack mit seinem exquisiten Design und elegante Glasur. Diese Kunst Drop in Bad Waschbecken Gro\u00dfhandel ist aus hochwertiger Keramik gefertigt; seine glatte und zarte Oberfl\u00e4che ist schmutzabweisend, verschlei\u00dffest, und leicht zu reinigen und zu pflegen. Geeignet f\u00fcr Hotels, High-End-Residenzen, und benutzerdefinierte Bad-Projekte, und HanYu bietet eine wettbewerbsf\u00e4hige Gro\u00dfeinkaufspreis!<\/p>\n<table style=\"border-collapse: collapse; width: 358.52pt;\" border=\"0\" width=\"478\" cellspacing=\"0\" cellpadding=\"0\">\n<tbody>\n<tr style=\"height: 17.25pt;\">\n<td class=\"et3\" style=\"height: 17.25pt; width: 125.00pt;\" width=\"166\" height=\"23\">Hersteller<\/td>\n<td class=\"et3\" style=\"width: 234.15pt;\" width=\"312\">HanYu<\/td>\n<\/tr>\n<tr style=\"height: 17.25pt;\">\n<td class=\"et3\" style=\"height: 17.25pt;\" height=\"23\">Modell Nr.<\/td>\n<td class=\"et4\">HY-5073<\/td>\n<\/tr>\n<tr style=\"height: 17.25pt;\">\n<td class=\"et3\" style=\"height: 17.25pt;\" height=\"23\">Typ<\/td>\n<td class=\"et5\" style=\"width: 234.15pt;\" width=\"312\">Einfallende Waschbecken<\/td>\n<\/tr>\n<tr style=\"height: 18.00pt;\">\n<td class=\"et3\" style=\"height: 18.00pt;\" height=\"24\">Form<\/td>\n<td class=\"et3\">Ovale Form<\/td>\n<\/tr>\n<tr style=\"height: 34.50pt;\">\n<td class=\"et4\" style=\"height: 34.50pt;\" height=\"46\">Farbe<\/td>\n<td class=\"et5\" style=\"width: 234.15pt;\" width=\"312\">schwarz\/wei\u00df\/blau\/grau\/rosa\/gr\u00fcn\/braun\/khaki<\/td>\n<\/tr>\n<tr style=\"height: 18.00pt;\">\n<td class=\"et3\" style=\"height: 18.00pt;\" height=\"24\">Dimension<\/td>\n<td class=\"et5\" style=\"width: 234.15pt;\" width=\"312\">60*38*21<\/td>\n<\/tr>\n<tr style=\"height: 17.25pt;\">\n<td class=\"et3\" style=\"height: 17.25pt;\" height=\"23\">N.W \/SET<\/td>\n<td class=\"et3\">16KGS\/PCS<\/td>\n<\/tr>\n<tr style=\"height: 17.25pt;\">\n<td class=\"et3\" style=\"height: 17.25pt;\" height=\"23\">MOQ<\/td>\n<td class=\"et3\">20St\u00fcck<\/td>\n<\/tr>\n<tr style=\"height: 17.25pt;\">\n<td class=\"et3\" style=\"height: 17.25pt;\" height=\"23\">Benutzerdefinierte Option<\/td>\n<td class=\"et3\">Farbe\/Muster\/Gr\u00f6\u00dfe\/Logo\/Verpackung<\/td>\n<\/tr>\n<\/tbody>\n<\/table>","protected":false},"featured_media":8464,"comment_status":"closed","ping_status":"closed","template":"","meta":{"_acf_changed":false},"product_brand":[],"product_cat":[51],"product_tag":[],"class_list":{"0":"post-8163","1":"product","2":"type-product","3":"status-publish","4":"has-post-thumbnail","6":"product_cat-wholesale-drop-in-sinks","8":"first","9":"instock","10":"shipping-taxable","11":"product-type-simple"},"acf":[],"_links":{"self":[{"href":"https:\/\/www.ceramicbasin.com\/de\/wp-json\/wp\/v2\/product\/8163","targetHints":{"allow":["GET"]}}],"collection":[{"href":"https:\/\/www.ceramicbasin.com\/de\/wp-json\/wp\/v2\/product"}],"about":[{"href":"https:\/\/www.ceramicbasin.com\/de\/wp-json\/wp\/v2\/types\/product"}],"replies":[{"embeddable":true,"href":"https:\/\/www.ceramicbasin.com\/de\/wp-json\/wp\/v2\/comments?post=8163"}],"wp:featuredmedia":[{"embeddable":true,"href":"https:\/\/www.ceramicbasin.com\/de\/wp-json\/wp\/v2\/media\/8464"}],"wp:attachment":[{"href":"https:\/\/www.ceramicbasin.com\/de\/wp-json\/wp\/v2\/media?parent=8163"}],"wp:term":[{"taxonomy":"product_brand","embeddable":true,"href":"https:\/\/www.ceramicbasin.com\/de\/wp-json\/wp\/v2\/product_brand?post=8163"},{"taxonomy":"product_cat","embeddable":true,"href":"https:\/\/www.ceramicbasin.com\/de\/wp-json\/wp\/v2\/product_cat?post=8163"},{"taxonomy":"product_tag","embeddable":true,"href":"https:\/\/www.ceramicbasin.com\/de\/wp-json\/wp\/v2\/product_tag?post=8163"}],"curies":[{"name":"wp","href":"https:\/\/api.w.org\/{rel}","templated":true}]}}