{"id":8170,"date":"2025-10-24T08:33:06","date_gmt":"2025-10-24T08:33:06","guid":{"rendered":"https:\/\/www.ceramicbasin.com\/?post_type=product&#038;p=8170"},"modified":"2025-11-07T03:06:12","modified_gmt":"2025-11-07T03:06:12","slug":"round-drop-in-sink-wholesale","status":"publish","type":"product","link":"https:\/\/www.ceramicbasin.com\/de\/produkt\/round-drop-in-sink-wholesale\/","title":{"rendered":"Runde Drop In Waschbecken Gro\u00dfhandel, Pure White Ceramic Basin Versorgung"},"content":{"rendered":"<div class=\"wp-block-columns is-layout-flex wp-container-core-columns-is-layout-9d6595d7 wp-block-columns-is-layout-flex\">\n<div class=\"wp-block-column is-layout-flow wp-block-column-is-layout-flow\">\n<h2 class=\"wp-block-heading\">Premium Round Drop In Sp\u00fcle Gro\u00dfhandel Features:<\/h2>\n\n\n\n<ul class=\"wp-block-list\">\n<li><strong>Exquisites Design:&nbsp;<\/strong>Unsere runde Drop-in-Waschbecken Gro\u00dfhandel nimmt exquisite moderne Design. Jedes St\u00fcck ist eine Hommage an die \u00c4sthetik und zielt darauf ab, Eleganz und Geschmack in das Bad Raum hinzuzuf\u00fcgen.<\/li>\n\n\n\n<li><strong>Preisvorteil f\u00fcr Gro\u00dfh\u00e4ndler: <\/strong>Als Hersteller von kundenspezifischen Waschbecken, hat HanYu sehr wettbewerbsf\u00e4hige Gro\u00dfhandelspreise, und Gro\u00dfeink\u00e4ufe erhalten Sie auch gr\u00f6\u00dfere Rabatte, so dass wir hochwertige Bad-Accessoires Ihre beste Option unter Kostenkontrolle.<\/li>\n\n\n\n<li><strong>Abgerundetes, vertieftes Design: <\/strong>Unser ma\u00dfgefertigtes Keramikbecken hat eine klassische runde Form, und die glatte, gl\u00e4nzende wei\u00dfe Glasur passt in gehobenen H\u00e4usern problemlos zu fast allen Arbeitsplatten. Der versenkte Einbau ist platzsparend und stabil und strahlt gleichzeitig Sch\u00f6nheit und Eleganz aus. Ganz gleich, ob Sie ein Waschbecken f\u00fcr Ihr Wohnbad, ein Hotelbad, eine gewerbliche T\u00e4tigkeit oder eine andere Umgebung in Betracht ziehen, diese Waschtische werden gut passen.<\/li>\n\n\n\n<li><strong>Individuelles Design:&nbsp;<\/strong>Unser rundes Waschbecken im Gro\u00dfhandel ist in verschiedenen Arten von Stilen und Gr\u00f6\u00dfen f\u00fcr die pers\u00f6nliche Anpassung entworfen, so dass wir die Bed\u00fcrfnisse der verschiedenen Kunden zu erf\u00fcllen. Dies erm\u00f6glicht Anpassungen an Farbe, Form und Textur nach Ihren spezifischen Bed\u00fcrfnissen und Integration in eine Vielzahl von Bad-Designs.<\/li>\n<\/ul>\n<\/div>\n\n\n\n<div class=\"wp-block-column is-layout-flow wp-block-column-is-layout-flow\">\n<figure class=\"wp-block-image size-full\"><img fetchpriority=\"high\" decoding=\"async\" width=\"800\" height=\"800\" src=\"https:\/\/www.ceramicbasin.com\/wp-content\/uploads\/2025\/10\/round-drop-in-sink\u200b-wholesale-white-ceramic-basin-supply-1.webp\" alt=\"rundes-einfallendes-Sp\u00fclbecken-Gro\u00dfhandel-wei\u00dfes-keramisches-Becken-vorrat-1\" class=\"wp-image-8449\" srcset=\"https:\/\/www.ceramicbasin.com\/wp-content\/uploads\/2025\/10\/round-drop-in-sink\u200b-wholesale-white-ceramic-basin-supply-1.webp 800w, https:\/\/www.ceramicbasin.com\/wp-content\/uploads\/2025\/10\/round-drop-in-sink\u200b-wholesale-white-ceramic-basin-supply-1-300x300.webp 300w, https:\/\/www.ceramicbasin.com\/wp-content\/uploads\/2025\/10\/round-drop-in-sink\u200b-wholesale-white-ceramic-basin-supply-1-150x150.webp 150w, https:\/\/www.ceramicbasin.com\/wp-content\/uploads\/2025\/10\/round-drop-in-sink\u200b-wholesale-white-ceramic-basin-supply-1-768x768.webp 768w, https:\/\/www.ceramicbasin.com\/wp-content\/uploads\/2025\/10\/round-drop-in-sink\u200b-wholesale-white-ceramic-basin-supply-1-12x12.webp 12w, https:\/\/www.ceramicbasin.com\/wp-content\/uploads\/2025\/10\/round-drop-in-sink\u200b-wholesale-white-ceramic-basin-supply-1-285x285.webp 285w, https:\/\/www.ceramicbasin.com\/wp-content\/uploads\/2025\/10\/round-drop-in-sink\u200b-wholesale-white-ceramic-basin-supply-1-270x270.webp 270w, https:\/\/www.ceramicbasin.com\/wp-content\/uploads\/2025\/10\/round-drop-in-sink\u200b-wholesale-white-ceramic-basin-supply-1-540x540.webp 540w, https:\/\/www.ceramicbasin.com\/wp-content\/uploads\/2025\/10\/round-drop-in-sink\u200b-wholesale-white-ceramic-basin-supply-1-660x660.webp 660w\" sizes=\"(max-width: 800px) 100vw, 800px\" \/><\/figure>\n<\/div>\n<\/div>\n\n\n\n<p><\/p>","protected":false},"excerpt":{"rendered":"<p>Willkommen in unserem runden Drop in Waschbecken Gro\u00dfhandel zu kaufen. Mit einer rein wei\u00dfen Hochtemperatur-Glasur-Prozess, ist die Oberfl\u00e4che glatt und leicht zu reinigen, geeignet f\u00fcr Wohn- und Gewerbefl\u00e4chen Badezimmer. Hanyu bietet qualitativ hochwertige benutzerdefinierte Keramik-Becken Gro\u00dfhandel Dienstleistungen, um die Bed\u00fcrfnisse der verschiedenen Marken und Projekte zu erf\u00fcllen.<\/p>\n<table style=\"border-collapse: collapse; width: 311.02pt;\" border=\"0\" width=\"311\" cellspacing=\"0\" cellpadding=\"0\">\n<tbody>\n<tr style=\"height: 17.60pt;\">\n<td class=\"et3\" style=\"height: 17.60pt; width: 108.35pt;\" width=\"108\" height=\"17\">Hersteller<\/td>\n<td class=\"et3\" style=\"width: 202.95pt;\" width=\"202\">HanYu<\/td>\n<\/tr>\n<tr style=\"height: 17.60pt;\">\n<td class=\"et3\" style=\"height: 17.60pt;\" height=\"17\">Modell Nr.<\/td>\n<td class=\"et4\">HY-5074<\/td>\n<\/tr>\n<tr style=\"height: 18.00pt;\">\n<td class=\"et3\" style=\"height: 18.00pt;\" height=\"18\">Typ<\/td>\n<td class=\"et5\" style=\"width: 202.95pt;\" width=\"202\">Drop-In-Becken<\/td>\n<\/tr>\n<tr style=\"height: 17.60pt;\">\n<td class=\"et3\" style=\"height: 17.60pt;\" height=\"17\">Form<\/td>\n<td class=\"et3\">Runde Form<\/td>\n<\/tr>\n<tr style=\"height: 18.00pt;\">\n<td class=\"et4\" style=\"height: 18.00pt;\" height=\"18\">Farbe<\/td>\n<td class=\"et5\" style=\"width: 202.95pt;\" width=\"202\">Wei\u00df<\/td>\n<\/tr>\n<tr style=\"height: 18.00pt;\">\n<td class=\"et3\" style=\"height: 18.00pt;\" height=\"18\">Dimension<\/td>\n<td class=\"et5\" style=\"width: 202.95pt;\" width=\"202\">43*43*22<\/td>\n<\/tr>\n<tr style=\"height: 17.60pt;\">\n<td class=\"et3\" style=\"height: 17.60pt;\" height=\"17\">N.W \/SET<\/td>\n<td class=\"et3\">\u00a012KGS\/PCS<\/td>\n<\/tr>\n<tr style=\"height: 17.60pt;\">\n<td class=\"et3\" style=\"height: 17.60pt;\" height=\"17\">MOQ<\/td>\n<td class=\"et3\">20St\u00fcck<\/td>\n<\/tr>\n<tr style=\"height: 17.60pt;\">\n<td class=\"et3\" style=\"height: 17.60pt;\" height=\"17\">Benutzerdefinierte Option<\/td>\n<td class=\"et3\">Farbe\/Muster\/Gr\u00f6\u00dfe\/Logo\/Verpackung<\/td>\n<\/tr>\n<\/tbody>\n<\/table>","protected":false},"featured_media":8452,"comment_status":"closed","ping_status":"closed","template":"","meta":{"_acf_changed":false},"product_brand":[],"product_cat":[51],"product_tag":[],"class_list":{"0":"post-8170","1":"product","2":"type-product","3":"status-publish","4":"has-post-thumbnail","6":"product_cat-wholesale-drop-in-sinks","8":"first","9":"instock","10":"shipping-taxable","11":"product-type-simple"},"acf":[],"_links":{"self":[{"href":"https:\/\/www.ceramicbasin.com\/de\/wp-json\/wp\/v2\/product\/8170","targetHints":{"allow":["GET"]}}],"collection":[{"href":"https:\/\/www.ceramicbasin.com\/de\/wp-json\/wp\/v2\/product"}],"about":[{"href":"https:\/\/www.ceramicbasin.com\/de\/wp-json\/wp\/v2\/types\/product"}],"replies":[{"embeddable":true,"href":"https:\/\/www.ceramicbasin.com\/de\/wp-json\/wp\/v2\/comments?post=8170"}],"wp:featuredmedia":[{"embeddable":true,"href":"https:\/\/www.ceramicbasin.com\/de\/wp-json\/wp\/v2\/media\/8452"}],"wp:attachment":[{"href":"https:\/\/www.ceramicbasin.com\/de\/wp-json\/wp\/v2\/media?parent=8170"}],"wp:term":[{"taxonomy":"product_brand","embeddable":true,"href":"https:\/\/www.ceramicbasin.com\/de\/wp-json\/wp\/v2\/product_brand?post=8170"},{"taxonomy":"product_cat","embeddable":true,"href":"https:\/\/www.ceramicbasin.com\/de\/wp-json\/wp\/v2\/product_cat?post=8170"},{"taxonomy":"product_tag","embeddable":true,"href":"https:\/\/www.ceramicbasin.com\/de\/wp-json\/wp\/v2\/product_tag?post=8170"}],"curies":[{"name":"wp","href":"https:\/\/api.w.org\/{rel}","templated":true}]}}