{"id":8177,"date":"2025-10-24T08:39:35","date_gmt":"2025-10-24T08:39:35","guid":{"rendered":"https:\/\/www.ceramicbasin.com\/?post_type=product&#038;p=8177"},"modified":"2025-11-07T03:01:28","modified_gmt":"2025-11-07T03:01:28","slug":"custom-drop-in-bathroom-sink","status":"publish","type":"product","link":"https:\/\/www.ceramicbasin.com\/de\/produkt\/custom-drop-in-bathroom-sink\/","title":{"rendered":"Europ\u00e4ische Custom Drop In Badezimmer Waschbecken, Keramik-Becken in loser Sch\u00fcttung"},"content":{"rendered":"<div class=\"wp-block-columns is-layout-flex wp-container-core-columns-is-layout-9d6595d7 wp-block-columns-is-layout-flex\">\n<div class=\"wp-block-column is-layout-flow wp-block-column-is-layout-flow\">\n<h2 class=\"wp-block-heading\">Premium Custom Drop In Badezimmer Waschbecken Merkmale:<\/h2>\n\n\n\n<ul class=\"wp-block-list\">\n<li><strong>Personalisierte Entscheidungen:<\/strong> Das rechteckige Waschbecken im Gro\u00dfhandel ist in verschiedenen Farben, Oberfl\u00e4chenbehandlungen und kundenspezifischen Verpackungen erh\u00e4ltlich, so dass Sie das Waschbecken nach Ihren spezifischen Marken- und Marktanforderungen ausw\u00e4hlen und anpassen k\u00f6nnen.<\/li>\n\n\n\n<li><strong>Langlebig und pflegeleicht:<\/strong> Diese ma\u00dfgefertigten Einbaubecken f\u00fcr das Bad werden aus hochwertigen keramischen Rohstoffen hergestellt und bei hohen Temperaturen gebrannt. Die Oberfl\u00e4che ist glatt und hart, resistent gegen Kratzer und Risse. Die Glasur besitzt eine hervorragende Anti-Fouling-Wirkung; Kalk und Flecken bleiben kaum haften.<\/li>\n\n\n\n<li><strong>Europ\u00e4ischer, minimalistischer, rechteckiger Stil:<\/strong> Diese rechteckige Drop-in gew\u00e4hlt Design mit sch\u00f6nen und klaren Linien. Diese benutzerdefinierten Drop-in-Waschbecken sind perfekt f\u00fcr moderne\/nordische\/europ\u00e4ische Badstile. Ihr Einbau spart Platz, ist stabil und sieht gleichzeitig gut aus.<\/li>\n\n\n\n<li><strong>Strahlend wei\u00dfe Glasur:<\/strong> Die strahlend wei\u00dfe Glasur der Gro\u00dfhandels-Keramikbecken ist schmutzabweisend, rissfest und l\u00e4sst sich leicht reinigen, damit sie lange strahlend wei\u00df bleibt. Perfekt f\u00fcr Gro\u00dfh\u00e4ndler f\u00fcr Hotelprojekte, Bauprojekte oder andere Gro\u00dfeink\u00e4ufe zu wettbewerbsf\u00e4higen Preisen.<\/li>\n<\/ul>\n<\/div>\n\n\n\n<div class=\"wp-block-column is-layout-flow wp-block-column-is-layout-flow\">\n<figure class=\"wp-block-image size-full\"><img fetchpriority=\"high\" decoding=\"async\" width=\"800\" height=\"800\" src=\"https:\/\/www.ceramicbasin.com\/wp-content\/uploads\/2025\/10\/european-custom-drop-in-bathroom-sinks-ceramic-basin-bulk-5.webp\" alt=\"europ\u00e4ische-einbau-badezimmer-waschbecken-keramik-bulk-5\" class=\"wp-image-8445\" srcset=\"https:\/\/www.ceramicbasin.com\/wp-content\/uploads\/2025\/10\/european-custom-drop-in-bathroom-sinks-ceramic-basin-bulk-5.webp 800w, https:\/\/www.ceramicbasin.com\/wp-content\/uploads\/2025\/10\/european-custom-drop-in-bathroom-sinks-ceramic-basin-bulk-5-300x300.webp 300w, https:\/\/www.ceramicbasin.com\/wp-content\/uploads\/2025\/10\/european-custom-drop-in-bathroom-sinks-ceramic-basin-bulk-5-150x150.webp 150w, https:\/\/www.ceramicbasin.com\/wp-content\/uploads\/2025\/10\/european-custom-drop-in-bathroom-sinks-ceramic-basin-bulk-5-768x768.webp 768w, https:\/\/www.ceramicbasin.com\/wp-content\/uploads\/2025\/10\/european-custom-drop-in-bathroom-sinks-ceramic-basin-bulk-5-12x12.webp 12w, https:\/\/www.ceramicbasin.com\/wp-content\/uploads\/2025\/10\/european-custom-drop-in-bathroom-sinks-ceramic-basin-bulk-5-285x285.webp 285w, https:\/\/www.ceramicbasin.com\/wp-content\/uploads\/2025\/10\/european-custom-drop-in-bathroom-sinks-ceramic-basin-bulk-5-270x270.webp 270w, https:\/\/www.ceramicbasin.com\/wp-content\/uploads\/2025\/10\/european-custom-drop-in-bathroom-sinks-ceramic-basin-bulk-5-540x540.webp 540w, https:\/\/www.ceramicbasin.com\/wp-content\/uploads\/2025\/10\/european-custom-drop-in-bathroom-sinks-ceramic-basin-bulk-5-660x660.webp 660w\" sizes=\"(max-width: 800px) 100vw, 800px\" \/><\/figure>\n<\/div>\n<\/div>","protected":false},"excerpt":{"rendered":"<p>Willkommen zum Kauf dieser benutzerdefinierten Drop-in-Waschbecken im rechteckigen europ\u00e4ischen Design, hergestellt aus hochwertiger Keramik f\u00fcr Haltbarkeit und Eleganz. Es ist einfach zu installieren, fleckenfrei, und es ist geeignet f\u00fcr Hotels, Wohnungen und alle kommerziellen B\u00e4der. Kaufen Sie in gro\u00dfen Mengen und OEM, kann der Verk\u00e4ufer Sie das Produkt in Ihrer eigenen Marke f\u00fcr Ihren Markt zu bekommen.<\/p>\n<table style=\"border-collapse: collapse; width: 311.02pt;\" border=\"0\" width=\"311\" cellspacing=\"0\" cellpadding=\"0\">\n<tbody>\n<tr style=\"height: 17.60pt;\">\n<td class=\"et3\" style=\"height: 17.60pt; width: 108.35pt;\" width=\"108\" height=\"17\">Hersteller<\/td>\n<td class=\"et3\" style=\"width: 202.95pt;\" width=\"202\">HanYu<\/td>\n<\/tr>\n<tr style=\"height: 17.60pt;\">\n<td class=\"et3\" style=\"height: 17.60pt;\" height=\"17\">Modell Nr.<\/td>\n<td class=\"et4\">HY-5075<\/td>\n<\/tr>\n<tr style=\"height: 18.00pt;\">\n<td class=\"et3\" style=\"height: 18.00pt;\" height=\"18\">Typ<\/td>\n<td class=\"et5\" style=\"width: 202.95pt;\" width=\"202\">Drop-In-Becken<\/td>\n<\/tr>\n<tr style=\"height: 17.60pt;\">\n<td class=\"et3\" style=\"height: 17.60pt;\" height=\"17\">Form<\/td>\n<td class=\"et3\">Rechteckige Form<\/td>\n<\/tr>\n<tr style=\"height: 18.00pt;\">\n<td class=\"et4\" style=\"height: 18.00pt;\" height=\"18\">Farbe<\/td>\n<td class=\"et5\" style=\"width: 202.95pt;\" width=\"202\">Wei\u00df<\/td>\n<\/tr>\n<tr style=\"height: 18.00pt;\">\n<td class=\"et3\" style=\"height: 18.00pt;\" height=\"18\">Dimension<\/td>\n<td class=\"et5\" style=\"width: 202.95pt;\" width=\"202\">60*40.5*15<\/td>\n<\/tr>\n<tr style=\"height: 17.60pt;\">\n<td class=\"et3\" style=\"height: 17.60pt;\" height=\"17\">N.W \/SET<\/td>\n<td class=\"et3\">\u00a018KGS\/PCS<\/td>\n<\/tr>\n<tr style=\"height: 17.60pt;\">\n<td class=\"et3\" style=\"height: 17.60pt;\" height=\"17\">MOQ<\/td>\n<td class=\"et3\">20St\u00fcck<\/td>\n<\/tr>\n<tr style=\"height: 17.60pt;\">\n<td class=\"et3\" style=\"height: 17.60pt;\" height=\"17\">Benutzerdefinierte Option<\/td>\n<td class=\"et3\">Farbe\/Muster\/Gr\u00f6\u00dfe\/Logo\/Verpackung<\/td>\n<\/tr>\n<\/tbody>\n<\/table>","protected":false},"featured_media":8446,"comment_status":"closed","ping_status":"closed","template":"","meta":{"_acf_changed":false},"product_brand":[],"product_cat":[51],"product_tag":[],"class_list":{"0":"post-8177","1":"product","2":"type-product","3":"status-publish","4":"has-post-thumbnail","6":"product_cat-wholesale-drop-in-sinks","8":"first","9":"instock","10":"shipping-taxable","11":"product-type-simple"},"acf":[],"_links":{"self":[{"href":"https:\/\/www.ceramicbasin.com\/de\/wp-json\/wp\/v2\/product\/8177","targetHints":{"allow":["GET"]}}],"collection":[{"href":"https:\/\/www.ceramicbasin.com\/de\/wp-json\/wp\/v2\/product"}],"about":[{"href":"https:\/\/www.ceramicbasin.com\/de\/wp-json\/wp\/v2\/types\/product"}],"replies":[{"embeddable":true,"href":"https:\/\/www.ceramicbasin.com\/de\/wp-json\/wp\/v2\/comments?post=8177"}],"wp:featuredmedia":[{"embeddable":true,"href":"https:\/\/www.ceramicbasin.com\/de\/wp-json\/wp\/v2\/media\/8446"}],"wp:attachment":[{"href":"https:\/\/www.ceramicbasin.com\/de\/wp-json\/wp\/v2\/media?parent=8177"}],"wp:term":[{"taxonomy":"product_brand","embeddable":true,"href":"https:\/\/www.ceramicbasin.com\/de\/wp-json\/wp\/v2\/product_brand?post=8177"},{"taxonomy":"product_cat","embeddable":true,"href":"https:\/\/www.ceramicbasin.com\/de\/wp-json\/wp\/v2\/product_cat?post=8177"},{"taxonomy":"product_tag","embeddable":true,"href":"https:\/\/www.ceramicbasin.com\/de\/wp-json\/wp\/v2\/product_tag?post=8177"}],"curies":[{"name":"wp","href":"https:\/\/api.w.org\/{rel}","templated":true}]}}