{"id":8227,"date":"2025-11-01T02:57:06","date_gmt":"2025-11-01T02:57:06","guid":{"rendered":"https:\/\/www.ceramicbasin.com\/?post_type=product&#038;p=8227"},"modified":"2025-11-01T02:57:12","modified_gmt":"2025-11-01T02:57:12","slug":"wholesale-bathroom-lavatory-sink","status":"publish","type":"product","link":"https:\/\/www.ceramicbasin.com\/de\/produkt\/wholesale-bathroom-lavatory-sink\/","title":{"rendered":"Gro\u00dfhandel Badezimmer Waschbecken, Tiffany blau Waschbecken"},"content":{"rendered":"<div class=\"wp-block-columns is-layout-flex wp-container-core-columns-is-layout-9d6595d7 wp-block-columns-is-layout-flex\">\n<div class=\"wp-block-column is-layout-flow wp-block-column-is-layout-flow\">\n<h2 class=\"wp-block-heading\">Premium Gro\u00dfhandel Badezimmer Waschbecken Eigenschaften:<\/h2>\n\n\n\n<ul class=\"wp-block-list\">\n<li><strong>Auff\u00e4lliges zweifarbiges Design: <\/strong>Dieses Waschbecken im Gro\u00dfhandel hat ein leuchtendes Tiffanyblau im Inneren und eine Au\u00dfenseite in Marmoroptik, die sich perfekt erg\u00e4nzen und f\u00fcr k\u00fcnstlerische Akzente und ein hochwertiges Gef\u00fchl sorgen, das den Stil von Badezimmern aufwertet.<\/li>\n\n\n\n<li><strong>Hochwertige Materialien:<\/strong> Die Innenglasur dieser Waschbecken ist glatt, leicht zu reinigen und h\u00e4lt wiederholtem Waschen stand, wobei die dekorative Farbe erhalten bleibt. Die Au\u00dfenseite ist aus Marmor, dauerhaft, leicht zu reinigen, flecken- und verschlei\u00dfbest\u00e4ndig und verbindet Sch\u00f6nheit mit Funktionalit\u00e4t.<\/li>\n\n\n\n<li><strong>Flexibler Anpassungsservice:<\/strong> Unsere Gro\u00dfhandel Badezimmer Waschbecken k\u00f6nnen nach Ihrem Projekt Bed\u00fcrfnisse, wie Dimensionen, Installation Wege, und Farbe Details, die von verschiedenen kommerziellen und privaten Szenarien beurteilt angepasst werden.<\/li>\n\n\n\n<li><strong>Effiziente Logistik und Lieferung:<\/strong> Durch den Kauf unserer Waschbecken im Gro\u00dfhandel k\u00f6nnen Sie Ihre Lieferkette und Ihr Bestandsmanagement besser optimieren, da Ihre Bestellungen schnell bearbeitet werden, um eine rasche Lieferung zu erm\u00f6glichen, den Beschaffungszyklus zu verk\u00fcrzen und einen rechtzeitigen Projektabschluss zu erm\u00f6glichen.<\/li>\n<\/ul>\n<\/div>\n\n\n\n<div class=\"wp-block-column is-layout-flow wp-block-column-is-layout-flow\">\n<figure class=\"wp-block-image size-full\"><img fetchpriority=\"high\" decoding=\"async\" width=\"1024\" height=\"1024\" src=\"https:\/\/www.ceramicbasin.com\/wp-content\/uploads\/2025\/10\/Custom-Ceramic-Lavabo-Sink-Washbasin-Marble-Porcelain-Art-Sink-4.webp\" alt=\"Custom Keramik Lavabo Waschbecken, Waschbecken Marmor Porzellan Kunst Waschbecken\" class=\"wp-image-8231\" srcset=\"https:\/\/www.ceramicbasin.com\/wp-content\/uploads\/2025\/10\/Custom-Ceramic-Lavabo-Sink-Washbasin-Marble-Porcelain-Art-Sink-4.webp 1024w, https:\/\/www.ceramicbasin.com\/wp-content\/uploads\/2025\/10\/Custom-Ceramic-Lavabo-Sink-Washbasin-Marble-Porcelain-Art-Sink-4-300x300.webp 300w, https:\/\/www.ceramicbasin.com\/wp-content\/uploads\/2025\/10\/Custom-Ceramic-Lavabo-Sink-Washbasin-Marble-Porcelain-Art-Sink-4-150x150.webp 150w, https:\/\/www.ceramicbasin.com\/wp-content\/uploads\/2025\/10\/Custom-Ceramic-Lavabo-Sink-Washbasin-Marble-Porcelain-Art-Sink-4-768x768.webp 768w, https:\/\/www.ceramicbasin.com\/wp-content\/uploads\/2025\/10\/Custom-Ceramic-Lavabo-Sink-Washbasin-Marble-Porcelain-Art-Sink-4-12x12.webp 12w, https:\/\/www.ceramicbasin.com\/wp-content\/uploads\/2025\/10\/Custom-Ceramic-Lavabo-Sink-Washbasin-Marble-Porcelain-Art-Sink-4-285x285.webp 285w, https:\/\/www.ceramicbasin.com\/wp-content\/uploads\/2025\/10\/Custom-Ceramic-Lavabo-Sink-Washbasin-Marble-Porcelain-Art-Sink-4-270x270.webp 270w, https:\/\/www.ceramicbasin.com\/wp-content\/uploads\/2025\/10\/Custom-Ceramic-Lavabo-Sink-Washbasin-Marble-Porcelain-Art-Sink-4-540x540.webp 540w, https:\/\/www.ceramicbasin.com\/wp-content\/uploads\/2025\/10\/Custom-Ceramic-Lavabo-Sink-Washbasin-Marble-Porcelain-Art-Sink-4-660x660.webp 660w\" sizes=\"(max-width: 1024px) 100vw, 1024px\" \/><\/figure>\n<\/div>\n<\/div>","protected":false},"excerpt":{"rendered":"<p>Willkommen im Gro\u00dfhandel Badezimmer Waschbecken zu kaufen. Unsere Bulk suppl Waschbecken verf\u00fcgt \u00fcber eine attraktive zweifarbigen Stil, mit einem hellen modischen Tiffany blau Glasur auf der Innenseite, und eine Au\u00dfenseite entwickelt, um das nat\u00fcrliche Aussehen von Marmor zu emulieren, um es ein luxuri\u00f6ses sportliches Gef\u00fchl zu geben.<\/p>\n<table style=\"border-collapse: collapse; width: 311.02pt;\" border=\"0\" width=\"311\" cellspacing=\"0\" cellpadding=\"0\">\n<tbody>\n<tr style=\"height: 17.60pt;\">\n<td class=\"et3\" style=\"height: 17.60pt; width: 108.35pt;\" width=\"108\" height=\"17\">Hersteller<\/td>\n<td class=\"et3\" style=\"width: 202.95pt;\" width=\"202\">HanYu<\/td>\n<\/tr>\n<tr style=\"height: 17.60pt;\">\n<td class=\"et3\" style=\"height: 17.60pt;\" height=\"17\">Modell Nr.<\/td>\n<td class=\"et4\">HY-8069D40<\/td>\n<\/tr>\n<tr style=\"height: 36.00pt;\">\n<td class=\"et3\" style=\"height: 36.00pt;\" height=\"36\">Typ<\/td>\n<td class=\"et5\" style=\"width: 202.95pt;\" width=\"202\">Becken in Marmorfarbe, Aufsatzbecken<\/td>\n<\/tr>\n<tr style=\"height: 17.60pt;\">\n<td class=\"et3\" style=\"height: 17.60pt;\" height=\"17\">Form<\/td>\n<td class=\"et3\">Runde Form<\/td>\n<\/tr>\n<tr style=\"height: 18.00pt;\">\n<td class=\"et4\" style=\"height: 18.00pt;\" height=\"18\">Farbe<\/td>\n<td class=\"et5\" style=\"width: 202.95pt;\" width=\"202\">Marmor<\/td>\n<\/tr>\n<tr style=\"height: 18.00pt;\">\n<td class=\"et3\" style=\"height: 18.00pt;\" height=\"18\">Dimension<\/td>\n<td class=\"et5\" style=\"width: 202.95pt;\" width=\"202\">41.5*41.5*13.5<\/td>\n<\/tr>\n<tr style=\"height: 17.60pt;\">\n<td class=\"et3\" style=\"height: 17.60pt;\" height=\"17\">N.W \/SET<\/td>\n<td class=\"et3\">8 KGS\/PCS<\/td>\n<\/tr>\n<tr style=\"height: 17.60pt;\">\n<td class=\"et3\" style=\"height: 17.60pt;\" height=\"17\">MOQ<\/td>\n<td class=\"et3\">20St\u00fcck<\/td>\n<\/tr>\n<tr style=\"height: 17.60pt;\">\n<td class=\"et3\" style=\"height: 17.60pt;\" height=\"17\">Benutzerdefinierte Option<\/td>\n<td class=\"et3\">Farbe\/Muster\/Gr\u00f6\u00dfe\/Logo\/Verpackung<\/td>\n<\/tr>\n<\/tbody>\n<\/table>","protected":false},"featured_media":8230,"comment_status":"closed","ping_status":"closed","template":"","meta":{"_acf_changed":false},"product_brand":[],"product_cat":[50],"product_tag":[],"class_list":{"0":"post-8227","1":"product","2":"type-product","3":"status-publish","4":"has-post-thumbnail","6":"product_cat-wholesale-countertop-sinks","8":"first","9":"instock","10":"shipping-taxable","11":"product-type-simple"},"acf":[],"_links":{"self":[{"href":"https:\/\/www.ceramicbasin.com\/de\/wp-json\/wp\/v2\/product\/8227","targetHints":{"allow":["GET"]}}],"collection":[{"href":"https:\/\/www.ceramicbasin.com\/de\/wp-json\/wp\/v2\/product"}],"about":[{"href":"https:\/\/www.ceramicbasin.com\/de\/wp-json\/wp\/v2\/types\/product"}],"replies":[{"embeddable":true,"href":"https:\/\/www.ceramicbasin.com\/de\/wp-json\/wp\/v2\/comments?post=8227"}],"wp:featuredmedia":[{"embeddable":true,"href":"https:\/\/www.ceramicbasin.com\/de\/wp-json\/wp\/v2\/media\/8230"}],"wp:attachment":[{"href":"https:\/\/www.ceramicbasin.com\/de\/wp-json\/wp\/v2\/media?parent=8227"}],"wp:term":[{"taxonomy":"product_brand","embeddable":true,"href":"https:\/\/www.ceramicbasin.com\/de\/wp-json\/wp\/v2\/product_brand?post=8227"},{"taxonomy":"product_cat","embeddable":true,"href":"https:\/\/www.ceramicbasin.com\/de\/wp-json\/wp\/v2\/product_cat?post=8227"},{"taxonomy":"product_tag","embeddable":true,"href":"https:\/\/www.ceramicbasin.com\/de\/wp-json\/wp\/v2\/product_tag?post=8227"}],"curies":[{"name":"wp","href":"https:\/\/api.w.org\/{rel}","templated":true}]}}