{"id":8362,"date":"2025-11-06T01:26:15","date_gmt":"2025-11-06T01:26:15","guid":{"rendered":"https:\/\/www.ceramicbasin.com\/?post_type=product&#038;p=8362"},"modified":"2025-11-07T02:46:50","modified_gmt":"2025-11-07T02:46:50","slug":"oval-bathroom-basin-wholesale","status":"publish","type":"product","link":"https:\/\/www.ceramicbasin.com\/de\/produkt\/oval-bathroom-basin-wholesale\/","title":{"rendered":"Ovales Bad Becken Gro\u00dfhandel, Keramik Arbeitsplatte Waschbecken Bulk"},"content":{"rendered":"<div class=\"wp-block-columns is-layout-flex wp-container-core-columns-is-layout-9d6595d7 wp-block-columns-is-layout-flex\">\n<div class=\"wp-block-column is-layout-flow wp-block-column-is-layout-flow\">\n<h2 class=\"wp-block-heading\">Premium Oval Bad Waschbecken Gro\u00dfhandel Merkmale:<\/h2>\n\n\n\n<ul class=\"wp-block-list\">\n<li><strong>Hochwertig und langlebig:<\/strong> Dieses ovale Waschbecken im Gro\u00dfhandel ist aus hochwertigem Keramikmaterial gefertigt und wurde einem strengen Herstellungsprozess unterzogen, um sicherzustellen, dass das Produkt langlebig, schmutzabweisend und kratzfest ist.<\/li>\n\n\n\n<li><strong>Ovale Form:<\/strong> Die Form unserer keramischen Aufsatzwaschbecken f\u00fcr den Gro\u00dfhandel ist eine m\u00fchelose ovale Form. Diese einfache ovale Form ist klassisch und elegant und tr\u00e4gt zum Gesamtstil des Badezimmers bei und kann perfekt mit jedem Badezimmerdekor abgestimmt werden.<\/li>\n\n\n\n<li><strong>Fabrikdirektlieferung: <\/strong>Unsere benutzerdefinierten Bad Arbeitsplatte Waschbecken sind aus der Fabrik direkt und werden Sie mit guten Qualit\u00e4tsprodukten zu den wettbewerbsf\u00e4higsten Preis bieten. Auch f\u00fcr Gro\u00dfbestellungen erhalten Sie Gro\u00dfhandelspreise; es hilft Ihnen, die Kosten f\u00fcr die Produkte zu sparen und erh\u00f6ht Ihre Gewinnspanne.<\/li>\n\n\n\n<li><strong>Gro\u00dfhandel und kundenspezifische Anpassung unterst\u00fctzt: <\/strong>Das ovale Bad Waschbecken Gro\u00dfhandel ist f\u00fcr die Installation auf der Arbeitsplatte konzipiert und bietet mehrere Gr\u00f6\u00dfen und Farben zur Auswahl. OEM\/ODM-Anpassung wird unterst\u00fctzt, um die Bed\u00fcrfnisse von Hotelprojekten und kommerziellen Projekten zu erf\u00fcllen.<\/li>\n<\/ul>\n<\/div>\n\n\n\n<div class=\"wp-block-column is-layout-flow wp-block-column-is-layout-flow\">\n<figure class=\"wp-block-image size-full\"><img fetchpriority=\"high\" decoding=\"async\" width=\"656\" height=\"928\" src=\"https:\/\/www.ceramicbasin.com\/wp-content\/uploads\/2025\/11\/oval-bathroom-basin-wholesale-ceramic-countertop-sink-bulk-6.webp\" alt=\"Ovales-Badezimmer-Becken-Gro\u00dfhandel-Keramik-Aufsatzwaschbecken-6\" class=\"wp-image-8426\" srcset=\"https:\/\/www.ceramicbasin.com\/wp-content\/uploads\/2025\/11\/oval-bathroom-basin-wholesale-ceramic-countertop-sink-bulk-6.webp 656w, https:\/\/www.ceramicbasin.com\/wp-content\/uploads\/2025\/11\/oval-bathroom-basin-wholesale-ceramic-countertop-sink-bulk-6-212x300.webp 212w, https:\/\/www.ceramicbasin.com\/wp-content\/uploads\/2025\/11\/oval-bathroom-basin-wholesale-ceramic-countertop-sink-bulk-6-8x12.webp 8w, https:\/\/www.ceramicbasin.com\/wp-content\/uploads\/2025\/11\/oval-bathroom-basin-wholesale-ceramic-countertop-sink-bulk-6-285x403.webp 285w, https:\/\/www.ceramicbasin.com\/wp-content\/uploads\/2025\/11\/oval-bathroom-basin-wholesale-ceramic-countertop-sink-bulk-6-467x660.webp 467w, https:\/\/www.ceramicbasin.com\/wp-content\/uploads\/2025\/11\/oval-bathroom-basin-wholesale-ceramic-countertop-sink-bulk-6-106x150.webp 106w\" sizes=\"(max-width: 656px) 100vw, 656px\" \/><\/figure>\n<\/div>\n<\/div>\n\n\n\n<p><\/p>","protected":false},"excerpt":{"rendered":"<p>Willkommen zum Kauf dieses ovalen Bad Waschbecken Gro\u00dfhandel. HanYu bietet hochwertige benutzerdefinierte Bad Arbeitsplatte Becken in der Masse direkt aus unserer Fabrik, und unterst\u00fctzt kundenspezifischen Service zum g\u00fcnstigsten Preis. Das elegante, stromlinienf\u00f6rmige Design unserer Gro\u00dfhandel Waschbecken ist in verschiedenen Badstilen integriert, ideal f\u00fcr Hotelb\u00e4der, kommerzielle Projekte und Gro\u00dfhandel Anpassung.<\/p>\n<table width=\"311\">\n<tbody>\n<tr>\n<td width=\"108\">Hersteller<\/td>\n<td width=\"202\">HanYu<\/td>\n<\/tr>\n<tr>\n<td>Modell Nr.<\/td>\n<td>HY-8171A<\/td>\n<\/tr>\n<tr>\n<td>Typ<\/td>\n<td>CounterTop-Becken<\/td>\n<\/tr>\n<tr>\n<td>Form<\/td>\n<td>Oval\u00a0<\/td>\n<\/tr>\n<tr>\n<td>Farbe<\/td>\n<td>Wei\u00df<\/td>\n<\/tr>\n<tr>\n<td>Dimension<\/td>\n<td width=\"202\">42*30*12<\/td>\n<\/tr>\n<tr>\n<td>N.W \/SET<\/td>\n<td>11KG\/PCS<\/td>\n<\/tr>\n<tr>\n<td>MOQ<\/td>\n<td>20St\u00fcck<\/td>\n<\/tr>\n<tr>\n<td>Benutzerdefinierte Option<\/td>\n<td>Farbe\/Muster\/Gr\u00f6\u00dfe\/Logo\/Verpackung<\/td>\n<\/tr>\n<\/tbody>\n<\/table>","protected":false},"featured_media":8421,"comment_status":"closed","ping_status":"closed","template":"","meta":{"_acf_changed":false},"product_brand":[],"product_cat":[50],"product_tag":[],"class_list":{"0":"post-8362","1":"product","2":"type-product","3":"status-publish","4":"has-post-thumbnail","6":"product_cat-wholesale-countertop-sinks","8":"first","9":"instock","10":"shipping-taxable","11":"product-type-simple"},"acf":[],"_links":{"self":[{"href":"https:\/\/www.ceramicbasin.com\/de\/wp-json\/wp\/v2\/product\/8362","targetHints":{"allow":["GET"]}}],"collection":[{"href":"https:\/\/www.ceramicbasin.com\/de\/wp-json\/wp\/v2\/product"}],"about":[{"href":"https:\/\/www.ceramicbasin.com\/de\/wp-json\/wp\/v2\/types\/product"}],"replies":[{"embeddable":true,"href":"https:\/\/www.ceramicbasin.com\/de\/wp-json\/wp\/v2\/comments?post=8362"}],"wp:featuredmedia":[{"embeddable":true,"href":"https:\/\/www.ceramicbasin.com\/de\/wp-json\/wp\/v2\/media\/8421"}],"wp:attachment":[{"href":"https:\/\/www.ceramicbasin.com\/de\/wp-json\/wp\/v2\/media?parent=8362"}],"wp:term":[{"taxonomy":"product_brand","embeddable":true,"href":"https:\/\/www.ceramicbasin.com\/de\/wp-json\/wp\/v2\/product_brand?post=8362"},{"taxonomy":"product_cat","embeddable":true,"href":"https:\/\/www.ceramicbasin.com\/de\/wp-json\/wp\/v2\/product_cat?post=8362"},{"taxonomy":"product_tag","embeddable":true,"href":"https:\/\/www.ceramicbasin.com\/de\/wp-json\/wp\/v2\/product_tag?post=8362"}],"curies":[{"name":"wp","href":"https:\/\/api.w.org\/{rel}","templated":true}]}}