{"id":8371,"date":"2025-11-06T02:22:14","date_gmt":"2025-11-06T02:22:14","guid":{"rendered":"https:\/\/www.ceramicbasin.com\/?post_type=product&#038;p=8371"},"modified":"2025-11-07T02:12:10","modified_gmt":"2025-11-07T02:12:10","slug":"custom-round-countertop-bathroom-sink","status":"publish","type":"product","link":"https:\/\/www.ceramicbasin.com\/de\/produkt\/custom-round-countertop-bathroom-sink\/","title":{"rendered":"Kundenspezifisches rundes Aufsatzwaschbecken f\u00fcr das Badezimmer, wei\u00dfes Keramikbecken Bulk"},"content":{"rendered":"<div class=\"wp-block-columns is-layout-flex wp-container-core-columns-is-layout-9d6595d7 wp-block-columns-is-layout-flex\">\n<div class=\"wp-block-column is-layout-flow wp-block-column-is-layout-flow\">\n<h2 class=\"wp-block-heading\">Premium Custom Round Countertop Bathroom Sink Features:<\/h2>\n\n\n\n<ul class=\"wp-block-list\">\n<li><strong>Klassisches rundes Design:<\/strong> Die Form dieser kundenspezifischen runden Waschbecken ist in einem einfachen und eleganten Stil gestaltet. Die abgerundeten Linien verleihen dem Badezimmer eine harmonische Atmosph\u00e4re und passen perfekt zu jedem Einrichtungsstil, von moderner Schlichtheit bis zum traditionellen Stil.<\/li>\n\n\n\n<li><strong>Hochwertiges Porzellanmaterial:<\/strong> Die Qualit\u00e4t des Porzellanmaterials, aus dem unsere runden Waschbecken im Gro\u00dfhandel bestehen, ist hervorragend. Es wird bei hohen Temperaturen gebrannt und ist sehr widerstandsf\u00e4hig gegen Abnutzung und Flecken. Die hochgl\u00e4nzende Glasur ist wasser- und schmutzabweisend; wischen Sie sie einfach ab, um sie gl\u00e4nzend zu halten.<\/li>\n\n\n\n<li><strong>Platzsparendes Design: <\/strong>Diese Porzellan Waschbecken Gro\u00dfhandel sind nicht nur optisch sch\u00f6n, sondern auch voll nutzen die Arbeitsplatte Platz. Die Installation kann f\u00fcr B\u00e4der jeder Gr\u00f6\u00dfe erfolgen, insbesondere bei begrenzter Fl\u00e4che. Es verbessert die Raumnutzung ohne Kompromisse bei den praktischen Funktionen.<\/li>\n\n\n\n<li><strong>Gro\u00dfhandel und kundenspezifische Dienstleistungen:<\/strong> Wir bieten einen Gro\u00dfeinkaufspreis und einen OEM\/ODM-Service f\u00fcr kundenspezifische runde Waschbecken an, die nach den konkreten Anforderungen der Kunden eingerichtet werden k\u00f6nnen, um dem Stil und den funktionalen Anforderungen verschiedener Projekte zu entsprechen.<\/li>\n<\/ul>\n<\/div>\n\n\n\n<div class=\"wp-block-column is-layout-flow wp-block-column-is-layout-flow\">\n<figure class=\"wp-block-image size-full\"><img fetchpriority=\"high\" decoding=\"async\" width=\"604\" height=\"913\" src=\"https:\/\/www.ceramicbasin.com\/wp-content\/uploads\/2025\/11\/custom-round-countertop-bathroom-sink-ceramic-basin-bulk-6.webp\" alt=\"custom-round-countertop-bathroom-sink-ceramic-basin-bulk-6\" class=\"wp-image-8419\" srcset=\"https:\/\/www.ceramicbasin.com\/wp-content\/uploads\/2025\/11\/custom-round-countertop-bathroom-sink-ceramic-basin-bulk-6.webp 604w, https:\/\/www.ceramicbasin.com\/wp-content\/uploads\/2025\/11\/custom-round-countertop-bathroom-sink-ceramic-basin-bulk-6-198x300.webp 198w, https:\/\/www.ceramicbasin.com\/wp-content\/uploads\/2025\/11\/custom-round-countertop-bathroom-sink-ceramic-basin-bulk-6-8x12.webp 8w, https:\/\/www.ceramicbasin.com\/wp-content\/uploads\/2025\/11\/custom-round-countertop-bathroom-sink-ceramic-basin-bulk-6-285x431.webp 285w, https:\/\/www.ceramicbasin.com\/wp-content\/uploads\/2025\/11\/custom-round-countertop-bathroom-sink-ceramic-basin-bulk-6-437x660.webp 437w, https:\/\/www.ceramicbasin.com\/wp-content\/uploads\/2025\/11\/custom-round-countertop-bathroom-sink-ceramic-basin-bulk-6-99x150.webp 99w\" sizes=\"(max-width: 604px) 100vw, 604px\" \/><\/figure>\n<\/div>\n<\/div>","protected":false},"excerpt":{"rendered":"<p>Willkommen in unserem benutzerdefinierten runden Arbeitsplatte Waschbecken kaufen verf\u00fcgt \u00fcber eine glatte wei\u00dfe Keramik-Finish mit einer glatten, dauerhaften Glasur. Unsere Porzellan Bad Waschbecken Gro\u00dfhandel passen viele Arten von Bad Stile mit ihren einfachen und stimmungsvollen Design, mit einer glatten Oberfl\u00e4che, verschlei\u00dffest und leicht zu reinigen. Es ist ideal f\u00fcr Hotels, Wohnungen und gewerbliche B\u00e4der.<\/p>\n<table style=\"border-collapse: collapse; width: 358.52pt;\" border=\"0\" width=\"478\" cellspacing=\"0\" cellpadding=\"0\">\n<tbody>\n<tr style=\"height: 17.25pt;\">\n<td class=\"et3\" style=\"height: 17.25pt; width: 125.00pt;\" width=\"166\" height=\"23\">Hersteller<\/td>\n<td class=\"et3\" style=\"width: 234.15pt;\" width=\"312\">HanYu<\/td>\n<\/tr>\n<tr style=\"height: 17.25pt;\">\n<td class=\"et3\" style=\"height: 17.25pt;\" height=\"23\">Modell Nr.<\/td>\n<td class=\"et4\">HY-8155A<\/td>\n<\/tr>\n<tr style=\"height: 17.25pt;\">\n<td class=\"et3\" style=\"height: 17.25pt;\" height=\"23\">Typ<\/td>\n<td class=\"et5\" style=\"width: 234.15pt;\" width=\"312\">Aufsatzwaschbecken<\/td>\n<\/tr>\n<tr style=\"height: 18.00pt;\">\n<td class=\"et3\" style=\"height: 18.00pt;\" height=\"24\">Form<\/td>\n<td class=\"et3\">Runde Form<\/td>\n<\/tr>\n<tr style=\"height: 34.50pt;\">\n<td class=\"et4\" style=\"height: 34.50pt;\" height=\"46\">Farbe<\/td>\n<td class=\"et5\" style=\"width: 234.15pt;\" width=\"312\">schwarz\/wei\u00df\/blau\/grau\/rosa\/gr\u00fcn\/braun\/khaki<\/td>\n<\/tr>\n<tr style=\"height: 18.00pt;\">\n<td class=\"et3\" style=\"height: 18.00pt;\" height=\"24\">Dimension<\/td>\n<td class=\"et5\" style=\"width: 234.15pt;\" width=\"312\">30.5*30.5*11<\/td>\n<\/tr>\n<tr style=\"height: 17.25pt;\">\n<td class=\"et3\" style=\"height: 17.25pt;\" height=\"23\">N.W \/SET<\/td>\n<td class=\"et3\">9 KGS\/PCS<\/td>\n<\/tr>\n<tr style=\"height: 17.25pt;\">\n<td class=\"et3\" style=\"height: 17.25pt;\" height=\"23\">MOQ<\/td>\n<td class=\"et3\">20St\u00fcck<\/td>\n<\/tr>\n<tr style=\"height: 17.25pt;\">\n<td class=\"et3\" style=\"height: 17.25pt;\" height=\"23\">Benutzerdefinierte Option<\/td>\n<td class=\"et3\">Farbe\/Muster\/Gr\u00f6\u00dfe\/Logo\/Verpackung<\/td>\n<\/tr>\n<\/tbody>\n<\/table>","protected":false},"featured_media":8414,"comment_status":"closed","ping_status":"closed","template":"","meta":{"_acf_changed":false},"product_brand":[],"product_cat":[50],"product_tag":[],"class_list":{"0":"post-8371","1":"product","2":"type-product","3":"status-publish","4":"has-post-thumbnail","6":"product_cat-wholesale-countertop-sinks","8":"first","9":"instock","10":"shipping-taxable","11":"product-type-simple"},"acf":[],"_links":{"self":[{"href":"https:\/\/www.ceramicbasin.com\/de\/wp-json\/wp\/v2\/product\/8371","targetHints":{"allow":["GET"]}}],"collection":[{"href":"https:\/\/www.ceramicbasin.com\/de\/wp-json\/wp\/v2\/product"}],"about":[{"href":"https:\/\/www.ceramicbasin.com\/de\/wp-json\/wp\/v2\/types\/product"}],"replies":[{"embeddable":true,"href":"https:\/\/www.ceramicbasin.com\/de\/wp-json\/wp\/v2\/comments?post=8371"}],"wp:featuredmedia":[{"embeddable":true,"href":"https:\/\/www.ceramicbasin.com\/de\/wp-json\/wp\/v2\/media\/8414"}],"wp:attachment":[{"href":"https:\/\/www.ceramicbasin.com\/de\/wp-json\/wp\/v2\/media?parent=8371"}],"wp:term":[{"taxonomy":"product_brand","embeddable":true,"href":"https:\/\/www.ceramicbasin.com\/de\/wp-json\/wp\/v2\/product_brand?post=8371"},{"taxonomy":"product_cat","embeddable":true,"href":"https:\/\/www.ceramicbasin.com\/de\/wp-json\/wp\/v2\/product_cat?post=8371"},{"taxonomy":"product_tag","embeddable":true,"href":"https:\/\/www.ceramicbasin.com\/de\/wp-json\/wp\/v2\/product_tag?post=8371"}],"curies":[{"name":"wp","href":"https:\/\/api.w.org\/{rel}","templated":true}]}}