{"id":8395,"date":"2025-11-06T02:37:26","date_gmt":"2025-11-06T02:37:26","guid":{"rendered":"https:\/\/www.ceramicbasin.com\/?post_type=product&#038;p=8395"},"modified":"2025-11-07T01:22:21","modified_gmt":"2025-11-07T01:22:21","slug":"wholesale-round-lavatory-sink","status":"publish","type":"product","link":"https:\/\/www.ceramicbasin.com\/de\/produkt\/wholesale-round-lavatory-sink\/","title":{"rendered":"Moderne Gro\u00dfhandel Runde Waschbecken f\u00fcr Bad und Hotel"},"content":{"rendered":"<div class=\"wp-block-columns is-layout-flex wp-container-core-columns-is-layout-9d6595d7 wp-block-columns-is-layout-flex\">\n<div class=\"wp-block-column is-layout-flow wp-block-column-is-layout-flow\">\n<h2 class=\"wp-block-heading\">Premium Europa Gro\u00dfhandel Runde Waschbecken Merkmale:<\/h2>\n\n\n\n<ul class=\"wp-block-list\">\n<li><strong>Edles Design: <\/strong>Die Aufsatzwaschbecken im Gro\u00dfhandel haben eine runde Form. F\u00fcr das Innendesign ist es eine exquisite Ziegelschnitt-Textur, die die traditionelle glatte Innenwand bricht und eine einzigartige visuelle Hierarchie hinzuf\u00fcgt, um es viel eleganter und luxuri\u00f6ser zu machen.<\/li>\n\n\n\n<li><strong>Glasur:<\/strong> Die Oberfl\u00e4che dieses runden Waschbeckens aus dem Gro\u00dfhandel ist mit einer Hochtemperaturverglasung versehen, um eine glatte Oberfl\u00e4che, eine einfache Reinigung und eine hervorragende Antifouling- und Antifoulingleistung zu gew\u00e4hrleisten. Die glatte Verglasung reduziert die Ansammlung von Wasserflecken und Schmutz; es kann seine Helligkeit f\u00fcr eine lange Zeit, auch bei h\u00e4ufigem Gebrauch zu halten.<\/li>\n\n\n\n<li><strong>Farben: <\/strong>Diese runden Waschbecken aus dem Gro\u00dfhandel bieten verschiedene Farboptionen, die sich leicht in verschiedene Themen der Badezimmergestaltung einf\u00fcgen lassen. Ob es einfach und modern im Stil, oder retro und klassisch im Stil ist, kann es perfekt durch ma\u00dfgeschneiderte Farben integriert werden.<\/li>\n\n\n\n<li><strong>Langlebig: <\/strong>Unsere Keramiksp\u00fclen f\u00fcr den Gro\u00dfhandel sind aus hochwertiger Keramik gefertigt. Sie haben eine solide Struktur mit au\u00dfergew\u00f6hnlicher Kratz- und Rissfestigkeit. Unsere Keramiksp\u00fclen sind bei hoher Temperatur gebrannt und bieten mehr Haltbarkeit und Verformungsbest\u00e4ndigkeit im t\u00e4glichen Gebrauch. Sie widerstehen verschiedenen Arten von Herausforderungen im t\u00e4glichen Gebrauch, und sie werden eine Vielzahl von Zwecken in beiden kommerziellen und Heimdekoration dienen.<\/li>\n<\/ul>\n<\/div>\n\n\n\n<div class=\"wp-block-column is-layout-flow wp-block-column-is-layout-flow\">\n<figure class=\"wp-block-image size-full\"><img fetchpriority=\"high\" decoding=\"async\" width=\"550\" height=\"900\" src=\"https:\/\/www.ceramicbasin.com\/wp-content\/uploads\/2025\/11\/modern-wholesale-round-lavatory-sink-for-bathroom-and-hotel-6.webp\" alt=\"modernes-gro\u00dfhandel-rundes-waschbecken-f\u00fcr-badezimmer-und-hotel-6\" class=\"wp-image-8410\" srcset=\"https:\/\/www.ceramicbasin.com\/wp-content\/uploads\/2025\/11\/modern-wholesale-round-lavatory-sink-for-bathroom-and-hotel-6.webp 550w, https:\/\/www.ceramicbasin.com\/wp-content\/uploads\/2025\/11\/modern-wholesale-round-lavatory-sink-for-bathroom-and-hotel-6-183x300.webp 183w, https:\/\/www.ceramicbasin.com\/wp-content\/uploads\/2025\/11\/modern-wholesale-round-lavatory-sink-for-bathroom-and-hotel-6-7x12.webp 7w, https:\/\/www.ceramicbasin.com\/wp-content\/uploads\/2025\/11\/modern-wholesale-round-lavatory-sink-for-bathroom-and-hotel-6-285x466.webp 285w, https:\/\/www.ceramicbasin.com\/wp-content\/uploads\/2025\/11\/modern-wholesale-round-lavatory-sink-for-bathroom-and-hotel-6-403x660.webp 403w, https:\/\/www.ceramicbasin.com\/wp-content\/uploads\/2025\/11\/modern-wholesale-round-lavatory-sink-for-bathroom-and-hotel-6-92x150.webp 92w\" sizes=\"(max-width: 550px) 100vw, 550px\" \/><\/figure>\n<\/div>\n<\/div>\n\n\n\n<p><\/p>","protected":false},"excerpt":{"rendered":"<p>Willkommen zu erkundigen \u00fcber unsere Gro\u00dfhandel runde Waschbecken. Dieses Keramikbecken im europ\u00e4ischen Stil zeichnet sich durch ein schlichtes, minimalistisches Design aus, das perfekt f\u00fcr moderne Badezimmer und Hotels ist. Es ist aus strapazierf\u00e4higer, hochgl\u00e4nzender Keramik gefertigt und verf\u00fcgt \u00fcber eine glatte Oberfl\u00e4che, die sich leicht reinigen l\u00e4sst. Diese Waschbecken sind ideal f\u00fcr den Gro\u00dfhandel und individuelle Badezimmerprojekte.<\/p>\n<table style=\"border-collapse: collapse; width: 311.02pt;\" border=\"0\" width=\"311\" cellspacing=\"0\" cellpadding=\"0\">\n<tbody>\n<tr style=\"height: 17.60pt;\">\n<td class=\"et3\" style=\"height: 17.60pt; width: 108.35pt;\" width=\"108\" height=\"17\">Hersteller<\/td>\n<td class=\"et3\" style=\"width: 202.95pt;\" width=\"202\">HanYu<\/td>\n<\/tr>\n<tr style=\"height: 17.60pt;\">\n<td class=\"et3\" style=\"height: 17.60pt;\" height=\"17\">Modell Nr.<\/td>\n<td class=\"et4\">HY-8257<\/td>\n<\/tr>\n<tr style=\"height: 18.00pt;\">\n<td class=\"et3\" style=\"height: 18.00pt;\" height=\"18\">Typ<\/td>\n<td class=\"et5\" style=\"width: 202.95pt;\" width=\"202\">Aufsatzwaschbecken<\/td>\n<\/tr>\n<tr style=\"height: 17.60pt;\">\n<td class=\"et3\" style=\"height: 17.60pt;\" height=\"17\">Form<\/td>\n<td class=\"et3\">Runde Form<\/td>\n<\/tr>\n<tr style=\"height: 18.00pt;\">\n<td class=\"et4\" style=\"height: 18.00pt;\" height=\"18\">Farbe<\/td>\n<td class=\"et5\" style=\"width: 202.95pt;\" width=\"202\">Wei\u00df<\/td>\n<\/tr>\n<tr style=\"height: 18.00pt;\">\n<td class=\"et3\" style=\"height: 18.00pt;\" height=\"18\">Dimension<\/td>\n<td class=\"et5\" style=\"width: 202.95pt;\" width=\"202\">38*38*15.5<\/td>\n<\/tr>\n<tr style=\"height: 17.60pt;\">\n<td class=\"et3\" style=\"height: 17.60pt;\" height=\"17\">N.W \/SET<\/td>\n<td class=\"et3\">10 KGS\/PCS<\/td>\n<\/tr>\n<tr style=\"height: 17.60pt;\">\n<td class=\"et3\" style=\"height: 17.60pt;\" height=\"17\">MOQ<\/td>\n<td class=\"et3\">20St\u00fcck<\/td>\n<\/tr>\n<tr style=\"height: 17.60pt;\">\n<td class=\"et3\" style=\"height: 17.60pt;\" height=\"17\">Benutzerdefinierte Option<\/td>\n<td class=\"et3\">Farbe\/Muster\/Gr\u00f6\u00dfe\/Logo\/Verpackung<\/td>\n<\/tr>\n<\/tbody>\n<\/table>","protected":false},"featured_media":8405,"comment_status":"closed","ping_status":"closed","template":"","meta":{"_acf_changed":false},"product_brand":[],"product_cat":[50],"product_tag":[],"class_list":{"0":"post-8395","1":"product","2":"type-product","3":"status-publish","4":"has-post-thumbnail","6":"product_cat-wholesale-countertop-sinks","8":"first","9":"instock","10":"shipping-taxable","11":"product-type-simple"},"acf":[],"_links":{"self":[{"href":"https:\/\/www.ceramicbasin.com\/de\/wp-json\/wp\/v2\/product\/8395","targetHints":{"allow":["GET"]}}],"collection":[{"href":"https:\/\/www.ceramicbasin.com\/de\/wp-json\/wp\/v2\/product"}],"about":[{"href":"https:\/\/www.ceramicbasin.com\/de\/wp-json\/wp\/v2\/types\/product"}],"replies":[{"embeddable":true,"href":"https:\/\/www.ceramicbasin.com\/de\/wp-json\/wp\/v2\/comments?post=8395"}],"wp:featuredmedia":[{"embeddable":true,"href":"https:\/\/www.ceramicbasin.com\/de\/wp-json\/wp\/v2\/media\/8405"}],"wp:attachment":[{"href":"https:\/\/www.ceramicbasin.com\/de\/wp-json\/wp\/v2\/media?parent=8395"}],"wp:term":[{"taxonomy":"product_brand","embeddable":true,"href":"https:\/\/www.ceramicbasin.com\/de\/wp-json\/wp\/v2\/product_brand?post=8395"},{"taxonomy":"product_cat","embeddable":true,"href":"https:\/\/www.ceramicbasin.com\/de\/wp-json\/wp\/v2\/product_cat?post=8395"},{"taxonomy":"product_tag","embeddable":true,"href":"https:\/\/www.ceramicbasin.com\/de\/wp-json\/wp\/v2\/product_tag?post=8395"}],"curies":[{"name":"wp","href":"https:\/\/api.w.org\/{rel}","templated":true}]}}