{"id":8517,"date":"2025-11-15T09:34:49","date_gmt":"2025-11-15T09:34:49","guid":{"rendered":"https:\/\/www.ceramicbasin.com\/?post_type=product&#038;p=8517"},"modified":"2025-11-15T09:34:51","modified_gmt":"2025-11-15T09:34:51","slug":"wholesale-bathroom-countertop-basins","status":"publish","type":"product","link":"https:\/\/www.ceramicbasin.com\/de\/produkt\/wholesale-bathroom-countertop-basins\/","title":{"rendered":"Bulk Gro\u00dfhandel Badezimmer Arbeitsplatte Waschbecken mit Wasserhahn-Loch"},"content":{"rendered":"<div class=\"wp-block-columns is-layout-flex wp-container-core-columns-is-layout-9d6595d7 wp-block-columns-is-layout-flex\">\n<div class=\"wp-block-column is-layout-flow wp-block-column-is-layout-flow\">\n<h2 class=\"wp-block-heading\">Premium-Gro\u00dfhandel Badezimmer Arbeitsplatte Waschbecken Merkmale:<\/h2>\n\n\n\n<ul class=\"wp-block-list\">\n<li><strong>Einfache Installation:<\/strong>\u00a0Unsere Gro\u00dfhandels-Badewannen haben ein Design f\u00fcr die Installation auf der Arbeitsplatte, das sich f\u00fcr die Installation im Schrank eignet. Die Struktur ist robust und die Installation ist einfach.<\/li>\n\n\n\n<li><strong>Hochwertiges keramisches Material:\u00a0<\/strong>Die Oberfl\u00e4chenglasur ist glatt und dicht, kratzfest, schmutzabweisend, leicht zu reinigen und wasserfest und beh\u00e4lt ihren Glanz auch nach langem Gebrauch.<\/li>\n\n\n\n<li><strong>Direktverkauf ab Werk:\u00a0<\/strong>HanYu's Gro\u00dfhandel Bad Waschbecken sind direkt von der Fabrik verkauft, die Beseitigung der Preisunterschied von Zwischenh\u00e4ndlern, und Gro\u00dfhandel Kauf Bad Waschbecken stellt sicher, dass Sie kaufen qualitativ hochwertige Bad Waschbecken in der Masse zu den niedrigsten Kosten.<\/li>\n\n\n\n<li><strong>Rechteckiges, solides Design:\u00a0<\/strong>Diese Keramiksp\u00fclen f\u00fcr den Gro\u00dfhandel sind solide im Design und haben klare Linien, die ein modernes, minimalistisches Design betonen, perfekt f\u00fcr hochwertige Hotels und kommerzielle Nutzung.<\/li>\n<\/ul>\n<\/div>\n\n\n\n<div class=\"wp-block-column is-layout-flow wp-block-column-is-layout-flow\">\n<figure class=\"wp-block-image size-full\"><img fetchpriority=\"high\" decoding=\"async\" width=\"645\" height=\"936\" src=\"https:\/\/www.ceramicbasin.com\/wp-content\/uploads\/2025\/11\/Ceramic-washbasin-supplier-rectangle-design-above-counter-basin-with-faucet-hole-5.webp\" alt=\"\" class=\"wp-image-8514\" srcset=\"https:\/\/www.ceramicbasin.com\/wp-content\/uploads\/2025\/11\/Ceramic-washbasin-supplier-rectangle-design-above-counter-basin-with-faucet-hole-5.webp 645w, https:\/\/www.ceramicbasin.com\/wp-content\/uploads\/2025\/11\/Ceramic-washbasin-supplier-rectangle-design-above-counter-basin-with-faucet-hole-5-207x300.webp 207w, https:\/\/www.ceramicbasin.com\/wp-content\/uploads\/2025\/11\/Ceramic-washbasin-supplier-rectangle-design-above-counter-basin-with-faucet-hole-5-8x12.webp 8w, https:\/\/www.ceramicbasin.com\/wp-content\/uploads\/2025\/11\/Ceramic-washbasin-supplier-rectangle-design-above-counter-basin-with-faucet-hole-5-285x414.webp 285w, https:\/\/www.ceramicbasin.com\/wp-content\/uploads\/2025\/11\/Ceramic-washbasin-supplier-rectangle-design-above-counter-basin-with-faucet-hole-5-455x660.webp 455w, https:\/\/www.ceramicbasin.com\/wp-content\/uploads\/2025\/11\/Ceramic-washbasin-supplier-rectangle-design-above-counter-basin-with-faucet-hole-5-103x150.webp 103w\" sizes=\"(max-width: 645px) 100vw, 645px\" \/><\/figure>\n<\/div>\n<\/div>","protected":false},"excerpt":{"rendered":"<p>Willkommen im Gro\u00dfhandel Bad Arbeitsplatte Waschbecken bestellen. Unsere Bulk-Versorgung Keramik Waschbecken sind solide im Design und haben klare Linien, betont ein modernes, minimalistisches Design, perfekt f\u00fcr High-End-Hotels und kommerziellen Einsatz.<\/p>\n<table style=\"border-collapse: collapse; width: 358.52pt;\" border=\"0\" width=\"478\" cellspacing=\"0\" cellpadding=\"0\">\n<tbody>\n<tr style=\"height: 17.25pt;\">\n<td class=\"et3\" style=\"height: 17.25pt; width: 125.00pt;\" width=\"166\" height=\"23\">Hersteller<\/td>\n<td class=\"et3\" style=\"width: 234.15pt;\" width=\"312\">HanYu<\/td>\n<\/tr>\n<tr style=\"height: 17.25pt;\">\n<td class=\"et3\" style=\"height: 17.25pt;\" height=\"23\">Modell Nr.<\/td>\n<td class=\"et4\">HY-8262<\/td>\n<\/tr>\n<tr style=\"height: 17.25pt;\">\n<td class=\"et3\" style=\"height: 17.25pt;\" height=\"23\">Typ<\/td>\n<td class=\"et5\" style=\"width: 234.15pt;\" width=\"312\">Arbeitsplatten-Sp\u00fclbecken<\/td>\n<\/tr>\n<tr style=\"height: 18.00pt;\">\n<td class=\"et3\" style=\"height: 18.00pt;\" height=\"24\">Form<\/td>\n<td class=\"et3\">Rectanglue Form<\/td>\n<\/tr>\n<tr style=\"height: 34.50pt;\">\n<td class=\"et4\" style=\"height: 34.50pt;\" height=\"46\">Farbe<\/td>\n<td class=\"et5\" style=\"width: 234.15pt;\" width=\"312\">schwarz\/wei\u00df\/blau\/grau\/rosa\/gr\u00fcn\/braun\/khaki<\/td>\n<\/tr>\n<tr style=\"height: 18.00pt;\">\n<td class=\"et3\" style=\"height: 18.00pt;\" height=\"24\">Dimension<\/td>\n<td class=\"et5\" style=\"width: 234.15pt;\" width=\"312\">55*38*14<\/td>\n<\/tr>\n<tr style=\"height: 17.25pt;\">\n<td class=\"et3\" style=\"height: 17.25pt;\" height=\"23\">N.W \/SET<\/td>\n<td class=\"et3\">12KGS\/PCS<\/td>\n<\/tr>\n<tr style=\"height: 17.25pt;\">\n<td class=\"et3\" style=\"height: 17.25pt;\" height=\"23\">MOQ<\/td>\n<td class=\"et3\">20St\u00fcck<\/td>\n<\/tr>\n<tr style=\"height: 17.25pt;\">\n<td class=\"et3\" style=\"height: 17.25pt;\" height=\"23\">Benutzerdefinierte Option<\/td>\n<td class=\"et3\">Farbe\/Muster\/Gr\u00f6\u00dfe\/Logo\/Verpackung<\/td>\n<\/tr>\n<\/tbody>\n<\/table>","protected":false},"featured_media":8513,"comment_status":"closed","ping_status":"closed","template":"","meta":{"_acf_changed":false},"product_brand":[],"product_cat":[50],"product_tag":[],"class_list":{"0":"post-8517","1":"product","2":"type-product","3":"status-publish","4":"has-post-thumbnail","6":"product_cat-wholesale-countertop-sinks","8":"first","9":"instock","10":"shipping-taxable","11":"product-type-simple"},"acf":[],"_links":{"self":[{"href":"https:\/\/www.ceramicbasin.com\/de\/wp-json\/wp\/v2\/product\/8517","targetHints":{"allow":["GET"]}}],"collection":[{"href":"https:\/\/www.ceramicbasin.com\/de\/wp-json\/wp\/v2\/product"}],"about":[{"href":"https:\/\/www.ceramicbasin.com\/de\/wp-json\/wp\/v2\/types\/product"}],"replies":[{"embeddable":true,"href":"https:\/\/www.ceramicbasin.com\/de\/wp-json\/wp\/v2\/comments?post=8517"}],"wp:featuredmedia":[{"embeddable":true,"href":"https:\/\/www.ceramicbasin.com\/de\/wp-json\/wp\/v2\/media\/8513"}],"wp:attachment":[{"href":"https:\/\/www.ceramicbasin.com\/de\/wp-json\/wp\/v2\/media?parent=8517"}],"wp:term":[{"taxonomy":"product_brand","embeddable":true,"href":"https:\/\/www.ceramicbasin.com\/de\/wp-json\/wp\/v2\/product_brand?post=8517"},{"taxonomy":"product_cat","embeddable":true,"href":"https:\/\/www.ceramicbasin.com\/de\/wp-json\/wp\/v2\/product_cat?post=8517"},{"taxonomy":"product_tag","embeddable":true,"href":"https:\/\/www.ceramicbasin.com\/de\/wp-json\/wp\/v2\/product_tag?post=8517"}],"curies":[{"name":"wp","href":"https:\/\/api.w.org\/{rel}","templated":true}]}}