{"id":8520,"date":"2025-11-15T09:27:14","date_gmt":"2025-11-15T09:27:14","guid":{"rendered":"https:\/\/www.ceramicbasin.com\/?post_type=product&#038;p=8520"},"modified":"2025-11-17T01:21:00","modified_gmt":"2025-11-17T01:21:00","slug":"wholesale-rectangular-bathroom-sink","status":"publish","type":"product","link":"https:\/\/www.ceramicbasin.com\/de\/produkt\/wholesale-rectangular-bathroom-sink\/","title":{"rendered":"Gro\u00dfhandel Rechteckige Badezimmer Waschbecken, Top Mount Waschbecken"},"content":{"rendered":"<div class=\"wp-block-columns is-layout-flex wp-container-core-columns-is-layout-9d6595d7 wp-block-columns-is-layout-flex\">\n<div class=\"wp-block-column is-layout-flow wp-block-column-is-layout-flow\">\n<h2 class=\"wp-block-heading\">Premium Gro\u00dfhandel Rechteckige Badezimmer Waschbecken Merkmale:<\/h2>\n\n\n\n<ul class=\"wp-block-list\">\n<li><strong>Hochwertiges Material:<\/strong>\u00a0Hergestellt aus hochwertigen keramischen Materialien, Hochtemperatur gebrannt, um unsere Gro\u00dfhandel rechteckige Waschbecken robust, widerstandsf\u00e4hig, schmutzabweisend und kratzfest zu machen. Die klare Oberfl\u00e4che ist nicht nur bequem zu reinigen, sondern wird auch dauerhaft und hell f\u00fcr eine sehr lange Zeit, so dass das Bad eine hochwertige Temperament haben.<\/li>\n\n\n\n<li><strong>Modernes minimalistisches Design:<\/strong>\u00a0Dieses wundersch\u00f6ne Gro\u00dfhandels-Waschtischbecken hat gerade, saubere, quadratische Kanten, die ein klares, scharfes visuelles Statement abgeben, das zu modernen, nordischen, minimalistischen und anderen Badezimmerstilen passt.<\/li>\n\n\n\n<li><strong>Kundenspezifische Optionen:\u00a0<\/strong>HanYu bietet Gro\u00dfhandel rechteckige Bad Waschbecken mit benutzerdefinierten Dienstleistungen, die eine Vielzahl von Gr\u00f6\u00dfen, Farben und Texturen nach den Bed\u00fcrfnissen der Kunden, die verschiedenen Bad-Designs und pers\u00f6nlichen Vorlieben, und die Schaffung eines einzigartigen Bad Raum f\u00fcr Sie.<\/li>\n\n\n\n<li><strong>Gro\u00dfhandelspreis:<\/strong>\u00a0Unsere Gro\u00dfhandel \u00fcber-the-counter Waschbecken sind an der Fabrik direkten Gro\u00dfhandelspreis verkauft, um mehr Gewinn Raum f\u00fcr Kunden zu gewinnen. Willkommen B2B K\u00e4ufer zu Gro\u00dfeinkauf.<\/li>\n<\/ul>\n<\/div>\n\n\n\n<div class=\"wp-block-column is-layout-flow wp-block-column-is-layout-flow\">\n<figure class=\"wp-block-image size-full\"><img fetchpriority=\"high\" decoding=\"async\" width=\"660\" height=\"928\" src=\"https:\/\/www.ceramicbasin.com\/wp-content\/uploads\/2025\/11\/Bathroom-coiunter-top-ceramic-hand-wahsing-basin-for-wholesale-5.webp\" alt=\"\" class=\"wp-image-8509\" srcset=\"https:\/\/www.ceramicbasin.com\/wp-content\/uploads\/2025\/11\/Bathroom-coiunter-top-ceramic-hand-wahsing-basin-for-wholesale-5.webp 660w, https:\/\/www.ceramicbasin.com\/wp-content\/uploads\/2025\/11\/Bathroom-coiunter-top-ceramic-hand-wahsing-basin-for-wholesale-5-213x300.webp 213w, https:\/\/www.ceramicbasin.com\/wp-content\/uploads\/2025\/11\/Bathroom-coiunter-top-ceramic-hand-wahsing-basin-for-wholesale-5-9x12.webp 9w, https:\/\/www.ceramicbasin.com\/wp-content\/uploads\/2025\/11\/Bathroom-coiunter-top-ceramic-hand-wahsing-basin-for-wholesale-5-285x401.webp 285w, https:\/\/www.ceramicbasin.com\/wp-content\/uploads\/2025\/11\/Bathroom-coiunter-top-ceramic-hand-wahsing-basin-for-wholesale-5-469x660.webp 469w, https:\/\/www.ceramicbasin.com\/wp-content\/uploads\/2025\/11\/Bathroom-coiunter-top-ceramic-hand-wahsing-basin-for-wholesale-5-107x150.webp 107w\" sizes=\"(max-width: 660px) 100vw, 660px\" \/><\/figure>\n<\/div>\n<\/div>","protected":false},"excerpt":{"rendered":"<p>Willkommen bei der Bestellung von rechteckigen Waschbecken im Gro\u00dfhandel. Unser Aufsatzwaschbecken hat gerade, saubere, quadratische Kanten, die eine klare, scharfe visuelle Aussage schaffen, die f\u00fcr moderne, nordische, minimalistische und andere Badezimmerstile geeignet ist.<\/p>\n<table style=\"border-collapse: collapse; width: 358.52pt;\" border=\"0\" width=\"478\" cellspacing=\"0\" cellpadding=\"0\">\n<tbody>\n<tr style=\"height: 17.25pt;\">\n<td class=\"et3\" style=\"height: 17.25pt; width: 125.00pt;\" width=\"166\" height=\"23\">Hersteller<\/td>\n<td class=\"et3\" style=\"width: 234.15pt;\" width=\"312\">HanYu<\/td>\n<\/tr>\n<tr style=\"height: 17.25pt;\">\n<td class=\"et3\" style=\"height: 17.25pt;\" height=\"23\">Modell Nr.<\/td>\n<td class=\"et4\">HY-8255<\/td>\n<\/tr>\n<tr style=\"height: 17.25pt;\">\n<td class=\"et3\" style=\"height: 17.25pt;\" height=\"23\">Typ<\/td>\n<td class=\"et5\" style=\"width: 234.15pt;\" width=\"312\">Arbeitsplatten-Sp\u00fclbecken<\/td>\n<\/tr>\n<tr style=\"height: 18.00pt;\">\n<td class=\"et3\" style=\"height: 18.00pt;\" height=\"24\">Form<\/td>\n<td class=\"et3\">Rectanglue Form<\/td>\n<\/tr>\n<tr style=\"height: 34.50pt;\">\n<td class=\"et4\" style=\"height: 34.50pt;\" height=\"46\">Farbe<\/td>\n<td class=\"et5\" style=\"width: 234.15pt;\" width=\"312\">schwarz\/wei\u00df\/blau\/grau\/rosa\/gr\u00fcn\/braun\/khaki<\/td>\n<\/tr>\n<tr style=\"height: 18.00pt;\">\n<td class=\"et3\" style=\"height: 18.00pt;\" height=\"24\">Dimension<\/td>\n<td class=\"et5\" style=\"width: 234.15pt;\" width=\"312\">55*45*14<\/td>\n<\/tr>\n<tr style=\"height: 17.25pt;\">\n<td class=\"et3\" style=\"height: 17.25pt;\" height=\"23\">N.W \/SET<\/td>\n<td class=\"et3\">8KGS\/PCS<\/td>\n<\/tr>\n<tr style=\"height: 17.25pt;\">\n<td class=\"et3\" style=\"height: 17.25pt;\" height=\"23\">MOQ<\/td>\n<td class=\"et3\">20St\u00fcck<\/td>\n<\/tr>\n<tr style=\"height: 17.25pt;\">\n<td class=\"et3\" style=\"height: 17.25pt;\" height=\"23\">Benutzerdefinierte Option<\/td>\n<td class=\"et3\">Farbe\/Muster\/Gr\u00f6\u00dfe\/Logo\/Verpackung<\/td>\n<\/tr>\n<\/tbody>\n<\/table>","protected":false},"featured_media":8505,"comment_status":"closed","ping_status":"closed","template":"","meta":{"_acf_changed":false},"product_brand":[],"product_cat":[50],"product_tag":[],"class_list":{"0":"post-8520","1":"product","2":"type-product","3":"status-publish","4":"has-post-thumbnail","6":"product_cat-wholesale-countertop-sinks","8":"first","9":"instock","10":"shipping-taxable","11":"product-type-simple"},"acf":[],"_links":{"self":[{"href":"https:\/\/www.ceramicbasin.com\/de\/wp-json\/wp\/v2\/product\/8520","targetHints":{"allow":["GET"]}}],"collection":[{"href":"https:\/\/www.ceramicbasin.com\/de\/wp-json\/wp\/v2\/product"}],"about":[{"href":"https:\/\/www.ceramicbasin.com\/de\/wp-json\/wp\/v2\/types\/product"}],"replies":[{"embeddable":true,"href":"https:\/\/www.ceramicbasin.com\/de\/wp-json\/wp\/v2\/comments?post=8520"}],"wp:featuredmedia":[{"embeddable":true,"href":"https:\/\/www.ceramicbasin.com\/de\/wp-json\/wp\/v2\/media\/8505"}],"wp:attachment":[{"href":"https:\/\/www.ceramicbasin.com\/de\/wp-json\/wp\/v2\/media?parent=8520"}],"wp:term":[{"taxonomy":"product_brand","embeddable":true,"href":"https:\/\/www.ceramicbasin.com\/de\/wp-json\/wp\/v2\/product_brand?post=8520"},{"taxonomy":"product_cat","embeddable":true,"href":"https:\/\/www.ceramicbasin.com\/de\/wp-json\/wp\/v2\/product_cat?post=8520"},{"taxonomy":"product_tag","embeddable":true,"href":"https:\/\/www.ceramicbasin.com\/de\/wp-json\/wp\/v2\/product_tag?post=8520"}],"curies":[{"name":"wp","href":"https:\/\/api.w.org\/{rel}","templated":true}]}}