{"id":8521,"date":"2025-11-15T09:19:53","date_gmt":"2025-11-15T09:19:53","guid":{"rendered":"https:\/\/www.ceramicbasin.com\/?post_type=product&#038;p=8521"},"modified":"2025-11-15T09:19:56","modified_gmt":"2025-11-15T09:19:56","slug":"wholesale-rectangle-basins","status":"publish","type":"product","link":"https:\/\/www.ceramicbasin.com\/de\/produkt\/wholesale-rectangle-basins\/","title":{"rendered":"Fabrik Gro\u00dfhandel Rechteck Waschbecken, Porzellan Badezimmer Waschbecken"},"content":{"rendered":"<div class=\"wp-block-columns is-layout-flex wp-container-core-columns-is-layout-9d6595d7 wp-block-columns-is-layout-flex\">\n<div class=\"wp-block-column is-layout-flow wp-block-column-is-layout-flow\">\n<h2 class=\"wp-block-heading\">Premium Gro\u00dfhandel Rechteckige Becken Merkmale:<\/h2>\n\n\n\n<ul class=\"wp-block-list\">\n<li><strong>Zeitgem\u00e4\u00dfes rechteckiges Design:\u00a0<\/strong>Unsere rechteckigen Waschbecken f\u00fcr den Gro\u00dfhandel haben ein einfaches und elegantes rechteckiges Design, glatte Linien und einen modernen Stil. Es kann sich gut in jeden Badezimmerdekorationsstil einf\u00fcgen und dem Badezimmerbereich Eleganz und Modernit\u00e4t verleihen.<\/li>\n\n\n\n<li><strong>Gro\u00dfz\u00fcgiges Design:\u00a0<\/strong>Das fabrikneue Aufsatzwaschbecken mit einem gro\u00dfz\u00fcgigen Gef\u00e4\u00dfwaschbecken entspricht dem Platzbedarf eines Waschbeckens. Es ist nicht nur praktisch, sondern kann auch das Gesamtniveau und den Komfort des Badezimmers verbessern. Es ist f\u00fcr Privath\u00e4user und Luxushotels geeignet.<\/li>\n\n\n\n<li><strong>Gro\u00dfer Bestand:\u00a0<\/strong>Diese rechteckigen Becken f\u00fcr den Gro\u00dfhandel unterst\u00fctzen sowohl den Gro\u00dfhandel als auch die Projektbeschaffung und erf\u00fcllen die Anforderungen von Einzelh\u00e4ndlern, Distributoren und Projektkunden an eine schnelle Lieferung.<\/li>\n\n\n\n<li><strong>Vielseitig:<\/strong>\u00a0Diese werkseitig hergestellten Aufsatzwaschbecken eignen sich f\u00fcr Badezimmer, Hotels, gewerbliche B\u00e4der und die Renovierung von Wohnungen und bieten sowohl \u00c4sthetik als auch Zweckm\u00e4\u00dfigkeit.<\/li>\n<\/ul>\n<\/div>\n\n\n\n<div class=\"wp-block-column is-layout-flow wp-block-column-is-layout-flow\">\n<figure class=\"wp-block-image size-full\"><img fetchpriority=\"high\" decoding=\"async\" width=\"645\" height=\"912\" src=\"https:\/\/www.ceramicbasin.com\/wp-content\/uploads\/2025\/11\/Rectangle-shape-ceramic-white-basin-sink-bowl-for-bathroom-5.webp\" alt=\"\" class=\"wp-image-8504\" srcset=\"https:\/\/www.ceramicbasin.com\/wp-content\/uploads\/2025\/11\/Rectangle-shape-ceramic-white-basin-sink-bowl-for-bathroom-5.webp 645w, https:\/\/www.ceramicbasin.com\/wp-content\/uploads\/2025\/11\/Rectangle-shape-ceramic-white-basin-sink-bowl-for-bathroom-5-212x300.webp 212w, https:\/\/www.ceramicbasin.com\/wp-content\/uploads\/2025\/11\/Rectangle-shape-ceramic-white-basin-sink-bowl-for-bathroom-5-8x12.webp 8w, https:\/\/www.ceramicbasin.com\/wp-content\/uploads\/2025\/11\/Rectangle-shape-ceramic-white-basin-sink-bowl-for-bathroom-5-285x403.webp 285w, https:\/\/www.ceramicbasin.com\/wp-content\/uploads\/2025\/11\/Rectangle-shape-ceramic-white-basin-sink-bowl-for-bathroom-5-467x660.webp 467w, https:\/\/www.ceramicbasin.com\/wp-content\/uploads\/2025\/11\/Rectangle-shape-ceramic-white-basin-sink-bowl-for-bathroom-5-106x150.webp 106w\" sizes=\"(max-width: 645px) 100vw, 645px\" \/><\/figure>\n<\/div>\n<\/div>","protected":false},"excerpt":{"rendered":"<p>Willkommen im Gro\u00dfhandel rechteckige Waschbecken zu bestellen. Unser werkseitig direktes Aufsatzwaschbecken f\u00fcr das Badezimmer verf\u00fcgt \u00fcber ein einfaches und stilvolles rechteckiges Design mit glatten Linien und modernem Charakter. Es l\u00e4sst sich stilistisch nahtlos in jedes Badezimmerdekor integrieren und verleiht dem Waschbereich Eleganz und modernes Flair.<\/p>\n<table style=\"border-collapse: collapse; width: 358.52pt;\" border=\"0\" width=\"478\" cellspacing=\"0\" cellpadding=\"0\">\n<tbody>\n<tr style=\"height: 17.25pt;\">\n<td class=\"et3\" style=\"height: 17.25pt; width: 125.00pt;\" width=\"166\" height=\"23\">Hersteller<\/td>\n<td class=\"et3\" style=\"width: 234.15pt;\" width=\"312\">HanYu<\/td>\n<\/tr>\n<tr style=\"height: 17.25pt;\">\n<td class=\"et3\" style=\"height: 17.25pt;\" height=\"23\">Modell Nr.<\/td>\n<td class=\"et4\">HY-8255B<\/td>\n<\/tr>\n<tr style=\"height: 17.25pt;\">\n<td class=\"et3\" style=\"height: 17.25pt;\" height=\"23\">Typ<\/td>\n<td class=\"et5\" style=\"width: 234.15pt;\" width=\"312\">Arbeitsplatten-Sp\u00fclbecken<\/td>\n<\/tr>\n<tr style=\"height: 18.00pt;\">\n<td class=\"et3\" style=\"height: 18.00pt;\" height=\"24\">Form<\/td>\n<td class=\"et3\">Rectanglue Form<\/td>\n<\/tr>\n<tr style=\"height: 34.50pt;\">\n<td class=\"et4\" style=\"height: 34.50pt;\" height=\"46\">Farbe<\/td>\n<td class=\"et5\" style=\"width: 234.15pt;\" width=\"312\">schwarz\/wei\u00df\/blau\/grau\/rosa\/gr\u00fcn\/braun\/khaki<\/td>\n<\/tr>\n<tr style=\"height: 18.00pt;\">\n<td class=\"et3\" style=\"height: 18.00pt;\" height=\"24\">Dimension<\/td>\n<td class=\"et5\" style=\"width: 234.15pt;\" width=\"312\">75*45*14<\/td>\n<\/tr>\n<tr style=\"height: 17.25pt;\">\n<td class=\"et3\" style=\"height: 17.25pt;\" height=\"23\">N.W \/SET<\/td>\n<td class=\"et3\">18KGS\/PCS<\/td>\n<\/tr>\n<tr style=\"height: 17.25pt;\">\n<td class=\"et3\" style=\"height: 17.25pt;\" height=\"23\">MOQ<\/td>\n<td class=\"et3\">20St\u00fcck<\/td>\n<\/tr>\n<tr style=\"height: 17.25pt;\">\n<td class=\"et3\" style=\"height: 17.25pt;\" height=\"23\">Benutzerdefinierte Option<\/td>\n<td class=\"et3\">Farbe\/Muster\/Gr\u00f6\u00dfe\/Logo\/Verpackung<\/td>\n<\/tr>\n<\/tbody>\n<\/table>","protected":false},"featured_media":8500,"comment_status":"closed","ping_status":"closed","template":"","meta":{"_acf_changed":false},"product_brand":[],"product_cat":[50],"product_tag":[],"class_list":{"0":"post-8521","1":"product","2":"type-product","3":"status-publish","4":"has-post-thumbnail","6":"product_cat-wholesale-countertop-sinks","8":"first","9":"instock","10":"shipping-taxable","11":"product-type-simple"},"acf":[],"_links":{"self":[{"href":"https:\/\/www.ceramicbasin.com\/de\/wp-json\/wp\/v2\/product\/8521","targetHints":{"allow":["GET"]}}],"collection":[{"href":"https:\/\/www.ceramicbasin.com\/de\/wp-json\/wp\/v2\/product"}],"about":[{"href":"https:\/\/www.ceramicbasin.com\/de\/wp-json\/wp\/v2\/types\/product"}],"replies":[{"embeddable":true,"href":"https:\/\/www.ceramicbasin.com\/de\/wp-json\/wp\/v2\/comments?post=8521"}],"wp:featuredmedia":[{"embeddable":true,"href":"https:\/\/www.ceramicbasin.com\/de\/wp-json\/wp\/v2\/media\/8500"}],"wp:attachment":[{"href":"https:\/\/www.ceramicbasin.com\/de\/wp-json\/wp\/v2\/media?parent=8521"}],"wp:term":[{"taxonomy":"product_brand","embeddable":true,"href":"https:\/\/www.ceramicbasin.com\/de\/wp-json\/wp\/v2\/product_brand?post=8521"},{"taxonomy":"product_cat","embeddable":true,"href":"https:\/\/www.ceramicbasin.com\/de\/wp-json\/wp\/v2\/product_cat?post=8521"},{"taxonomy":"product_tag","embeddable":true,"href":"https:\/\/www.ceramicbasin.com\/de\/wp-json\/wp\/v2\/product_tag?post=8521"}],"curies":[{"name":"wp","href":"https:\/\/api.w.org\/{rel}","templated":true}]}}