{"id":8522,"date":"2025-11-15T09:10:43","date_gmt":"2025-11-15T09:10:43","guid":{"rendered":"https:\/\/www.ceramicbasin.com\/?post_type=product&#038;p=8522"},"modified":"2025-11-15T09:10:45","modified_gmt":"2025-11-15T09:10:45","slug":"wholesale-restroom-lavatory","status":"publish","type":"product","link":"https:\/\/www.ceramicbasin.com\/de\/produkt\/wholesale-restroom-lavatory\/","title":{"rendered":"Gro\u00dfhandel Waschraum Lavatory Countertop Wash Basin Lieferant"},"content":{"rendered":"<div class=\"wp-block-columns is-layout-flex wp-container-core-columns-is-layout-9d6595d7 wp-block-columns-is-layout-flex\">\n<div class=\"wp-block-column is-layout-flow wp-block-column-is-layout-flow\">\n<h2 class=\"wp-block-heading\">Premium-Gro\u00dfhandel Toilette Lavatory Eigenschaften:<\/h2>\n\n\n\n<ul class=\"wp-block-list\">\n<li><strong>Modernes quadratisches Design:\u00a0<\/strong>Diese Gro\u00dfhandels-Toilettenwaschbecken haben ein schlichtes, quadratisches Design mit minimalen Linien, das sich m\u00fchelos in moderne Badezimmer einf\u00fcgt und einen einheitlichen Stil erzeugt.<\/li>\n\n\n\n<li><strong>Bei hoher Temperatur gebrannte Keramik:\u00a0<\/strong>Diese werkseitig hergestellten Waschbecken werden aus hochwertiger Keramik hergestellt, die bei hohen Temperaturen gebrannt wird. Dadurch entsteht eine solide, seidige Haptik, die kratzfest, wasserdicht und lichtecht ist und eine dauerhafte, hygienische Oberfl\u00e4che bietet.<\/li>\n\n\n\n<li><strong>Einbau der Arbeitsplatte:\u00a0<\/strong>Unsere Gro\u00dfhandels-Toilettenbecken sind f\u00fcr den Einbau in Arbeitsplatten konzipiert, so dass sie einfach installiert und repariert werden k\u00f6nnen, ohne dass ihr Design und ihre Schichtung beeintr\u00e4chtigt werden, und sind daher optimal f\u00fcr Luxusb\u00e4der und kommerzielle Nutzung.<\/li>\n\n\n\n<li><strong>Unbegrenzte Anpassungsm\u00f6glichkeiten:<\/strong>\u00a0Als professioneller Hersteller von Gef\u00e4\u00dfwaschbecken bietet HanYu ein komplettes Spektrum an kundenspezifischen Badezimmerwaschbecken in Bezug auf Form, Gr\u00f6\u00dfe, Farbe und vieles mehr f\u00fcr kommerzielle Zwecke.<\/li>\n<\/ul>\n<\/div>\n\n\n\n<div class=\"wp-block-column is-layout-flow wp-block-column-is-layout-flow\">\n<figure class=\"wp-block-image size-full\"><img fetchpriority=\"high\" decoding=\"async\" width=\"663\" height=\"912\" src=\"https:\/\/www.ceramicbasin.com\/wp-content\/uploads\/2025\/11\/Custom-porcelain-counter-top-hand-washbasin-factory-5.webp\" alt=\"\" class=\"wp-image-8499\" srcset=\"https:\/\/www.ceramicbasin.com\/wp-content\/uploads\/2025\/11\/Custom-porcelain-counter-top-hand-washbasin-factory-5.webp 663w, https:\/\/www.ceramicbasin.com\/wp-content\/uploads\/2025\/11\/Custom-porcelain-counter-top-hand-washbasin-factory-5-218x300.webp 218w, https:\/\/www.ceramicbasin.com\/wp-content\/uploads\/2025\/11\/Custom-porcelain-counter-top-hand-washbasin-factory-5-9x12.webp 9w, https:\/\/www.ceramicbasin.com\/wp-content\/uploads\/2025\/11\/Custom-porcelain-counter-top-hand-washbasin-factory-5-285x392.webp 285w, https:\/\/www.ceramicbasin.com\/wp-content\/uploads\/2025\/11\/Custom-porcelain-counter-top-hand-washbasin-factory-5-480x660.webp 480w, https:\/\/www.ceramicbasin.com\/wp-content\/uploads\/2025\/11\/Custom-porcelain-counter-top-hand-washbasin-factory-5-109x150.webp 109w\" sizes=\"(max-width: 663px) 100vw, 663px\" \/><\/figure>\n<\/div>\n<\/div>","protected":false},"excerpt":{"rendered":"<p>Willkommen bei der Bestellung von Toilettenwaschbecken im Gro\u00dfhandel. Unsere werkseitig hergestellten Waschbecken sind f\u00fcr die Installation auf der Arbeitsplatte konzipiert, k\u00f6nnen also einfach installiert und repariert werden, ohne dass ihr Design und ihre Schichtung beeintr\u00e4chtigt werden, und sind daher optimal f\u00fcr luxuri\u00f6se Badezimmer und gewerbliche Nutzung.<\/p>\n<table style=\"border-collapse: collapse; width: 358.52pt;\" border=\"0\" width=\"478\" cellspacing=\"0\" cellpadding=\"0\">\n<tbody>\n<tr style=\"height: 17.25pt;\">\n<td class=\"et3\" style=\"height: 17.25pt; width: 125.00pt;\" width=\"166\" height=\"23\">Hersteller<\/td>\n<td class=\"et3\" style=\"width: 234.15pt;\" width=\"312\">HanYu<\/td>\n<\/tr>\n<tr style=\"height: 17.25pt;\">\n<td class=\"et3\" style=\"height: 17.25pt;\" height=\"23\">Modell Nr.<\/td>\n<td class=\"et4\">HY-8255A<\/td>\n<\/tr>\n<tr style=\"height: 17.25pt;\">\n<td class=\"et3\" style=\"height: 17.25pt;\" height=\"23\">Typ<\/td>\n<td class=\"et5\" style=\"width: 234.15pt;\" width=\"312\">Arbeitsplatten-Sp\u00fclbecken<\/td>\n<\/tr>\n<tr style=\"height: 18.00pt;\">\n<td class=\"et3\" style=\"height: 18.00pt;\" height=\"24\">Form<\/td>\n<td class=\"et3\">Rectanglue Form<\/td>\n<\/tr>\n<tr style=\"height: 34.50pt;\">\n<td class=\"et4\" style=\"height: 34.50pt;\" height=\"46\">Farbe<\/td>\n<td class=\"et5\" style=\"width: 234.15pt;\" width=\"312\">schwarz\/wei\u00df\/blau\/grau\/rosa\/gr\u00fcn\/braun\/khaki<\/td>\n<\/tr>\n<tr style=\"height: 18.00pt;\">\n<td class=\"et3\" style=\"height: 18.00pt;\" height=\"24\">Dimension<\/td>\n<td class=\"et5\" style=\"width: 234.15pt;\" width=\"312\">65*45*14<\/td>\n<\/tr>\n<tr style=\"height: 17.25pt;\">\n<td class=\"et3\" style=\"height: 17.25pt;\" height=\"23\">N.W \/SET<\/td>\n<td class=\"et3\">10KGS\/PCS<\/td>\n<\/tr>\n<tr style=\"height: 17.25pt;\">\n<td class=\"et3\" style=\"height: 17.25pt;\" height=\"23\">MOQ<\/td>\n<td class=\"et3\">20St\u00fcck<\/td>\n<\/tr>\n<tr style=\"height: 17.25pt;\">\n<td class=\"et3\" style=\"height: 17.25pt;\" height=\"23\">Benutzerdefinierte Option<\/td>\n<td class=\"et3\">Farbe\/Muster\/Gr\u00f6\u00dfe\/Logo\/Verpackung<\/td>\n<\/tr>\n<\/tbody>\n<\/table>","protected":false},"featured_media":8498,"comment_status":"closed","ping_status":"closed","template":"","meta":{"_acf_changed":false},"product_brand":[],"product_cat":[50],"product_tag":[],"class_list":{"0":"post-8522","1":"product","2":"type-product","3":"status-publish","4":"has-post-thumbnail","6":"product_cat-wholesale-countertop-sinks","8":"first","9":"instock","10":"shipping-taxable","11":"product-type-simple"},"acf":[],"_links":{"self":[{"href":"https:\/\/www.ceramicbasin.com\/de\/wp-json\/wp\/v2\/product\/8522","targetHints":{"allow":["GET"]}}],"collection":[{"href":"https:\/\/www.ceramicbasin.com\/de\/wp-json\/wp\/v2\/product"}],"about":[{"href":"https:\/\/www.ceramicbasin.com\/de\/wp-json\/wp\/v2\/types\/product"}],"replies":[{"embeddable":true,"href":"https:\/\/www.ceramicbasin.com\/de\/wp-json\/wp\/v2\/comments?post=8522"}],"wp:featuredmedia":[{"embeddable":true,"href":"https:\/\/www.ceramicbasin.com\/de\/wp-json\/wp\/v2\/media\/8498"}],"wp:attachment":[{"href":"https:\/\/www.ceramicbasin.com\/de\/wp-json\/wp\/v2\/media?parent=8522"}],"wp:term":[{"taxonomy":"product_brand","embeddable":true,"href":"https:\/\/www.ceramicbasin.com\/de\/wp-json\/wp\/v2\/product_brand?post=8522"},{"taxonomy":"product_cat","embeddable":true,"href":"https:\/\/www.ceramicbasin.com\/de\/wp-json\/wp\/v2\/product_cat?post=8522"},{"taxonomy":"product_tag","embeddable":true,"href":"https:\/\/www.ceramicbasin.com\/de\/wp-json\/wp\/v2\/product_tag?post=8522"}],"curies":[{"name":"wp","href":"https:\/\/api.w.org\/{rel}","templated":true}]}}