{"id":8527,"date":"2025-11-18T06:59:35","date_gmt":"2025-11-18T06:59:35","guid":{"rendered":"https:\/\/www.ceramicbasin.com\/?post_type=product&#038;p=8527"},"modified":"2025-11-20T07:47:49","modified_gmt":"2025-11-20T07:47:49","slug":"wholesale-wall-mounted-wash-basin","status":"publish","type":"product","link":"https:\/\/www.ceramicbasin.com\/de\/produkt\/wholesale-wall-mounted-wash-basin\/","title":{"rendered":"Gro\u00dfhandel Wand Waschbecken, benutzerdefinierte keramische Waschbecken"},"content":{"rendered":"<div class=\"wp-block-columns is-layout-flex wp-container-core-columns-is-layout-9d6595d7 wp-block-columns-is-layout-flex\">\n<div class=\"wp-block-column is-layout-flow wp-block-column-is-layout-flow\">\n<h2 class=\"wp-block-heading\">Premium Gro\u00dfhandel Wand-Waschtisch Merkmale:<\/h2>\n\n\n\n<ul class=\"wp-block-list\">\n<li><strong>Platzsparendes Design f\u00fcr die Wandmontage: <\/strong>Diese kundenspezifischen Keramikwaschbecken werden an der Wand montiert, so dass sie in kleinen Badezimmern, gewerblichen Toiletten, Hotels und Wohnungen eingesetzt werden k\u00f6nnen. Das wandmontierte Design ist einfach zu installieren und nimmt keine Bodenfl\u00e4che in Anspruch.<\/li>\n\n\n\n<li><strong>Langlebiges Keramik-Becken:<\/strong> Diese Gro\u00dfhandel Wand-Waschbecken ist aus Hochtemperatur gebrannt Keramik hergestellt; die glatte Glasur ist fest resistent gegen Flecken, Kratzer und Verschlei\u00df, es ist einfach zu reinigen regelm\u00e4\u00dfig, und wird sauber und hell wei\u00df f\u00fcr eine lange Zeit bleiben.<\/li>\n\n\n\n<li><strong>Einfache Installation:<\/strong> Dieses im Gro\u00dfhandel erh\u00e4ltliche wandmontierte Waschbecken mit standardisierten Schnittstellen erleichtert den Bautrupps die schnelle Installation, verbessert die Projekteffizienz und reduziert die Wartungskosten. Geeignet f\u00fcr hochfrequentierte Umgebungen wie Wohnb\u00e4der, Hotelzimmer, kommerzielle B\u00fcrogeb\u00e4ude, \u00f6ffentliche Handwaschbereiche und Schulen.<\/li>\n\n\n\n<li><strong>Preisvorteil im Gro\u00dfhandel:<\/strong> Als Hersteller von Waschbecken nach Ma\u00df bietet HanYu sehr wettbewerbsf\u00e4hige Gro\u00dfhandelspreise an, und bei Gro\u00dfeink\u00e4ufen gibt es weitere Rabatte, so dass hochwertige Badaccessoires Ihre ideale Wahl unter Kostenkontrolle sind.<\/li>\n<\/ul>\n<\/div>\n\n\n\n<div class=\"wp-block-column is-layout-flow wp-block-column-is-layout-flow\">\n<figure class=\"wp-block-image size-full\"><img fetchpriority=\"high\" decoding=\"async\" width=\"800\" height=\"800\" src=\"https:\/\/www.ceramicbasin.com\/wp-content\/uploads\/2025\/11\/wholesale-wall-mounted-wash-basin-custom-ceramic-sinks-6.webp\" alt=\"Gro\u00dfhandel-Wand-Waschbecken-Keramiksp\u00fclen-6\" class=\"wp-image-8561\" srcset=\"https:\/\/www.ceramicbasin.com\/wp-content\/uploads\/2025\/11\/wholesale-wall-mounted-wash-basin-custom-ceramic-sinks-6.webp 800w, https:\/\/www.ceramicbasin.com\/wp-content\/uploads\/2025\/11\/wholesale-wall-mounted-wash-basin-custom-ceramic-sinks-6-300x300.webp 300w, https:\/\/www.ceramicbasin.com\/wp-content\/uploads\/2025\/11\/wholesale-wall-mounted-wash-basin-custom-ceramic-sinks-6-150x150.webp 150w, https:\/\/www.ceramicbasin.com\/wp-content\/uploads\/2025\/11\/wholesale-wall-mounted-wash-basin-custom-ceramic-sinks-6-768x768.webp 768w, https:\/\/www.ceramicbasin.com\/wp-content\/uploads\/2025\/11\/wholesale-wall-mounted-wash-basin-custom-ceramic-sinks-6-12x12.webp 12w, https:\/\/www.ceramicbasin.com\/wp-content\/uploads\/2025\/11\/wholesale-wall-mounted-wash-basin-custom-ceramic-sinks-6-285x285.webp 285w, https:\/\/www.ceramicbasin.com\/wp-content\/uploads\/2025\/11\/wholesale-wall-mounted-wash-basin-custom-ceramic-sinks-6-270x270.webp 270w, https:\/\/www.ceramicbasin.com\/wp-content\/uploads\/2025\/11\/wholesale-wall-mounted-wash-basin-custom-ceramic-sinks-6-540x540.webp 540w, https:\/\/www.ceramicbasin.com\/wp-content\/uploads\/2025\/11\/wholesale-wall-mounted-wash-basin-custom-ceramic-sinks-6-660x660.webp 660w\" sizes=\"(max-width: 800px) 100vw, 800px\" \/><\/figure>\n<\/div>\n<\/div>","protected":false},"excerpt":{"rendered":"<p>Willkommen zum Kauf unserer Gro\u00dfhandel Wand Waschbecken mit einem dauerhaften Aluminium-Halterung, f\u00fcr stabile Leistung und lang anhaltende Nutzung bei gleichzeitiger Platzersparnis. Hochwertige glasierte Keramik, korrosionsbest\u00e4ndige Aluminiumhalterung und ein sauberes, modernes Aussehen machen dieses Waschbecken ideal f\u00fcr Wohnb\u00e4der, Hotels, kommerzielle Waschr\u00e4ume und Renovierungen. Erh\u00e4ltlich f\u00fcr Gro\u00dfbestellungen, OEM und ODM.<\/p>\n<table border=\"0\" width=\"478\" cellspacing=\"0\" cellpadding=\"0\">\n<tbody>\n<tr>\n<td width=\"166\" height=\"23\">Hersteller<\/td>\n<td width=\"312\">HanYu<\/td>\n<\/tr>\n<tr>\n<td height=\"23\">Modell Nr.<\/td>\n<td>HY-3115<\/td>\n<\/tr>\n<tr>\n<td height=\"23\">Typ<\/td>\n<td width=\"312\">Wandh\u00e4ngende Waschbecken<\/td>\n<\/tr>\n<tr>\n<td height=\"24\">Form<\/td>\n<td>Rechteckige Form<\/td>\n<\/tr>\n<tr>\n<td height=\"46\">Farbe<\/td>\n<td width=\"312\">schwarz\/wei\u00df\/blau\/grau\/rosa\/gr\u00fcn\/braun\/khaki<\/td>\n<\/tr>\n<tr>\n<td height=\"24\">Dimension<\/td>\n<td width=\"312\">50.5*41*20.5<\/td>\n<\/tr>\n<tr>\n<td height=\"23\">N.W \/SET<\/td>\n<td>15KGS\/PCS<\/td>\n<\/tr>\n<tr>\n<td height=\"23\">MOQ<\/td>\n<td>20St\u00fcck<\/td>\n<\/tr>\n<tr>\n<td height=\"23\">Benutzerdefinierte Option<\/td>\n<td>Farbe\/Muster\/Gr\u00f6\u00dfe\/Logo\/Verpackung<\/td>\n<\/tr>\n<\/tbody>\n<\/table>","protected":false},"featured_media":8559,"comment_status":"closed","ping_status":"closed","template":"","meta":{"_acf_changed":false},"product_brand":[],"product_cat":[57],"product_tag":[],"class_list":{"0":"post-8527","1":"product","2":"type-product","3":"status-publish","4":"has-post-thumbnail","6":"product_cat-wholesale-wall-mounted-sinks","8":"first","9":"instock","10":"shipping-taxable","11":"product-type-simple"},"acf":[],"_links":{"self":[{"href":"https:\/\/www.ceramicbasin.com\/de\/wp-json\/wp\/v2\/product\/8527","targetHints":{"allow":["GET"]}}],"collection":[{"href":"https:\/\/www.ceramicbasin.com\/de\/wp-json\/wp\/v2\/product"}],"about":[{"href":"https:\/\/www.ceramicbasin.com\/de\/wp-json\/wp\/v2\/types\/product"}],"replies":[{"embeddable":true,"href":"https:\/\/www.ceramicbasin.com\/de\/wp-json\/wp\/v2\/comments?post=8527"}],"wp:featuredmedia":[{"embeddable":true,"href":"https:\/\/www.ceramicbasin.com\/de\/wp-json\/wp\/v2\/media\/8559"}],"wp:attachment":[{"href":"https:\/\/www.ceramicbasin.com\/de\/wp-json\/wp\/v2\/media?parent=8527"}],"wp:term":[{"taxonomy":"product_brand","embeddable":true,"href":"https:\/\/www.ceramicbasin.com\/de\/wp-json\/wp\/v2\/product_brand?post=8527"},{"taxonomy":"product_cat","embeddable":true,"href":"https:\/\/www.ceramicbasin.com\/de\/wp-json\/wp\/v2\/product_cat?post=8527"},{"taxonomy":"product_tag","embeddable":true,"href":"https:\/\/www.ceramicbasin.com\/de\/wp-json\/wp\/v2\/product_tag?post=8527"}],"curies":[{"name":"wp","href":"https:\/\/api.w.org\/{rel}","templated":true}]}}