{"id":8534,"date":"2025-11-18T07:08:44","date_gmt":"2025-11-18T07:08:44","guid":{"rendered":"https:\/\/www.ceramicbasin.com\/?post_type=product&#038;p=8534"},"modified":"2025-11-20T08:51:44","modified_gmt":"2025-11-20T08:51:44","slug":"modern-wall-hung-sink-wholesale","status":"publish","type":"product","link":"https:\/\/www.ceramicbasin.com\/de\/produkt\/modern-wall-hung-sink-wholesale\/","title":{"rendered":"Modernes wandh\u00e4ngendes Waschbecken Gro\u00dfhandel, benutzerdefinierte Keramik-Badewannen"},"content":{"rendered":"<div class=\"wp-block-columns is-layout-flex wp-container-core-columns-is-layout-9d6595d7 wp-block-columns-is-layout-flex\">\n<div class=\"wp-block-column is-layout-flow wp-block-column-is-layout-flow\">\n<h2 class=\"wp-block-heading\">Premium Modern Wall Hung Sp\u00fcle Gro\u00dfhandel Features:<\/h2>\n\n\n\n<ul class=\"wp-block-list\">\n<li><strong>Neues Design:<\/strong> Unser modernes wandh\u00e4ngendes Waschbecken im Gro\u00dfhandel zeichnet sich durch ein ultraschlankes, minimalistisches Design mit einer Gesamth\u00f6he von nur 100 mm aus. Die klaren Linien sind perfekt f\u00fcr moderne minimalistische Badezimmer. Eine Ablagefl\u00e4che auf der linken Seite bietet Platz f\u00fcr Seife, Handdesinfektionsmittel oder andere kleine Alltagsgegenst\u00e4nde und verbessert die Benutzerfreundlichkeit.<\/li>\n\n\n\n<li><strong>Platzsparend: <\/strong>Das ma\u00dfgefertigte Keramikwaschbecken f\u00fcr Badezimmer mit Wandstruktur ist eine effiziente Raumausnutzung. Er eignet sich besonders gut f\u00fcr kleine B\u00e4der sowie f\u00fcr gewerbliche Waschr\u00e4ume, wo er gezielt auf kompaktem Raum platziert wird.<\/li>\n\n\n\n<li><strong>Hochwertiges keramisches Material:<\/strong> Dieses moderne wandh\u00e4ngende Waschbecken im Gro\u00dfhandel ist mit Hochtemperatur-Keramik gebrannt, die Oberfl\u00e4che ist dicht, kratzfest, schmutzabweisend und hat eine lange Nutzungsdauer.<\/li>\n\n\n\n<li><strong>Leicht zu reinigende Glasur:<\/strong> Das ma\u00dfgefertigte Keramik-Badewaschbecken hat eine glatte, gl\u00e4nzende Oberfl\u00e4che oder eine optionale matte Glasur, eine ausgezeichnete Fleckenbest\u00e4ndigkeit und eine einfache t\u00e4gliche Pflege - eine flexible Installation, die mit verschiedenen Wasserhahn- und Abflusskonfigurationen kompatibel ist.<\/li>\n<\/ul>\n<\/div>\n\n\n\n<div class=\"wp-block-column is-layout-flow wp-block-column-is-layout-flow\">\n<figure class=\"wp-block-image size-full\"><img fetchpriority=\"high\" decoding=\"async\" width=\"800\" height=\"800\" src=\"https:\/\/www.ceramicbasin.com\/wp-content\/uploads\/2025\/11\/modern-wall-hung-sink-wholesale-custom-ceramic-bath-basins-5.webp\" alt=\"modernes-wandh\u00e4ngendes-waschbecken-gro\u00dfhandel-massgefertigte-keramik-waschbecken-5\" class=\"wp-image-8567\" srcset=\"https:\/\/www.ceramicbasin.com\/wp-content\/uploads\/2025\/11\/modern-wall-hung-sink-wholesale-custom-ceramic-bath-basins-5.webp 800w, https:\/\/www.ceramicbasin.com\/wp-content\/uploads\/2025\/11\/modern-wall-hung-sink-wholesale-custom-ceramic-bath-basins-5-300x300.webp 300w, https:\/\/www.ceramicbasin.com\/wp-content\/uploads\/2025\/11\/modern-wall-hung-sink-wholesale-custom-ceramic-bath-basins-5-150x150.webp 150w, https:\/\/www.ceramicbasin.com\/wp-content\/uploads\/2025\/11\/modern-wall-hung-sink-wholesale-custom-ceramic-bath-basins-5-768x768.webp 768w, https:\/\/www.ceramicbasin.com\/wp-content\/uploads\/2025\/11\/modern-wall-hung-sink-wholesale-custom-ceramic-bath-basins-5-12x12.webp 12w, https:\/\/www.ceramicbasin.com\/wp-content\/uploads\/2025\/11\/modern-wall-hung-sink-wholesale-custom-ceramic-bath-basins-5-285x285.webp 285w, https:\/\/www.ceramicbasin.com\/wp-content\/uploads\/2025\/11\/modern-wall-hung-sink-wholesale-custom-ceramic-bath-basins-5-270x270.webp 270w, https:\/\/www.ceramicbasin.com\/wp-content\/uploads\/2025\/11\/modern-wall-hung-sink-wholesale-custom-ceramic-bath-basins-5-540x540.webp 540w, https:\/\/www.ceramicbasin.com\/wp-content\/uploads\/2025\/11\/modern-wall-hung-sink-wholesale-custom-ceramic-bath-basins-5-660x660.webp 660w\" sizes=\"(max-width: 800px) 100vw, 800px\" \/><\/figure>\n<\/div>\n<\/div>","protected":false},"excerpt":{"rendered":"<p>Willkommen zum Kauf unserer modernen Wand Waschbecken Gro\u00dfhandel sind besonders f\u00fcr kleine Waschr\u00e4ume oder B\u00e4der konzipiert. Die benutzerdefinierte Keramik Bad Waschbecken aus langlebigen Hochtemperatur-Keramik mit einer leicht zu reinigen Oberfl\u00e4che, ist diese benutzerdefinierte Wand Waschbecken ideal f\u00fcr Hotels, Wohnungen und kommerziellen Waschr\u00e4umen. Gro\u00dfhandel OEM\/ODM verf\u00fcgbar.<\/p>\n<table border=\"0\" width=\"478\" cellspacing=\"0\" cellpadding=\"0\">\n<tbody>\n<tr>\n<td width=\"166\" height=\"23\">Hersteller<\/td>\n<td width=\"312\">HanYu<\/td>\n<\/tr>\n<tr>\n<td height=\"23\">Modell Nr.<\/td>\n<td>HY-3131<\/td>\n<\/tr>\n<tr>\n<td height=\"23\">Typ<\/td>\n<td width=\"312\">Wandh\u00e4ngende Waschbecken<\/td>\n<\/tr>\n<tr>\n<td height=\"24\">Form<\/td>\n<td>Rectanglue Form<\/td>\n<\/tr>\n<tr>\n<td height=\"46\">Farbe<\/td>\n<td width=\"312\">schwarz\/wei\u00df\/blau\/grau\/rosa\/gr\u00fcn\/braun\/khaki<\/td>\n<\/tr>\n<tr>\n<td height=\"24\">Dimension<\/td>\n<td width=\"312\">60*22*10<\/td>\n<\/tr>\n<tr>\n<td height=\"23\">N.W \/SET<\/td>\n<td>10KGS\/PCS<\/td>\n<\/tr>\n<tr>\n<td height=\"23\">MOQ<\/td>\n<td>20St\u00fcck<\/td>\n<\/tr>\n<tr>\n<td height=\"23\">Benutzerdefinierte Option<\/td>\n<td>Farbe\/Muster\/Gr\u00f6\u00dfe\/Logo\/Verpackung<\/td>\n<\/tr>\n<\/tbody>\n<\/table>","protected":false},"featured_media":8566,"comment_status":"closed","ping_status":"closed","template":"","meta":{"_acf_changed":false},"product_brand":[],"product_cat":[57],"product_tag":[],"class_list":{"0":"post-8534","1":"product","2":"type-product","3":"status-publish","4":"has-post-thumbnail","6":"product_cat-wholesale-wall-mounted-sinks","8":"first","9":"instock","10":"shipping-taxable","11":"product-type-simple"},"acf":[],"_links":{"self":[{"href":"https:\/\/www.ceramicbasin.com\/de\/wp-json\/wp\/v2\/product\/8534","targetHints":{"allow":["GET"]}}],"collection":[{"href":"https:\/\/www.ceramicbasin.com\/de\/wp-json\/wp\/v2\/product"}],"about":[{"href":"https:\/\/www.ceramicbasin.com\/de\/wp-json\/wp\/v2\/types\/product"}],"replies":[{"embeddable":true,"href":"https:\/\/www.ceramicbasin.com\/de\/wp-json\/wp\/v2\/comments?post=8534"}],"wp:featuredmedia":[{"embeddable":true,"href":"https:\/\/www.ceramicbasin.com\/de\/wp-json\/wp\/v2\/media\/8566"}],"wp:attachment":[{"href":"https:\/\/www.ceramicbasin.com\/de\/wp-json\/wp\/v2\/media?parent=8534"}],"wp:term":[{"taxonomy":"product_brand","embeddable":true,"href":"https:\/\/www.ceramicbasin.com\/de\/wp-json\/wp\/v2\/product_brand?post=8534"},{"taxonomy":"product_cat","embeddable":true,"href":"https:\/\/www.ceramicbasin.com\/de\/wp-json\/wp\/v2\/product_cat?post=8534"},{"taxonomy":"product_tag","embeddable":true,"href":"https:\/\/www.ceramicbasin.com\/de\/wp-json\/wp\/v2\/product_tag?post=8534"}],"curies":[{"name":"wp","href":"https:\/\/api.w.org\/{rel}","templated":true}]}}