{"id":8548,"date":"2025-11-18T08:37:50","date_gmt":"2025-11-18T08:37:50","guid":{"rendered":"https:\/\/www.ceramicbasin.com\/?post_type=product&#038;p=8548"},"modified":"2025-11-20T10:16:41","modified_gmt":"2025-11-20T10:16:41","slug":"bulk-small-wall-mounted-sink","status":"publish","type":"product","link":"https:\/\/www.ceramicbasin.com\/de\/produkt\/bulk-small-wall-mounted-sink\/","title":{"rendered":"Factory Bulk Small Wall Mounted Sink, Regular Bathroom Basin Supply"},"content":{"rendered":"<div class=\"wp-block-columns is-layout-flex wp-container-core-columns-is-layout-9d6595d7 wp-block-columns-is-layout-flex\">\n<div class=\"wp-block-column is-layout-flow wp-block-column-is-layout-flow\">\n<h2 class=\"wp-block-heading\">Premium Bulk Small Wall Mounted Sink Merkmale:<\/h2>\n\n\n\n<ul class=\"wp-block-list\">\n<li><strong>Hei\u00dfer Verkauf:<\/strong> Dieses keramische Wandwaschbecken in loser Sch\u00fcttung wird auf dem Markt wegen seiner Langlebigkeit, seiner einheitlichen Farbe, seiner einfachen Reinigung und Pflege und seines guten Preis-Leistungs-Verh\u00e4ltnisses gut angenommen.<\/li>\n\n\n\n<li><strong>Premium-Keramik-Qualit\u00e4t: <\/strong>Dieses gro\u00dfe, kleine, wandmontierte Waschbecken wird aus Keramik hergestellt, die bei hohen Temperaturen gebrannt wurde, wodurch eine glatte, kratzfeste, schmutzabweisende, leicht zu reinigende und langlebige Oberfl\u00e4che entsteht.<\/li>\n\n\n\n<li><strong>Wandmontiertes Design:<\/strong> Diese ma\u00dfgefertigten Keramikwaschbecken sparen Platz, halten kleine B\u00e4der sauber und ordentlich und erm\u00f6glichen eine einfache Bodenreinigung. Sie sind speziell f\u00fcr den Einsatz in kleinen Wohnungen, Hotelzimmern, \u00f6ffentlichen Toiletten und anderen engen R\u00e4umen konzipiert und nutzen die Wandfl\u00e4che effektiv.<\/li>\n\n\n\n<li><strong>Mehrere Standardgr\u00f6\u00dfen verf\u00fcgbar:<\/strong> Diese kundenspezifischen keramischen Waschbecken verf\u00fcgen \u00fcber eine stabile Produktionskapazit\u00e4t, die den Gro\u00dfhandel unterst\u00fctzt und die Lieferung gro\u00dfer Mengen mit stabilen Lieferzeiten erm\u00f6glicht. Sie eignen sich f\u00fcr eine langfristige Zusammenarbeit mit technischen Projekten, H\u00e4ndlern und Markeninhabern.<\/li>\n<\/ul>\n<\/div>\n\n\n\n<div class=\"wp-block-column is-layout-flow wp-block-column-is-layout-flow\">\n<figure class=\"wp-block-image size-full\"><img fetchpriority=\"high\" decoding=\"async\" width=\"800\" height=\"800\" src=\"https:\/\/www.ceramicbasin.com\/wp-content\/uploads\/2025\/11\/white-ceramic-sinkporcelain-vanity-sinksbasin-wall-mount5.webp\" alt=\"factory-bulk-kleines-wandmontiertes-waschbecken-regul\u00e4res-bad-waschtisch-supply-5\" class=\"wp-image-8553\" srcset=\"https:\/\/www.ceramicbasin.com\/wp-content\/uploads\/2025\/11\/white-ceramic-sinkporcelain-vanity-sinksbasin-wall-mount5.webp 800w, https:\/\/www.ceramicbasin.com\/wp-content\/uploads\/2025\/11\/white-ceramic-sinkporcelain-vanity-sinksbasin-wall-mount5-300x300.webp 300w, https:\/\/www.ceramicbasin.com\/wp-content\/uploads\/2025\/11\/white-ceramic-sinkporcelain-vanity-sinksbasin-wall-mount5-150x150.webp 150w, https:\/\/www.ceramicbasin.com\/wp-content\/uploads\/2025\/11\/white-ceramic-sinkporcelain-vanity-sinksbasin-wall-mount5-768x768.webp 768w, https:\/\/www.ceramicbasin.com\/wp-content\/uploads\/2025\/11\/white-ceramic-sinkporcelain-vanity-sinksbasin-wall-mount5-12x12.webp 12w, https:\/\/www.ceramicbasin.com\/wp-content\/uploads\/2025\/11\/white-ceramic-sinkporcelain-vanity-sinksbasin-wall-mount5-285x285.webp 285w, https:\/\/www.ceramicbasin.com\/wp-content\/uploads\/2025\/11\/white-ceramic-sinkporcelain-vanity-sinksbasin-wall-mount5-270x270.webp 270w, https:\/\/www.ceramicbasin.com\/wp-content\/uploads\/2025\/11\/white-ceramic-sinkporcelain-vanity-sinksbasin-wall-mount5-540x540.webp 540w, https:\/\/www.ceramicbasin.com\/wp-content\/uploads\/2025\/11\/white-ceramic-sinkporcelain-vanity-sinksbasin-wall-mount5-660x660.webp 660w\" sizes=\"(max-width: 800px) 100vw, 800px\" \/><\/figure>\n<\/div>\n<\/div>\n\n\n\n<p><\/p>","protected":false},"excerpt":{"rendered":"<p>Willkommen zum Kauf unserer gro\u00dfen kleinen wandmontierten Waschbecken ist f\u00fcr kompakte B\u00e4der und kommerzielle Projekte konzipiert und bietet eine platzsparende Struktur, langlebige Keramikkonstruktion und leicht zu reinigende Glasur. Erh\u00e4ltlich in regul\u00e4ren Gr\u00f6\u00dfen mit einer stabilen Fabrik Bulk Lieferung, unterst\u00fctzt es OEM \/ ODM Anpassung f\u00fcr Hotels, Wohnungen und Renovierung Auftragnehmer.<\/p>\n<table border=\"0\" width=\"478\" cellspacing=\"0\" cellpadding=\"0\">\n<tbody>\n<tr>\n<td width=\"166\" height=\"23\">Hersteller<\/td>\n<td width=\"312\">HanYu<\/td>\n<\/tr>\n<tr>\n<td height=\"23\">Modell Nr.<\/td>\n<td>HY-3132L<\/td>\n<\/tr>\n<tr>\n<td height=\"23\">Typ<\/td>\n<td width=\"312\">Wandh\u00e4ngende Waschbecken<\/td>\n<\/tr>\n<tr>\n<td height=\"24\">Form<\/td>\n<td>Rectanglue Form<\/td>\n<\/tr>\n<tr>\n<td height=\"46\">Farbe<\/td>\n<td width=\"312\">schwarz\/wei\u00df\/blau\/grau\/rosa\/gr\u00fcn\/braun\/khaki<\/td>\n<\/tr>\n<tr>\n<td height=\"24\">Dimension<\/td>\n<td width=\"312\">40*22*14<\/td>\n<\/tr>\n<tr>\n<td height=\"23\">N.W \/SET<\/td>\n<td>8KGS\/PCS<\/td>\n<\/tr>\n<tr>\n<td height=\"23\">MOQ<\/td>\n<td>20St\u00fcck<\/td>\n<\/tr>\n<tr>\n<td height=\"23\">Benutzerdefinierte Option<\/td>\n<td>Farbe\/Muster\/Gr\u00f6\u00dfe\/Logo\/Verpackung<\/td>\n<\/tr>\n<\/tbody>\n<\/table>","protected":false},"featured_media":8549,"comment_status":"closed","ping_status":"closed","template":"","meta":{"_acf_changed":false},"product_brand":[],"product_cat":[57,56],"product_tag":[],"class_list":{"0":"post-8548","1":"product","2":"type-product","3":"status-publish","4":"has-post-thumbnail","6":"product_cat-wholesale-wall-mounted-sinks","7":"product_cat-wholesale-small-bathroom-sinks","9":"first","10":"instock","11":"shipping-taxable","12":"product-type-simple"},"acf":[],"_links":{"self":[{"href":"https:\/\/www.ceramicbasin.com\/de\/wp-json\/wp\/v2\/product\/8548","targetHints":{"allow":["GET"]}}],"collection":[{"href":"https:\/\/www.ceramicbasin.com\/de\/wp-json\/wp\/v2\/product"}],"about":[{"href":"https:\/\/www.ceramicbasin.com\/de\/wp-json\/wp\/v2\/types\/product"}],"replies":[{"embeddable":true,"href":"https:\/\/www.ceramicbasin.com\/de\/wp-json\/wp\/v2\/comments?post=8548"}],"wp:featuredmedia":[{"embeddable":true,"href":"https:\/\/www.ceramicbasin.com\/de\/wp-json\/wp\/v2\/media\/8549"}],"wp:attachment":[{"href":"https:\/\/www.ceramicbasin.com\/de\/wp-json\/wp\/v2\/media?parent=8548"}],"wp:term":[{"taxonomy":"product_brand","embeddable":true,"href":"https:\/\/www.ceramicbasin.com\/de\/wp-json\/wp\/v2\/product_brand?post=8548"},{"taxonomy":"product_cat","embeddable":true,"href":"https:\/\/www.ceramicbasin.com\/de\/wp-json\/wp\/v2\/product_cat?post=8548"},{"taxonomy":"product_tag","embeddable":true,"href":"https:\/\/www.ceramicbasin.com\/de\/wp-json\/wp\/v2\/product_tag?post=8548"}],"curies":[{"name":"wp","href":"https:\/\/api.w.org\/{rel}","templated":true}]}}