{"id":8578,"date":"2025-11-27T08:39:44","date_gmt":"2025-11-27T08:39:44","guid":{"rendered":"https:\/\/www.ceramicbasin.com\/?post_type=product&#038;p=8578"},"modified":"2025-11-27T08:39:48","modified_gmt":"2025-11-27T08:39:48","slug":"bulk-above-counter-bathroom-sink","status":"publish","type":"product","link":"https:\/\/www.ceramicbasin.com\/de\/produkt\/bulk-above-counter-bathroom-sink\/","title":{"rendered":"Bulk Above Counter Bathroom Sink, Tall Overtop Ceramic Basin Supply"},"content":{"rendered":"<div class=\"wp-block-columns is-layout-flex wp-container-core-columns-is-layout-9d6595d7 wp-block-columns-is-layout-flex\">\n<div class=\"wp-block-column is-layout-flow wp-block-column-is-layout-flow\">\n<h2 class=\"wp-block-heading\">Premium Modern Bulk Above Counter Badezimmer Waschbecken Features:<\/h2>\n\n\n\n<ul class=\"wp-block-list\">\n<li><strong>Modernes, minimalistisches Erscheinungsbild: <\/strong>Dieses gro\u00dfe Aufsatzwaschbecken zeichnet sich durch ein dreidimensionales, hohes Design im nordischen Stil mit glatten Linien und einer schlanken Silhouette aus, die das moderne Gef\u00fchl und Design des Badezimmers unterstreicht. Abgerundete Kanten sorgen f\u00fcr einen weichen Griff und erh\u00f6hen die Sicherheit.<\/li>\n\n\n\n<li><strong>Hochwertiges Porzellan Material:<\/strong> Die Oberfl\u00e4che ist hart und dicht, nicht saugf\u00e4hig, kratzfest und beh\u00e4lt ihren Glanz auch nach langem Gebrauch.<\/li>\n\n\n\n<li><strong>\u00dcber der Arbeitsplatte:<\/strong> Die ma\u00dfgefertigte Keramik-Arbeitsplatte schafft ein dreidimensionaleres Aussehen und spart gleichzeitig Platz auf der Arbeitsplatte. Sie eignet sich f\u00fcr verschiedene Szenarien, wie z. B. hochwertige Hotels, Wohnungen und gewerbliche Toiletten.<\/li>\n\n\n\n<li><strong>Hohe Beckenform:<\/strong> Dieses hohe \u00dcberkopf-Keramikbecken hat ein relativ tiefes Becken, das verhindert, dass das Wasser beim H\u00e4ndewaschen herausspritzt und die Arbeitsplatte sauber und hygienisch bleibt.<\/li>\n\n\n\n<li><strong>Direktverkauf ab Werk:\u00a0<\/strong>HanYu's Gro\u00dfhandel Keramik Waschbecken sind direkt von der Fabrik verkauft, die Beseitigung der Preisunterschied von Zwischenh\u00e4ndlern, und Gro\u00dfeinkauf Bad Waschbecken stellt sicher, dass Sie qualitativ hochwertige Bad Waschbecken in gro\u00dfen Mengen zu den niedrigsten Kosten zu kaufen.<\/li>\n<\/ul>\n<\/div>\n\n\n\n<div class=\"wp-block-column is-layout-flow wp-block-column-is-layout-flow\">\n<figure class=\"wp-block-image size-full\"><img fetchpriority=\"high\" decoding=\"async\" width=\"1024\" height=\"1024\" src=\"https:\/\/www.ceramicbasin.com\/wp-content\/uploads\/2025\/11\/Modern-Porcelain-Luxury-Counter-Top-Wash-Basin-Nordic-Ceramic-Vanity-Designer-Bathroom-Sink-Tall-Basin-5.webp\" alt=\"Bulk-Waschbecken-\u00fcber-der-Theke-Badewanne-\u00fcber-den-Tisch-Keramik-Waschtisch-Vorrat-5\" class=\"wp-image-8584\" srcset=\"https:\/\/www.ceramicbasin.com\/wp-content\/uploads\/2025\/11\/Modern-Porcelain-Luxury-Counter-Top-Wash-Basin-Nordic-Ceramic-Vanity-Designer-Bathroom-Sink-Tall-Basin-5.webp 1024w, https:\/\/www.ceramicbasin.com\/wp-content\/uploads\/2025\/11\/Modern-Porcelain-Luxury-Counter-Top-Wash-Basin-Nordic-Ceramic-Vanity-Designer-Bathroom-Sink-Tall-Basin-5-300x300.webp 300w, https:\/\/www.ceramicbasin.com\/wp-content\/uploads\/2025\/11\/Modern-Porcelain-Luxury-Counter-Top-Wash-Basin-Nordic-Ceramic-Vanity-Designer-Bathroom-Sink-Tall-Basin-5-150x150.webp 150w, https:\/\/www.ceramicbasin.com\/wp-content\/uploads\/2025\/11\/Modern-Porcelain-Luxury-Counter-Top-Wash-Basin-Nordic-Ceramic-Vanity-Designer-Bathroom-Sink-Tall-Basin-5-768x768.webp 768w, https:\/\/www.ceramicbasin.com\/wp-content\/uploads\/2025\/11\/Modern-Porcelain-Luxury-Counter-Top-Wash-Basin-Nordic-Ceramic-Vanity-Designer-Bathroom-Sink-Tall-Basin-5-12x12.webp 12w, https:\/\/www.ceramicbasin.com\/wp-content\/uploads\/2025\/11\/Modern-Porcelain-Luxury-Counter-Top-Wash-Basin-Nordic-Ceramic-Vanity-Designer-Bathroom-Sink-Tall-Basin-5-285x285.webp 285w, https:\/\/www.ceramicbasin.com\/wp-content\/uploads\/2025\/11\/Modern-Porcelain-Luxury-Counter-Top-Wash-Basin-Nordic-Ceramic-Vanity-Designer-Bathroom-Sink-Tall-Basin-5-270x270.webp 270w, https:\/\/www.ceramicbasin.com\/wp-content\/uploads\/2025\/11\/Modern-Porcelain-Luxury-Counter-Top-Wash-Basin-Nordic-Ceramic-Vanity-Designer-Bathroom-Sink-Tall-Basin-5-540x540.webp 540w, https:\/\/www.ceramicbasin.com\/wp-content\/uploads\/2025\/11\/Modern-Porcelain-Luxury-Counter-Top-Wash-Basin-Nordic-Ceramic-Vanity-Designer-Bathroom-Sink-Tall-Basin-5-660x660.webp 660w\" sizes=\"(max-width: 1024px) 100vw, 1024px\" \/><\/figure>\n<\/div>\n<\/div>\n\n\n\n<p><\/p>","protected":false},"excerpt":{"rendered":"<p>Willkommen zum Kauf dieses gro\u00dfvolumigen Aufsatzwaschbeckens mit eleganter wei\u00dfer, rechteckiger Form und hohem Design, das sich ideal f\u00fcr Haus- oder Hotelb\u00e4der eignet. Gefertigt aus Premium-Keramik mit einer glatten, leicht zu reinigenden Glasur, bietet es ausgezeichnete Haltbarkeit, Fleckenbest\u00e4ndigkeit und lang anhaltenden Glanz. Erh\u00e4ltlich f\u00fcr Gro\u00dfbestellungen und mit einer Vielzahl von Anpassungsm\u00f6glichkeiten, um die individuellen Anforderungen von Marken und Projekten zu erf\u00fcllen. Perfekt f\u00fcr B2B-Kunden, die hochwertige Keramiksp\u00fclbecken suchen.<\/p>\n<table style=\"border-collapse: collapse; width: 311.02pt;\" border=\"0\" width=\"311\" cellspacing=\"0\" cellpadding=\"0\">\n<tbody>\n<tr style=\"height: 17.60pt;\">\n<td class=\"et3\" style=\"height: 17.60pt; width: 108.35pt;\" width=\"108\" height=\"17\">Hersteller<\/td>\n<td class=\"et3\" style=\"width: 202.95pt;\" width=\"202\">HanYu<\/td>\n<\/tr>\n<tr style=\"height: 17.60pt;\">\n<td class=\"et3\" style=\"height: 17.60pt;\" height=\"17\">Modell Nr.<\/td>\n<td class=\"et4\">HY-8187<\/td>\n<\/tr>\n<tr style=\"height: 17.60pt;\">\n<td class=\"et3\" style=\"height: 17.60pt;\" height=\"17\">Typ<\/td>\n<td class=\"et3\">CounterTop-Becken<\/td>\n<\/tr>\n<tr style=\"height: 17.60pt;\">\n<td class=\"et3\" style=\"height: 17.60pt;\" height=\"17\">Form<\/td>\n<td class=\"et3\">Rechteckige Form<\/td>\n<\/tr>\n<tr style=\"height: 17.60pt;\">\n<td class=\"et4\" style=\"height: 17.60pt;\" height=\"17\">Farbe<\/td>\n<td class=\"et3\">Wei\u00df<\/td>\n<\/tr>\n<tr style=\"height: 18.00pt;\">\n<td class=\"et3\" style=\"height: 18.00pt;\" height=\"18\">Dimension<\/td>\n<td class=\"et5\" style=\"width: 202.95pt;\" width=\"202\">50*38.5*25<\/td>\n<\/tr>\n<tr style=\"height: 17.60pt;\">\n<td class=\"et3\" style=\"height: 17.60pt;\" height=\"17\">N.W \/SET<\/td>\n<td class=\"et3\">17KGS\/PCS<\/td>\n<\/tr>\n<tr style=\"height: 17.60pt;\">\n<td class=\"et3\" style=\"height: 17.60pt;\" height=\"17\">MOQ<\/td>\n<td class=\"et3\">20St\u00fcck<\/td>\n<\/tr>\n<tr style=\"height: 17.60pt;\">\n<td class=\"et3\" style=\"height: 17.60pt;\" height=\"17\">Benutzerdefinierte Option<\/td>\n<td class=\"et3\">Farbe\/Muster\/Gr\u00f6\u00dfe\/Logo\/Verpackung<\/td>\n<\/tr>\n<\/tbody>\n<\/table>","protected":false},"featured_media":8581,"comment_status":"closed","ping_status":"closed","template":"","meta":{"_acf_changed":false},"product_brand":[],"product_cat":[50],"product_tag":[],"class_list":{"0":"post-8578","1":"product","2":"type-product","3":"status-publish","4":"has-post-thumbnail","6":"product_cat-wholesale-countertop-sinks","8":"first","9":"instock","10":"shipping-taxable","11":"product-type-simple"},"acf":[],"_links":{"self":[{"href":"https:\/\/www.ceramicbasin.com\/de\/wp-json\/wp\/v2\/product\/8578","targetHints":{"allow":["GET"]}}],"collection":[{"href":"https:\/\/www.ceramicbasin.com\/de\/wp-json\/wp\/v2\/product"}],"about":[{"href":"https:\/\/www.ceramicbasin.com\/de\/wp-json\/wp\/v2\/types\/product"}],"replies":[{"embeddable":true,"href":"https:\/\/www.ceramicbasin.com\/de\/wp-json\/wp\/v2\/comments?post=8578"}],"wp:featuredmedia":[{"embeddable":true,"href":"https:\/\/www.ceramicbasin.com\/de\/wp-json\/wp\/v2\/media\/8581"}],"wp:attachment":[{"href":"https:\/\/www.ceramicbasin.com\/de\/wp-json\/wp\/v2\/media?parent=8578"}],"wp:term":[{"taxonomy":"product_brand","embeddable":true,"href":"https:\/\/www.ceramicbasin.com\/de\/wp-json\/wp\/v2\/product_brand?post=8578"},{"taxonomy":"product_cat","embeddable":true,"href":"https:\/\/www.ceramicbasin.com\/de\/wp-json\/wp\/v2\/product_cat?post=8578"},{"taxonomy":"product_tag","embeddable":true,"href":"https:\/\/www.ceramicbasin.com\/de\/wp-json\/wp\/v2\/product_tag?post=8578"}],"curies":[{"name":"wp","href":"https:\/\/api.w.org\/{rel}","templated":true}]}}