{"id":8591,"date":"2025-11-27T10:09:05","date_gmt":"2025-11-27T10:09:05","guid":{"rendered":"https:\/\/www.ceramicbasin.com\/?post_type=product&#038;p=8591"},"modified":"2025-11-27T10:09:11","modified_gmt":"2025-11-27T10:09:11","slug":"wholesale-ceramic-above-counter-basin","status":"publish","type":"product","link":"https:\/\/www.ceramicbasin.com\/de\/produkt\/wholesale-ceramic-above-counter-basin\/","title":{"rendered":"Gro\u00dfhandel Keramik \u00fcber Z\u00e4hler Becken, benutzerdefinierte keramische Waschbecken"},"content":{"rendered":"<div class=\"wp-block-columns is-layout-flex wp-container-core-columns-is-layout-9d6595d7 wp-block-columns-is-layout-flex\">\n<div class=\"wp-block-column is-layout-flow wp-block-column-is-layout-flow\">\n<h2 class=\"wp-block-heading\">Premium-Gro\u00dfhandel Keramik \u00fcber Z\u00e4hler-Becken Merkmale:<\/h2>\n\n\n\n<ul class=\"wp-block-list\">\n<li><strong>Hochtemperatur-Keramik-Brennen:<\/strong> Unsere Keramikbecken f\u00fcr den Gro\u00dfhandel werden aus hochwertigen keramischen Rohstoffen hergestellt und bei hohen Temperaturen gebrannt, um eine glatte, empfindliche Oberfl\u00e4che zu schaffen, die Flecken widersteht und die t\u00e4gliche Reinigung erleichtert.<\/li>\n\n\n\n<li><strong>Praktisches H\u00f6hendesign:<\/strong> Die H\u00f6he des 220 mm gro\u00dfen Keramikbeckens \u00fcber der Theke bietet eine ausreichende Innentiefe, um den Wasserfluss besser zu puffern, was die Wahrscheinlichkeit von Spritzern w\u00e4hrend der Benutzung deutlich verringert, das Benutzererlebnis verbessert und die Arbeitsplatte trocken und sauber h\u00e4lt.<\/li>\n\n\n\n<li><strong>Oval geformt:<\/strong> Dieses ma\u00dfgefertigte Keramikwaschbecken hat eine volle und abgerundete ovale Silhouette. Einfache, weiche Linien und keine scharfen Kanten verleihen dem modernen Raum eine warme, k\u00fcnstlerische Note. Da die Innenwand des Beckens rund ist, gibt es keine scharfen Ecken, wodurch schwer zu reinigende Bereiche vermieden werden und die t\u00e4gliche Pflege unglaublich vereinfacht wird.<\/li>\n\n\n\n<li><strong>Vielseitige Farbanpassung: <\/strong>Ein klassisches, reinwei\u00dfes Keramikbecken nach Ma\u00df passt gut zu g\u00e4ngigen Arbeitsplatten und W\u00e4nden wie Hellgrau, Holz und Schwarz und bietet Innenarchitekten viel Gestaltungsfreiheit.<\/li>\n\n\n\n<li><strong>Effiziente Versorgung und schnelle Lieferung:<\/strong> Unser Gro\u00dfhandel f\u00fcr Aufsatzbecken aus Keramik bietet eine schnelle Lieferung, kann flexibel auf Gro\u00dfbestellungen reagieren und unterst\u00fctzt den Projektfortschritt und den Marktabsatz unserer Kunden nachhaltig.<\/li>\n<\/ul>\n<\/div>\n\n\n\n<div class=\"wp-block-column is-layout-flow wp-block-column-is-layout-flow\">\n<figure class=\"wp-block-image size-full\"><img fetchpriority=\"high\" decoding=\"async\" width=\"1024\" height=\"1024\" src=\"https:\/\/www.ceramicbasin.com\/wp-content\/uploads\/2025\/11\/Bathroom-Vanity-Sanitary-Wash-Sink-Basin-Luxury-Counter-Top-Wash-Tall-Basin-5.webp\" alt=\"Gro\u00dfhandel-Keramik-Aufsatzbecken-Keramik-Sp\u00fclbecken-5\" class=\"wp-image-8596\" srcset=\"https:\/\/www.ceramicbasin.com\/wp-content\/uploads\/2025\/11\/Bathroom-Vanity-Sanitary-Wash-Sink-Basin-Luxury-Counter-Top-Wash-Tall-Basin-5.webp 1024w, https:\/\/www.ceramicbasin.com\/wp-content\/uploads\/2025\/11\/Bathroom-Vanity-Sanitary-Wash-Sink-Basin-Luxury-Counter-Top-Wash-Tall-Basin-5-300x300.webp 300w, https:\/\/www.ceramicbasin.com\/wp-content\/uploads\/2025\/11\/Bathroom-Vanity-Sanitary-Wash-Sink-Basin-Luxury-Counter-Top-Wash-Tall-Basin-5-150x150.webp 150w, https:\/\/www.ceramicbasin.com\/wp-content\/uploads\/2025\/11\/Bathroom-Vanity-Sanitary-Wash-Sink-Basin-Luxury-Counter-Top-Wash-Tall-Basin-5-768x768.webp 768w, https:\/\/www.ceramicbasin.com\/wp-content\/uploads\/2025\/11\/Bathroom-Vanity-Sanitary-Wash-Sink-Basin-Luxury-Counter-Top-Wash-Tall-Basin-5-12x12.webp 12w, https:\/\/www.ceramicbasin.com\/wp-content\/uploads\/2025\/11\/Bathroom-Vanity-Sanitary-Wash-Sink-Basin-Luxury-Counter-Top-Wash-Tall-Basin-5-285x285.webp 285w, https:\/\/www.ceramicbasin.com\/wp-content\/uploads\/2025\/11\/Bathroom-Vanity-Sanitary-Wash-Sink-Basin-Luxury-Counter-Top-Wash-Tall-Basin-5-270x270.webp 270w, https:\/\/www.ceramicbasin.com\/wp-content\/uploads\/2025\/11\/Bathroom-Vanity-Sanitary-Wash-Sink-Basin-Luxury-Counter-Top-Wash-Tall-Basin-5-540x540.webp 540w, https:\/\/www.ceramicbasin.com\/wp-content\/uploads\/2025\/11\/Bathroom-Vanity-Sanitary-Wash-Sink-Basin-Luxury-Counter-Top-Wash-Tall-Basin-5-660x660.webp 660w\" sizes=\"(max-width: 1024px) 100vw, 1024px\" \/><\/figure>\n<\/div>\n<\/div>","protected":false},"excerpt":{"rendered":"<p>Willkommen zum Kauf dieses Gro\u00dfhandels Keramik \u00fcber Z\u00e4hler Becken mit Hochtemperatur-Brennen f\u00fcr eine gl\u00e4nzende, langlebige und leicht zu reinigende Oberfl\u00e4che gefertigt. Das stromlinienf\u00f6rmige Aussehen, das Design und die abgerundete Kantenbehandlung zeigen eine au\u00dfergew\u00f6hnliche k\u00fcnstlerische Sch\u00f6nheit und machen es zu einer perfekten Gro\u00dfhandelsl\u00f6sung f\u00fcr Marken, Hotels und Projektunternehmer. Bei Gro\u00dfeink\u00e4ufen k\u00f6nnen Sie von einem besseren Preis-Leistungs-Verh\u00e4ltnis profitieren.<\/p>\n<table style=\"border-collapse: collapse; width: 311.02pt;\" border=\"0\" width=\"311\" cellspacing=\"0\" cellpadding=\"0\">\n<tbody>\n<tr style=\"height: 17.60pt;\">\n<td class=\"et3\" style=\"height: 17.60pt; width: 108.35pt;\" width=\"108\" height=\"17\">Hersteller<\/td>\n<td class=\"et3\" style=\"width: 202.95pt;\" width=\"202\">HanYu<\/td>\n<\/tr>\n<tr style=\"height: 17.60pt;\">\n<td class=\"et3\" style=\"height: 17.60pt;\" height=\"17\">Modell Nr.<\/td>\n<td class=\"et4\">HY-8189<\/td>\n<\/tr>\n<tr style=\"height: 17.60pt;\">\n<td class=\"et3\" style=\"height: 17.60pt;\" height=\"17\">Typ<\/td>\n<td class=\"et3\">CounterTop-Becken<\/td>\n<\/tr>\n<tr style=\"height: 17.60pt;\">\n<td class=\"et3\" style=\"height: 17.60pt;\" height=\"17\">Form<\/td>\n<td class=\"et3\">Rechteckige Form<\/td>\n<\/tr>\n<tr style=\"height: 17.60pt;\">\n<td class=\"et4\" style=\"height: 17.60pt;\" height=\"17\">Farbe<\/td>\n<td class=\"et3\">Wei\u00df<\/td>\n<\/tr>\n<tr style=\"height: 18.00pt;\">\n<td class=\"et3\" style=\"height: 18.00pt;\" height=\"18\">Dimension<\/td>\n<td class=\"et5\" style=\"width: 202.95pt;\" width=\"202\">45.5*32.5*22<\/td>\n<\/tr>\n<tr style=\"height: 17.60pt;\">\n<td class=\"et3\" style=\"height: 17.60pt;\" height=\"17\">N.W \/SET<\/td>\n<td class=\"et3\">16KGS\/PCS<\/td>\n<\/tr>\n<tr style=\"height: 17.60pt;\">\n<td class=\"et3\" style=\"height: 17.60pt;\" height=\"17\">MOQ<\/td>\n<td class=\"et3\">20St\u00fcck<\/td>\n<\/tr>\n<tr style=\"height: 17.60pt;\">\n<td class=\"et3\" style=\"height: 17.60pt;\" height=\"17\">Benutzerdefinierte Option<\/td>\n<td class=\"et3\">Farbe\/Muster\/Gr\u00f6\u00dfe\/Logo\/Verpackung<\/td>\n<\/tr>\n<\/tbody>\n<\/table>","protected":false},"featured_media":8593,"comment_status":"closed","ping_status":"closed","template":"","meta":{"_acf_changed":false},"product_brand":[],"product_cat":[50],"product_tag":[],"class_list":{"0":"post-8591","1":"product","2":"type-product","3":"status-publish","4":"has-post-thumbnail","6":"product_cat-wholesale-countertop-sinks","8":"first","9":"instock","10":"shipping-taxable","11":"product-type-simple"},"acf":[],"_links":{"self":[{"href":"https:\/\/www.ceramicbasin.com\/de\/wp-json\/wp\/v2\/product\/8591","targetHints":{"allow":["GET"]}}],"collection":[{"href":"https:\/\/www.ceramicbasin.com\/de\/wp-json\/wp\/v2\/product"}],"about":[{"href":"https:\/\/www.ceramicbasin.com\/de\/wp-json\/wp\/v2\/types\/product"}],"replies":[{"embeddable":true,"href":"https:\/\/www.ceramicbasin.com\/de\/wp-json\/wp\/v2\/comments?post=8591"}],"wp:featuredmedia":[{"embeddable":true,"href":"https:\/\/www.ceramicbasin.com\/de\/wp-json\/wp\/v2\/media\/8593"}],"wp:attachment":[{"href":"https:\/\/www.ceramicbasin.com\/de\/wp-json\/wp\/v2\/media?parent=8591"}],"wp:term":[{"taxonomy":"product_brand","embeddable":true,"href":"https:\/\/www.ceramicbasin.com\/de\/wp-json\/wp\/v2\/product_brand?post=8591"},{"taxonomy":"product_cat","embeddable":true,"href":"https:\/\/www.ceramicbasin.com\/de\/wp-json\/wp\/v2\/product_cat?post=8591"},{"taxonomy":"product_tag","embeddable":true,"href":"https:\/\/www.ceramicbasin.com\/de\/wp-json\/wp\/v2\/product_tag?post=8591"}],"curies":[{"name":"wp","href":"https:\/\/api.w.org\/{rel}","templated":true}]}}