{"id":8597,"date":"2025-11-29T09:05:13","date_gmt":"2025-11-29T09:05:13","guid":{"rendered":"https:\/\/www.ceramicbasin.com\/?post_type=product&#038;p=8597"},"modified":"2025-11-29T09:05:16","modified_gmt":"2025-11-29T09:05:16","slug":"wholesale-round-countertop-sink","status":"publish","type":"product","link":"https:\/\/www.ceramicbasin.com\/de\/produkt\/wholesale-round-countertop-sink\/","title":{"rendered":"Gro\u00dfhandel Runde Arbeitsplatte Waschbecken, benutzerdefinierte hohe Overtop Keramik-Becken"},"content":{"rendered":"<div class=\"wp-block-columns is-layout-flex wp-container-core-columns-is-layout-9d6595d7 wp-block-columns-is-layout-flex\">\n<div class=\"wp-block-column is-layout-flow wp-block-column-is-layout-flow\">\n<h2 class=\"wp-block-heading\">Premium Gro\u00dfhandel Runde Arbeitsplatte Waschbecken Merkmale:<\/h2>\n\n\n\n<ul class=\"wp-block-list\">\n<li><strong>Hochwertige keramische Konstruktion:<\/strong> Das runde Aufsatzbecken f\u00fcr den Gro\u00dfhandel besteht aus hochwertiger Keramik, die bei hohen Temperaturen gebrannt wird. Die Keramik ist sehr robust und stabil, so dass sie viele Jahre lang halten kann. Die f\u00fcr diese Sp\u00fcle verwendete Keramik hat eine feink\u00f6rnige Oberfl\u00e4che und eine sehr dichte Zusammensetzung, die ihren Glanz \u00fcber viele Jahre hinweg beibeh\u00e4lt und einen hervorragenden Schutz gegen Kratzer, Abnutzung und St\u00f6\u00dfe bietet.<\/li>\n\n\n\n<li><strong>Modernes rundes Arbeitsplatten-Design:<\/strong> Der einzigartige Stil dieses runden Aufsatzwaschbeckens aus dem Gro\u00dfhandel zeichnet sich durch ein modernes und schlankes Design mit einem dreidimensionalen Erscheinungsbild aus, das visuelle H\u00f6he schafft und den Stil Ihres Badezimmers aufwertet. Dieses Waschbecken hat eine unaufdringliche Eleganz, die perfekt zu modernen und minimalistischen Designstilen passt.<\/li>\n\n\n\n<li><strong>Glatte glasierte Oberfl\u00e4che:<\/strong> Die Glasur auf der Oberfl\u00e4che des ma\u00dfgefertigten hohen Aufsatzbeckens aus Keramik wurde mit einer wasserabweisenden und widerstandsf\u00e4higen Behandlung versehen, die eine sehr glatte und leicht zu reinigende Oberfl\u00e4che schafft. Dieses Waschbecken ist pflegeleicht und bleibt auch in stark frequentierten Hotels oder Gesch\u00e4ftsr\u00e4umen sauber und langlebig, und das bei sehr geringen Wartungskosten.<\/li>\n\n\n\n<li><strong>Einfache Installation:<\/strong>\u00a0Diese f\u00fcr die Montage \u00fcber der Theke konzipierten Waschbecken sind einfach zu installieren und bieten eine problemlose L\u00f6sung f\u00fcr Neubauten und Badrenovierungen.<\/li>\n\n\n\n<li><strong>Direktverkauf ab Werk:\u00a0<\/strong>HanYu's Gro\u00dfhandel Keramik Waschbecken sind direkt von der Fabrik verkauft, die Beseitigung der Preisunterschied von Zwischenh\u00e4ndlern, und Gro\u00dfeinkauf Bad Waschbecken stellt sicher, dass Sie qualitativ hochwertige Bad Waschbecken in gro\u00dfen Mengen zu den niedrigsten Kosten zu kaufen.<\/li>\n<\/ul>\n<\/div>\n\n\n\n<div class=\"wp-block-column is-layout-flow wp-block-column-is-layout-flow\">\n<figure class=\"wp-block-image size-full\"><img fetchpriority=\"high\" decoding=\"async\" width=\"1024\" height=\"1024\" src=\"https:\/\/www.ceramicbasin.com\/wp-content\/uploads\/2025\/11\/Round-White-Table-Top-Ceramic-Wash-High-End-Art-Bathroom-Sinks-Wholesale-Modern-Design-Vessel-Basin-5.webp\" alt=\"gro\u00dfhandel-runde-arbeitsplatte-sp\u00fcle-massgeschneidert-flaches-auf-dem-boden-keramik-waschbecken-5\" class=\"wp-image-8602\" srcset=\"https:\/\/www.ceramicbasin.com\/wp-content\/uploads\/2025\/11\/Round-White-Table-Top-Ceramic-Wash-High-End-Art-Bathroom-Sinks-Wholesale-Modern-Design-Vessel-Basin-5.webp 1024w, https:\/\/www.ceramicbasin.com\/wp-content\/uploads\/2025\/11\/Round-White-Table-Top-Ceramic-Wash-High-End-Art-Bathroom-Sinks-Wholesale-Modern-Design-Vessel-Basin-5-300x300.webp 300w, https:\/\/www.ceramicbasin.com\/wp-content\/uploads\/2025\/11\/Round-White-Table-Top-Ceramic-Wash-High-End-Art-Bathroom-Sinks-Wholesale-Modern-Design-Vessel-Basin-5-150x150.webp 150w, https:\/\/www.ceramicbasin.com\/wp-content\/uploads\/2025\/11\/Round-White-Table-Top-Ceramic-Wash-High-End-Art-Bathroom-Sinks-Wholesale-Modern-Design-Vessel-Basin-5-768x768.webp 768w, https:\/\/www.ceramicbasin.com\/wp-content\/uploads\/2025\/11\/Round-White-Table-Top-Ceramic-Wash-High-End-Art-Bathroom-Sinks-Wholesale-Modern-Design-Vessel-Basin-5-12x12.webp 12w, https:\/\/www.ceramicbasin.com\/wp-content\/uploads\/2025\/11\/Round-White-Table-Top-Ceramic-Wash-High-End-Art-Bathroom-Sinks-Wholesale-Modern-Design-Vessel-Basin-5-285x285.webp 285w, https:\/\/www.ceramicbasin.com\/wp-content\/uploads\/2025\/11\/Round-White-Table-Top-Ceramic-Wash-High-End-Art-Bathroom-Sinks-Wholesale-Modern-Design-Vessel-Basin-5-270x270.webp 270w, https:\/\/www.ceramicbasin.com\/wp-content\/uploads\/2025\/11\/Round-White-Table-Top-Ceramic-Wash-High-End-Art-Bathroom-Sinks-Wholesale-Modern-Design-Vessel-Basin-5-540x540.webp 540w, https:\/\/www.ceramicbasin.com\/wp-content\/uploads\/2025\/11\/Round-White-Table-Top-Ceramic-Wash-High-End-Art-Bathroom-Sinks-Wholesale-Modern-Design-Vessel-Basin-5-660x660.webp 660w\" sizes=\"(max-width: 1024px) 100vw, 1024px\" \/><\/figure>\n<\/div>\n<\/div>","protected":false},"excerpt":{"rendered":"<p>Willkommen zum Kauf dieses runden Waschbeckens im Gro\u00dfhandel, das sowohl Eleganz als auch Haltbarkeit f\u00fcr moderne B\u00e4der bietet. Mit einer glatten, leicht zu reinigenden Glasur und anpassbaren Optionen, ist es ideal f\u00fcr Hotels, Wohnprojekte und Premium-Gewerbefl\u00e4chen. HanYu bietet den wettbewerbsf\u00e4higsten Preis.<\/p>\n<table style=\"border-collapse: collapse; width: 311.02pt;\" border=\"0\" width=\"311\" cellspacing=\"0\" cellpadding=\"0\">\n<tbody>\n<tr style=\"height: 17.60pt;\">\n<td class=\"et3\" style=\"height: 17.60pt; width: 108.35pt;\" width=\"108\" height=\"17\">Hersteller<\/td>\n<td class=\"et3\" style=\"width: 202.95pt;\" width=\"202\">HanYu<\/td>\n<\/tr>\n<tr style=\"height: 17.60pt;\">\n<td class=\"et3\" style=\"height: 17.60pt;\" height=\"17\">Modell Nr.<\/td>\n<td class=\"et4\">HY-8190<\/td>\n<\/tr>\n<tr style=\"height: 17.60pt;\">\n<td class=\"et3\" style=\"height: 17.60pt;\" height=\"17\">Typ<\/td>\n<td class=\"et3\">CounterTop-Becken<\/td>\n<\/tr>\n<tr style=\"height: 17.60pt;\">\n<td class=\"et3\" style=\"height: 17.60pt;\" height=\"17\">Form<\/td>\n<td class=\"et3\">Runde Form<\/td>\n<\/tr>\n<tr style=\"height: 17.60pt;\">\n<td class=\"et4\" style=\"height: 17.60pt;\" height=\"17\">Farbe<\/td>\n<td class=\"et3\">Wei\u00df<\/td>\n<\/tr>\n<tr style=\"height: 18.00pt;\">\n<td class=\"et3\" style=\"height: 18.00pt;\" height=\"18\">Dimension<\/td>\n<td class=\"et5\" style=\"width: 202.95pt;\" width=\"202\">36*36*28<\/td>\n<\/tr>\n<tr style=\"height: 17.60pt;\">\n<td class=\"et3\" style=\"height: 17.60pt;\" height=\"17\">N.W \/SET<\/td>\n<td class=\"et3\">16KGS\/PCS<\/td>\n<\/tr>\n<tr style=\"height: 17.60pt;\">\n<td class=\"et3\" style=\"height: 17.60pt;\" height=\"17\">MOQ<\/td>\n<td class=\"et3\">20St\u00fcck<\/td>\n<\/tr>\n<tr style=\"height: 17.60pt;\">\n<td class=\"et3\" style=\"height: 17.60pt;\" height=\"17\">Benutzerdefinierte Option<\/td>\n<td class=\"et3\">Farbe\/Muster\/Gr\u00f6\u00dfe\/Logo\/Verpackung<\/td>\n<\/tr>\n<\/tbody>\n<\/table>","protected":false},"featured_media":8601,"comment_status":"closed","ping_status":"closed","template":"","meta":{"_acf_changed":false},"product_brand":[],"product_cat":[50],"product_tag":[],"class_list":{"0":"post-8597","1":"product","2":"type-product","3":"status-publish","4":"has-post-thumbnail","6":"product_cat-wholesale-countertop-sinks","8":"first","9":"instock","10":"shipping-taxable","11":"product-type-simple"},"acf":[],"_links":{"self":[{"href":"https:\/\/www.ceramicbasin.com\/de\/wp-json\/wp\/v2\/product\/8597","targetHints":{"allow":["GET"]}}],"collection":[{"href":"https:\/\/www.ceramicbasin.com\/de\/wp-json\/wp\/v2\/product"}],"about":[{"href":"https:\/\/www.ceramicbasin.com\/de\/wp-json\/wp\/v2\/types\/product"}],"replies":[{"embeddable":true,"href":"https:\/\/www.ceramicbasin.com\/de\/wp-json\/wp\/v2\/comments?post=8597"}],"wp:featuredmedia":[{"embeddable":true,"href":"https:\/\/www.ceramicbasin.com\/de\/wp-json\/wp\/v2\/media\/8601"}],"wp:attachment":[{"href":"https:\/\/www.ceramicbasin.com\/de\/wp-json\/wp\/v2\/media?parent=8597"}],"wp:term":[{"taxonomy":"product_brand","embeddable":true,"href":"https:\/\/www.ceramicbasin.com\/de\/wp-json\/wp\/v2\/product_brand?post=8597"},{"taxonomy":"product_cat","embeddable":true,"href":"https:\/\/www.ceramicbasin.com\/de\/wp-json\/wp\/v2\/product_cat?post=8597"},{"taxonomy":"product_tag","embeddable":true,"href":"https:\/\/www.ceramicbasin.com\/de\/wp-json\/wp\/v2\/product_tag?post=8597"}],"curies":[{"name":"wp","href":"https:\/\/api.w.org\/{rel}","templated":true}]}}