{"id":8634,"date":"2025-12-04T02:05:22","date_gmt":"2025-12-04T02:05:22","guid":{"rendered":"https:\/\/www.ceramicbasin.com\/?post_type=product&#038;p=8634"},"modified":"2025-12-05T02:16:21","modified_gmt":"2025-12-05T02:16:21","slug":"wholesale-small-wall-hung-sink","status":"publish","type":"product","link":"https:\/\/www.ceramicbasin.com\/de\/produkt\/wholesale-small-wall-hung-sink\/","title":{"rendered":"Gro\u00dfhandel kleine Wand geh\u00e4ngt Waschbecken, benutzerdefinierte keramische Badezimmer-Becken"},"content":{"rendered":"<div class=\"wp-block-columns is-layout-flex wp-container-core-columns-is-layout-9d6595d7 wp-block-columns-is-layout-flex\">\n<div class=\"wp-block-column is-layout-flow wp-block-column-is-layout-flow\">\n<h2 class=\"wp-block-heading\">Premium Gro\u00dfhandel kleine Wand Waschbecken Merkmale:<\/h2>\n\n\n\n<ul class=\"wp-block-list\">\n<li><strong>Dauerhaftes Keramik-Becken:<\/strong> Dieser Gro\u00dfhandel kleine Wand h\u00e4ngenden Waschbecken ist von Hochtemperatur gebrannt Keramik hergestellt; die glatte Glasur ist fest resistent gegen Flecken, Kratzer und Verschlei\u00df, ist es leicht zu reinigen regelm\u00e4\u00dfig, und wird sauber und hell wei\u00df f\u00fcr eine lange Zeit bleiben.<\/li>\n\n\n\n<li><strong>Kompaktes, wandmontiertes Design:<\/strong> Dieses kleine wandh\u00e4ngende Waschbecken aus dem Gro\u00dfhandel ist platzsparend; durch die Wandmontage wird Platz unter der Theke frei, was die Gestaltung in kleinen B\u00e4dern, Halbb\u00e4dern oder gewerblichen R\u00e4umen flexibler macht, und es ist leicht zu reinigen.<\/li>\n\n\n\n<li><strong>Klare Linien, einzigartiges Design:<\/strong> Der reinwei\u00dfe, quadratische Beckenk\u00f6rper ist aus hochwertiger Keramik mit klaren Linien gefertigt. Dieses ma\u00dfgefertigte Keramikbecken zeichnet sich durch ein modernes und minimalistisches Design aus, das sich leicht mit verschiedenen Einrichtungsstilen im Badezimmer kombinieren l\u00e4sst und eine saubere und klare \u00c4sthetik bietet.<\/li>\n\n\n\n<li><strong>Einfache Installation: <\/strong>Diese kundenspezifischen Standardschnittstellen f\u00fcr keramische Waschbecken erm\u00f6glichen den Bauteams eine schnelle Installation, was die Projekteffizienz erh\u00f6ht und die Wartungskosten senkt. Ideal f\u00fcr Umgebungen mit hoher Nutzungsfrequenz, wie z. B. Badezimmer im Haushalt, Hotelzimmer oder gewerbliche B\u00fcrogeb\u00e4ude, \u00f6ffentliche Handwaschbereiche und Schulen.<\/li>\n\n\n\n<li><strong>Preisvorteil f\u00fcr Gro\u00dfh\u00e4ndler:<\/strong> Als Hersteller von Waschbecken nach Ma\u00df bietet HanYu sehr wettbewerbsf\u00e4hige Gro\u00dfhandelspreise an, und bei Gro\u00dfeink\u00e4ufen gibt es weitere Rabatte, so dass hochwertige Badaccessoires Ihre ideale Wahl unter Kostenkontrolle sind.<\/li>\n<\/ul>\n<\/div>\n\n\n\n<div class=\"wp-block-column is-layout-flow wp-block-column-is-layout-flow\">\n<figure class=\"wp-block-image size-full\"><img fetchpriority=\"high\" decoding=\"async\" width=\"600\" height=\"800\" src=\"https:\/\/www.ceramicbasin.com\/wp-content\/uploads\/2025\/12\/wholesale-small-wall-hung-sink-custom-ceramic-bathroom-basin-6.webp\" alt=\"gro\u00dfhandel-kleines-wandh\u00e4ngendes-waschbecken-keramik-badewanne-6\" class=\"wp-image-8673\" srcset=\"https:\/\/www.ceramicbasin.com\/wp-content\/uploads\/2025\/12\/wholesale-small-wall-hung-sink-custom-ceramic-bathroom-basin-6.webp 600w, https:\/\/www.ceramicbasin.com\/wp-content\/uploads\/2025\/12\/wholesale-small-wall-hung-sink-custom-ceramic-bathroom-basin-6-225x300.webp 225w, https:\/\/www.ceramicbasin.com\/wp-content\/uploads\/2025\/12\/wholesale-small-wall-hung-sink-custom-ceramic-bathroom-basin-6-9x12.webp 9w, https:\/\/www.ceramicbasin.com\/wp-content\/uploads\/2025\/12\/wholesale-small-wall-hung-sink-custom-ceramic-bathroom-basin-6-285x380.webp 285w, https:\/\/www.ceramicbasin.com\/wp-content\/uploads\/2025\/12\/wholesale-small-wall-hung-sink-custom-ceramic-bathroom-basin-6-495x660.webp 495w, https:\/\/www.ceramicbasin.com\/wp-content\/uploads\/2025\/12\/wholesale-small-wall-hung-sink-custom-ceramic-bathroom-basin-6-113x150.webp 113w\" sizes=\"(max-width: 600px) 100vw, 600px\" \/><\/figure>\n<\/div>\n<\/div>\n\n\n\n<p><\/p>","protected":false},"excerpt":{"rendered":"<p>Willkommen zum Kauf unserer kleinen wandh\u00e4ngenden Waschbecken im Gro\u00dfhandel, die eine kompakte Gr\u00f6\u00dfe f\u00fcr platzsparende L\u00f6sungen haben. Hergestellt aus hochwertiger, leicht zu reinigender Keramik, ist es ideal f\u00fcr kleine Badezimmer und kommerzielle Projekte. Wir bieten Anpassungen und Gro\u00dfhandelsoptionen. Perfekt f\u00fcr moderne, platzsparende B\u00e4der.<\/p>\n<table border=\"0\" width=\"478\" cellspacing=\"0\" cellpadding=\"0\">\n<tbody>\n<tr>\n<td width=\"166\" height=\"23\">Hersteller<\/td>\n<td width=\"312\">HanYu<\/td>\n<\/tr>\n<tr>\n<td height=\"23\">Modell Nr.<\/td>\n<td>HY-3134<\/td>\n<\/tr>\n<tr>\n<td height=\"23\">Typ<\/td>\n<td width=\"312\">Wandh\u00e4ngende Waschbecken<\/td>\n<\/tr>\n<tr>\n<td height=\"24\">Form<\/td>\n<td>Rechteckige Form<\/td>\n<\/tr>\n<tr>\n<td height=\"46\">Farbe<\/td>\n<td width=\"312\">schwarz\/wei\u00df\/blau\/grau\/rosa\/gr\u00fcn\/braun\/khaki<\/td>\n<\/tr>\n<tr>\n<td height=\"24\">Dimension<\/td>\n<td width=\"312\">46.5*39.5*11.5<\/td>\n<\/tr>\n<tr>\n<td height=\"23\">N.W \/SET<\/td>\n<td>8 KGS\/PCS<\/td>\n<\/tr>\n<tr>\n<td height=\"23\">MOQ<\/td>\n<td>20 St\u00fcck<\/td>\n<\/tr>\n<tr>\n<td height=\"23\">Benutzerdefinierte Option<\/td>\n<td>Farbe\/Muster\/Gr\u00f6\u00dfe\/Logo\/Verpackung<\/td>\n<\/tr>\n<\/tbody>\n<\/table>","protected":false},"featured_media":8668,"comment_status":"closed","ping_status":"closed","template":"","meta":{"_acf_changed":false},"product_brand":[],"product_cat":[57,56],"product_tag":[],"class_list":{"0":"post-8634","1":"product","2":"type-product","3":"status-publish","4":"has-post-thumbnail","6":"product_cat-wholesale-wall-mounted-sinks","7":"product_cat-wholesale-small-bathroom-sinks","9":"first","10":"instock","11":"shipping-taxable","12":"product-type-simple"},"acf":[],"_links":{"self":[{"href":"https:\/\/www.ceramicbasin.com\/de\/wp-json\/wp\/v2\/product\/8634","targetHints":{"allow":["GET"]}}],"collection":[{"href":"https:\/\/www.ceramicbasin.com\/de\/wp-json\/wp\/v2\/product"}],"about":[{"href":"https:\/\/www.ceramicbasin.com\/de\/wp-json\/wp\/v2\/types\/product"}],"replies":[{"embeddable":true,"href":"https:\/\/www.ceramicbasin.com\/de\/wp-json\/wp\/v2\/comments?post=8634"}],"wp:featuredmedia":[{"embeddable":true,"href":"https:\/\/www.ceramicbasin.com\/de\/wp-json\/wp\/v2\/media\/8668"}],"wp:attachment":[{"href":"https:\/\/www.ceramicbasin.com\/de\/wp-json\/wp\/v2\/media?parent=8634"}],"wp:term":[{"taxonomy":"product_brand","embeddable":true,"href":"https:\/\/www.ceramicbasin.com\/de\/wp-json\/wp\/v2\/product_brand?post=8634"},{"taxonomy":"product_cat","embeddable":true,"href":"https:\/\/www.ceramicbasin.com\/de\/wp-json\/wp\/v2\/product_cat?post=8634"},{"taxonomy":"product_tag","embeddable":true,"href":"https:\/\/www.ceramicbasin.com\/de\/wp-json\/wp\/v2\/product_tag?post=8634"}],"curies":[{"name":"wp","href":"https:\/\/api.w.org\/{rel}","templated":true}]}}