{"id":8644,"date":"2025-12-04T02:38:38","date_gmt":"2025-12-04T02:38:38","guid":{"rendered":"https:\/\/www.ceramicbasin.com\/?post_type=product&#038;p=8644"},"modified":"2025-12-11T06:07:12","modified_gmt":"2025-12-11T06:07:12","slug":"small-wall-mounted-wash-basin-in-bulk","status":"publish","type":"product","link":"https:\/\/www.ceramicbasin.com\/de\/produkt\/small-wall-mounted-wash-basin-in-bulk\/","title":{"rendered":"Kleines wandmontiertes Waschbecken in loser Sch\u00fcttung, benutzerdefinierte keramische Sp\u00fcle"},"content":{"rendered":"<div class=\"wp-block-columns is-layout-flex wp-container-core-columns-is-layout-9d6595d7 wp-block-columns-is-layout-flex\">\n<div class=\"wp-block-column is-layout-flow wp-block-column-is-layout-flow\">\n<h2 class=\"wp-block-heading\">Premium Small Wall Mounted Wash Basin In Bulk Eigenschaften:<\/h2>\n\n\n\n<ul class=\"wp-block-list\">\n<li><strong>Minimalistisches europ\u00e4isches Design: <\/strong>Dieses kleine, wandmontierte Waschbecken in loser Sch\u00fcttung besteht aus einem reinwei\u00dfen, ovalen\/quadratischen Keramikbecken und einer schwarzen, hochgew\u00f6lbten Einhebelarmatur. Die klaren, einfachen Linien unterstreichen einen modernen europ\u00e4ischen Stil, der sich f\u00fcr verschiedene Badrenovierungen eignet.<\/li>\n\n\n\n<li><strong>Kompakte, wandmontierte Struktur:<\/strong> Unsere kleinen wandmontierten Badezimmerwaschbecken sind speziell f\u00fcr kleine Waschr\u00e4ume oder Badezimmer konzipiert, mit einer kompakten wandmontierten Installation, um den begrenzten Raum zu nutzen.<\/li>\n\n\n\n<li><strong>Hergestellt aus hochwertiger Keramik:<\/strong> Dieses kleine wandmontierte Waschbecken in loser Sch\u00fcttung ist kratzfest, schmutzabweisend und verf\u00fcgt \u00fcber eine glatte, leicht zu reinigende Oberfl\u00e4che mit langer Lebensdauer.<\/li>\n\n\n\n<li><strong>Multifunktionale Anpassungsf\u00e4higkeit: <\/strong>Dieses ma\u00dfgefertigte Keramikwaschbecken ist mit internationalen Standardabfl\u00fcssen und Wasserhahnanschl\u00fcssen kompatibel und l\u00e4sst sich daher leicht installieren. Standardm\u00e4\u00dfige \u00dcberlauf- und Abflussl\u00f6cher sind vorinstalliert, unterst\u00fctzen Pop-up-Abfl\u00fcsse und sind mit verschiedenen Wasserleitungsinstallationen kompatibel, was die Konfiguration von Gro\u00dfprojekten erleichtert.<\/li>\n\n\n\n<li><strong>Anpassbare Optionen: <\/strong>Mit einer Vielzahl von Farben, Oberfl\u00e4chenbehandlungen und kundenspezifischen Verpackungen kann diese Keramiksp\u00fcle problemlos Ihre spezifischen Marken- und Marktanforderungen erf\u00fcllen.<\/li>\n<\/ul>\n<\/div>\n\n\n\n<div class=\"wp-block-column is-layout-flow wp-block-column-is-layout-flow\">\n<figure class=\"wp-block-image size-full\"><img fetchpriority=\"high\" decoding=\"async\" width=\"621\" height=\"905\" src=\"https:\/\/www.ceramicbasin.com\/wp-content\/uploads\/2025\/12\/small-wall-mounted-wash-basin-in-bulk-european-style-custom-ceramic-sink-6.webp\" alt=\"kleines wandmontiertes waschbecken-in-beh\u00e4lter-europ\u00e4ischer-stil-keramiksp\u00fcle-6\" class=\"wp-image-8680\" srcset=\"https:\/\/www.ceramicbasin.com\/wp-content\/uploads\/2025\/12\/small-wall-mounted-wash-basin-in-bulk-european-style-custom-ceramic-sink-6.webp 621w, https:\/\/www.ceramicbasin.com\/wp-content\/uploads\/2025\/12\/small-wall-mounted-wash-basin-in-bulk-european-style-custom-ceramic-sink-6-206x300.webp 206w, https:\/\/www.ceramicbasin.com\/wp-content\/uploads\/2025\/12\/small-wall-mounted-wash-basin-in-bulk-european-style-custom-ceramic-sink-6-8x12.webp 8w, https:\/\/www.ceramicbasin.com\/wp-content\/uploads\/2025\/12\/small-wall-mounted-wash-basin-in-bulk-european-style-custom-ceramic-sink-6-285x415.webp 285w, https:\/\/www.ceramicbasin.com\/wp-content\/uploads\/2025\/12\/small-wall-mounted-wash-basin-in-bulk-european-style-custom-ceramic-sink-6-453x660.webp 453w, https:\/\/www.ceramicbasin.com\/wp-content\/uploads\/2025\/12\/small-wall-mounted-wash-basin-in-bulk-european-style-custom-ceramic-sink-6-103x150.webp 103w\" sizes=\"(max-width: 621px) 100vw, 621px\" \/><\/figure>\n<\/div>\n<\/div>\n\n\n\n<p><\/p>","protected":false},"excerpt":{"rendered":"<p>Willkommen zum Kauf unserer kleinen wandmontierten Waschbecken in gro\u00dfen Mengen, die speziell f\u00fcr kleine Badezimmer und enge gewerbliche R\u00e4ume konzipiert wurden. Mit minimalistischem europ\u00e4ischen Design, ideal f\u00fcr platzsparende B\u00e4der. Hochwertige Keramik, einfache Installation und OEM-Anpassung. Perfekt f\u00fcr Hotel\/Appartement-Projekte in gro\u00dfen Mengen. Konkurrenzf\u00e4hige Gro\u00dfhandelspreise und kundenspezifische Logos werden unterst\u00fctzt.<\/p>\n<table border=\"0\" width=\"478\" cellspacing=\"0\" cellpadding=\"0\">\n<tbody>\n<tr>\n<td width=\"166\" height=\"23\">Hersteller<\/td>\n<td width=\"312\">HanYu<\/td>\n<\/tr>\n<tr>\n<td height=\"23\">Modell Nr.<\/td>\n<td>HY-3134A<\/td>\n<\/tr>\n<tr>\n<td height=\"23\">Typ<\/td>\n<td width=\"312\">Wandh\u00e4ngende Waschbecken<\/td>\n<\/tr>\n<tr>\n<td height=\"24\">Form<\/td>\n<td>Rectanglue Form<\/td>\n<\/tr>\n<tr>\n<td height=\"46\">Farbe<\/td>\n<td width=\"312\">schwarz\/wei\u00df\/blau\/grau\/rosa\/gr\u00fcn\/braun\/khaki<\/td>\n<\/tr>\n<tr>\n<td height=\"24\">Dimension<\/td>\n<td width=\"312\">52*42*14<\/td>\n<\/tr>\n<tr>\n<td height=\"23\">N.W \/SET<\/td>\n<td>10 KGS\/PCS<\/td>\n<\/tr>\n<tr>\n<td height=\"23\">MOQ<\/td>\n<td>20St\u00fcck<\/td>\n<\/tr>\n<tr>\n<td height=\"23\">Benutzerdefinierte Option<\/td>\n<td>Farbe\/Muster\/Gr\u00f6\u00dfe\/Logo\/Verpackung<\/td>\n<\/tr>\n<\/tbody>\n<\/table>","protected":false},"featured_media":8675,"comment_status":"closed","ping_status":"closed","template":"","meta":{"_acf_changed":false},"product_brand":[],"product_cat":[57,56],"product_tag":[],"class_list":{"0":"post-8644","1":"product","2":"type-product","3":"status-publish","4":"has-post-thumbnail","6":"product_cat-wholesale-wall-mounted-sinks","7":"product_cat-wholesale-small-bathroom-sinks","9":"first","10":"instock","11":"shipping-taxable","12":"product-type-simple"},"acf":[],"_links":{"self":[{"href":"https:\/\/www.ceramicbasin.com\/de\/wp-json\/wp\/v2\/product\/8644","targetHints":{"allow":["GET"]}}],"collection":[{"href":"https:\/\/www.ceramicbasin.com\/de\/wp-json\/wp\/v2\/product"}],"about":[{"href":"https:\/\/www.ceramicbasin.com\/de\/wp-json\/wp\/v2\/types\/product"}],"replies":[{"embeddable":true,"href":"https:\/\/www.ceramicbasin.com\/de\/wp-json\/wp\/v2\/comments?post=8644"}],"wp:featuredmedia":[{"embeddable":true,"href":"https:\/\/www.ceramicbasin.com\/de\/wp-json\/wp\/v2\/media\/8675"}],"wp:attachment":[{"href":"https:\/\/www.ceramicbasin.com\/de\/wp-json\/wp\/v2\/media?parent=8644"}],"wp:term":[{"taxonomy":"product_brand","embeddable":true,"href":"https:\/\/www.ceramicbasin.com\/de\/wp-json\/wp\/v2\/product_brand?post=8644"},{"taxonomy":"product_cat","embeddable":true,"href":"https:\/\/www.ceramicbasin.com\/de\/wp-json\/wp\/v2\/product_cat?post=8644"},{"taxonomy":"product_tag","embeddable":true,"href":"https:\/\/www.ceramicbasin.com\/de\/wp-json\/wp\/v2\/product_tag?post=8644"}],"curies":[{"name":"wp","href":"https:\/\/api.w.org\/{rel}","templated":true}]}}